{"id":555,"date":"2024-04-03T23:39:59","date_gmt":"2024-04-03T20:39:59","guid":{"rendered":"https:\/\/sisu.ut.ee\/ewod\/about-et-61\/"},"modified":"2024-04-04T00:09:44","modified_gmt":"2024-04-03T21:09:44","slug":"about","status":"publish","type":"page","link":"https:\/\/sisu.ut.ee\/ewod\/p\/poldmae\/about\/","title":{"rendered":"Asta P\u00f5ldm\u00e4e &#8211; about"},"content":{"rendered":"<p>\n\t<span style=\"font-family:Verdana,Geneva,sans-serif\"><strong><span style=\"font-size: medium\">Articles<\/span><\/strong><\/span>\n<\/p>\n<p>\n\t<span style=\"font-family:Verdana,Geneva,sans-serif\"><strong><em>German<\/em><\/strong><br>Cornelius Hasselblatt, <strong>Nachwort<\/strong>. \u2013 Asta P\u00f5ldm\u00e4e, Die Erde unter den St\u00e4dten. Aus dem Estnischen von Irja Gr\u00f6nholm. Frankfurt\/M.: DIPA-Verlag, 1993, pp 155-157.<\/span>\n<\/p>\n<p>\n\t<br><span style=\"font-family:Verdana,Geneva,sans-serif\"><strong><span style=\"font-size:16px\">Reviews<\/span><\/strong><\/span>\n<\/p>\n<p>\n\t<span style=\"font-family:Verdana,Geneva,sans-serif\"><strong><em>German<\/em><\/strong><br>Bernd Gr\u00e4f, <strong>[Review of \u2018Die Erde unter den St\u00e4dten\u2019 (\u2018Linnadealune muld\u2019)]<\/strong>. \u2013 Der Romanf\u00fchrer. Der Inhalt der Romane und Novellen der Weltliteratur. Band 34: Ost-, s\u00fcdost- und nordeurop\u00e4ische Erz\u00e4hlprosa aus den Jahren 1989 bis 1995. Herausgegeben von Bernd Gr\u00e4f. Stuttgart: Anton Hiersemann, 1999, p 102.<br>Bernd Gr\u00e4f,\u00a0<strong>[Review of \u2018Die Hitzewelle\u2019 (\u2018Kuumalaine\u2019)]<\/strong>. \u2013 Der Romanf\u00fchrer. Der Inhalt der Romane und Novellen der Weltliteratur. Band 34: Ost-, s\u00fcdost- und nordeurop\u00e4ische Erz\u00e4hlprosa aus den Jahren 1989 bis 1995. Herausgegeben von Bernd Gr\u00e4f. Stuttgart: Anton Hiersemann, 1999, pp 102-103.<br>Marianne Jonzeck, <strong>[Review of \u2018Die Erde unter den St\u00e4dten\u2019 (\u2018Linnadealune muld\u2019)]<\/strong>. \u2013 ekz-Informationsdienst, Februar 1994.<br>Angela Pl\u00f6ger, <strong>Estlands Dichter<\/strong>. \u2013 Deutsches Allgemeines Sonntagsblatt, 4.3.1994. [About \u2018Die Erde unter den St\u00e4dten\u2019 (\u2018Linnadealune muld\u2019).]<br>Beate Biehl, <strong>Auf der Suche nach der verlorenen Harmonie<\/strong>. \u2013 Estonia, no 1, 1994, pp 53-55. [About \u2018Die Erde unter den St\u00e4dten\u2019 (\u2018Linnadealune muld\u2019).]<br>Helmut Martin, <strong>[Review of \u2018Die Erde unter den St\u00e4dten\u2019 (\u2018Linnadealune muld\u2019)]<\/strong>. \u2013 das neue buch \/ Buchprofile, no 5, 1994.<br>[s. n.], <strong>A teaspoun of CoolTour<\/strong>. \u2013 Gr\u00e9nge Spoun (Luxembourg), no 193, 15.10.1993. [About \u2018Die Erde unter den St\u00e4dten\u2019 (\u2018Linnadealune muld\u2019).]<br>Mareile Ahrndt, <strong>Das wilde Leben<\/strong>. \u2013 Das Sonntagsblatt, 21.3.1997, p 27. [About \u2018Die Erde unter den St\u00e4dten\u2019 (\u2018Linnadealune muld\u2019).]<\/span><\/p>\n","protected":false},"excerpt":{"rendered":"<p>Articles GermanCornelius Hasselblatt, Nachwort. \u2013 Asta P\u00f5ldm\u00e4e, Die Erde unter den St\u00e4dten. Aus dem Estnischen von Irja Gr\u00f6nholm. Frankfurt\/M.: DIPA-Verlag, 1993, pp 155-157. Reviews GermanBernd Gr\u00e4f, [Review of \u2018Die Erde unter den St\u00e4dten\u2019 (\u2018Linnadealune muld\u2019)]. \u2013 Der Romanf\u00fchrer. Der Inhalt &#8230;<\/p>\n","protected":false},"author":43,"featured_media":0,"parent":664,"menu_order":0,"comment_status":"closed","ping_status":"closed","template":"","meta":{"_acf_changed":false,"inline_featured_image":false,"footnotes":""},"class_list":["post-555","page","type-page","status-publish","hentry"],"acf":[],"_links":{"self":[{"href":"https:\/\/sisu.ut.ee\/ewod\/wp-json\/wp\/v2\/pages\/555","targetHints":{"allow":["GET"]}}],"collection":[{"href":"https:\/\/sisu.ut.ee\/ewod\/wp-json\/wp\/v2\/pages"}],"about":[{"href":"https:\/\/sisu.ut.ee\/ewod\/wp-json\/wp\/v2\/types\/page"}],"author":[{"embeddable":true,"href":"https:\/\/sisu.ut.ee\/ewod\/wp-json\/wp\/v2\/users\/43"}],"replies":[{"embeddable":true,"href":"https:\/\/sisu.ut.ee\/ewod\/wp-json\/wp\/v2\/comments?post=555"}],"version-history":[{"count":1,"href":"https:\/\/sisu.ut.ee\/ewod\/wp-json\/wp\/v2\/pages\/555\/revisions"}],"predecessor-version":[{"id":4524,"href":"https:\/\/sisu.ut.ee\/ewod\/wp-json\/wp\/v2\/pages\/555\/revisions\/4524"}],"up":[{"embeddable":true,"href":"https:\/\/sisu.ut.ee\/ewod\/wp-json\/wp\/v2\/pages\/664"}],"wp:attachment":[{"href":"https:\/\/sisu.ut.ee\/ewod\/wp-json\/wp\/v2\/media?parent=555"}],"curies":[{"name":"wp","href":"https:\/\/api.w.org\/{rel}","templated":true}]}}