{"id":5488,"date":"2024-09-12T11:14:01","date_gmt":"2024-09-12T08:14:01","guid":{"rendered":"https:\/\/sisu.ut.ee\/ewod\/?page_id=5488"},"modified":"2024-09-12T11:14:02","modified_gmt":"2024-09-12T08:14:02","slug":"jaan-pert","status":"publish","type":"page","link":"https:\/\/sisu.ut.ee\/ewod\/p\/jaan-pert\/","title":{"rendered":"Jaan Pert"},"content":{"rendered":"<h5 class=\"wp-block-heading\"><br>Books in Estonian<\/h5>\n\n\n\n<p><em><strong>Novels<\/strong><\/em><br><strong>Punane liilia<\/strong>. Tartu: Kiri ja Kunst, 1927, 163 lk.<br><strong>Sirp \u00f5ites<\/strong>. \u00dcli\u00f5pilaste seiklusi. V\u00f5ru: s.n., 1928, 155 lk.<br><strong>Armastus ja n\u00e4lg<\/strong>. Tallinn: Jaana, 1929, 240 lk.<\/p>\n\n\n\n<p><em><strong>Short stories<\/strong><\/em><br><strong>Udulaev<\/strong>. Tartu: S\u00f5navara, 1926, 93 lk.<\/p>\n\n\n\n<p><em><strong>Drama<\/strong><\/em><br><strong>\u201c\u00d5ites aed\u201d<\/strong>. Draama neljas vaatuses. Tartu: Ajak, 1926, 57 lk.<br><strong>\u00d5de Beatrice<\/strong>. Draama kolmes vaatuses kaheksasteistk\u00fcmnes pildis. Tallinn: Draamastuudio, 1929, 78 lk.<br><strong>Moodne Eeva<\/strong>. Kom\u00f6\u00f6dia kolmes vaatuses. Tallinn: T. Mutsu, 1938, 65 lk.<\/p>\n\n\n\n<p><em><strong>Memoirs<\/strong><\/em><br><strong>\u00dche \u00f5ppurs\u00f5duri s\u00f5jatee. M\u00e4lestusi Vabaduss\u00f5jast<\/strong>. Tartu: P\u00e4\u00e4suke, 1936, 193 lk.<\/p>\n\n\n\n<p><em><strong>Miscellaneous<\/strong><\/em><br><strong>August Jansen<\/strong>. Monograafia. Tallinn: Eesti Kujutavate Kunstnikkude Kesk\u00fching, 1931, 98 lk.<br><strong>Draamastuudio 1920-1930<\/strong>. Tallinn: Draamastuudio, 1931, 63 lk.<br><strong>Erna Villmer<\/strong>. Tallinn: Kunst, 1932, 38 lk.<br><strong>Kristjan Raud<\/strong>. Tallinn: Eesti Kujutavate Kunstnikkude Kesk\u00fching, 1933, 48 lk.<br><strong>August Weizenberg<\/strong>: eestilise visaduse kehastus. Tallinn: Kooperatiiv, 1935, 47 lk.<br><strong>Amandus Adamson<\/strong>: eesti mineviku suurkujur. Tallinn: Kooli-Kooperatiiv, 1936, 40 lk.<br><strong>Kuhu minna? Informatsiooni v\u00e4ljar\u00e4ndamisv\u00f5imalusist<\/strong>. Stockholm: s.n., 1946, 69 lk.<\/p>\n","protected":false},"excerpt":{"rendered":"<p>Books in Estonian NovelsPunane liilia. Tartu: Kiri ja Kunst, 1927, 163 lk.Sirp \u00f5ites. \u00dcli\u00f5pilaste seiklusi. V\u00f5ru: s.n., 1928, 155 lk.Armastus ja n\u00e4lg. Tallinn: Jaana, 1929, 240 lk. Short storiesUdulaev. Tartu: S\u00f5navara, 1926, 93 lk. Drama\u201c\u00d5ites aed\u201d. Draama neljas vaatuses. Tartu: &#8230;<\/p>\n","protected":false},"author":43,"featured_media":0,"parent":675,"menu_order":0,"comment_status":"closed","ping_status":"closed","template":"","meta":{"_acf_changed":false,"inline_featured_image":false,"footnotes":""},"class_list":["post-5488","page","type-page","status-publish","hentry"],"acf":[],"_links":{"self":[{"href":"https:\/\/sisu.ut.ee\/ewod\/wp-json\/wp\/v2\/pages\/5488","targetHints":{"allow":["GET"]}}],"collection":[{"href":"https:\/\/sisu.ut.ee\/ewod\/wp-json\/wp\/v2\/pages"}],"about":[{"href":"https:\/\/sisu.ut.ee\/ewod\/wp-json\/wp\/v2\/types\/page"}],"author":[{"embeddable":true,"href":"https:\/\/sisu.ut.ee\/ewod\/wp-json\/wp\/v2\/users\/43"}],"replies":[{"embeddable":true,"href":"https:\/\/sisu.ut.ee\/ewod\/wp-json\/wp\/v2\/comments?post=5488"}],"version-history":[{"count":1,"href":"https:\/\/sisu.ut.ee\/ewod\/wp-json\/wp\/v2\/pages\/5488\/revisions"}],"predecessor-version":[{"id":5490,"href":"https:\/\/sisu.ut.ee\/ewod\/wp-json\/wp\/v2\/pages\/5488\/revisions\/5490"}],"up":[{"embeddable":true,"href":"https:\/\/sisu.ut.ee\/ewod\/wp-json\/wp\/v2\/pages\/675"}],"wp:attachment":[{"href":"https:\/\/sisu.ut.ee\/ewod\/wp-json\/wp\/v2\/media?parent=5488"}],"curies":[{"name":"wp","href":"https:\/\/api.w.org\/{rel}","templated":true}]}}