{"id":54,"date":"2024-04-03T23:39:18","date_gmt":"2024-04-03T20:39:18","guid":{"rendered":"https:\/\/sisu.ut.ee\/ewod\/vadi\/"},"modified":"2026-04-13T16:26:09","modified_gmt":"2026-04-13T13:26:09","slug":"vadi","status":"publish","type":"page","link":"https:\/\/sisu.ut.ee\/ewod\/v\/vadi\/","title":{"rendered":"Urmas Vadi"},"content":{"rendered":"<p><a href=\"https:\/\/sisu.ut.ee\/ewod\/v\/vadi\/novels\"><strong><span style=\"font-size: medium; font-family: verdana, geneva;\">Novels<\/span><\/strong><\/a> <span style=\"font-size: medium; font-family: verdana, geneva;\"><a href=\"https:\/\/sisu.ut.ee\/wp-content\/uploads\/sites\/108\/urmas_vadi_alar_madisson.jpg\" target=\"_self\" rel=\"noopener\"><img decoding=\"async\" style=\"float: right; width: 200px; height: 304px;\" title=\"Photo: Alar Madisson\" src=\"https:\/\/sisu.ut.ee\/wp-content\/uploads\/sites\/108\/urmas_vadi_alar_madisson_vaike.jpg\" alt=\"Urmas Vadi\"><\/a><\/span><\/p>\n\n\n\n<p><a style=\"line-height: 1.6em;\" href=\"https:\/\/sisu.ut.ee\/ewod\/v\/vadi\/stories\"><strong><span style=\"font-size: medium; font-family: verdana, geneva;\">Short stories<\/span><\/strong><\/a><\/p>\n\n\n\n<p><a href=\"https:\/\/sisu.ut.ee\/ewod\/v\/vadi\/plays\"><strong><span style=\"font-size: medium; font-family: verdana, geneva;\">Plays<\/span><\/strong><\/a><\/p>\n\n\n\n<p><a href=\"https:\/\/sisu.ut.ee\/ewod\/v\/vadi\/about\"><strong><span style=\"font-size: medium; font-family: verdana, geneva;\">About Urmas Vadi<\/span><\/strong><\/a><\/p>\n\n\n\n<p>\u00a0<\/p>\n\n\n\n<p><span style=\"color: #000000;\"><span style=\"font-size: 13px;\"><span style=\"font-family: Verdana,Geneva,sans-serif;\">Urmas Vadi (born 28 February 1977) is a writer, radio presenter, scriptwriter and theatre director.<\/span><\/span><\/span><\/p>\n\n\n\n<p><span style=\"color: #000000;\"><span style=\"font-size: 13px;\"><span style=\"font-family: Verdana,Geneva,sans-serif;\">Vadi was born and attended school in Tartu and studied radio production at Tallinn Pedagogical University. He worked as an editor for the Estonian Radio, being the author, editor and presenter of several literature and culture broadcasts on the Vikerraadio channel. Vadi was a member of Tartu Young Authors\u2019 Association (1997\u20132003) and is a member of the Estonian Writers\u2019 Union from 2004.<\/span><\/span><\/span><\/p>\n\n\n\n<p><span style=\"color: #000000;\"><span style=\"font-size: 13px;\"><span style=\"font-family: Verdana,Geneva,sans-serif;\">Vadi has been active in literature since the mid-1990s. His first book, the self-published short story collection <em>Kui klosetist kerkib kloaak<\/em> (\u2018When the Sewer is Rising from the Loo\u2019), appeared in 1996. In 2011, he received the Friedebert Tuglas Short Story Award for his story <em>Kuidas me k\u00f5ik reas niimoodi l\u00e4heme<\/em> (\u2018How All of Us Are Walking in a Row\u2019), which was also published in 2014 in a collection with the same title. It stands out with the characteristic features of Vadi which are combination of reality and fiction, playing on the borders between actuality and fantasy. An essential theme throughout the collection is death. In this, like in other works, we can find a character called Urmas Vadi, along with whom there are a number of real persons who act in Vadi\u2019s freaky world. So, for example, Vadi\u2019s former teacher Rudolf Allabert acts in several stories. He is also the protagonist of the play <em>Rudolf Allaberdi testament<\/em> (\u2018Rudolf Allabert\u2019s Will\u2019), which premiered at Tartu New Theatre in 2012. It is part of Vadi\u2019s trilogy of plays depicting persons, along with <\/span><\/span><\/span><em><span style=\"font-size: 13px;\"><span style=\"font-family: Verdana,Geneva,sans-serif;\"><a title=\"\" href=\"https:\/\/sisu.ut.ee\/ewod\/v\/volkonski\" data-url=\"https:\/\/sisu.ut.ee\/ewod\/v\/volkonski\">Peeter Volkonski<\/a><\/span><\/span><\/em><span style=\"color: #000000;\"><span style=\"font-size: 13px;\"><span style=\"font-family: Verdana,Geneva,sans-serif;\"><em> viimane suudlus<\/em> (\u2018Peeter Volkonski\u2019s Last Kiss\u2019, 2010, received the Literature Endowment Annual Award) and <em>Rein Pakk otsib naist!<\/em> (\u2018Rein Pakk is Looking for a Wife!\u2019, 2011). Both were staged at Genialists\u2019 Club in Tartu. Vadi has acquired a significant position as a playwright and director, being notable for bringing historical persons to the stage.<\/span><\/span><\/span><\/p>\n\n\n\n<p><span style=\"color: #000000;\"><span style=\"font-size: 13px;\"><span style=\"font-family: Verdana,Geneva,sans-serif;\">The scene of the short prose collection <em>Elu m\u00f5ttetusest<\/em> (\u2018On the Senselessness of Life\u2019, 2019) is set in the Village of Disillusioned People. It offers a cross-section of ordinary people\u2019s life in present-day Estonia as chronicled by the first-person character. The collection <em>Hing maanteeserval<\/em> (\u2018A Soul Beside the Highway\u2019, 2021) also provides a view of everyday life, but, at one moment, the freakishness typical of Vadi breaks in. Using his characteristic humour, the author deals with various themes from memory and relations to criticism.<\/span><\/span><\/span><\/p>\n\n\n\n<p><span style=\"color: #000000;\"><span style=\"font-size: 13px;\"><span style=\"font-family: Verdana,Geneva,sans-serif;\">The novel that won the Snaky Pen Prize, <em>Kirjad t\u00e4di Annele<\/em> (\u2018Letters to Aunt Anne\u2019, 2010), is centred on the writer called Urmas Vadi who writes to his aunt Anne about his attempts to write a novel and to be a writer, adding to each letter excerpts from his novel or other texts that have interfered with writing the novel. The novel <em>Tagasi Eestisse<\/em> (\u2018Back to Estonia\u2019, 2012) also includes a character called Vadi who begins to put down the story of a character called John. Another storyline running along with this is the extremely patriotic and nationalist novel of the exile Estonian writer Kaupo M\u00e4nniste, \u2018The Soldier of Freedom\u2019. <em>Tagasi Eestisse<\/em> offers grotesque twists in plot, a mixture of reality and fiction and literary games, weighing among other themes the questions related to the Estonian mentality and identity. For this novel, Vadi received the Tallinn University Literary Prize and the title of the Writer of the Year (2013) which is awarded at the literature festival at Juhan Liiv Museum at Alatskivi.<\/span><\/span><\/span><\/p>\n\n\n\n<p><span style=\"color: #000000;\"><span style=\"font-size: 13px;\"><span style=\"font-family: Verdana,Geneva,sans-serif;\">The novel <em>Ballettmeister<\/em> (\u2018Choreographer\u2019, 2019) concentrates on the revolutionary 1940s in the Republic of Estonia and the fate of President Konstantin P\u00e4ts whom men disguised as folk dancers try to liberate. The multi-layered novel with comical and fairy-tale adventures offers an alternative view of Estonian history mixed with fantasy typical of Vadi. In 2020, the novel received the Virumaa Literary Prize.<\/span><\/span><\/span> The novel <em>Kuu teine pool<\/em> (\u2018The Other Side of the Moon\u2019, 2023) won again the Writer of the Year award.<\/p>\n\n\n\n<p><span style=\"color: #000000;\"><span style=\"font-size: 13px;\"><span style=\"font-family: Verdana,Geneva,sans-serif;\">As a radio journalist, Urmas Vadi is popular and productive at treating the themes of culture and literature. He has edited the cultural programmes of the Vikerraadio channel Kultuurikaja (\u2018Echo of Culture\u2019), Inemise sisu (\u2018Human Perseverance\u2019), T\u00f6\u00f6vari (\u2018Job Shadow\u2019) and Suve\u00f6\u00f6 (\u2018Summer Night\u2019) and literary programmes Litter (\u2018Puck\u2019), Litter. Lapsep\u00f5lv ja kirjandus (\u2018Puck. Childhood and Literature\u2019), Keda sina viimati lugesid? (\u2018Whom Did Your Read Last?\u2019) and Kohustuslik kirjandus (\u2018Mandatory Literature\u2019).<\/span><\/span><\/span><\/p>\n\n\n\n<p><span style=\"color: #000000;\"><span style=\"font-size: 13px;\"><span style=\"font-family: Verdana,Geneva,sans-serif;\">In addition to the above-mentioned awards, Vadi has also received the first prize of the Estonian Theatre Agency for the children\u2019s play <em>Varasta veel v\u00f5\u00f5raid karusid<\/em> (\u2018Don\u2019t You Steal Other People\u2019s Bears\u2019), consolation prizes for <em>Kadunud kosmoses<\/em> (\u2018Lost in Outer Space\u2019, 2003) and <em>Balletmeister ja neli rahvavaenlast<\/em> (\u2018Choreographer and Four Enemies of the People\u2019, 2007), Estonian Television scriptwriters\u2019 annual award for the film <em>Kohtumine tundmatuga<\/em> (\u2018Encounter with the Unknown\u2019, 2005), the title of the Culture Carrier of Tartu (2008 and 2012), the Estonian Theatre Union\u2019s original drama prize the for <em>Ballettmeister<\/em> (\u2018Choreographer\u2019, 2010), the annual prize of Estonian Public Broadcasting (2010), Friedebert Tuglas Short Story Award for <em>Auhind<\/em> (\u2018Prize\u2019, 2017). Vadi has also received the Friend of the Classic title issued by the Society of Tammsaare and Vilde\u2019s Friends (2021), the scholarship Ela ja s\u00e4ra (\u2018Live and Shine\u2019, 2015), and he has been selected to receive the writer\u2019s salary (2019\u20132021).<\/span><\/span><\/span><\/p>\n\n\n\n<p><em><span style=\"color: #000000;\"><span style=\"font-size: 13px;\"><span style=\"font-family: Verdana,Geneva,sans-serif;\">A. K. (Translated by I. A.)<\/span><\/span><\/span><\/em><\/p>\n\n\n\n<p><br><span style=\"color: #000000;\"><strong><span style=\"font-size: 16px;\"><span style=\"font-family: Verdana,Geneva,sans-serif;\">Books in Estonian<\/span><\/span><\/strong><\/span><\/p>\n\n\n\n<p><span style=\"font-size: 13px;\"><span style=\"font-family: Verdana,Geneva,sans-serif;\"><strong><em>Novels<\/em><\/strong><br><strong>Kirjad t\u00e4di Annele<\/strong>. P\u00e4rnu: Jumalikud Ilmutused, 2010, 240 lk [2. tr 2018]<br><strong>Tagasi Eestisse<\/strong>. P\u00e4rnu-Saarde: Jumalikud Ilmutused, 2012, 279 lk [j\u00e4rgmised tr\u00fckid: 2013, 2018]<br><strong>Neverland<\/strong>: romaan inimestevahelistest suhetest. Tartumaa: Kolm Tarka, 2017, 347 lk<br><strong>Balletmeister<\/strong>. Loomingu Raamatukogu nr 6-9. Tallinn: Kultuurileht, 2019, 193 lk<\/span><\/span>. [2. tr\u00fckk: 2026.]<br><strong>Kuu teine pool<\/strong>. Tallinn: Kolm Elu, 2023, 208 lk.<\/p>\n\n\n\n<p><span style=\"color: #000000;\"><span style=\"font-size: 13px;\"><span style=\"font-family: Verdana,Geneva,sans-serif;\"><strong><em>Short prose<\/em><\/strong><br><strong>Kui klosetist kerkib kloaak<\/strong>. Tartu: U. Vadi, 1996, 32 lk<br><strong>Suur sekund<\/strong>. Tartu: Eesti Kostabi Selts, 1999, 59 lk<br><strong>Unetute ralli<\/strong>. Tallinn: Tuum, 2002, 99 lk<br><strong>Kuidas me k\u00f5ik reas niimoodi l\u00e4heme<\/strong>. Tallinn: Tuum, 2014, 231 lk<br><strong>Elu m\u00f5ttetusest<\/strong>. Tartu: Kolm Tarka, 2019, 172 lk<br><strong>Hing maanteeserval<\/strong>. Tartu: Kolm Tarka, 2021, 209 lk<\/span><\/span><\/span><\/p>\n\n\n\n<p><span style=\"color: #000000;\"><span style=\"font-size: 13px;\"><span style=\"font-family: Verdana,Geneva,sans-serif;\"><strong><em>Plays<\/em><\/strong><br><strong>Lendav laev<\/strong>: kahevaatuseline n\u00e4idend vene muinasjuttude alusel. Tallinn: U. Vadi, 2000, 95 lk<br><strong>Kohtume trompetis! Elvis oli kapis!<\/strong>. Loomingu Raamatukogu nr 28. Tallinn: Kultuurileht, 2005, 94 lk<br><strong>Kohtumine tundmatuga<\/strong>. P\u00e4rnu: Jumalikud Ilmutused, 2008, 311 lk<br><strong>Peeter Volkonski viimane suudlus<\/strong>. Tartu: Tartu Uus Teater, 2011, 59 lk<br><strong>Rein Pakk otsib naist!<\/strong>. Tartu: Tartu Uus Teater, 2012, 68 lk<br><strong>Rudolf Allaberdi testament<\/strong>. Tartu: Tartu Uus Teater, 2012, 51 lk<br><strong>Millest tekivad triibud?<\/strong> Tallinn: Eesti Draamateater, 2020, 112 lk<br><strong>Tund enne p\u00e4ikeset\u00f5usu<\/strong>. Tallinn: Eesti Draamateater, 2022, 134 lk<\/span><\/span><\/span><br><strong>Ega see kirjutamine sul lage puhtaks ei tee!<\/strong>. Tartu: Kolm Tarka, 2025, 358 lk. [Isikuloolised n\u00e4idendid.]<\/p>\n\n\n\n<p><span style=\"color: #000000;\"><span style=\"font-size: 13px;\"><span style=\"font-family: Verdana,Geneva,sans-serif;\"><strong><em>Varia<\/em><\/strong><br><strong>Tartu Vaimu saladus!<\/strong>: eelt\u00f6\u00f6 t\u00e4ispikale kunstilisele filmile. Tartu: Tartu Linnavalitsus, 2012, 28 lk<\/span><\/span><\/span><\/p>\n\n\n\n<p>\u00a0<\/p>\n","protected":false},"excerpt":{"rendered":"<p>Novels Short stories Plays About Urmas Vadi \u00a0 Urmas Vadi (born 28 February 1977) is a writer, radio presenter, scriptwriter and theatre director. Vadi was born and attended school in Tartu and studied radio production at Tallinn Pedagogical University. He &#8230;<\/p>\n","protected":false},"author":43,"featured_media":0,"parent":733,"menu_order":0,"comment_status":"closed","ping_status":"closed","template":"","meta":{"_acf_changed":false,"inline_featured_image":false,"footnotes":""},"class_list":["post-54","page","type-page","status-publish","hentry"],"acf":[],"_links":{"self":[{"href":"https:\/\/sisu.ut.ee\/ewod\/wp-json\/wp\/v2\/pages\/54","targetHints":{"allow":["GET"]}}],"collection":[{"href":"https:\/\/sisu.ut.ee\/ewod\/wp-json\/wp\/v2\/pages"}],"about":[{"href":"https:\/\/sisu.ut.ee\/ewod\/wp-json\/wp\/v2\/types\/page"}],"author":[{"embeddable":true,"href":"https:\/\/sisu.ut.ee\/ewod\/wp-json\/wp\/v2\/users\/43"}],"replies":[{"embeddable":true,"href":"https:\/\/sisu.ut.ee\/ewod\/wp-json\/wp\/v2\/comments?post=54"}],"version-history":[{"count":3,"href":"https:\/\/sisu.ut.ee\/ewod\/wp-json\/wp\/v2\/pages\/54\/revisions"}],"predecessor-version":[{"id":8211,"href":"https:\/\/sisu.ut.ee\/ewod\/wp-json\/wp\/v2\/pages\/54\/revisions\/8211"}],"up":[{"embeddable":true,"href":"https:\/\/sisu.ut.ee\/ewod\/wp-json\/wp\/v2\/pages\/733"}],"wp:attachment":[{"href":"https:\/\/sisu.ut.ee\/ewod\/wp-json\/wp\/v2\/media?parent=54"}],"curies":[{"name":"wp","href":"https:\/\/api.w.org\/{rel}","templated":true}]}}