{"id":538,"date":"2024-04-03T23:39:58","date_gmt":"2024-04-03T20:39:58","guid":{"rendered":"https:\/\/sisu.ut.ee\/ewod\/kork\/"},"modified":"2024-04-04T00:09:45","modified_gmt":"2024-04-03T21:09:45","slug":"kork","status":"publish","type":"page","link":"https:\/\/sisu.ut.ee\/ewod\/k\/kork\/","title":{"rendered":"Arvi Kork"},"content":{"rendered":"<p>\n\t<a href=\"https:\/\/sisu.ut.ee\/ewod\/k\/kork\/novels\"><span style=\"font-family: verdana,geneva\"><strong><span style=\"font-size: medium\">Novels<\/span><\/strong><\/span><\/a>\n<\/p>\n<p>Arvi Kork (real name Arvi Tinits; 2 December 1927 \u2013 1 April 1997) was an exile Estonian prose writer.\n<\/p>\n<p>\n\tKork was born in Peningi parish, Harjumaa County, and attended school in Tallinn. In 1944, he was conscripted to the German Air Force auxiliary service. In the turmoil of the war, he found himself in Germany where he continued his studies at the Estonian gymnasium in L\u00fcbeck, thereafter at the United Nations Relief and Rehabilitation Administration University in Munich. Later, Kork studied at Stockholm University and the Ryerson Institute of Technology in Toronto. He held various jobs, including at the Estonian Service of the Voice of America, as the managing editor of the newspaper <em>Vaba Eestlane<\/em> and as a policeman in Toronto. Kork died in Toronto where he was also buried.\n<\/p>\n<p>\n\tKork started publishing fiction in the late 1950s. His first novel <em>Neli musket\u00e4ri<\/em> (\u2018Four Musketeers\u2019, 1957), like the novels <em>Tammiraijujad<\/em> (\u2018Breakers of Dams\u2019, 1966), <em>Armud l\u00e4inud, armud j\u00e4\u00e4nud<\/em> (\u2018Loves Gone, Loves Remained\u2019, 1968) and <em>Relvalood<\/em> (\u2018Arms Stories\u2019, 1971), have an autobiographical background describing the fate of the author and his generation peers in Europe and Canada after World War II. The criminal novels <em>T\u00e4navakuningad<\/em> (\u2018Street Kings\u2019, 1963), <em>Sulid ja v\u00f5mmid<\/em> (\u2018Crooks and Cops\u2019, 1973) and <em>R\u00f6\u00f6vlijahil<\/em> (\u2018Hunting for Robbers\u2019, 1976) depict the author\u2019s work in the police. The typical features of Kork\u2019s books are dynamic narration, lively dialogue and colourful characters.\n<\/p>\n<p>\n\tThe book of memories <em>V\u00e4lgum\u00e4rgi kasvandikud<\/em> (\u2018Fostered by the Badge of Lightning\u2019, 1982) describes the fate of the conscripts of the German Air Force auxiliary service.\n<\/p>\n<p>\n\t<em>A. K. (Translated by I. A.)<\/em><\/p>\n<p><strong><span style=\"font-size:16px\">Books in Estonian<\/span><\/strong>\n<\/p>\n<p>\n\t<strong><em>Novels<\/em><\/strong><br><strong>Neli musket\u00e4ri<\/strong>. Lund: Eesti Kirjanike Kooperatiiv, 1957, 320 lk [2. tr 1990]<br><strong>T\u00e4navakuningad<\/strong>. Lund: Eesti Kirjanike Kooperatiiv, 1963, 296 lk<br><strong>Tammiraiujad<\/strong>. Lund: Eesti Kirjanike Kooperatiiv, 1966, 272 lk<br><strong>Armud l\u00e4inud, armud j\u00e4\u00e4nud<\/strong>: elukooli kursus kolmes osas.\u00a0 Lund: Eesti Kirjanike Kooperatiiv, 1968, 254 lk<br><strong>Relvalood<\/strong>: s\u00f5jasulaste seiklusi mitmel mandril. Lund: Eesti Kirjanike Kooperatiiv, 1971, 287 lk<br><strong>Sulid ja v\u00f5mmid<\/strong>: kriminaallood t\u00f5sielust. Lund: Eesti Kirjanike Kooperatiiv, 1973, 239 lk<br><strong>R\u00f6\u00f6vlijahil<\/strong>. Lund: Eesti Kirjanike Kooperatiiv, 1976, 239 lk\n<\/p>\n<p>\n\t<strong><em>Memoirs<\/em><\/strong><br>Arvi Tinits, <strong>V\u00e4lgum\u00e4rgi kasvandikud<\/strong>. Toronto: Lennuv\u00e4epoiste Klubi Torontos, 1982, 560 lk<\/p>\n","protected":false},"excerpt":{"rendered":"<p>Novels Arvi Kork (real name Arvi Tinits; 2 December 1927 \u2013 1 April 1997) was an exile Estonian prose writer. Kork was born in Peningi parish, Harjumaa County, and attended school in Tallinn. In 1944, he was conscripted to the &#8230;<\/p>\n","protected":false},"author":43,"featured_media":0,"parent":498,"menu_order":0,"comment_status":"closed","ping_status":"closed","template":"","meta":{"_acf_changed":false,"inline_featured_image":false,"footnotes":""},"class_list":["post-538","page","type-page","status-publish","hentry"],"acf":[],"_links":{"self":[{"href":"https:\/\/sisu.ut.ee\/ewod\/wp-json\/wp\/v2\/pages\/538","targetHints":{"allow":["GET"]}}],"collection":[{"href":"https:\/\/sisu.ut.ee\/ewod\/wp-json\/wp\/v2\/pages"}],"about":[{"href":"https:\/\/sisu.ut.ee\/ewod\/wp-json\/wp\/v2\/types\/page"}],"author":[{"embeddable":true,"href":"https:\/\/sisu.ut.ee\/ewod\/wp-json\/wp\/v2\/users\/43"}],"replies":[{"embeddable":true,"href":"https:\/\/sisu.ut.ee\/ewod\/wp-json\/wp\/v2\/comments?post=538"}],"version-history":[{"count":1,"href":"https:\/\/sisu.ut.ee\/ewod\/wp-json\/wp\/v2\/pages\/538\/revisions"}],"predecessor-version":[{"id":4531,"href":"https:\/\/sisu.ut.ee\/ewod\/wp-json\/wp\/v2\/pages\/538\/revisions\/4531"}],"up":[{"embeddable":true,"href":"https:\/\/sisu.ut.ee\/ewod\/wp-json\/wp\/v2\/pages\/498"}],"wp:attachment":[{"href":"https:\/\/sisu.ut.ee\/ewod\/wp-json\/wp\/v2\/media?parent=538"}],"curies":[{"name":"wp","href":"https:\/\/api.w.org\/{rel}","templated":true}]}}