{"id":535,"date":"2024-04-03T23:39:57","date_gmt":"2024-04-03T20:39:57","guid":{"rendered":"https:\/\/sisu.ut.ee\/ewod\/poems-et-75\/"},"modified":"2024-04-04T00:09:49","modified_gmt":"2024-04-03T21:09:49","slug":"poems","status":"publish","type":"page","link":"https:\/\/sisu.ut.ee\/ewod\/h\/hurt\/poems\/","title":{"rendered":"Jakob Hurt &#8211; poems"},"content":{"rendered":"<p><em><strong><span style=\"font-family: verdana, geneva;font-size: small\">German<\/span><\/strong><\/em><br><span style=\"font-family: verdana, geneva;font-size: small\"><strong>Vormals und heute<\/strong>. \u00dcbersetzung: Wilhelm Nerling. \u2013 Estnische Gedichte. \u00dcbers. von Wilhelm Nerling. Dorpat: H. Laakmann, 1925, pp 21-23. [\u2018Enne ja n\u00fc\u00fcd\u2019. Poems by A. Alver, J. Bergmann, M. J. Eisen, E. Enno, F. R. Faehlmann, A. Grenzstein, V. Ridala, A. Haava, K. A. Hermann, J. Hurt, P. Jakobson, J. V. Jannsen, R. Kamsen, L. Koidula, Fr. R. Kreutzwald, F. Kuhlbars, J. Kunder, M. K\u00f6rber, Jakob Liiv, Juhan Liiv, M. Lipp, G. E. Luiga, P. von Manteuffel, G. A. Oldekop, K. J. Peterson, M. Pukits, H. P\u00f6\u00f6gelmann, H. Raudsepp, C. M. Redlich, A. Reinvald, H. Rikand, J. Ph. v Roth, J. Speek, G. Suits, K. E. S\u00f6\u00f6t, J. Tamm, B. H. von Tiesenhausen, F. Tuglas, M. Veske, B. Weber, J. Weizenberg, E. L. W\u00f6hrmann.]<\/span><\/p>\n","protected":false},"excerpt":{"rendered":"<p>GermanVormals und heute. \u00dcbersetzung: Wilhelm Nerling. \u2013 Estnische Gedichte. \u00dcbers. von Wilhelm Nerling. Dorpat: H. Laakmann, 1925, pp 21-23. [\u2018Enne ja n\u00fc\u00fcd\u2019. Poems by A. Alver, J. Bergmann, M. J. Eisen, E. Enno, F. R. Faehlmann, A. Grenzstein, V. Ridala, &#8230;<\/p>\n","protected":false},"author":43,"featured_media":0,"parent":521,"menu_order":0,"comment_status":"closed","ping_status":"closed","template":"","meta":{"_acf_changed":false,"inline_featured_image":false,"footnotes":""},"class_list":["post-535","page","type-page","status-publish","hentry"],"acf":[],"_links":{"self":[{"href":"https:\/\/sisu.ut.ee\/ewod\/wp-json\/wp\/v2\/pages\/535","targetHints":{"allow":["GET"]}}],"collection":[{"href":"https:\/\/sisu.ut.ee\/ewod\/wp-json\/wp\/v2\/pages"}],"about":[{"href":"https:\/\/sisu.ut.ee\/ewod\/wp-json\/wp\/v2\/types\/page"}],"author":[{"embeddable":true,"href":"https:\/\/sisu.ut.ee\/ewod\/wp-json\/wp\/v2\/users\/43"}],"replies":[{"embeddable":true,"href":"https:\/\/sisu.ut.ee\/ewod\/wp-json\/wp\/v2\/comments?post=535"}],"version-history":[{"count":1,"href":"https:\/\/sisu.ut.ee\/ewod\/wp-json\/wp\/v2\/pages\/535\/revisions"}],"predecessor-version":[{"id":4552,"href":"https:\/\/sisu.ut.ee\/ewod\/wp-json\/wp\/v2\/pages\/535\/revisions\/4552"}],"up":[{"embeddable":true,"href":"https:\/\/sisu.ut.ee\/ewod\/wp-json\/wp\/v2\/pages\/521"}],"wp:attachment":[{"href":"https:\/\/sisu.ut.ee\/ewod\/wp-json\/wp\/v2\/media?parent=535"}],"curies":[{"name":"wp","href":"https:\/\/api.w.org\/{rel}","templated":true}]}}