{"id":533,"date":"2024-04-03T23:39:57","date_gmt":"2024-04-03T20:39:57","guid":{"rendered":"https:\/\/sisu.ut.ee\/ewod\/alliksaar\/"},"modified":"2024-04-04T00:09:48","modified_gmt":"2024-04-03T21:09:48","slug":"alliksaar","status":"publish","type":"page","link":"https:\/\/sisu.ut.ee\/ewod\/a\/alliksaar\/","title":{"rendered":"Artur Alliksaar"},"content":{"rendered":"<p><span style=\"font-family: verdana, geneva;font-size: medium\" data-mce-mark=\"1\"><a href=\"https:\/\/sisu.ut.ee\/ewod\/a\/alliksaar\/poems\"><strong>Poems<\/strong><\/a><a href=\"\/wp-content\/uploads\/sites\/108\/alliksaar_artur.jpg\"><img loading=\"lazy\" decoding=\"async\" style=\"float: right;margin-left: 20px;margin-right: 20px\" src=\"\/wp-content\/uploads\/sites\/108\/alliksaar_artur.jpg\" alt=\"Artur Alliksaar\" width=\"200\" height=\"310\"><\/a><\/span><\/p>\n<p><span style=\"font-family: verdana, geneva;font-size: medium\" data-mce-mark=\"1\"><a href=\"https:\/\/sisu.ut.ee\/ewod\/a\/alliksaar\/about\"><strong>About Artur Alliksaar<\/strong><\/a><\/span><\/p>\n<p style=\"text-align: left\">\n<\/p><p><span style=\"font-family: verdana, geneva\" data-mce-mark=\"1\">Artur Alliksaar (15. IV 1923 in Tartu \u2012 12. VIII 1966 in Tartu) was a poet, playwright, and translator. He completed his schooling in Tartu and went on to study law at the University of Tartu from 1941\u20131942 but was enlisted into the German army and subsequently did not complete his studies. From 1943\u20131944, he served in the Estonian Legion of Waffen-SS. Eventually he deserted, and from 1944\u20131949, he worked as a railway official. In 1949, he was arrested by Soviet authorities and was deported. His imprisonment led to subsequent stays in labor camps for several years, including in Narva and Mordovia. In 1957, upon his release, he was not permitted to return to Estonia and spent a year living in the Vologda oblast; however, he secretly returned to Tartu, where he spent the remainder of his life working odd jobs: again at the railroad, in construction, and at the brewery.<\/span><\/p>\n<p style=\"text-align: left\" class=\"MsoNormal\"><span style=\"font-family: verdana, geneva\" data-mce-mark=\"1\">Alliksaar began writing poetry as a high school student and was influenced by the poets Marie Under and R.M. Rilke and the Arbujad (\u2018Soothsayers\u2019), a symbolically significant group of eight poets educated in an independent Estonia (Betti Alver,\u00a0Bernard Kangro,\u00a0Uku Masing,\u00a0Kersti Merilaas,\u00a0Mart Raud,\u00a0August Sang,\u00a0Heiti Talvik\u00a0and\u00a0Paul Viiding). The Russian poetry of the 1920s also provided inspiration, especially the lyrics of the poet S. Jessenin. Alliksaar started publishing his poetry in <em>Postimees<\/em>, the Estonian newspaper, in 1942 and later in <em>Edasi<\/em> in 1958. His poetry originally followed more traditional methods, but he quickly grew into his own style and began to experiment with form and sound. He frequently wrote in free verse. With the innovative direction taken by Estonian poetry in the 1960s, his poems drew a wide following from the younger generation of poets and prosaists of the<a name=\"_GoBack\"><\/a> time (e.g., Andres Ehin, Jaan Kaplinski, Paul-Eerik Rummo, and Mati Unt).<\/span><\/p>\n<p style=\"text-align: left\" class=\"MsoNormal\"><span style=\"font-family: verdana, geneva\" data-mce-mark=\"1\">After his final return to Tartu in 1958, Alliksaar took up his literary activities with great enthusiasm, as both a writer and translator. He translated German and Russian lyrics into Estonian, including poems by A. Akhmatova, V. Inber, S. Yesenin, and R.M. Rilke. Alliksaar himself saw little of his work published during his lifetime. Shortly before his death, he published the absurdist utopian play <em>Nimetu Saar<\/em> (\u2018The Nameless Island\u2019, 1966), which was later performed in 1987. It was stylistically similar to his poetry. Posthumous selections of his work were compiled by Paul-Eerik Rummo from Alliksaar\u2019s manuscripts: <em>Olematus v\u00f5iks ju ka olemata olla<\/em> (\u2018Non-existence Could as Well Remain Non-existent\u2019, 1968), <em>Luule<\/em> (\u2018Poetry\u2019, 1976), and <em>V\u00e4ike luuleraamat<\/em> (\u2018A Small Book of Poetry\u2019, 1984).<\/span><\/p>\n<p style=\"text-align: left\" class=\"MsoNormal\"><span style=\"font-family: verdana, geneva\" data-mce-mark=\"1\">Alliksaar\u2019s poetry incorporates themes of self-fulfillment and the human intellect, the need for individual choices and freedom. He quests for truth and the long-sought meaning of life. His poetic style is characterizable by witty flashes of enlightenment, often associative in meaning, flowing imagery, and a rhythm defined by phonetic equivalencies and contrasts, which are often embedded with sound play and inventive rhymes. He later returned to a more classical style, writing poetry more elegiac and resigned in nature.<\/span><\/p>\n<p style=\"text-align: left\" class=\"MsoNormal\"><span style=\"font-family: verdana, geneva\" data-mce-mark=\"1\">Alliksaar died from colon cancer in 1966 without ever witnessing the true influence of his work. Regardless, he managed to guide an entire generation of poets. In 1997, his collected work <em>P\u00e4ikesepillaja<\/em> (\u2018The Sun Squanderer\u2019) was published and became a bestseller. In 2002, Paul-Eerik Rummo compiled another collection of Alliksaar\u2019s work titled <em>Alliksaar armastusest<\/em> (\u2018Alliksaar on Love\u2019).<\/span><\/p>\n<p style=\"text-align: left\" class=\"MsoNormal\"><span style=\"font-family: verdana, geneva\" data-mce-mark=\"1\"><em>M. M.<\/em><\/span><\/p>\n<p class=\"MsoNormal\"><span style=\"font-family: verdana, geneva\" data-mce-mark=\"1\"><em><\/em><\/span><\/p>\n<p><span style=\"font-family: verdana, geneva\" data-mce-mark=\"1\"><strong><span style=\"font-size: medium\" data-mce-mark=\"1\">Books in Estonian<\/span><br><\/strong><\/span><\/p>\n<p class=\"MsoNormal\"><span style=\"font-family: verdana, geneva\" data-mce-mark=\"1\"><strong><em>Poems<\/em><br><\/strong><\/span><span style=\"font-family: verdana, geneva\" data-mce-mark=\"1\"><span style=\"font-family: verdana, geneva\" data-mce-mark=\"1\"><\/span><strong>Olematus v\u00f5iks ju ka olemata olla<\/strong><span style=\"font-family: verdana, geneva\" data-mce-mark=\"1\">. Koostanud ja j\u00e4rels\u00f5na\u00a0Paul-Eerik Rummo. Tallinn: Perioodika, 1968, 77 lk.<br><span style=\"font-family: verdana, geneva\" data-mce-mark=\"1\"><\/span><strong>Luule<\/strong><span style=\"font-family: verdana, geneva\" data-mce-mark=\"1\">. Koostanud ja saates\u00f5na Paul-Eerik Rummo, j\u00e4rels\u00f5na Karl Muru. Tallinn: Eesti Raamat, 1976, 174 lk.<br><span style=\"font-family: verdana, geneva\" data-mce-mark=\"1\"><\/span><strong>Artur Alliksaar<\/strong><span style=\"font-family: verdana, geneva\" data-mce-mark=\"1\">. Koostanud\u00a0<span style=\"font-family: verdana, geneva\" data-mce-mark=\"1\">Paul-Eerik Rummo.\u00a0<\/span>Tallinn: Eesti Raamat, 1984, 168 lk. [Sari \u2018V\u00e4ike luuleraamat\u2019.]<br><strong>P\u00e4ikesepillaja<\/strong><span style=\"font-family: verdana, geneva\" data-mce-mark=\"1\">. Koostanud <span style=\"font-family: verdana, geneva\" data-mce-mark=\"1\">Urmas T\u00f5nisson, j\u00e4rels\u00f5na\u00a0<\/span>Arne Merilai. Tartu: Ilmamaa, 1997, 439 lk. [2. tr\u00fckk: 1999; 3. tr\u00fckk: 2004; 4., uuendatud tr\u00fckk: 2007; 5., uuendatud tr\u00fckk: 2016.]<br><span style=\"font-family: verdana, geneva\" data-mce-mark=\"1\"><\/span><strong>Alliksaar armastusest<\/strong><span style=\"font-family: verdana, geneva\" data-mce-mark=\"1\">. Valik ja j\u00e4rels\u00f5na\u00a0<\/span><span style=\"font-family: verdana, geneva\" data-mce-mark=\"1\">Paul-Eerik Rummo.\u00a0<\/span><span style=\"font-family: verdana, geneva\" data-mce-mark=\"1\">Tallinn: T\u00e4nap\u00e4ev, 2002, 77 lk.<\/span><\/span><\/span><\/span><\/span><br><\/span><strong style=\"font-family: verdana, geneva;line-height: 1.6em\">Ajaj\u00f5e taga<\/strong><span style=\"font-family: verdana, geneva\" data-mce-mark=\"1\"><strong>: valik luulet<\/strong>. Koostanud <span style=\"font-family: verdana, geneva\" data-mce-mark=\"1\">Mall J\u00f5gi.\u00a0<\/span>Tallinn: Tammerraamat, 2013, 198 lk.<br><\/span><span style=\"font-family: verdana, geneva\" data-mce-mark=\"1\"><strong><em><\/em><\/strong><\/span><\/p>\n<p class=\"MsoNormal\"><span style=\"font-family: verdana, geneva\" data-mce-mark=\"1\"><strong><em>Plays<br><\/em><\/strong><\/span><strong style=\"font-family: verdana, geneva;line-height: 1.6em\">Nimetu saar<\/strong><span style=\"font-family: verdana, geneva\" data-mce-mark=\"1\">. Tallinn: Perioodika, 1966, 75 lk.<\/span><\/p>\n","protected":false},"excerpt":{"rendered":"<p>Poems About Artur Alliksaar Artur Alliksaar (15. IV 1923 in Tartu \u2012 12. VIII 1966 in Tartu) was a poet, playwright, and translator. He completed his schooling in Tartu and went on to study law at the University of Tartu &#8230;<\/p>\n","protected":false},"author":43,"featured_media":0,"parent":485,"menu_order":0,"comment_status":"closed","ping_status":"closed","template":"","meta":{"_acf_changed":false,"inline_featured_image":false,"footnotes":""},"class_list":["post-533","page","type-page","status-publish","hentry"],"acf":[],"_links":{"self":[{"href":"https:\/\/sisu.ut.ee\/ewod\/wp-json\/wp\/v2\/pages\/533","targetHints":{"allow":["GET"]}}],"collection":[{"href":"https:\/\/sisu.ut.ee\/ewod\/wp-json\/wp\/v2\/pages"}],"about":[{"href":"https:\/\/sisu.ut.ee\/ewod\/wp-json\/wp\/v2\/types\/page"}],"author":[{"embeddable":true,"href":"https:\/\/sisu.ut.ee\/ewod\/wp-json\/wp\/v2\/users\/43"}],"replies":[{"embeddable":true,"href":"https:\/\/sisu.ut.ee\/ewod\/wp-json\/wp\/v2\/comments?post=533"}],"version-history":[{"count":1,"href":"https:\/\/sisu.ut.ee\/ewod\/wp-json\/wp\/v2\/pages\/533\/revisions"}],"predecessor-version":[{"id":4550,"href":"https:\/\/sisu.ut.ee\/ewod\/wp-json\/wp\/v2\/pages\/533\/revisions\/4550"}],"up":[{"embeddable":true,"href":"https:\/\/sisu.ut.ee\/ewod\/wp-json\/wp\/v2\/pages\/485"}],"wp:attachment":[{"href":"https:\/\/sisu.ut.ee\/ewod\/wp-json\/wp\/v2\/media?parent=533"}],"curies":[{"name":"wp","href":"https:\/\/api.w.org\/{rel}","templated":true}]}}