{"id":532,"date":"2024-04-03T23:39:57","date_gmt":"2024-04-03T20:39:57","guid":{"rendered":"https:\/\/sisu.ut.ee\/ewod\/novels-et-28\/"},"modified":"2024-04-04T00:09:48","modified_gmt":"2024-04-03T21:09:48","slug":"novels","status":"publish","type":"page","link":"https:\/\/sisu.ut.ee\/ewod\/b\/maimuberg\/novels\/","title":{"rendered":"Maimu Berg &#8211; novels"},"content":{"rendered":"<p><span style=\"font-family: verdana, geneva;font-size: medium\" data-mce-mark=\"1\"><strong>Books<\/strong><\/span><\/p>\n<p><span style=\"font-family: verdana,geneva\" data-mce-mark=\"1\"><strong><em>Finnish<br><\/em>Kolme kohtaloa<\/strong>. Suomentanut Raija H\u00e4m\u00e4l\u00e4inen; [toimittanut ja j\u00e4lkisanat: Hannu Oittinen; taittanut Tarmo Puudist]. Tallinn: NyNorden, 2011, 272 pp. [\u2019Kirjutajad\u2019, \u2019Seisab \u00fcksi m\u00e4e peal\u2019.]<br><strong>Pois: romaani<\/strong>. Suomentanut Hannu Oittinen; [kansi: Jukka Urho]. Helsinki: Taifuuni, [1999], 278 pp. [\u2019\u00c4ra\u2019.]<br><strong>Min\u00e4 rakastin ven\u00e4l\u00e4ist\u00e4: lapsuusajan lumisten talvien muistoksi<\/strong>. Suomentanut Hannu Oittinen; [j\u00e4lkisana: Maima Gr\u00eenberga; kansi: Jukka Urho]. Helsinki: Taifuuni, 1998, 192 pp. [\u2019Ma armastasin venelast\u2019.]<strong><em><br><\/em><\/strong><\/span><\/p>\n<p><span style=\"font-family: verdana,geneva\" data-mce-mark=\"1\"><strong><em>German<\/em><\/strong><\/span><br><span style=\"font-family: verdana,geneva\" data-mce-mark=\"1\"><strong>Ich liebte einen Russen: zur Erinnerung an die schneereichen Winter der Kindheit<\/strong>: [Roman]. Aus dem Estnischen von Irja Gr\u00f6nholm; Monotypien von Nicole Seidel. [Blieskastel]: Gollenstein, [1998], 287 pp. [\u2019Ma armastasin venelast\u2019.]<strong><br>Barbara von Tisenhusen<\/strong>. Aus dem Estnischen von Irja Gr\u00f6nholm. Frankfurt\/M.: DIPA-Verlag, 1993, 186 pp. [\u2018Kirjutajad\u2019.]<\/span><\/p>\n<p><strong><em>Latvian<\/em><\/strong><br>Maimu Berga, <strong>Es mileju krievu<\/strong>. No igaunu valodas tulkojusi Maima Grinberga; [Mara Simansona vaka dizains]. [Riga]: Atena, 2000, 167 pp. [\u2019Ma armastasin venelast\u2019.]<\/p>\n<p><strong><em>Russian<\/em><\/strong><br>\u041c\u0430\u0439\u043c\u0443 \u0411\u0435\u0440\u0433, <strong>\u0420\u0443\u043a\u043e\u043f\u0438\u0441\u044c, \u043d\u0430\u0439\u0434\u0435\u043d\u043d\u0430\u044f \u0432 \u0412\u0435\u0439\u043c\u0430\u0440\u0435<\/strong>. \u041f\u0435\u0440\u0435\u0432\u0435\u043b \u0441 \u044d\u0441\u0442\u043e\u043d\u0441\u043a\u043e\u0433\u043e [\u0438 \u043f\u0440\u0435\u0434\u0438\u0441\u043b\u043e\u0432\u0438\u0435:] \u0411\u043e\u0440\u0438\u0441 \u0422\u0443\u0445; [\u0440\u0435\u0434\u0430\u043a\u0442\u043e\u0440 \u0421\u0432\u0435\u0442\u043b\u0430\u043d\u0430 \u0418\u0432\u0430\u043d\u043e\u0432\u0430 ; \u0445\u0443\u0434\u043e\u0436\u0435\u0441\u0442\u0432\u0435\u043d\u043d\u043e\u0435 \u043e\u0444\u043e\u0440\u043c\u043b\u0435\u043d\u0438\u0435: \u042f\u0430\u043d \u0422\u0430\u043c\u043c\u0441\u0430\u0430\u0440]. \u0422\u0430\u043b\u043b\u0438\u043d\u043d: \u0418\u0437\u0434\u0430\u0442\u0435\u043b\u044c\u0441\u0442\u0432\u043e \u041a\u041f\u0414, 2011, 252 pp. [Contents: \u2019\u0420\u0443\u043a\u043e\u043f\u0438\u0441\u044c, \u043d\u0430\u0439\u0434\u0435\u043d\u043d\u0430\u044f \u0432 \u0412\u0435\u0439\u043c\u0430\u0440\u0435\u2019 (\u2019Kirjutajad\u2019 a novel), \u2019\u041c\u0430\u0434\u0430\u043c \u041f\u0430\u0440\u0435\u0441\u0441\u0451\u0437\u2019, \u2019\u0422\u0430\u0440\u0442\u0443\u0441\u043a\u0438\u0439 \u0434\u0443\u0445\u2019, \u2019\u0418\u0433\u0440\u0443\u0448\u0435\u0447\u043d\u044b\u0439 \u043f\u0438\u0441\u0430\u0442\u0435\u043b\u044c\u2019 (stories).]<br>\u041c\u0430\u0439\u043c\u0443 \u0411\u0435\u0440\u0433, <strong>\u042f \u043b\u044e\u0431\u0438\u043b\u0430 \u0440\u0443\u0441\u0441\u043a\u043e\u0433\u043e<\/strong>. \u041f\u0435\u0440\u0435\u0432\u043e\u0434 \u0441 \u044d\u0441\u0442\u043e\u043d\u0441\u043a\u043e\u0433\u043e: \u0421\u0432\u0435\u0442\u043b\u0430\u043d \u0421\u0435\u043c\u0435\u043d\u0435\u043d\u043a\u043e; \u043b\u0438\u0442\u0435\u0440\u0430\u0442\u0443\u0440\u043d\u044b\u0439 \u0440\u0435\u0434\u0430\u043a\u0442\u043e\u0440 \u0438 \u043f\u043e\u0441\u043b\u0435\u0441\u043b\u043e\u0432\u0438\u0435: \u041b\u044e\u0434\u043c\u0438\u043b\u0430 \u0413\u043b\u0443\u0448\u043a\u043e\u0432\u0441\u043a\u0430\u044f; \u0445\u0443\u0434\u043e\u0436\u043d\u0438\u043a-\u043e\u0444\u043e\u0440\u043c\u0438\u0442\u0435\u043b\u044c \u0412\u0435\u0440\u0430 \u0421\u0442\u0430\u043d\u0438\u0448\u0435\u0432\u0441\u043a\u0430\u044f. Tallinn: Eesti Kultuurikeskus \u201cVene Ents\u00fcklopeedia\u201d, 2009, 159 pp. [<span style=\"font-family: verdana,geneva\" data-mce-mark=\"1\">\u2019Ma armastasin venelast\u2019.\u00a0<\/span>2nd ed: <span style=\"font-family: verdana,geneva\" data-mce-mark=\"1\">\u041c\u043e\u0441\u043a\u0432\u0430: \u0425\u0440\u043e\u043d\u0438\u043a\u0435\u0440, 2009, 191 pp.\u00a0<\/span><span style=\"font-family: verdana,geneva\" data-mce-mark=\"1\">Audiobook: \u0422\u0430\u043b\u043b\u0438\u043d\u043d: \u042d\u0441\u0442\u043e\u043d\u0441\u043a\u0430\u044f \u0431\u0438\u0431\u043b\u0438\u043e\u0442\u0435\u043a\u0430 \u0434\u043b\u044f \u0441\u043b\u0435\u043f\u044b\u0445, 2013,\u00a0a CD of 10h 47m.<\/span>]<\/p>\n<p><strong><em>Swedish<\/em><\/strong><br><strong>Jag \u00e4lskade en ryss: roman<\/strong>. \u00d6vers\u00e4ttning fr\u00e5n estniskan av Enel Melberg. Stockholm: Natur och Kultur, 1997, 217 pp. [\u2019Ma armastasin venelast\u2019.]<\/p>\n<p><\/p>\n<p><span style=\"font-size: medium;font-family: verdana, geneva\"><strong><span style=\"font-size: medium\">Excerpts from novels<\/span><\/strong><\/span><\/p>\n<p><span style=\"font-family: verdana,geneva\"><strong><em>English<br><\/em>I Loved a Russian<\/strong>.\u00a0\u2013\u00a0<a href=\"http:\/\/www.estlit.ee\/centre\/uploads\/catalogues\/A_Sharp_Cut.pdf\" target=\"_blank\" rel=\"noopener\">A Sharp Cut: contemporary Estonian literature<\/a>. [Introduction: Hasso Krull]. Tallinn: Estonian Literature Information Centre, 2005, 91 pp. [\u2018Ma armastasin venelast\u2019. Contents of the booklet:\u00a0Poems by Andres Ehin, Indrek Hirv, Jaan Kaplinski, Doris Kareva, Kauksi \u00dclle, Kalev Kesk\u00fcla, Kivisildnik, Hasso Krull, Asko K\u00fcnnap, Viivi Luik, Ene Mihkelson, Paul-Eerik Rummo, Hando Runnel, Karl Martin Sinij\u00e4rv, Triin Soomets, Mats Traat, Mari Vallisoo, Elo Viiding, Juhan Viiding. Short prose excerpts by Nikolai Baturin, Maimu Berg, J\u00fcri Ehlvest, Mehis Heinsaar, Ilmar Jaks, Jaan Kaplinski, Jan Kaus, Andrus Kivir\u00e4hk, Jaan Kross, Viivi Luik, Mihkel Mutt, Eeva Park, Peeter Sauter, Tarmo Teder, Jaan Undusk, Arvo Valton, Toomas Vint, T\u00f5nu \u00d5nnepalu, Ervin \u00d5unapuu.]<\/span><\/p>\n<p><span style=\"font-family: verdana,geneva\"><strong><em>German<\/em><\/strong><br><strong>Die Enge<\/strong>. \u2013 Lichtungen, vol 24, no 95, 2003. Schwerpunkt: Literatur aus Tallinn. [Excerpt of\u00a0\u2019\u00c4ra\u2019. See <a href=\"https:\/\/sisu.ut.ee\/ewod\/anthologies\/lichtungen\"><strong>contents<\/strong><\/a> of the special edition on Estonian literature.]<br><strong>Weg!<\/strong>. \u00dcbersetzung: Irja Gr\u00f6nholm. \u2013 Estonia, no 1, 2001, pp 53-57. [\u2018\u00c4ra\u2019, excerpt.]<br><strong>Ausz\u00fcge aus dem Roman \u201cWeg\u201d. Die Enge<\/strong>. \u00dcbersetzung: Irja Gr\u00f6nholm. \u2013 Torgespr\u00e4che im Max Liebermann Haus. \u201cLiteratur Express Europa\u201d, 14. Juli 2000, \u201cBaltische Literaturen\u201d, 1. VII 2001. Berlin: Stiftung Brandenburger Tor, 2001, pp 59-62. [\u2018\u00c4ra\u2019, excerpts.]<br><strong>Ich liebte einen Russen<\/strong>. \u00dcbersetzung: Irja Gr\u00f6nholm. \u2013 Estonia, no 1, 1995, pp 11-15. [\u2018Ma armastasin venelast\u2019, excerpt.]<br><\/span><\/p>\n","protected":false},"excerpt":{"rendered":"<p>Books FinnishKolme kohtaloa. Suomentanut Raija H\u00e4m\u00e4l\u00e4inen; [toimittanut ja j\u00e4lkisanat: Hannu Oittinen; taittanut Tarmo Puudist]. Tallinn: NyNorden, 2011, 272 pp. [\u2019Kirjutajad\u2019, \u2019Seisab \u00fcksi m\u00e4e peal\u2019.]Pois: romaani. Suomentanut Hannu Oittinen; [kansi: Jukka Urho]. Helsinki: Taifuuni, [1999], 278 pp. [\u2019\u00c4ra\u2019.]Min\u00e4 rakastin ven\u00e4l\u00e4ist\u00e4: lapsuusajan &#8230;<\/p>\n","protected":false},"author":43,"featured_media":0,"parent":2068,"menu_order":0,"comment_status":"closed","ping_status":"closed","template":"","meta":{"_acf_changed":false,"inline_featured_image":false,"footnotes":""},"class_list":["post-532","page","type-page","status-publish","hentry"],"acf":[],"_links":{"self":[{"href":"https:\/\/sisu.ut.ee\/ewod\/wp-json\/wp\/v2\/pages\/532","targetHints":{"allow":["GET"]}}],"collection":[{"href":"https:\/\/sisu.ut.ee\/ewod\/wp-json\/wp\/v2\/pages"}],"about":[{"href":"https:\/\/sisu.ut.ee\/ewod\/wp-json\/wp\/v2\/types\/page"}],"author":[{"embeddable":true,"href":"https:\/\/sisu.ut.ee\/ewod\/wp-json\/wp\/v2\/users\/43"}],"replies":[{"embeddable":true,"href":"https:\/\/sisu.ut.ee\/ewod\/wp-json\/wp\/v2\/comments?post=532"}],"version-history":[{"count":1,"href":"https:\/\/sisu.ut.ee\/ewod\/wp-json\/wp\/v2\/pages\/532\/revisions"}],"predecessor-version":[{"id":4549,"href":"https:\/\/sisu.ut.ee\/ewod\/wp-json\/wp\/v2\/pages\/532\/revisions\/4549"}],"up":[{"embeddable":true,"href":"https:\/\/sisu.ut.ee\/ewod\/wp-json\/wp\/v2\/pages\/2068"}],"wp:attachment":[{"href":"https:\/\/sisu.ut.ee\/ewod\/wp-json\/wp\/v2\/media?parent=532"}],"curies":[{"name":"wp","href":"https:\/\/api.w.org\/{rel}","templated":true}]}}