{"id":527,"date":"2024-04-03T23:39:57","date_gmt":"2024-04-03T20:39:57","guid":{"rendered":"https:\/\/sisu.ut.ee\/ewod\/poems-et-74\/"},"modified":"2024-04-04T00:09:47","modified_gmt":"2024-04-03T21:09:47","slug":"poems","status":"publish","type":"page","link":"https:\/\/sisu.ut.ee\/ewod\/h\/haljak\/poems\/","title":{"rendered":"Kristjan Haljak &#8211; poems"},"content":{"rendered":"<p><strong><span style=\"font-family: verdana, geneva;font-size: medium\">In anthologies and magazines<\/span><\/strong><\/p>\n<p><strong><em><span style=\"font-family: verdana, geneva\">English<\/span><\/em><\/strong><br><span style=\"font-family: verdana, geneva\"><strong>L\u00f5pmatuse l\u00e4vel: eesti luuletajad Niguliste kirikus = The brink of infinity: Estonian poets in St. Nicholas\u2019 church<\/strong>. Edited by Veronika Kivisilla, translated by Adam Cullen, Matthew Hyde, Miriam McIlfatrick-Ksenofontov. Tallinn: HeadRead, 2015, 166 pp. [Poems by Kristjan Haljak, Viiu H\u00e4rm, Peep Ilmet, K\u00e4tlin Kaldmaa, Doris Kareva, Jan Kaus, Veronika Kivisilla, Indrek Koff, Igor Kotjuh, Asko K\u00fcnnap, Eeva Park, J\u00fcrgen Rooste, Karl Martin Sinij\u00e4rv. Parallel text in Estonian and English.]<\/span><\/p>\n","protected":false},"excerpt":{"rendered":"<p>In anthologies and magazines EnglishL\u00f5pmatuse l\u00e4vel: eesti luuletajad Niguliste kirikus = The brink of infinity: Estonian poets in St. Nicholas\u2019 church. Edited by Veronika Kivisilla, translated by Adam Cullen, Matthew Hyde, Miriam McIlfatrick-Ksenofontov. Tallinn: HeadRead, 2015, 166 pp. [Poems by &#8230;<\/p>\n","protected":false},"author":43,"featured_media":0,"parent":510,"menu_order":0,"comment_status":"closed","ping_status":"closed","template":"","meta":{"_acf_changed":false,"inline_featured_image":false,"footnotes":""},"class_list":["post-527","page","type-page","status-publish","hentry"],"acf":[],"_links":{"self":[{"href":"https:\/\/sisu.ut.ee\/ewod\/wp-json\/wp\/v2\/pages\/527","targetHints":{"allow":["GET"]}}],"collection":[{"href":"https:\/\/sisu.ut.ee\/ewod\/wp-json\/wp\/v2\/pages"}],"about":[{"href":"https:\/\/sisu.ut.ee\/ewod\/wp-json\/wp\/v2\/types\/page"}],"author":[{"embeddable":true,"href":"https:\/\/sisu.ut.ee\/ewod\/wp-json\/wp\/v2\/users\/43"}],"replies":[{"embeddable":true,"href":"https:\/\/sisu.ut.ee\/ewod\/wp-json\/wp\/v2\/comments?post=527"}],"version-history":[{"count":1,"href":"https:\/\/sisu.ut.ee\/ewod\/wp-json\/wp\/v2\/pages\/527\/revisions"}],"predecessor-version":[{"id":4544,"href":"https:\/\/sisu.ut.ee\/ewod\/wp-json\/wp\/v2\/pages\/527\/revisions\/4544"}],"up":[{"embeddable":true,"href":"https:\/\/sisu.ut.ee\/ewod\/wp-json\/wp\/v2\/pages\/510"}],"wp:attachment":[{"href":"https:\/\/sisu.ut.ee\/ewod\/wp-json\/wp\/v2\/media?parent=527"}],"curies":[{"name":"wp","href":"https:\/\/api.w.org\/{rel}","templated":true}]}}