{"id":5262,"date":"2024-09-09T10:34:08","date_gmt":"2024-09-09T07:34:08","guid":{"rendered":"https:\/\/sisu.ut.ee\/ewod\/?page_id=5262"},"modified":"2024-09-09T12:38:07","modified_gmt":"2024-09-09T09:38:07","slug":"kunnapas","status":"publish","type":"page","link":"https:\/\/sisu.ut.ee\/ewod\/k\/kunnapas\/","title":{"rendered":"Heli K\u00fcnnapas"},"content":{"rendered":"<p><br>Heli K\u00fcnnapas (born 10 March 1982) is a writer and publisher.<\/p>\n\n\n\n<p>K\u00fcnnapas was born at P\u00e4rnu-Jaagupi. In 1988\u20132000, she studied at P\u00e4rnu-Jaagupi Gymnasium. K\u00fcnnapas obtained her higher education in 2000\u20132004 at the Estonian Academy of Security Sciences in the speciality of administrative management. In 2010, she defended her master\u2019s degree in Christian cultural history at the Institute of Theology of the Estonian Evangelical Lutheran Church. She has been a member of the Estonian Writers\u2019 Union from 2024.<\/p>\n\n\n\n<p>K\u00fcnnapas has written books for children, young people and mainly light entertainment for adults. She has written and published 15 books in the series <em>M\u00f5ni \u00f5htu romantikat<\/em> (\u2018A Few Evenings of Romance\u2019). The books look at relationships and human nature in a true-to-life way.<\/p>\n\n\n\n<p>Heli K\u00fcnnapas is the owner of the Heli publishing company.<\/p>\n\n\n\n<p><em>L. P. (Translated by I. A.)<\/em><\/p>\n\n\n\n<h5 class=\"wp-block-heading\"><br><strong>Books in Estonian<\/strong><\/h5>\n\n\n\n<p><em><strong>Novels, novellas<\/strong><\/em><br><strong>L\u00f5pupidu<\/strong>. Tallinn: T\u00e4nap\u00e4ev, 2011. 181 lk.<br><strong>Homme on ka p\u00e4ev<\/strong>. Tallinn: T\u00e4nap\u00e4ev, 2013. 223 lk.<br><strong>Tristan<\/strong>. Tallinn: T\u00e4nap\u00e4ev, 2014. 224 lk.<br><strong>Minu ilus elu maal<\/strong>. J\u00e4divere: Heli Kirjastus, 2015. 280 lk.<br><strong>T\u00e4htajaline elu. 1. osa<\/strong>. Vigala vald: Heli Kirjastus, 2015. 150 lk.<br><strong>\u00dctlemata s\u00f5nad<\/strong>. J\u00e4divere: Heli Kirjastus, 2016. 252 lk. [Noorteromaan.]<br><strong>T\u00e4htajaline elu. 2. osa<\/strong>. J\u00e4divere: Heli Kirjastus, 2016. 204 lk.<br><strong>J\u00f5uluks koju<\/strong>. J\u00e4divere: Heli Kirjastus, 2016. 109 lk.<br><strong>Mina, supernaine, j\u00e4\u00e4n ellu!<\/strong>. J\u00e4divere: Heli Kirjastus, 2017. 111 lk.<br><strong>Mu koju tood sa<\/strong>. J\u00e4divere: Heli Kirjastus, 2017. 107 lk.<br><strong>Naine, kes ei nuta, saab rikkaks<\/strong>. J\u00e4divere: Heli Kirjastus, 2017. 127 lk.<br><strong>Kes kardab v\u00e4lgut\u00fcdrukut?<\/strong>. J\u00e4divere: Heli Kirjastus, 2017. 135 lk.<br><strong>Saatmata kirjad<\/strong>. J\u00e4divere: Heli Kirjastus, 2017. 117 lk.<br><strong>M\u00f5tisklusi s\u00f5brale<\/strong>. J\u00e4divere: Heli Kirjastus, 2018. 30 lk.<br><strong>Helisevad \u00f6\u00f6d saarel<\/strong>. J\u00e4divere: Heli Kirjastus, 2018. 117 lk.<br><strong>Valss P\u00e4rnu rannaliival<\/strong>. J\u00e4divere: Heli Kirjastus, 2019. 118 lk.<br><strong>Eba\u00f5iglane<\/strong>. J\u00e4divere: Heli Kirjastus, 2020. 119 lk.<br><strong>J\u00f5ulud parima s\u00f5braga<\/strong>. J\u00e4divere: Heli Kirjastus, 2020. 127 lk.<br><strong>M\u00e4lestusteta suvi. 1. osa<\/strong>. J\u00e4divere k\u00fcla: Heli Kirjastus, 2020. 336 lk. [Noorteromaan.]<br><strong>Ringiga tagasi<\/strong>. J\u00e4divere: Heli Kirjastus, 2021. 119 lk.<br><strong>Tuhast t\u00f5ustes<\/strong>. J\u00e4divere: Heli Kirjastus, 2021. 124 lk.<br><strong>Uus t\u00fcdruk<\/strong>. J\u00e4divere: Heli Kirjastus, 2021. 116 lk.<br><strong>M\u00e4lestusteta suvi. 2. osa<\/strong>. J\u00e4divere: Heli Kirjastus, 2022. 333 lk. [Noorteromaan.]<br><strong>S\u00f5brad nii ei tee<\/strong>. J\u00e4divere: Heli Kirjastus, 2022. 161 lk.<br><strong>See ei ole sina!<\/strong>. J\u00e4divere: Heli Kirjastus, 2023. 156 lk.<\/p>\n\n\n\n<p><em><strong>Children\u2019s books<\/strong><\/em><br><strong>Laste ilus elu maal<\/strong>. J\u00e4divere: Heli Kirjastus, 2017. 45 lk.<br><strong>Karupoeg Lukas tahab saada viiuldajaks<\/strong>. J\u00e4divere: Heli Kirjastus, 2019. 48 lk.<br><strong>Kolme p\u00e4rna saladus<\/strong>. J\u00e4divere: Heli Kirjastus, 2019. 98 lk.<br><strong>Kuidas uus beebi majja tuli<\/strong>. J\u00e4divere: Heli Kirjastus, 2019. 34 lk.<br><strong>Karupoeg Lukase t\u00e4heraamat<\/strong>. J\u00e4divere: Heli Kirjastus, 2020. 52 lk.<\/p>\n\n\n\n<p><strong><em>Manuals<\/em><\/strong><br><strong>Minu ilus elu lapsevanemana<\/strong>. J\u00e4divere: Heli Kirjastus, 2018. 86 lk.<br><strong>Rikaste inimeste 30 harjumust, ehk, Mida peaksime rikastelt \u00f5ppima, et saada rikkaks?<\/strong>: l\u00fchike k\u00e4siraamat. J\u00e4divere: Heli Kirjastus, 2019. 66 lk.<br><strong>Kuidas 30 p\u00e4evaga romaani kirjutada?<\/strong>: l\u00fchike k\u00e4siraamat. J\u00e4divere k\u00fcla: Heli Kirjastus, 2020. 113 lk.<br><strong>30 sammu laenuvaba eluni<\/strong>: l\u00fchike k\u00e4siraamat. J\u00e4divere k\u00fcla: Heli Kirjastus, 2021. 151 lk.<\/p>\n","protected":false},"excerpt":{"rendered":"<p>Heli K\u00fcnnapas (born 10 March 1982) is a writer and publisher. K\u00fcnnapas was born at P\u00e4rnu-Jaagupi. In 1988\u20132000, she studied at P\u00e4rnu-Jaagupi Gymnasium. K\u00fcnnapas obtained her higher education in 2000\u20132004 at the Estonian Academy of Security Sciences in the speciality &#8230;<\/p>\n","protected":false},"author":43,"featured_media":0,"parent":498,"menu_order":0,"comment_status":"closed","ping_status":"closed","template":"","meta":{"_acf_changed":false,"inline_featured_image":false,"footnotes":""},"class_list":["post-5262","page","type-page","status-publish","hentry"],"acf":[],"_links":{"self":[{"href":"https:\/\/sisu.ut.ee\/ewod\/wp-json\/wp\/v2\/pages\/5262","targetHints":{"allow":["GET"]}}],"collection":[{"href":"https:\/\/sisu.ut.ee\/ewod\/wp-json\/wp\/v2\/pages"}],"about":[{"href":"https:\/\/sisu.ut.ee\/ewod\/wp-json\/wp\/v2\/types\/page"}],"author":[{"embeddable":true,"href":"https:\/\/sisu.ut.ee\/ewod\/wp-json\/wp\/v2\/users\/43"}],"replies":[{"embeddable":true,"href":"https:\/\/sisu.ut.ee\/ewod\/wp-json\/wp\/v2\/comments?post=5262"}],"version-history":[{"count":2,"href":"https:\/\/sisu.ut.ee\/ewod\/wp-json\/wp\/v2\/pages\/5262\/revisions"}],"predecessor-version":[{"id":5321,"href":"https:\/\/sisu.ut.ee\/ewod\/wp-json\/wp\/v2\/pages\/5262\/revisions\/5321"}],"up":[{"embeddable":true,"href":"https:\/\/sisu.ut.ee\/ewod\/wp-json\/wp\/v2\/pages\/498"}],"wp:attachment":[{"href":"https:\/\/sisu.ut.ee\/ewod\/wp-json\/wp\/v2\/media?parent=5262"}],"curies":[{"name":"wp","href":"https:\/\/api.w.org\/{rel}","templated":true}]}}