{"id":525,"date":"2024-04-03T23:39:57","date_gmt":"2024-04-03T20:39:57","guid":{"rendered":"https:\/\/sisu.ut.ee\/ewod\/sowjetliteratur1972\/"},"modified":"2024-04-04T00:09:47","modified_gmt":"2024-04-03T21:09:47","slug":"sowjetliteratur1972","status":"publish","type":"page","link":"https:\/\/sisu.ut.ee\/ewod\/anthologies\/german\/sowjetliteratur1972\/","title":{"rendered":"Sowjetliteratur, no 8, 1972"},"content":{"rendered":"<p><strong><span style=\"font-family: verdana, geneva\">Sowjetliteratur, no 8, 1972. Dieses Heft erz\u00e4hlt \u00fcber die Literatur, Kultur und Kunst Sowjetestlands. Moskau: 1972, 191 pp. <\/span><\/strong><\/p>\n<p><span style=\"font-family: verdana, geneva\" data-mce-mark=\"1\"><strong>Contents<\/strong>:<\/span><\/p>\n<p><span style=\"font-family: verdana, geneva\"><em>Excerpts of novels<\/em>:<br><\/span><span style=\"font-family: verdana, geneva\">Aim\u00e9e Beekman, <strong>Der Brunnenspiegel<\/strong>. [\u2018Kaevupeegel\u2019.]<br><\/span><span style=\"font-family: verdana, geneva\">Jaan Kross, <strong>Zwischen drei Pestseuchen<\/strong>. [\u2018Kolme katku vahel\u2019.]<\/span><\/p>\n<p><span style=\"font-family: verdana, geneva\" data-mce-mark=\"1\"><em>Short stories<\/em>:<br><\/span><span style=\"font-family: verdana, geneva\" data-mce-mark=\"1\">Aadu Hint, <strong>Eisgang<\/strong>. [\u2018J\u00e4\u00e4minek\u2019.]<br><\/span><span style=\"font-family: verdana, geneva\" data-mce-mark=\"1\">Erni Krusten, <strong>Das weisse Entlein<\/strong>. [\u2018Valge part\u2019.]<br><\/span><span style=\"font-family: verdana, geneva\" data-mce-mark=\"1\">Lilli Promet, <strong>Der Reimeschmied<\/strong>. [\u2018Salmipalmija\u2019.]<br><span style=\"font-family: verdana, geneva\" data-mce-mark=\"1\">Lilli Promet,\u00a0<\/span><strong>Vandalen<\/strong>. [\u2018Vandaalid\u2019.]<br><\/span><span style=\"font-family: verdana, geneva\" data-mce-mark=\"1\">Juhan Smuul, <strong>Die Mittagsf\u00e4hre<\/strong>. [\u2018Keskp\u00e4evane praam\u2019.]<\/span><span style=\"font-family: verdana, geneva\" data-mce-mark=\"1\">\u00a0<\/span><\/p>\n<p><span style=\"font-family: verdana, geneva\"><em>Poems by<\/em>: <br>Betti Alver, Vladimir Beekman, Jaan Kaplinski, Ellen Niit, Ralf Parve, Mart Raud, Paul-Eerik Rummo, Hando Runnel, Johannes Semper, Mats Traat, Debora Vaarandi<\/span><\/p>\n","protected":false},"excerpt":{"rendered":"<p>Sowjetliteratur, no 8, 1972. Dieses Heft erz\u00e4hlt \u00fcber die Literatur, Kultur und Kunst Sowjetestlands. Moskau: 1972, 191 pp. Contents: Excerpts of novels:Aim\u00e9e Beekman, Der Brunnenspiegel. [\u2018Kaevupeegel\u2019.]Jaan Kross, Zwischen drei Pestseuchen. [\u2018Kolme katku vahel\u2019.] Short stories:Aadu Hint, Eisgang. [\u2018J\u00e4\u00e4minek\u2019.]Erni Krusten, Das &#8230;<\/p>\n","protected":false},"author":43,"featured_media":0,"parent":1734,"menu_order":0,"comment_status":"closed","ping_status":"closed","template":"","meta":{"_acf_changed":false,"inline_featured_image":false,"footnotes":""},"class_list":["post-525","page","type-page","status-publish","hentry"],"acf":[],"_links":{"self":[{"href":"https:\/\/sisu.ut.ee\/ewod\/wp-json\/wp\/v2\/pages\/525","targetHints":{"allow":["GET"]}}],"collection":[{"href":"https:\/\/sisu.ut.ee\/ewod\/wp-json\/wp\/v2\/pages"}],"about":[{"href":"https:\/\/sisu.ut.ee\/ewod\/wp-json\/wp\/v2\/types\/page"}],"author":[{"embeddable":true,"href":"https:\/\/sisu.ut.ee\/ewod\/wp-json\/wp\/v2\/users\/43"}],"replies":[{"embeddable":true,"href":"https:\/\/sisu.ut.ee\/ewod\/wp-json\/wp\/v2\/comments?post=525"}],"version-history":[{"count":1,"href":"https:\/\/sisu.ut.ee\/ewod\/wp-json\/wp\/v2\/pages\/525\/revisions"}],"predecessor-version":[{"id":4542,"href":"https:\/\/sisu.ut.ee\/ewod\/wp-json\/wp\/v2\/pages\/525\/revisions\/4542"}],"up":[{"embeddable":true,"href":"https:\/\/sisu.ut.ee\/ewod\/wp-json\/wp\/v2\/pages\/1734"}],"wp:attachment":[{"href":"https:\/\/sisu.ut.ee\/ewod\/wp-json\/wp\/v2\/media?parent=525"}],"curies":[{"name":"wp","href":"https:\/\/api.w.org\/{rel}","templated":true}]}}