{"id":519,"date":"2024-04-03T23:39:56","date_gmt":"2024-04-03T20:39:56","guid":{"rendered":"https:\/\/sisu.ut.ee\/ewod\/poems-et-72\/"},"modified":"2024-04-04T00:09:50","modified_gmt":"2024-04-03T21:09:50","slug":"poems","status":"publish","type":"page","link":"https:\/\/sisu.ut.ee\/ewod\/k\/kaalep\/poems\/","title":{"rendered":"Ain Kaalep &#8211; poems"},"content":{"rendered":"<p>\n\t<span style=\"font-family: verdana, geneva;font-size: medium\"><strong>Books<\/strong><\/span>\n<\/p>\n<p>\n\t<span style=\"font-family:Verdana,Geneva,sans-serif\"><strong><em>Italian<\/em><\/strong><br><strong>In un soffio fra gli aceri<\/strong>. Estone Traduzione di Mailis P\u00f5ld. A cura di Paolo Ottaviani. LietoColle, 2019.<\/span>\n<\/p>\n<p>\n\t<span style=\"font-family: verdana, geneva;font-size: medium\"><strong><em><span style=\"font-size: small\">Russian<\/span><\/em><\/strong><br><span style=\"font-size: small\">\u0410\u0439\u043d \u041a\u0430\u0430\u043b\u0435\u043f, <strong>\u0417\u0435\u043c\u043d\u044b\u0435 \u043f\u0435\u0439\u0437\u0430\u0436\u0438: \u0441\u0442\u0438\u0445\u0438<\/strong>. \u041f\u0435\u0440\u0435\u0432\u043e\u0434 \u0441 \u044d\u0441\u0442\u043e\u043d\u0441\u043a\u043e\u0433\u043e \u0421\u0432\u0435\u0442\u043b\u0430\u043d \u0421\u0435\u043c\u0435\u043d\u0435\u043d\u043a\u043e; \u0445\u0443\u0434\u043e\u0436\u043d\u0438\u043a: \u041d.\u0412. \u0424\u0430\u0434\u0435\u0435\u0432\u0430. \u041c\u043e\u0441\u043a\u0432\u0430: \u0421\u043e\u0432\u0435\u0442\u0441\u043a\u0438\u0439 \u043f\u0438\u0441\u0430\u0442\u0435\u043b\u044c, 1976, 143 pp.<\/span><\/span><br>\u00a0\n<\/p>\n<p>\n\t<span style=\"font-family: verdana, geneva;font-size: medium\"><strong>In anthologies and magazines<\/strong><\/span>\n<\/p>\n<p>\n\t<span style=\"font-family: verdana, geneva\"><strong><em><strong><em><strong><em>Esperanto<\/em><\/strong><\/em><\/strong><\/em><br>Estona soveta poezio<\/strong>. Edited and translated by Hilda Dresen; afterword by Jaan Toomla. Tallinn: Eesti Raamat, 1977, 204 pp. [Poems by\u00a0August Alle, Artur Alliksaar,\u00a0Betti Alver, Vladimir Beekman, Paul Haavaoks, Lehte Hainsalu, Ain Kaalep, Kalju Kangur,\u00a0Jaan Kaplinski, Ilmi Kolla,\u00a0Jaan Kross, Erni Krusten, Jaan K\u00e4rner, Uno Laht,\u00a0Viivi Luik, Kersti Merilaas, Ellen Niit, Minni Nurme, Ralf Parve, Lilli Promet, Mart Raud, Rudolf Rimmel,\u00a0Paul-Eerik Rummo,\u00a0Hando Runnel, Juhan Saar, August Sang, Johannes Semper, Arvi Siig, Juhan Smuul, Harald Suislepp, Aleksander Suuman, Juhan S\u00fctiste,\u00a0Mats Traat, Debora Vaarandi, Johannes Vares-Barbarus,\u00a0Enn Vetemaa.]<\/span>\n<\/p>\n<p>\n\t<span style=\"font-family: verdana, geneva\"><strong><em>Georgian<\/em><\/strong><br><strong>\u10d4\u10e1\u10e2\u10dd\u10dc\u10d4\u10da\u10d8 \u10e1\u10d0\u10d1\u10ed\u10dd\u10d7\u10d0 \u10de\u10dd\u10d4\u10e2\u10d4\u10d1\u10d8<\/strong>. \u10d4\u10e1\u10e2\u10dd\u10dc\u10e3\u10e0\u10d8\u10d3\u10d0\u10dc \u10d7\u10d0\u10e0\u10d2\u10db\u10dc\u10d0 \u10d0\u10db\u10d8\u10e0\u10d0\u10dc \u10d9\u10d0\u10da\u10d0\u10eb\u10d4\u10db. \u10e0\u10d4\u10d3\u10d0\u10e5\u10e2\u10dd\u10e0\u10d8: \u10da. \u10d8\u10db\u10d4\u10e0\u10da\u10d8\u10e8\u10d5\u10d8\u10da\u10d8. \u10d7\u10d1\u10d8\u10da\u10d8\u10e1\u10d8: \u10e1\u10d0\u10d1\u10ed\u10dd\u10d7\u10d0 \u10e1\u10d0\u10e5\u10d0\u10e0\u10d7\u10d5\u10d4\u10da\u10dd, 1984, 133 \u10d2\u10d5. [\u10d9\u10d4\u10e0\u10e1\u10e2 \u10db\u10d0\u10e0\u10d8\u10d0\u10da\u10d0\u10e1, \u10d0\u10da\u10d5\u10d4\u10e0\u10d8, \u10d0\u10d5\u10d2\u10e3\u10e1\u10e2 \u10e1\u10d0\u10dc\u10d2\u10d0, \u10d3\u10d4\u10d1\u10dd\u10e0\u10d0 \u10d5\u10d0\u10e0\u10d0\u10d0\u10dc\u10d3\u10d8, \u10d0\u10e0\u10e2\u10e3\u10e0 \u10d0\u10da\u10d8\u10d9\u10e1\u10d0\u10d0\u10e0\u10d8, \u10d4\u10da\u10d4\u10dc \u10dc\u10d8\u10e2\u10d8, \u10d8\u10d0\u10dc \u10d9\u10e0\u10dd\u10e1\u10d8, \u10d5\u10da\u10d0\u10d3\u10d8\u10db\u10d4\u10e0 \u10d1\u10d4\u10d9\u10db\u10d0\u10dc\u10d8, \u10d0\u10da\u10d4\u10e5\u10e1\u10d0\u10dc\u10d3\u10e0\u10d4 \u10e8\u10e3\u10db\u10d0\u10dc\u10d8, \u10d0\u10d8\u10dc \u10ee\u10d0\u10da\u10d4\u10d5\u10d8, \u10d8\u10e3\u10ee\u10d0\u10dc \u10e1\u10d0\u10d0\u10e0\u10d8, \u10e0\u10e3\u10d3\u10dd\u10da\u10e4 \u10e0\u10d8\u10db\u10d4\u10da\u10d8, \u10d0\u10e0\u10d5\u10d8 \u10e1\u10d8\u10d8\u10d2\u10d8, \u10d8\u10d0\u10dc \u10d9\u10d0\u10de\u10da\u10d8\u10dc\u10e1\u10d9\u10d8, \u10d9\u10d0\u10da\u10d4 \u10d9\u10e3\u10e0\u10d2\u10d8, \u10d0\u10dc\u10d3\u10e0\u10d4\u10e1 \u10d4\u10ee\u10d8\u10dc\u10d8, \u10d5\u10d8\u10d8\u10d5\u10d8 \u10da\u10e3\u10d8\u10d9, \u10d8\u10e3\u10ee\u10d0\u10dc \u10d5\u10d8\u10d8\u10d3\u10d8\u10dc\u10d2, Lehte Hainsalu, Paul-Eerik Rummo, Mats Traat, Hando Runnel.]<\/span>\n<\/p>\n<p>\n\t<span style=\"font-family: verdana, geneva\"><strong><em>German<\/em><\/strong><br><span data-mce-mark=\"1\"><strong>Taglied; Die Hoffnung<\/strong>. \u00dcbersetzung: Viktor Sepp. \u2013 Sowjetliteratur, no 1 (<span style=\"font-family: verdana, geneva\"><span data-mce-mark=\"1\">Literatur und Kunst der Estnischen Sowjetrepublik<\/span><\/span>), 1989, pp 120-121. [\u2018P\u00e4evalaul\u2019, \u2018Lootus\u2019. See\u00a0<\/span><a href=\"https:\/\/sisu.ut.ee\/ewod\/anthologies\/german\/sowjetliteratur\"><strong>contents<\/strong><\/a><span data-mce-mark=\"1\">\u00a0of the special issue.]<\/span><br><strong>Beim Lesen Baudelaires<\/strong>. \u00dcbersetzung: H. Ischreyt. \u2013 Ostbrief, vol 5, no 4 (40), 1958\/59, p 158. [\u2018Baudelaire\u2019i lugedes\u2019.]<\/span>\n<\/p>\n<p>\n\t<span style=\"font-family: verdana, geneva\"><span><strong><em>Hungarian<\/em><\/strong><\/span><br><span><strong>Harangok halk kondul\u00e1sa = Kellade hellus: huszadik sz\u00e1zadi \u00e9szt l\u00edra. I. <\/strong>V\u00e1logatta, szerkesztette, az el\u0151- \u00e9s ut\u00f3sz\u00f3t \u00edrta, valamint az \u00e9letrajzi jegyzeteket k\u00e9sz\u00edtette Bereczki G\u00e1born\u00e9 Mai Kiisk. Szombathely: [Berzsenyi Daniel Tanarkepz\u00f6 F\u00f6iskola], 2000, 303 pp. [Text in Hungarian and Estonian. Poems by Juhan Liiv, Ernst Enno, Gustav Suits, Villem Ridala, Marie Under, Henrik Visnapuu, Johannes Barbarus, Johannes Semper, Heiti Talvik, Betti Alver, Uku Masing, Bernard Kangro, Karl Ristikivi, Kersti Merilaas, Kalju Lepik, Debora Vaarandi, Juhan Smuul, Artur Alliksaar, Ain Kaalep, Aleksander Suuman.]<br><strong>\u00c9szt k\u00f6lt\u00f6k: huszadik sz\u00e1zadi \u00e9szt l\u00edra<\/strong>. V\u00e1logatta, az \u00e9letrajzi jegyzeteket k\u00e9sz\u00edtette \u00e9s a sz\u00f6veggondoz\u00e1st v\u00e9gezte Bereczki G\u00e1bor, Bereczkin\u00e9 Mai Kiisk, Feh\u00e9rvari Gy\u00f6z\u00f6.\u00a0Budapest: Eur\u00f3pa k\u00f6nyvkiad\u00f3, 1975, 651 pp. [Poems by\u00a0Gustav Suits,\u00a0Ernst Enno,\u00a0Villem Gr\u00fcnthal-Ridala,\u00a0Marie Under,\u00a0Henrik Visnapuu,\u00a0Jaan K\u00e4rner,\u00a0Johannes Barbarus,\u00a0Johannes Semper,\u00a0August Alle,\u00a0Valmar Adams,\u00a0Uku Masing,\u00a0Juhan S\u00fctiste,\u00a0Heiti Talvik,\u00a0Betti Alver,\u00a0August Sang,\u00a0Kersti Merilaas,\u00a0Bernard Kangro,\u00a0Arno Vihalemm,\u00a0Kalju Lepik,\u00a0Ivar Gr\u00fcnthal,\u00a0Felix Kotta,\u00a0Aira Kaal,\u00a0Paul Rummo,\u00a0Debora Vaarandi,\u00a0Ralf Parve,\u00a0Juhan Smuul,\u00a0Ellen Niit,\u00a0Vladimir Beekman,\u00a0Uno Laht,\u00a0Jaan Kross,\u00a0Ain Kaalep,\u00a0Mats Traat,\u00a0Linda Ruud,\u00a0Paul-Eerik Rummo,\u00a0Arvi Siig,\u00a0Enn Vetemaa,\u00a0Rudolf Rimmel,\u00a0Jaan Kaplinski,\u00a0Hando Runnel.]<\/span><\/span>\n<\/p>\n<p>\n\t<span style=\"font-family: verdana, geneva\"><strong><em><strong><em>Italian<\/em><\/strong><\/em><br>Realismi a cupole d\u2019oro: antologia della poesia contemporanea dell\u2019URSS. Vol 2. I Poeti delle repubbliche baltiche: Estonia, Lettonia e Lituania<\/strong>. A cura di Mario Grasso, Eduardas Me\u017eelajtis, Janis Peters e Paul\u2019-Eerik Rummo. Prova d\u2019Autore, 1987, 404 pp. [Poems by: Artur Alliksaar, Betti Alver, Vladimir Beekman, Viiu H\u00e4rm, Ain Kaalep, Jaan Kaplinski, Doris Kareva, Jaan Kross, Viivi Luik, Uku Masing, Kersti Merilaas, Ellen Niit, Ralf Parve, Paul-Eerik Rummo, Hando Runnel, Arvi Siig, Aleksander Suuman, Mats Traat, Debora Vaarandi, Juhan Viiding.]<br><strong>Poeti Estoni<\/strong>.\u00a0A\u00a0cura di Margherita Guidacci, Vello Salo; introduzione storica di Karl Ristikivi.\u00a0Roma: Edizioni Abete, 1975, 210 pp.\u00a0[Poems by\u00a0Hendrik Adamson,\u00a0Artur Adson,\u00a0Betti Alver,\u00a0Ernst Enno,\u00a0Ivar Gr\u00fcnthal,\u00a0Villem Gr\u00fcnthal-Ridala,\u00a0Anna Haava,\u00a0Ain Kaalep,\u00a0Bernard Kangro,\u00a0Jaan Kaplinski,\u00a0Lydia Koidula,\u00a0Raimond Kolk,\u00a0Friedrich Reinhold Kreutzwald,\u00a0Jaan Kross,\u00a0Ilmar Laaban,\u00a0Kalju Lepik,\u00a0Juhan Liiv,\u00a0Viivi Luik,\u00a0Uku Masing,\u00a0Ellen Niit,\u00a0Kristjan Jaak Peterson,\u00a0Aleksis Rannit,\u00a0Paul-Eerik Rummo,\u00a0Hando Runnel,\u00a0August Sang,\u00a0Gustav Suits,\u00a0Karl Eduard S\u00f6\u00f6t,\u00a0Juhan S\u00fctiste,\u00a0Heiti Talvik,\u00a0Marie Under,\u00a0Johannes Vares-Barbarus,\u00a0Arno Vihalemm,\u00a0Henrik Visnapuu.]<br><strong>Poeti Estoni<\/strong><span>.\u00a0A\u00a0cura di Margherita Guidacci, Vello Salo.\u00a0Roma: Edizioni Abete, 1973, 174 pp.\u00a0[Poems by\u00a0Hendrik Adamson,\u00a0Artur Adson,\u00a0Betti Alver,\u00a0Ernst Enno,\u00a0Ivar Gr\u00fcnthal,\u00a0Villem Gr\u00fcnthal-Ridala,\u00a0Anna Haava,\u00a0Ain Kaalep,\u00a0Bernard Kangro,\u00a0Jaan Kaplinski,\u00a0Lydia Koidula,\u00a0Raimond Kolk,\u00a0Friedrich Reinhold Kreutzwald,\u00a0Jaan Kross,\u00a0Ilmar Laaban,\u00a0Kalju Lepik,\u00a0Juhan Liiv,\u00a0Viivi Luik,\u00a0Uku Masing,\u00a0Ellen Niit,\u00a0Kristjan Jaak Peterson,\u00a0Aleksis Rannit,\u00a0Paul-Eerik Rummo,\u00a0Hando Runnel,\u00a0August Sang,\u00a0Gustav Suits,\u00a0Karl Eduard S\u00f6\u00f6t,\u00a0Juhan S\u00fctiste,\u00a0Heiti Talvik,\u00a0Marie Under,\u00a0Johannes Vares-Barbarus,\u00a0Arno Vihalemm,\u00a0Henrik Visnapuu.]<\/span><\/span>\n<\/p>\n<p>\n\t<span style=\"font-family: verdana, geneva\"><strong><em>Russian<\/em><\/strong><br><strong>\u0410\u043d\u0442\u043e\u043b\u043e\u0433\u0438\u044f \u044d\u0441\u0442\u043e\u043d\u0441\u043a\u043e\u0439 \u043f\u043e\u044d\u0437\u0438\u0438<\/strong>. C\u043e\u0441\u0442\u0430\u0432\u0438\u0442\u0435\u043b\u044c \u0438 \u0440\u0435\u0434\u0430\u043a\u0442\u043e\u0440 \u042d\u043b\u044c\u0432\u0438\u0440\u0430 \u041c\u0438\u0445\u0430\u0439\u043b\u043e\u0432\u0430. A\u0432\u0442. \u0441\u0442. \u0418. \u0411\u0435\u043b\u043e\u0431\u0440\u043e\u0432\u0446\u0435\u0432\u0430 \u0438 \u0434\u0440.\u037e \u0431\u0438\u0431\u043b\u0438\u043e\u0433\u0440. \u041e. \u041a\u0438\u0432\u0438.\u00a0Kodumaa \u2013 \u0420\u043e\u0434\u043d\u043e\u0439 \u0434\u043e\u043c: \u0431\u0438\u0431\u043b\u0438\u043e\u0442\u0435\u043a\u0430 \u044d\u0441\u0442\u043e\u043d\u0441\u043a\u043e\u0439 \u043b\u0438\u0442\u0435\u0440\u0430\u0442\u0443\u0440\u044b.\u00a0\u0422\u0430\u043b\u043b\u0438\u043d\u043d: KPD Kirjastus, 1999. 739 pp. [Foreword \u2018\u0413\u043b\u0430\u0432\u043d\u044b\u0435 \u043d\u0430\u043f\u0440\u0430\u0432\u043b\u0435\u043d\u0438\u044f \u044d\u0441\u0442\u043e\u043d\u0441\u043a\u043e\u0439 \u043f\u043e\u044d\u0437\u0438\u0438\u2019 by Ain Kaalep. Poems by\u00a0Reiner Brockmann, K\u00e4su Hans, Kristian Jaak Peterson, Lydia Koidula, Ado Reinvald, Karl Eduard S\u00f6\u00f6t, Juhan Liiv, Anna Haava, Ernst Enno, Gustav Suits, Villem Gr\u00fcnthal-Ridala, Marie Under, Henrik Visnapuu, Johannes Vares-Barbarus, Johannes Semper, Valmar Adams, Juhan S\u00fctiste, Heiti Talvik, Betti Alver, Bernard Kangro, Uku Masing, August Sang, Kersti Merilaas, Debora Vaarandi, Ralf Parve, Minni Nurme, Juhan Smuul, Ilmar Laaban, Kalju Lepik, Jaan Kross, Ellen Niit, Ain Kaalep, Artur Alliksaar, Paul-Eerik Rummo, Mats Traat, Arvi Siig, Aleksander Suuman, Jaan Kaplinski, Andres Ehin, Hando Runnel, Toomas Liiv, Johnny B. Isotamm, Viivi Luik, Nikolai Baturin, Juhan Viiding, Ene Mihkelson, Doris Kareva, Mari Vallisoo, Ilona Laaman, Indrek Hirv, Hasso Krull.]<br><strong>\u0410\u043d\u0442\u043e\u043b\u043e\u0433\u0438\u044f \u044d\u0441\u0442\u043e\u043d\u0441\u043a\u043e\u0439 \u043f\u043e\u044d\u0437\u0438\u0438: 1637-1987 \u0433<\/strong>. \u0421\u043e\u0441\u0442\u0430\u0432\u0438\u0442\u0435\u043b\u044c \u041b. \u0420\u0443\u0443\u0434, \u042d. \u041c\u0438\u0445\u0430\u0439\u043b\u043e\u0432\u0430; \u043f\u0440\u0435\u0434\u0438\u0441\u043b\u043e\u0432\u0438\u0435 \u0410. \u041a\u0430\u0430\u043b\u0435\u043f\u0430. \u0422\u0430\u043b\u043b\u0438\u043d\u043d: \u042d\u044d\u0441\u0442\u0438 \u0420\u0430\u0430\u043c\u0430\u0442, 1990, 415 pp. [Poems by: Reiner Brockmann, Heinrich G\u00f6seken, Johann Gutslaff, Johann Sebastian Markard, Johann Kohsen, unknown author in 1697, K\u00e4su Hans, Carl Schulten, Carl Gustav von Staden, unknown author in 1779, Berend Heinrich von Tiesenhausen, Joachim Gottlieb Schwabe, Kristian Jaak Peterson, Lydia Koidula, Juhan Liiv, Gustav Suits, Villem Ridala, Marie Under, Henrik Visnapuu, Johannes Barbarus, Heiti Talvik, Betti Alver, August Sang, Kersti Merilaas, Mart Raud, Uku Masing, Juhan S\u00fctiste, Johannes Semper, Valmar Adams, Juhan Smuul, Debora Vaarandi, Ralf Parve, Aira Kaal, Minni Nurme, Uno Laht, Jaan Kross, Ellen Niit, Vladimir Beekman, Artur Alliksaar, Ain Kaalep, Paul Haavaoks, Aleksander Suuman, Arvi Siig, Mats Traat, Nikolai Baturin, Paul-Eerik Rummo, Jaan Kaplinski, Hando Runnel, Viivi Luik, Juhan Viiding, Ene Mihkelson, Doris Kareva, Mari Vallisoo.]<br>\u0421\u0432\u0435\u0442\u043b\u0430\u043d \u0421\u0435\u043c\u0435\u043d\u0435\u043d\u043a\u043e, <strong>\u0421\u0432\u0435\u0442 \u0432 \u0434\u0435\u043a\u0430\u0431\u0440\u0435: \u0441\u0442\u0438\u0445\u0438 \u0438 \u043f\u0435\u0440\u0435\u0432\u043e\u0434\u044b<\/strong>. \u0422\u0430\u043b\u043b\u0438\u043d: \u042d\u044d\u0441\u0442\u0438 \u0440\u0430\u0430\u043c\u0430\u0442, 1985, 302 pp. [Includes poems from folklore and by Gustav Suits, Villem Gr\u00fcnthal-Ridala, Marie Under, Valmar Adams, Heiti Talvik, Betti Alver, Kersti Merilaas, Minni Nurme, Debora Vaarandi, Artur Alliksaar, Ain Kaalep, Ellen Niit, Aleksander Suuman, Mats Traat, Enn Vetemaa, Arvi Siig, Andres Ehin, Kalle Kurg, Paul-Eerik Rummo, Hando Runnel, Jaan Kaplinski,Ly Seppel, Viivi Luik, Toomas Liiv, Joel Sang, Juhan Viiding.]<\/span><\/p>\n","protected":false},"excerpt":{"rendered":"<p>Books ItalianIn un soffio fra gli aceri. Estone Traduzione di Mailis P\u00f5ld. A cura di Paolo Ottaviani. LietoColle, 2019. Russian\u0410\u0439\u043d \u041a\u0430\u0430\u043b\u0435\u043f, \u0417\u0435\u043c\u043d\u044b\u0435 \u043f\u0435\u0439\u0437\u0430\u0436\u0438: \u0441\u0442\u0438\u0445\u0438. \u041f\u0435\u0440\u0435\u0432\u043e\u0434 \u0441 \u044d\u0441\u0442\u043e\u043d\u0441\u043a\u043e\u0433\u043e \u0421\u0432\u0435\u0442\u043b\u0430\u043d \u0421\u0435\u043c\u0435\u043d\u0435\u043d\u043a\u043e; \u0445\u0443\u0434\u043e\u0436\u043d\u0438\u043a: \u041d.\u0412. \u0424\u0430\u0434\u0435\u0435\u0432\u0430. \u041c\u043e\u0441\u043a\u0432\u0430: \u0421\u043e\u0432\u0435\u0442\u0441\u043a\u0438\u0439 \u043f\u0438\u0441\u0430\u0442\u0435\u043b\u044c, 1976, 143 pp.\u00a0 In anthologies &#8230;<\/p>\n","protected":false},"author":43,"featured_media":0,"parent":1805,"menu_order":0,"comment_status":"closed","ping_status":"closed","template":"","meta":{"_acf_changed":false,"inline_featured_image":false,"footnotes":""},"class_list":["post-519","page","type-page","status-publish","hentry"],"acf":[],"_links":{"self":[{"href":"https:\/\/sisu.ut.ee\/ewod\/wp-json\/wp\/v2\/pages\/519","targetHints":{"allow":["GET"]}}],"collection":[{"href":"https:\/\/sisu.ut.ee\/ewod\/wp-json\/wp\/v2\/pages"}],"about":[{"href":"https:\/\/sisu.ut.ee\/ewod\/wp-json\/wp\/v2\/types\/page"}],"author":[{"embeddable":true,"href":"https:\/\/sisu.ut.ee\/ewod\/wp-json\/wp\/v2\/users\/43"}],"replies":[{"embeddable":true,"href":"https:\/\/sisu.ut.ee\/ewod\/wp-json\/wp\/v2\/comments?post=519"}],"version-history":[{"count":1,"href":"https:\/\/sisu.ut.ee\/ewod\/wp-json\/wp\/v2\/pages\/519\/revisions"}],"predecessor-version":[{"id":4560,"href":"https:\/\/sisu.ut.ee\/ewod\/wp-json\/wp\/v2\/pages\/519\/revisions\/4560"}],"up":[{"embeddable":true,"href":"https:\/\/sisu.ut.ee\/ewod\/wp-json\/wp\/v2\/pages\/1805"}],"wp:attachment":[{"href":"https:\/\/sisu.ut.ee\/ewod\/wp-json\/wp\/v2\/media?parent=519"}],"curies":[{"name":"wp","href":"https:\/\/api.w.org\/{rel}","templated":true}]}}