{"id":517,"date":"2024-04-03T23:39:56","date_gmt":"2024-04-03T20:39:56","guid":{"rendered":"https:\/\/sisu.ut.ee\/ewod\/toomet\/"},"modified":"2024-04-04T00:09:50","modified_gmt":"2024-04-03T21:09:50","slug":"toomet","status":"publish","type":"page","link":"https:\/\/sisu.ut.ee\/ewod\/t\/toomet\/","title":{"rendered":"Tiia Toomet"},"content":{"rendered":"<p>\n\t<a href=\"https:\/\/sisu.ut.ee\/ewod\/t\/toomet\/stories\"><strong><span style=\"font-size: medium;font-family: verdana, geneva\">Short stories <\/span><\/strong><\/a><a href=\"https:\/\/sisu.ut.ee\/wp-content\/uploads\/sites\/108\/tiia_toomet_kalju_suur.jpg\" target=\"_self\" rel=\"noopener\"><img decoding=\"async\" alt=\"Tiia Toomet\" src=\"https:\/\/sisu.ut.ee\/wp-content\/uploads\/sites\/108\/tiia_toomet_kalju_suur.jpg\" style=\"float: right;width: 200px;height: 271px\" title=\"Photo: Kalju Suur\"><\/a>\n<\/p>\n<p>\n\t<a href=\"https:\/\/sisu.ut.ee\/ewod\/t\/toomet\/about\"><strong><span style=\"font-size: medium;font-family: verdana, geneva\">About Tiia Toomet<\/span><\/strong><\/a>\n<\/p>\n<p>\u00a0\n<\/p>\n<p class=\"western\" style=\"margin-bottom:0.14in\">\n<\/p><p><span style=\"line-height:100%\"><font face=\"Verdana, serif\"><font size=\"3\"><font style=\"13pt\"><span style=\"font-size:13px\"><span style=\"font-family:Verdana,Geneva,sans-serif\"><span style=\"color:#000000\">Tiia Toomet is an Estonian children\u2019s writer, poet and prose writer. <\/span><\/span><\/span><\/font><\/font><\/font><\/span>\n<\/p>\n<p style=\"margin-top:0.08in;margin-bottom:0.08in\">\n\t<span style=\"font-size:13px\"><span style=\"font-family:Verdana,Geneva,sans-serif\"><span style=\"color:#000000\"><span style=\"background:#ffffff\"><span style=\"line-height:100%\"><font style=\"12pt\"><font style=\"13pt\">She was born in Tallinn on 9 February 1947. In 1965 she finished Tallinn Secondary School No. 7; in 1970 she graduated from the Faculty of History and Philology at Tartu State University as a historian, and in 1978 from the Estonian State Art Institute having specialised in textile art.<\/font><\/font><\/span><\/span><\/span><\/span><\/span>\n<\/p>\n<p style=\"margin-top:0.08in;margin-bottom:0.08in\">\n\t<span style=\"font-size:13px\"><span style=\"font-family:Verdana,Geneva,sans-serif\"><span style=\"color:#000000\"><span style=\"background:#ffffff\"><span style=\"line-height:100%\"><font style=\"12pt\"><font style=\"13pt\">From 1970\u20131973 she worked as a specialist of academic affairs at the art studio and from 1982\u20131983 as a home-making class instructor at Tartu State University. Thereafter she was a freelance writer for about a decade and from 1994\u20132007 one of the founders of the Tartu Toy Museum and its director. Tiia Toomet became a member of the Estonian Writers\u2019 Union in 1985. In 1969 she married the writer Jaan Kaplinski. They have three sons and a daughter.<\/font><\/font><\/span><\/span><\/span><\/span><\/span>\n<\/p>\n<p style=\"margin-top:0.08in;margin-bottom:0.08in\">\n\t<span style=\"font-size:13px\"><span style=\"font-family:Verdana,Geneva,sans-serif\"><span style=\"color:#000000\"><span style=\"background:#ffffff\"><span style=\"line-height:100%\"><font style=\"12pt\"><font style=\"13pt\">Tiia Toomet\u2019s first short story (<i>Simmo<\/i>) appeared in the magazine Noorus in 1965. Since the mid-1970s she has published a number of children\u2019s books many of which have also attracted attention outside Estonia.<\/font><\/font><\/span><\/span><\/span><\/span><\/span>\n<\/p>\n<p style=\"margin-top:0.08in;margin-bottom:0.08in\">\n\t<span style=\"font-size:13px\"><span style=\"font-family:Verdana,Geneva,sans-serif\"><span style=\"color:#000000\"><span style=\"background:#ffffff\"><span style=\"line-height:100%\"><font style=\"12pt\"><font style=\"13pt\">Toomet has drawn inspiration from history, and her creation is aimed at recalling the memories of the past. Without excessive glorification, she creates a heartfelt picture of bygone times and old things and brings them closer to the present-day child. Her books, particularly those recalling the life and work in the old times, are in the list of books recommended for schoolchildren. As a valued expert, Toomet wrote one of the first history textbooks published after the restoration of Estonia\u2019s independence \u2013 <i>Me elame ajaloos: Eesti ajaloo \u00f5pik 5. klassile<\/i> (\u2018We Live in History: Textbook of Estonian History for Form 5\u2019, 1993).<\/font><\/font><\/span><\/span><\/span><\/span><\/span>\n<\/p>\n<p style=\"margin-top:0.08in;margin-bottom:0.08in\">\n\t<span style=\"font-size:13px\"><span style=\"font-family:Verdana,Geneva,sans-serif\"><span style=\"color:#000000\"><span style=\"background:#ffffff\"><span style=\"line-height:100%\"><font style=\"12pt\"><font style=\"13pt\">Along with children\u2019s literature, Toomet has published poetry collections where everyday life is intertwined with eternal affairs and highly appreciated collections of stories for adults.<\/font><\/font><\/span><\/span><\/span><\/span><\/span>\n<\/p>\n<p style=\"margin-top:0.08in;margin-bottom:0.08in\">\n\t<span style=\"font-size:13px\"><span style=\"font-family:Verdana,Geneva,sans-serif\"><span style=\"color:#000000\"><span style=\"background:#ffffff\"><span style=\"line-height:100%\"><font style=\"12pt\"><font style=\"13pt\">Her books have been translated into Russian, English, Dutch and Arabic.<\/font><\/font><\/span><\/span><\/span><\/span><\/span>\n<\/p>\n<p style=\"margin-top:0.08in;margin-bottom:0.08in\">\n\t<span style=\"font-size:13px\"><span style=\"font-family:Verdana,Geneva,sans-serif\"><span style=\"color:#000000\"><span style=\"background:#ffffff\"><span style=\"line-height:100%\"><font style=\"12pt\"><font style=\"13pt\">In 1996 Toomet\u2019s book <i>Kaltsutitt and puuhobune<\/i> (\u2018Rag Doll and Wooden Horse\u2019) received the Literature Endowment Annual Award, in 1997 the collection of stories <i>Isamaa suvi<\/i> (\u2018Patriotic Summer\u2019) the Virumaa Literary Prize. In 2004 she was awarded the Tartu medal and in 2005 the Order of the White Star, 4<\/font><sup><font style=\"13pt\">th<\/font><\/sup><font style=\"13pt\"> Class. In 2007 she received the Folk Culture Endowment Annual Award for establishing the Tartu Toy Museum. In 2012, based on a web questionnaire, Toomet was elected one of the three citizens of Tartu whose footprints were added to the Tartu Pioneers\u2019 Alley, and in 2016 she became an honorary citizen of Tartu and bearer of the Big Star of Tartu.<\/font><\/font><\/span><\/span><\/span><\/span><\/span>\n<\/p>\n<p style=\"margin-top:0.08in;margin-bottom:0.08in\">\n\t<span style=\"font-size:13px\"><span style=\"font-family:Verdana,Geneva,sans-serif\"><span style=\"color:#000000\"><span style=\"background:#ffffff\"><span style=\"line-height:100%\"><font style=\"12pt\"><font style=\"13pt\"><i>M. K. (Translated by I. A.)<\/i><\/font><\/font><\/span><\/span><\/span><\/span><\/span>\n<\/p>\n<p class=\"western\" style=\"margin-bottom:0.14in\">\n<\/p><p><strong><span style=\"font-size:16px\"><span style=\"font-family:Verdana,Geneva,sans-serif\"><span style=\"color:#000000\"><span style=\"line-height:100%\"><font style=\"13pt\">Books in Estonian<\/font><\/span><\/span><\/span><\/span><\/strong>\n<\/p>\n<p class=\"western\" style=\"margin-bottom:0.14in\">\n\t<span style=\"font-size:13px\"><span style=\"font-family:Verdana,Geneva,sans-serif\"><span style=\"color:#000000\"><span style=\"line-height:100%\"><font style=\"13pt\"><strong><i>Poems<\/i><\/strong><br><b>Argip\u00e4eva \u00f5htu. <\/b>Tallinn: Eesti Raamat, 1987, 82 lk.<br><b>Vaba valik. <\/b>Tallinn: Eesti Raamat, 1991, 55 lk.<\/font><\/span><\/span><\/span><\/span>\n<\/p>\n<p class=\"western\" style=\"margin-bottom:0.14in\">\n\t<span style=\"font-size:13px\"><span style=\"font-family:Verdana,Geneva,sans-serif\"><span style=\"color:#000000\"><span style=\"line-height:100%\"><font style=\"13pt\"><strong><i>Short stories<\/i><\/strong><br><b>Isamaa suvi. <\/b>Tartu: Ilmamaa, 1997, 166 lk.<br><b>Maailma keskpunkt. <\/b>Tallinn: Tammerraamat, 2018, 326 lk.<\/font><\/span><\/span><\/span><\/span>\n<\/p>\n<p class=\"western\" style=\"margin-bottom:0.14in\">\n\t<span style=\"font-size:13px\"><span style=\"font-family:Verdana,Geneva,sans-serif\"><span style=\"color:#000000\"><span style=\"line-height:100%\"><font style=\"13pt\"><strong><i>Children\u2019s literature<\/i><\/strong><br>Jaan Kaplinski, Tiia Toomet, <b>Kuhu need v\u00e4rvid j\u00e4\u00e4vad. <\/b><\/font>Illustreerinud Edgar Valter. <font style=\"13pt\">Tallinn: Eesti Raamat, 1975, 40 lk.<br><b>V\u00e4rviline kosmoselugu. <\/b>Tallinn: Kunst, 1979, 28 lk.<br><b>Kuidas panna n\u00f6\u00f6pe. <\/b>Tallinn: Eesti Raamat, 1979, 48 lk.<br><b>Vana aja lood. <\/b>Tallinn: Eesti Raamat, 1983, 40 lk.<br><b>Ahvipoeg, kes ei tahtnud areneda. <\/b>Tallinn: Eesti Raamat, 1984, 20 lk.<br><b>Lapikirja ja lastekirja. <\/b>Tallinn: Kunst, 1984, 22 lk [inglise ja saksa keeles, 1987, hollandi keeles 1989].<br><b>Kodused asjad. <\/b>Tallinn: Eesti Raamat, 1987, 56 lk.<br><b>Karjakuninga m\u00e4ngud. <\/b>Tallinn: ERKI, 1989, 16 lk; Karrup, 2016, 20 lk.<br><b>Kaur, k\u00f5ige noorem vanem vend. <\/b>Tallinn: Eesti Raamat, 1991, 63 lk.<br><b>Kaltsutitt ja puuhobune. <\/b>Tallinn: Koolibri, 1996, 110 lk.<br><b>Nukuraamat. <\/b>Tallinn: Kunst, 1997, 80 lk.<br><b>Vana aja koolilood. <\/b><\/font><\/span><\/span><\/span><\/span><span><span><span style=\"color:#000000\"><span style=\"line-height:100%\"><font><span style=\"font-size:13px\"><span style=\"font-family:Verdana,Geneva,sans-serif\">Illustreerinud Jaan Tammsaar.<\/span><\/span> <\/font><\/span><\/span><\/span><\/span><span style=\"font-size:13px\"><span style=\"font-family:Verdana,Geneva,sans-serif\"><span style=\"color:#000000\"><span style=\"line-height:100%\"><font style=\"13pt\">Tallinn: Varrak, 2001, 64 lk. [2. tr\u00fckk: 2018].<br><b>Kus on kodu?. <\/b>Tallinn: TEA, 2007, 38 lk [2. tr\u00fckk 2013, 3. tr\u00fckk 2016].<br><b>K\u00f5ige paremad asjad. <\/b>Tallinn: TEA, 2007, 56 lk.<br><b>Supers\u00fcnnip\u00e4ev. <\/b>Tallinn: T\u00e4nap\u00e4ev, 2007, 116 lk.<br><b>Lugemistund. <\/b>Tallinn: TEA, 2008, 136 lk.<br><b>Karu Lillek\u00e4pa kevad\u00fcllatused. <\/b>Tallinn: Karrup, 2008, 8 lk.<br><b>Karu Lillek\u00e4pa suvejuhtumised. <\/b>Tallinn: Karrup 2008, 8 lk.<br><b>Karu Lillek\u00e4pa s\u00fcgissajud. <\/b>Tallinn: Karrup 2008, 8 lk.<br><b>Karu Lillek\u00e4pa talver\u00f5\u00f5mud. <\/b>Tallinn: Karrup 2008, 8 lk.<br><b>Suur karuraamat. <\/b>Tallinn: T\u00e4nap\u00e4ev, 2009, 205 lk.<br><b>Karu Lillek\u00e4pa t\u00f6\u00f6-\u00f6\u00f6d. <\/b>Tallinn: TEA, 2010, 70 lk.<br><b>M\u00e4nguasjad jutustavad. 20. sajandi Eesti m\u00e4nguasjade lood <\/b>Tallinn: Tammerraamat, 2010, 255 lk.<br><b>Minu kodu on Eestimaa. <\/b>Tallinn: Tammerraamat, 2014, 143 lk.<br><b>Mailill ja \u00fclane. <\/b>Tallinn: Tammerraamat, 2015, 56 lk.<br><b>Vingus n\u00e4oga klouni pihtimus. <\/b>Tartu: Petrone Print, 2017, 96 lk.<br><b>Mamma, papa ja nende lapsed. <\/b>Tallinn: Varrak, 2018, 96 lk.<\/font><\/span><\/span><\/span><\/span>\n<\/p>\n<p><span style=\"font-size:13px\"><span style=\"font-family:Verdana,Geneva,sans-serif\"><span style=\"color:#000000\"><i><b>School textbook<\/b><\/i><\/span><br><span style=\"color:#000000\"><font style=\"13pt\"><b>Me elame ajaloos. Eesti ajaloo \u00f5pik 5. klassile <\/b>Tallinn: Koolibri, 1993, 272 lk.<\/font><\/span><\/span><\/span><\/p>\n<p>\n\t\u00a0<\/p>\n","protected":false},"excerpt":{"rendered":"<p>Short stories About Tiia Toomet \u00a0 Tiia Toomet is an Estonian children\u2019s writer, poet and prose writer. She was born in Tallinn on 9 February 1947. In 1965 she finished Tallinn Secondary School No. 7; in 1970 she graduated from &#8230;<\/p>\n","protected":false},"author":43,"featured_media":0,"parent":709,"menu_order":0,"comment_status":"closed","ping_status":"closed","template":"","meta":{"_acf_changed":false,"inline_featured_image":false,"footnotes":""},"class_list":["post-517","page","type-page","status-publish","hentry"],"acf":[],"_links":{"self":[{"href":"https:\/\/sisu.ut.ee\/ewod\/wp-json\/wp\/v2\/pages\/517","targetHints":{"allow":["GET"]}}],"collection":[{"href":"https:\/\/sisu.ut.ee\/ewod\/wp-json\/wp\/v2\/pages"}],"about":[{"href":"https:\/\/sisu.ut.ee\/ewod\/wp-json\/wp\/v2\/types\/page"}],"author":[{"embeddable":true,"href":"https:\/\/sisu.ut.ee\/ewod\/wp-json\/wp\/v2\/users\/43"}],"replies":[{"embeddable":true,"href":"https:\/\/sisu.ut.ee\/ewod\/wp-json\/wp\/v2\/comments?post=517"}],"version-history":[{"count":1,"href":"https:\/\/sisu.ut.ee\/ewod\/wp-json\/wp\/v2\/pages\/517\/revisions"}],"predecessor-version":[{"id":4558,"href":"https:\/\/sisu.ut.ee\/ewod\/wp-json\/wp\/v2\/pages\/517\/revisions\/4558"}],"up":[{"embeddable":true,"href":"https:\/\/sisu.ut.ee\/ewod\/wp-json\/wp\/v2\/pages\/709"}],"wp:attachment":[{"href":"https:\/\/sisu.ut.ee\/ewod\/wp-json\/wp\/v2\/media?parent=517"}],"curies":[{"name":"wp","href":"https:\/\/api.w.org\/{rel}","templated":true}]}}