{"id":515,"date":"2024-04-03T23:39:56","date_gmt":"2024-04-03T20:39:56","guid":{"rendered":"https:\/\/sisu.ut.ee\/ewod\/kurvitz\/"},"modified":"2024-04-04T00:09:49","modified_gmt":"2024-04-03T21:09:49","slug":"kurvitz","status":"publish","type":"page","link":"https:\/\/sisu.ut.ee\/ewod\/k\/kurvitz\/","title":{"rendered":"Robert Kurvitz"},"content":{"rendered":"<p>\n\t<a href=\"https:\/\/sisu.ut.ee\/wp-content\/uploads\/sites\/108\/robert_kurvitz_in_2020.jpeg\" target=\"_self\" rel=\"noopener\"><img decoding=\"async\" alt=\"Robert Kurvitz\" src=\"https:\/\/sisu.ut.ee\/wp-content\/uploads\/sites\/108\/robert_kurvitz_in_2020.jpeg\" style=\"float: right;width: 300px;height: 223px\" title=\" CC BY-SA 4.0 (Wikipedia)\"><\/a><\/p>\n<p>Robert Kurvitz (real name\u00a0Robert Kurvits, born 8 October 1984) is a creator of video games, writer of song lyrics and author of one novel.\n<\/p>\n<p>\n\tUntil October 2022, Kurvitz was one of the leading figures of the cultural grouping ZA\/UM (the grouping was founded in 2009 together with the web magazine of the same name). Robert Kurvitz\u2019s 2013 book <em>P\u00fcha ja \u00f5udne l\u00f5hn<\/em> (\u2018Sacred and Horrible Smell\u2019) is a novel where the action takes place in the fictional Elysium world. The book concentrates on three men who have decided to look up their classmates twenty years after their mysterious disappearance. Kurvitz planned to use the book as a prologue for a novel cycle but, instead of writing a sequel to the prologue, he created the video game Disco Elysium. The game is a mixture of literature and multimedia art in which the players have to shape the protagonist\u2019s character and moods. Therefore, it is an exercise in empathy and creativity that functions similarly to literature.\n<\/p>\n<p>\n\tThe game received praising assessments from the world\u2019s leading game critics and was chosen to be among the best video games of 2019. In 2020, the President of the Republic of Estonia issued Kurvitz the Young Cultural Figure Award for the game.\n<\/p>\n<p>\n\tKurvitz has also written essays and co-wrote the script for the film <em>Free Range. Ballaad maailma heakskiitmisest<\/em> (\u2018Free Range. Ballad on Approving of the World\u2019).\n<\/p>\n<p>\n\t<em>L. P. (Translated by I. A.)<\/em>\n<\/p>\n<p><strong><span style=\"font-size:16px\">Books in Estonian<\/span><\/strong>\n<\/p>\n<p>\n\t<strong><em>Novels<\/em><\/strong><br><strong>P\u00fcha ja \u00f5udne l\u00f5hn<\/strong>: proloog romaanits\u00fcklile. Tallinn: ZA\/UM, 2013. 232 lk.<\/p>\n","protected":false},"excerpt":{"rendered":"<p>Robert Kurvitz (real name\u00a0Robert Kurvits, born 8 October 1984) is a creator of video games, writer of song lyrics and author of one novel. Until October 2022, Kurvitz was one of the leading figures of the cultural grouping ZA\/UM (the &#8230;<\/p>\n","protected":false},"author":43,"featured_media":0,"parent":498,"menu_order":0,"comment_status":"closed","ping_status":"closed","template":"","meta":{"_acf_changed":false,"inline_featured_image":false,"footnotes":""},"class_list":["post-515","page","type-page","status-publish","hentry"],"acf":[],"_links":{"self":[{"href":"https:\/\/sisu.ut.ee\/ewod\/wp-json\/wp\/v2\/pages\/515","targetHints":{"allow":["GET"]}}],"collection":[{"href":"https:\/\/sisu.ut.ee\/ewod\/wp-json\/wp\/v2\/pages"}],"about":[{"href":"https:\/\/sisu.ut.ee\/ewod\/wp-json\/wp\/v2\/types\/page"}],"author":[{"embeddable":true,"href":"https:\/\/sisu.ut.ee\/ewod\/wp-json\/wp\/v2\/users\/43"}],"replies":[{"embeddable":true,"href":"https:\/\/sisu.ut.ee\/ewod\/wp-json\/wp\/v2\/comments?post=515"}],"version-history":[{"count":1,"href":"https:\/\/sisu.ut.ee\/ewod\/wp-json\/wp\/v2\/pages\/515\/revisions"}],"predecessor-version":[{"id":4556,"href":"https:\/\/sisu.ut.ee\/ewod\/wp-json\/wp\/v2\/pages\/515\/revisions\/4556"}],"up":[{"embeddable":true,"href":"https:\/\/sisu.ut.ee\/ewod\/wp-json\/wp\/v2\/pages\/498"}],"wp:attachment":[{"href":"https:\/\/sisu.ut.ee\/ewod\/wp-json\/wp\/v2\/media?parent=515"}],"curies":[{"name":"wp","href":"https:\/\/api.w.org\/{rel}","templated":true}]}}