{"id":505,"date":"2024-04-03T23:39:55","date_gmt":"2024-04-03T20:39:55","guid":{"rendered":"https:\/\/sisu.ut.ee\/ewod\/stories-et-59\/"},"modified":"2024-04-04T00:09:52","modified_gmt":"2024-04-03T21:09:52","slug":"stories","status":"publish","type":"page","link":"https:\/\/sisu.ut.ee\/ewod\/r\/ranik\/stories\/","title":{"rendered":"Valeria R\u00e4nik &#8211; short stories"},"content":{"rendered":"<p><span style=\"font-size: medium\"><strong><span style=\"font-family: verdana, geneva\">In anthologies and magazines<\/span><\/strong><\/span><\/p>\n<p><strong><em><span style=\"font-family: verdana, geneva\">German<\/span><\/em><\/strong><br><span style=\"font-family: verdana, geneva\"><strong>Der Wohnungsgeist<\/strong>. \u2013 Estnische Kurzgeschichten zweisprachig. Eesti keelsed l\u00fchijutud. Ausgew\u00e4hlt und \u00fcbersetzt von Heinz Wilhelm Pfeiffer. Michelstadt: Neuthor-Verlag, 1996, 119 pp. [\u2018Korterivaim\u2019. Contents of the bilingual anthology: Valeria R\u00e4nik, \u2018Der Wohnungsgeist\u2019; Voldemar Miller, \u2018Das Jahr 1944 im Leben eines estnischen Menschen\u2019; Eeva Park, \u2018Drei Tage in P\u00e4rnu\u2019.]<\/span><\/p>\n","protected":false},"excerpt":{"rendered":"<p>In anthologies and magazines GermanDer Wohnungsgeist. \u2013 Estnische Kurzgeschichten zweisprachig. Eesti keelsed l\u00fchijutud. Ausgew\u00e4hlt und \u00fcbersetzt von Heinz Wilhelm Pfeiffer. Michelstadt: Neuthor-Verlag, 1996, 119 pp. [\u2018Korterivaim\u2019. Contents of the bilingual anthology: Valeria R\u00e4nik, \u2018Der Wohnungsgeist\u2019; Voldemar Miller, \u2018Das Jahr 1944 &#8230;<\/p>\n","protected":false},"author":43,"featured_media":0,"parent":492,"menu_order":0,"comment_status":"closed","ping_status":"closed","template":"","meta":{"_acf_changed":false,"inline_featured_image":false,"footnotes":""},"class_list":["post-505","page","type-page","status-publish","hentry"],"acf":[],"_links":{"self":[{"href":"https:\/\/sisu.ut.ee\/ewod\/wp-json\/wp\/v2\/pages\/505","targetHints":{"allow":["GET"]}}],"collection":[{"href":"https:\/\/sisu.ut.ee\/ewod\/wp-json\/wp\/v2\/pages"}],"about":[{"href":"https:\/\/sisu.ut.ee\/ewod\/wp-json\/wp\/v2\/types\/page"}],"author":[{"embeddable":true,"href":"https:\/\/sisu.ut.ee\/ewod\/wp-json\/wp\/v2\/users\/43"}],"replies":[{"embeddable":true,"href":"https:\/\/sisu.ut.ee\/ewod\/wp-json\/wp\/v2\/comments?post=505"}],"version-history":[{"count":1,"href":"https:\/\/sisu.ut.ee\/ewod\/wp-json\/wp\/v2\/pages\/505\/revisions"}],"predecessor-version":[{"id":4571,"href":"https:\/\/sisu.ut.ee\/ewod\/wp-json\/wp\/v2\/pages\/505\/revisions\/4571"}],"up":[{"embeddable":true,"href":"https:\/\/sisu.ut.ee\/ewod\/wp-json\/wp\/v2\/pages\/492"}],"wp:attachment":[{"href":"https:\/\/sisu.ut.ee\/ewod\/wp-json\/wp\/v2\/media?parent=505"}],"curies":[{"name":"wp","href":"https:\/\/api.w.org\/{rel}","templated":true}]}}