{"id":504,"date":"2024-04-03T23:39:55","date_gmt":"2024-04-03T20:39:55","guid":{"rendered":"https:\/\/sisu.ut.ee\/ewod\/tootsen\/"},"modified":"2024-04-04T00:09:52","modified_gmt":"2024-04-03T21:09:52","slug":"tootsen","status":"publish","type":"page","link":"https:\/\/sisu.ut.ee\/ewod\/t\/tootsen\/","title":{"rendered":"Toivo Tootsen"},"content":{"rendered":"<p>\n\t<a href=\"https:\/\/sisu.ut.ee\/ewod\/t\/tootsen\/stories\"><strong><span style=\"font-family: verdana, geneva;font-size: medium\">Short stories<\/span><\/strong><\/a><strong><span style=\"font-family: verdana, geneva;font-size: medium\"> <\/span><\/strong><span style=\"font-family: verdana, geneva;font-size: medium\"><a href=\"https:\/\/sisu.ut.ee\/wp-content\/uploads\/sites\/108\/toivo_tootsen_kalju_suur.jpg\" target=\"_self\" rel=\"noopener\"><img decoding=\"async\" alt=\"Toivo Tootsen\" class=\"\" src=\"https:\/\/sisu.ut.ee\/wp-content\/uploads\/sites\/108\/toivo_tootsen_kalju_suur.jpg\" style=\"float: right;width: 200px;height: 315px\" title=\"Photo: Kalju Suur\"><\/a><\/span>\n<\/p>\n<p>\u00a0\n<\/p>\n<p>\n\t<br>Toivo Tootsen (born 17. VI 1943) is a journalist, writer, and politician.\n<\/p>\n<p>\n\tTootsen was born in R\u00f5uge, V\u00f5ru County, and attended a seven-class school at R\u00f5uge, which he graduated in 1957. He continued his studies at V\u00f5ru 1st Secondary School. In 1962, he graduated from the V\u00f5ru Workers\u2019 Youth Secondary School and started a job as assistant worker at the Department of Land Development in V\u00f5ru, where he was promoted to technician and then senior technician.\n<\/p>\n<p>\n\tTootsen was a distance learning student at Tartu State University, where he studied Estonian language and literature, and at Tallinn Pedagogical Institute, where he majored in stage direction. After moving to Tallinn, he worked as a freelance correspondent at Estonian Television. In 1963, he was invited to become a literary contributor to the editorial board of the children\u2019s newspaper <em>S\u00e4de<\/em>. In 1967, Tootsen was invited to work in the entertainment programs department at Estonian Radio, which he led until 1996. Tootsen is a member of the Estonian Association of Journalists and from 1995-1997, he also worked as its head of the board.\n<\/p>\n<p>\n\tIn 1993, Tootsen entered politics. He is a member of the Estonian Centre Party since 1994. He was the chairman of the Centre Party faction in Tallinn City Council for over ten years. In 1999, he ran for parliament (Riigikogu) and worked as its member for three consecutive terms. In Riigikogu, he was a member of the Rural Affairs Committee and the Legal Affairs Committee; for two years, he also led the National Defence Committee and was its vice chair.\n<\/p>\n<p>\n\tTootsen has written many children\u2019s books. He created the character of the prankster schoolboy Joosep J\u00f5hvi. In 1970, he co-authored a travelogue together with his brother, the TV journalist \u00dclo Tootsen (1933-2006) entitled <em>Maa ja mere peal<\/em> (\u2018Above Land and Sea\u2019, published in the travelogue series <em>Maailm ja m\u00f5nda<\/em> (\u2018The World and Some\u2019), which relates the authors\u2019 travels along the state border of the Soviet Union. In his later years, Tootsen has written about noteworthy members of society. He has continued writing about the funny happenings of Joosep J\u00f5hvi together with his son, the writer <a data-url=\"https:\/\/sisu.ut.ee\/ewod\/t\/tonistootsen\" href=\"https:\/\/sisu.ut.ee\/ewod\/t\/tonistootsen\" title=\"\">T\u00f5nis Tootsen<\/a>.\n<\/p>\n<p>\n\t<em>L. P. (Translated by A. A.)<\/em><\/p>\n<p>\u00a0\n<\/p>\n<p>\n\t<strong><span style=\"font-size:16px\">Books in Estonian<\/span><\/strong>\n<\/p>\n<p>\n\t<strong><em>Children\u2019s stories<\/em><\/strong><br><strong>J\u00f5hvi Joosepi jutupaun<\/strong>. Tallinn: Eesti Raamat, 1975. 64 lk.<br><strong>J\u00f5hvi Joosepi juturaamat<\/strong>. Tallinn: Eesti Raamat, 1983. 97 lk.<br><strong>J\u00f5hvi Joosepi jutud<\/strong>. Tallinn: Meelejahutaja, 1996. 31 lk.<br><strong>J\u00f5hvi Joosepi jututuba<\/strong>: lustakat lugemist kogu perele. Toivo ja T\u00f5nis Tootsen. Tallinn: I. Parbus, 2001. 107 lk.<br>Toivo ja T\u00f5nis Tootsen<strong>, J\u00f5hvi Joosepi koolijutud<\/strong>. Tallinn: TEA Kirjastus, 2009. 113 lk.<br><strong>Meie armsad loomad<\/strong>. Tallinn: Absoluutne, 2016. 63 lk.\n<\/p>\n<p>\n\t<strong><em>Humor<\/em><\/strong><br><strong>Ajaviidet: pila- ja pulalood ehk valimata teosed romaanist rahvajutuni<\/strong>. Tallinn, 1992. 31 lk.\n<\/p>\n<p>\n\t<strong><em>Travelogues<\/em><\/strong><br>\u00dclo ja Toivo Tootsen, <strong>Maa ja mere peal: 35 000 km m\u00f6\u00f6da riigipiiri<\/strong>. Tallinn: Eesti Raamat, 1970. 296 lk.\n<\/p>\n<p>\n\t<strong><em>Memoirs<\/em><\/strong><br><strong>Sihuke ma olen<\/strong>. Tallinn: Revelex Kirjastus, 2005. 100 lk.<br><strong>Sihuke ma olen ja nii ma m\u00f5tlen<\/strong>. Tallinn: T. Tootsen, 2007. 102 lk.<br><strong>Tosin aastat Toompea leival: deputaat Joosepi jutud<\/strong>. Tallinn: Absoluutne, 2011. 207 lk.<br><strong>Minu elu RAMETO-s, ehk, Kuidas me meelt jahutasime<\/strong>. Tallinn: T\u00e4nap\u00e4ev, 2012. 172 lk.<br><strong>Kott seljas \u00fcmber \u201ekodumaa\u201c<\/strong>. Tallinn: Go Group, 2013. 281 lk.<br><strong>Saksa ajal s\u00fcndinu<\/strong>. Tallinn: Maagiline Ruum, 2015. 320 lk.<br><strong>Poisi pesa puu otsas<\/strong>: vana aja jutud. Tallinn: Absoluutne, 2018. 71 lk.<br><strong>Tormide ja tungide aeg Tallinnas<\/strong>. Tallinn: Absoluutne, 2021. 231 lk.\n<\/p>\n<p>\n\t<strong><em>Biographies<\/em><\/strong><br><strong>Vana H\u00f5be: Hardi Tiidus ja inimesed tema \u00fcmber<\/strong>. Tallinn: Maagiline Ruum, 2013. 319 lk.\n<\/p>\n<p>\n\t<strong><em>Interviews<\/em><\/strong><br><strong>Tegijad: Arnold R\u00fc\u00fctel, Edgar Savisaar, Liina T\u00f5nisson, Arvo Haug, Vaino V\u00e4ljas, Eha Kostabi, Hardi Tiidus<\/strong>. Tallinn: I. Parbus, 2003. 150 lk.\n<\/p>\n<p>\n\t<strong><em>History of journalism<\/em><\/strong><br><strong>Balti Pressiliit 65<\/strong>. Tallinn: Eesti Ajakirjanike Liit, 1998. 36 lk.<br><strong>Seitsmes suurriik Eestis: fakte, m\u00e4lestusi ja m\u00f5tteid Eesti Ajakirjanike Liidu 85. s\u00fcnnip\u00e4eval<\/strong>. Tallinn: Revelex, 2004. 307 lk.\n<\/p>\n<p>\n\t\u00a0<\/p>\n","protected":false},"excerpt":{"rendered":"<p>Short stories \u00a0 Toivo Tootsen (born 17. VI 1943) is a journalist, writer, and politician. Tootsen was born in R\u00f5uge, V\u00f5ru County, and attended a seven-class school at R\u00f5uge, which he graduated in 1957. He continued his studies at V\u00f5ru &#8230;<\/p>\n","protected":false},"author":43,"featured_media":0,"parent":709,"menu_order":0,"comment_status":"closed","ping_status":"closed","template":"","meta":{"_acf_changed":false,"inline_featured_image":false,"footnotes":""},"class_list":["post-504","page","type-page","status-publish","hentry"],"acf":[],"_links":{"self":[{"href":"https:\/\/sisu.ut.ee\/ewod\/wp-json\/wp\/v2\/pages\/504","targetHints":{"allow":["GET"]}}],"collection":[{"href":"https:\/\/sisu.ut.ee\/ewod\/wp-json\/wp\/v2\/pages"}],"about":[{"href":"https:\/\/sisu.ut.ee\/ewod\/wp-json\/wp\/v2\/types\/page"}],"author":[{"embeddable":true,"href":"https:\/\/sisu.ut.ee\/ewod\/wp-json\/wp\/v2\/users\/43"}],"replies":[{"embeddable":true,"href":"https:\/\/sisu.ut.ee\/ewod\/wp-json\/wp\/v2\/comments?post=504"}],"version-history":[{"count":1,"href":"https:\/\/sisu.ut.ee\/ewod\/wp-json\/wp\/v2\/pages\/504\/revisions"}],"predecessor-version":[{"id":4570,"href":"https:\/\/sisu.ut.ee\/ewod\/wp-json\/wp\/v2\/pages\/504\/revisions\/4570"}],"up":[{"embeddable":true,"href":"https:\/\/sisu.ut.ee\/ewod\/wp-json\/wp\/v2\/pages\/709"}],"wp:attachment":[{"href":"https:\/\/sisu.ut.ee\/ewod\/wp-json\/wp\/v2\/media?parent=504"}],"curies":[{"name":"wp","href":"https:\/\/api.w.org\/{rel}","templated":true}]}}