{"id":503,"date":"2024-04-03T23:39:55","date_gmt":"2024-04-03T20:39:55","guid":{"rendered":"https:\/\/sisu.ut.ee\/ewod\/poems-et-70\/"},"modified":"2024-04-04T00:09:52","modified_gmt":"2024-04-03T21:09:52","slug":"poems","status":"publish","type":"page","link":"https:\/\/sisu.ut.ee\/ewod\/h\/hermann\/poems\/","title":{"rendered":"Karl August Hermann &#8211; poems"},"content":{"rendered":"<p><em><strong><span style=\"font-family: verdana, geneva;font-size: small\">German<\/span><\/strong><\/em><br><span style=\"font-family: verdana, geneva;font-size: small\"><strong>Was hast, Freundchen, du getrieben; Fr\u00fchlingslied<\/strong>. \u00dcbersetzung: Wilhelm Nerling. \u2013 Estnische Gedichte. \u00dcbers. von Wilhelm Nerling. Dorpat: H. Laakmann, 1925, pp 40-42. [\u2018Kus sa k\u00e4isid?\u2019, \u2018Kevadelaul\u2019. Poems by A. Alver, J. Bergmann, M. J. Eisen, E. Enno, F. R. Faehlmann, A. Grenzstein, V. Ridala, A. Haava, K. A. Hermann, J. Hurt, P. Jakobson, J. V. Jannsen, R. Kamsen, L. Koidula, Fr. R. Kreutzwald, F. Kuhlbars, J. Kunder, M. K\u00f6rber, Jakob Liiv, Juhan Liiv, M. Lipp, G. E. Luiga, P. von Manteuffel, G. A. Oldekop, K. J. Peterson, M. Pukits, H. P\u00f6\u00f6gelmann, H. Raudsepp, C. M. Redlich, A. Reinvald, H. Rikand, J. Ph. v Roth, J. Speek, G. Suits, K. E. S\u00f6\u00f6t, J. Tamm, B. H. von Tiesenhausen, F. Tuglas, M. Veske, B. Weber, J. Weizenberg, E. L. W\u00f6hrmann.]<\/span><\/p>\n<p><span style=\"font-family: verdana, geneva;font-size: small\"><strong><em>Russian<\/em><\/strong><br><strong>\u041f\u043e\u044d\u0442\u044b \u042d\u0441\u0442\u043e\u043d\u0438\u0438: \u0410\u043d\u0442\u043e\u043b\u043e\u0433\u0438\u044f \u0437\u0430 \u0441\u0442\u043e \u043b\u0435\u0442: (1803-1902)<\/strong><span>. \u041f\u0435\u0440\u0435\u0432\u043e\u0434 \u0418\u0433\u043e\u0440\u044f \u0421\u0435\u0432\u0435\u0440\u044f\u043d\u0438\u043d\u0430; [\u0418\u043b\u043b\u044e\u0441\u0442\u0440\u0430\u0446\u0438\u0438 \u0410. \u0413\u0440\u0438\u043d\u0435\u0432\u0430]. \u0422\u0430\u0440\u0442\u0443: \u0412\u0430\u0434\u0438\u043c \u0411\u0435\u0440\u0433\u043c\u0430\u043d, 1928, 182 pp. [Poems by \u0424\u0440\u0438\u0434\u0440\u0438\u0445 \u0420\u0435\u0439\u043d\u0445\u043e\u043b\u044c\u0434 \u041a\u0440\u0435\u0439\u0446\u0432\u0430\u043b\u044c\u0434, \u0424\u0440\u0438\u0434\u0440\u0438\u0445 \u041a\u0443\u043b\u044c\u0431\u0430\u0440\u0441, \u041c\u0438\u0445\u043a\u0435\u043b\u044c \u0412\u0435\u0441\u043a\u0435, \u041b\u0438\u0434\u0438\u044f \u041a\u043e\u0439\u0434\u0443\u043b\u0430, \u0410\u0434\u043e \u0420\u0435\u0439\u043d\u0432\u0430\u043b\u044c\u0434, \u0410\u0434\u043e \u0413\u0440\u0435\u043d\u0446\u0448\u0442\u0435\u0439\u043d, \u041a\u0430\u0440\u043b \u0410\u0432\u0433\u0443\u0441\u0442 \u0425\u0435\u0440\u043c\u0430\u043d\u043d, \u042e\u0445\u0430\u043d \u041a\u0443\u043d\u0434\u0435\u0440, \u041f\u0435\u044d\u0442\u0435\u0440 \u042f\u043a\u043e\u0431\u0441\u043e\u043d, \u041c\u0430\u0440\u0442\u0438\u043d \u041b\u0438\u043f\u043f, \u042f\u0430\u043d \u0411\u0435\u0440\u0433\u043c\u0430\u043d\u043d, \u041c\u0430\u0442\u0438\u0430\u0441 \u0419\u043e\u0445\u0430\u043d\u043d \u042d\u0439\u0437\u0435\u043d, \u042f\u043a\u043e\u0431 \u041b\u0438\u0439\u0432, \u042f\u043a\u043e\u0431 \u0422\u0430\u043c\u043c, \u041a\u0430\u0440\u043b \u042d\u0434\u0443\u0430\u0440\u0434 \u0421\u0435\u044d\u0442, \u042d\u0434\u0443\u0430\u0440\u0434 \u0412\u0435\u0440\u043c\u0430\u043d, \u042d\u043b\u0438\u0437\u0435 \u0410\u0443\u043d, \u042e\u0445\u0430\u043d \u041b\u0438\u0439\u0432, \u0410\u043d\u043d\u0430 \u0425\u0430\u0430\u0432\u0430, \u0413\u0435\u043e\u0440\u0433 \u042d\u0434\u0443\u0430\u0440\u0434 \u041b\u0443\u0439\u0433\u0430, \u0410\u043d\u0434\u0440\u0435\u0441 \u0410\u043b\u044c\u0432\u0435\u0440, \u042d\u0440\u043d\u0441\u0442 \u042d\u043d\u043d\u043e, \u0413\u0443\u0441\u0442\u0430\u0432 \u0421\u0443\u0439\u0442\u0441, \u041c\u0430\u0440\u0438\u0435 \u0423\u043d\u0434\u0435\u0440, \u0412\u0438\u043b\u043b\u0435\u043c \u0420\u0438\u0434\u0430\u043b\u0430, \u0424\u0440\u0438\u0434\u0435\u0431\u0435\u0440\u0442 \u0422\u0443\u0433\u043b\u0430\u0441, \u0419\u043e\u0445\u0430\u043d\u043d\u0435\u0441 \u0411\u0430\u0440\u0431\u0430\u0440\u0443\u0441, \u0419\u043e\u0445\u0430\u043d\u043d\u0435\u0441 \u0421\u0435\u043c\u043f\u0435\u0440, \u041c\u0430\u0440\u0438e \u0425\u0435\u0439\u0431\u0435\u0440\u0433, \u0410\u0432\u0433\u0443\u0441\u0442 \u0410\u043b\u043b\u0435, \u0425\u0435\u043d\u0440\u0438\u043a \u0412\u0438\u0441\u043d\u0430\u043f\u0443\u0443, \u0420\u0443\u0434\u043e\u043b\u044c\u0444 \u0420\u0435\u0439\u043c\u0430\u043d\u043d, \u0412\u0430\u043b\u044c\u043c\u0430\u0440 \u0410\u0434\u0430\u043c\u0441.]<\/span><br><\/span><\/p>\n","protected":false},"excerpt":{"rendered":"<p>GermanWas hast, Freundchen, du getrieben; Fr\u00fchlingslied. \u00dcbersetzung: Wilhelm Nerling. \u2013 Estnische Gedichte. \u00dcbers. von Wilhelm Nerling. Dorpat: H. Laakmann, 1925, pp 40-42. [\u2018Kus sa k\u00e4isid?\u2019, \u2018Kevadelaul\u2019. Poems by A. Alver, J. Bergmann, M. J. Eisen, E. Enno, F. R. Faehlmann, &#8230;<\/p>\n","protected":false},"author":43,"featured_media":0,"parent":490,"menu_order":0,"comment_status":"closed","ping_status":"closed","template":"","meta":{"_acf_changed":false,"inline_featured_image":false,"footnotes":""},"class_list":["post-503","page","type-page","status-publish","hentry"],"acf":[],"_links":{"self":[{"href":"https:\/\/sisu.ut.ee\/ewod\/wp-json\/wp\/v2\/pages\/503","targetHints":{"allow":["GET"]}}],"collection":[{"href":"https:\/\/sisu.ut.ee\/ewod\/wp-json\/wp\/v2\/pages"}],"about":[{"href":"https:\/\/sisu.ut.ee\/ewod\/wp-json\/wp\/v2\/types\/page"}],"author":[{"embeddable":true,"href":"https:\/\/sisu.ut.ee\/ewod\/wp-json\/wp\/v2\/users\/43"}],"replies":[{"embeddable":true,"href":"https:\/\/sisu.ut.ee\/ewod\/wp-json\/wp\/v2\/comments?post=503"}],"version-history":[{"count":1,"href":"https:\/\/sisu.ut.ee\/ewod\/wp-json\/wp\/v2\/pages\/503\/revisions"}],"predecessor-version":[{"id":4569,"href":"https:\/\/sisu.ut.ee\/ewod\/wp-json\/wp\/v2\/pages\/503\/revisions\/4569"}],"up":[{"embeddable":true,"href":"https:\/\/sisu.ut.ee\/ewod\/wp-json\/wp\/v2\/pages\/490"}],"wp:attachment":[{"href":"https:\/\/sisu.ut.ee\/ewod\/wp-json\/wp\/v2\/media?parent=503"}],"curies":[{"name":"wp","href":"https:\/\/api.w.org\/{rel}","templated":true}]}}