{"id":5,"date":"2024-04-03T23:39:14","date_gmt":"2024-04-03T20:39:14","guid":{"rendered":"https:\/\/sisu.ut.ee\/ewod\/stories\/"},"modified":"2024-04-04T00:11:16","modified_gmt":"2024-04-03T21:11:16","slug":"stories","status":"publish","type":"page","link":"https:\/\/sisu.ut.ee\/ewod\/v\/juhanviiding\/stories\/","title":{"rendered":"Juhan Viiding &#8211; stories"},"content":{"rendered":"<p><strong><span style=\"font-family: verdana, geneva;font-size: medium\">In anthologies and magazines<\/span><\/strong><\/p>\n<p><strong><em><span style=\"font-family: verdana, geneva\">Hungarian<\/span><\/em><\/strong><br><span style=\"font-family: verdana, geneva\"><strong><span>Eml\u00e9k 1954-b\u0151l<\/span><\/strong>. \u2013\u00a0T\u00f6rt\u00e9nelem \u00e9s id\u0151: mai \u00e9szt elbesz\u00e9l\u00e9sek. \u00d6ssze\u00e1ll\u00edtotta: Toivo Tasa; bor\u00edt\u00f3: Masszi Ferenc; ford\u00edt\u00f3k: Bereczki G\u00e1bor, Marju Ilves, Lengyel T\u00f3th Krisztina, Pusztay J\u00e1nos, Segesdi M\u00f3ni. Szombathely: [s.n.], 2007, 249 pp. [Translation of \u2018M\u00e4lestus 1954. aastast\u2019. Anthology of short stories. Contents: J\u00fcri \u00dcdi, Eml\u00e9k 1954-b\u0151l (\u2018M\u00e4lestus 1954. aastast\u2019); Aarand Roos, A p\u00e1lmaf\u00e1k \u00e1rny\u00e9k\u00e1ban (\u2018Palmipuude vilus\u2019); Kersti Merilaas, Szent v\u00e1ros (\u2018P\u00fcha linn\u2019); Jaak J\u00f5er\u00fc\u00fct, Hazafias v\u00e1ros (\u2018Isamaa linn\u2019); Rein Saluri, 53.3.5. (\u20185.3.53\u2019); Viivi Luik, A hetedik b\u00e9ketavasz (r\u00e9szlet) (\u2018Seitsmes rahukevad\u2019, katkend); Tiia Toomet, Az a ny\u00e1r (\u2018Isamaa suvi\u2019).]<\/span><\/p>\n","protected":false},"excerpt":{"rendered":"<p>In anthologies and magazines HungarianEml\u00e9k 1954-b\u0151l. \u2013\u00a0T\u00f6rt\u00e9nelem \u00e9s id\u0151: mai \u00e9szt elbesz\u00e9l\u00e9sek. \u00d6ssze\u00e1ll\u00edtotta: Toivo Tasa; bor\u00edt\u00f3: Masszi Ferenc; ford\u00edt\u00f3k: Bereczki G\u00e1bor, Marju Ilves, Lengyel T\u00f3th Krisztina, Pusztay J\u00e1nos, Segesdi M\u00f3ni. Szombathely: [s.n.], 2007, 249 pp. [Translation of \u2018M\u00e4lestus 1954. aastast\u2019. &#8230;<\/p>\n","protected":false},"author":43,"featured_media":0,"parent":2012,"menu_order":0,"comment_status":"closed","ping_status":"closed","template":"","meta":{"_acf_changed":false,"inline_featured_image":false,"footnotes":""},"class_list":["post-5","page","type-page","status-publish","hentry"],"acf":[],"_links":{"self":[{"href":"https:\/\/sisu.ut.ee\/ewod\/wp-json\/wp\/v2\/pages\/5","targetHints":{"allow":["GET"]}}],"collection":[{"href":"https:\/\/sisu.ut.ee\/ewod\/wp-json\/wp\/v2\/pages"}],"about":[{"href":"https:\/\/sisu.ut.ee\/ewod\/wp-json\/wp\/v2\/types\/page"}],"author":[{"embeddable":true,"href":"https:\/\/sisu.ut.ee\/ewod\/wp-json\/wp\/v2\/users\/43"}],"replies":[{"embeddable":true,"href":"https:\/\/sisu.ut.ee\/ewod\/wp-json\/wp\/v2\/comments?post=5"}],"version-history":[{"count":1,"href":"https:\/\/sisu.ut.ee\/ewod\/wp-json\/wp\/v2\/pages\/5\/revisions"}],"predecessor-version":[{"id":5064,"href":"https:\/\/sisu.ut.ee\/ewod\/wp-json\/wp\/v2\/pages\/5\/revisions\/5064"}],"up":[{"embeddable":true,"href":"https:\/\/sisu.ut.ee\/ewod\/wp-json\/wp\/v2\/pages\/2012"}],"wp:attachment":[{"href":"https:\/\/sisu.ut.ee\/ewod\/wp-json\/wp\/v2\/media?parent=5"}],"curies":[{"name":"wp","href":"https:\/\/api.w.org\/{rel}","templated":true}]}}