{"id":499,"date":"2024-04-03T23:39:54","date_gmt":"2024-04-03T20:39:54","guid":{"rendered":"https:\/\/sisu.ut.ee\/ewod\/stories-et-58\/"},"modified":"2024-04-04T00:09:55","modified_gmt":"2024-04-03T21:09:55","slug":"stories","status":"publish","type":"page","link":"https:\/\/sisu.ut.ee\/ewod\/m\/mihkelson\/stories\/","title":{"rendered":"Ene Mihkelson &#8211; short stories"},"content":{"rendered":"<p><span style=\"font-family: verdana, geneva;font-size: medium\"><strong><strong>In compilations, anthologies, magazines<\/strong><\/strong><\/span><\/p>\n<p><span style=\"font-family: verdana, geneva\"><strong><em>Russian<br><\/em><\/strong>\u042d\u043d\u0435 \u041c\u0438x\u043a\u0435\u043b\u044c\u0441\u043e\u043d,\u00a0<strong>\u0421\u043e\u0434\u043e\u043c\u0438\u0442<\/strong>. \u041f\u0435\u0440\u0435\u0432. \u041d. \u0410\u0431\u0430\u0448\u0438\u043d\u0430. \u2013 \u041d\u043e\u0432\u0430\u044f \u044d\u0441\u0442\u043e\u043d\u0441\u043a\u0430\u044f \u043d\u043e\u0432\u0435\u043b\u043b\u0430: 1990-\u0435 \u0433\u043e\u0434\u044b. C\u043e\u0441\u0442\u0430\u0432\u043b\u0435\u043d\u0438\u0435: \u041f\u0438\u0440\u0435\u0442 \u0412\u0438\u0439\u0440\u0435\u0441; \u0440\u0435\u0434\u0430\u043a\u0442\u043e\u0440 \u041d\u044d\u043b\u043b\u0438 \u0410\u0431\u0430\u0448\u0438\u043d\u0430-\u041c\u0435\u043b\u044c\u0446; \u043f\u043e\u0441\u043b\u0435\u0441\u043b\u043e\u0432\u0438\u0435: \u041a\u0430\u044f\u0440 \u041f\u0440\u0443\u0443\u043b\u044c.\u00a0\u0411\u0438\u0431\u043b\u0438\u043e\u0442\u0435\u043a\u0430 \u0436\u0443\u0440\u043d\u0430\u043b\u0430 \u2018\u0422\u0430\u043b\u043b\u0438\u043d\u043d\u2019, no 7.\u00a0\u0422\u0430\u043b\u043b\u0438\u043d\u043d:\u00a0\u0410\u043b\u0435\u043a\u0441\u0430\u043d\u0434\u0440\u0430, 1999, pp 186\u2013190.\u00a0<span style=\"font-family: verdana, geneva\">[\u2018Sodomiit\u2019.\u00a0See\u00a0<\/span><a href=\"https:\/\/sisu.ut.ee\/ewod\/anthologies\/novayaestonskaya\"><strong>contents<\/strong><\/a><span style=\"font-family: verdana, geneva\">\u00a0of the anthology of short stories.]<\/span><\/span><\/p>\n<p><span style=\"font-family: verdana, geneva\"><strong><em>Swedish<\/em><\/strong><\/span><br><span style=\"font-family: verdana, geneva\"><strong>Sodomiten<\/strong>. \u2013\u00a0Estland ber\u00e4ttar: Hur man d\u00f6dar minnet: fjorton noveller. Redakt\u00f6r: Kalli Klemnts [i.e. Klement]; urval: Maarja Talgre och Anu Salu\u00e4\u00e4r; \u00f6vers\u00e4ttning: Jaak Akker \u2026 [et al.].\u00a0Stockholm: Tranan, 2007, 321 pp. [Translation of \u2018Sodomiit\u2019. <span style=\"font-family: verdana, geneva;font-size: small\">See <a href=\"https:\/\/sisu.ut.ee\/ewod\/anthologies\/swedish\/estlandberattar2007\"><strong>contents<\/strong><\/a> of the anthology of short stories.<\/span>]<\/span><\/p>\n","protected":false},"excerpt":{"rendered":"<p>In compilations, anthologies, magazines Russian\u042d\u043d\u0435 \u041c\u0438x\u043a\u0435\u043b\u044c\u0441\u043e\u043d,\u00a0\u0421\u043e\u0434\u043e\u043c\u0438\u0442. \u041f\u0435\u0440\u0435\u0432. \u041d. \u0410\u0431\u0430\u0448\u0438\u043d\u0430. \u2013 \u041d\u043e\u0432\u0430\u044f \u044d\u0441\u0442\u043e\u043d\u0441\u043a\u0430\u044f \u043d\u043e\u0432\u0435\u043b\u043b\u0430: 1990-\u0435 \u0433\u043e\u0434\u044b. C\u043e\u0441\u0442\u0430\u0432\u043b\u0435\u043d\u0438\u0435: \u041f\u0438\u0440\u0435\u0442 \u0412\u0438\u0439\u0440\u0435\u0441; \u0440\u0435\u0434\u0430\u043a\u0442\u043e\u0440 \u041d\u044d\u043b\u043b\u0438 \u0410\u0431\u0430\u0448\u0438\u043d\u0430-\u041c\u0435\u043b\u044c\u0446; \u043f\u043e\u0441\u043b\u0435\u0441\u043b\u043e\u0432\u0438\u0435: \u041a\u0430\u044f\u0440 \u041f\u0440\u0443\u0443\u043b\u044c.\u00a0\u0411\u0438\u0431\u043b\u0438\u043e\u0442\u0435\u043a\u0430 \u0436\u0443\u0440\u043d\u0430\u043b\u0430 \u2018\u0422\u0430\u043b\u043b\u0438\u043d\u043d\u2019, no 7.\u00a0\u0422\u0430\u043b\u043b\u0438\u043d\u043d:\u00a0\u0410\u043b\u0435\u043a\u0441\u0430\u043d\u0434\u0440\u0430, 1999, pp 186\u2013190.\u00a0[\u2018Sodomiit\u2019.\u00a0See\u00a0contents\u00a0of the anthology of short stories.] SwedishSodomiten. \u2013\u00a0Estland ber\u00e4ttar: Hur &#8230;<\/p>\n","protected":false},"author":43,"featured_media":0,"parent":486,"menu_order":0,"comment_status":"closed","ping_status":"closed","template":"","meta":{"_acf_changed":false,"inline_featured_image":false,"footnotes":""},"class_list":["post-499","page","type-page","status-publish","hentry"],"acf":[],"_links":{"self":[{"href":"https:\/\/sisu.ut.ee\/ewod\/wp-json\/wp\/v2\/pages\/499","targetHints":{"allow":["GET"]}}],"collection":[{"href":"https:\/\/sisu.ut.ee\/ewod\/wp-json\/wp\/v2\/pages"}],"about":[{"href":"https:\/\/sisu.ut.ee\/ewod\/wp-json\/wp\/v2\/types\/page"}],"author":[{"embeddable":true,"href":"https:\/\/sisu.ut.ee\/ewod\/wp-json\/wp\/v2\/users\/43"}],"replies":[{"embeddable":true,"href":"https:\/\/sisu.ut.ee\/ewod\/wp-json\/wp\/v2\/comments?post=499"}],"version-history":[{"count":1,"href":"https:\/\/sisu.ut.ee\/ewod\/wp-json\/wp\/v2\/pages\/499\/revisions"}],"predecessor-version":[{"id":4588,"href":"https:\/\/sisu.ut.ee\/ewod\/wp-json\/wp\/v2\/pages\/499\/revisions\/4588"}],"up":[{"embeddable":true,"href":"https:\/\/sisu.ut.ee\/ewod\/wp-json\/wp\/v2\/pages\/486"}],"wp:attachment":[{"href":"https:\/\/sisu.ut.ee\/ewod\/wp-json\/wp\/v2\/media?parent=499"}],"curies":[{"name":"wp","href":"https:\/\/api.w.org\/{rel}","templated":true}]}}