{"id":498,"date":"2024-04-03T23:39:54","date_gmt":"2024-04-03T20:39:54","guid":{"rendered":"https:\/\/sisu.ut.ee\/ewod\/k\/"},"modified":"2025-03-07T14:45:26","modified_gmt":"2025-03-07T12:45:26","slug":"k","status":"publish","type":"page","link":"https:\/\/sisu.ut.ee\/ewod\/k\/","title":{"rendered":"K"},"content":{"rendered":"<div><span style=\"font-size: 13px;\"><span style=\"font-family: Verdana,Geneva,sans-serif;\"><span data-mce-mark=\"1\"><strong><a href=\"https:\/\/sisu.ut.ee\/ewod\/k\/kaal\">Aira Kaal<\/a><\/strong><br>\n<strong><a href=\"https:\/\/sisu.ut.ee\/ewod\/k\/kaalep\">Ain Kaalep<\/a><\/strong><\/span><br>\n<strong><a title=\"\" href=\"https:\/\/sisu.ut.ee\/ewod\/k\/kaarna\" data-url=\"https:\/\/sisu.ut.ee\/ewod\/k\/kaarna\">Viljar Kaarna<\/a><\/strong><br>\n<span data-mce-mark=\"1\"><strong><a href=\"https:\/\/sisu.ut.ee\/ewod\/k\/kabur\">Boris Kabur<\/a><\/strong><br>\n<strong><a href=\"https:\/\/sisu.ut.ee\/ewod\/k\/kaevats\">Mihkel Kaevats<\/a><\/strong><br>\nLall Kahas \u2013 <em>see<\/em> <strong><a href=\"https:\/\/sisu.ut.ee\/ewod\/l\/lulle\">Bernhard L\u00fclle<\/a><\/strong> and <strong><a href=\"https:\/\/sisu.ut.ee\/ewod\/m\/ikomaran\">Iko Maran<\/a><\/strong><br>\n<strong><a href=\"https:\/\/sisu.ut.ee\/ewod\/k\/kaints\">Holger Kaints<\/a><\/strong><br>\n<strong><a href=\"https:\/\/sisu.ut.ee\/ewod\/k\/kalda\">Katrina Kalda<\/a><\/strong><br>\n<strong><a href=\"https:\/\/sisu.ut.ee\/ewod\/k\/maie-kalda\/\">Maie Kalda<\/a><br>\n<a href=\"https:\/\/sisu.ut.ee\/ewod\/k\/hanneleelekaldmaa\">Hanneleele Kaldmaa<\/a><\/strong><\/span><br>\n<strong><a title=\"\" href=\"https:\/\/sisu.ut.ee\/ewod\/k\/jurikaldmaa\" data-url=\"https:\/\/sisu.ut.ee\/ewod\/k\/jurikaldmaa\">J\u00fcri Kaldmaa<\/a><\/strong><br>\n<span data-mce-mark=\"1\"><strong><a href=\"https:\/\/sisu.ut.ee\/ewod\/k\/kaldmaa\">K\u00e4tlin Kaldmaa<\/a><\/strong><br>\nJ. Kaljula \u2013 <em>see<\/em> <a href=\"https:\/\/sisu.ut.ee\/ewod\/j\/johannesjaks\">Johannes Jaks<\/a><br>\n<strong><a href=\"https:\/\/sisu.ut.ee\/ewod\/k\/kalkun\">Andreas Kalkun<\/a><\/strong><\/span><br>\n<strong><a title=\"\" href=\"https:\/\/sisu.ut.ee\/ewod\/k\/kall\" data-url=\"https:\/\/sisu.ut.ee\/ewod\/k\/kall\">Toomas Kall<\/a><\/strong><br>\n<a title=\"\" href=\"https:\/\/sisu.ut.ee\/ewod\/k\/kallak\" data-url=\"https:\/\/sisu.ut.ee\/ewod\/k\/kallak\">Kaarel Kallak<\/a><br>\n<span data-mce-mark=\"1\"><strong><a href=\"https:\/\/sisu.ut.ee\/ewod\/k\/ainokallas\">Aino Kallas<\/a><\/strong><br>\n<a href=\"https:\/\/sisu.ut.ee\/ewod\/k\/axelkallas\">Axel Kallas<\/a><br>\n<strong><a href=\"https:\/\/sisu.ut.ee\/ewod\/k\/teetkallas\">Teet Kallas<\/a><\/strong><\/span><br>\n<strong><a title=\"\" href=\"https:\/\/sisu.ut.ee\/ewod\/k\/kallaste\" data-url=\"https:\/\/sisu.ut.ee\/ewod\/k\/kallaste\">Helen Kallaste<\/a><\/strong><\/span><\/span><br>\n<strong><a title=\"\" href=\"https:\/\/sisu.ut.ee\/ewod\/k\/kalmsten\" data-url=\"https:\/\/sisu.ut.ee\/ewod\/k\/kalmsten\">Manfred Kalmsten<\/a><\/strong><br>\n<span style=\"font-size: 13px;\"><span style=\"font-family: Verdana,Geneva,sans-serif;\"><span data-mce-mark=\"1\"><strong><a href=\"https:\/\/sisu.ut.ee\/ewod\/k\/kalmus\">Ain Kalmus<\/a><\/strong><br>\n<strong><a href=\"https:\/\/sisu.ut.ee\/ewod\/k\/kamsen\">Reinhold Kamsen<\/a><\/strong><br>\n<a href=\"https:\/\/sisu.ut.ee\/ewod\/k\/kangilaski\">Jaan Kangilaski<\/a><br>\n<strong><a href=\"https:\/\/sisu.ut.ee\/ewod\/k\/bernardkangro\">Bernard Kangro<\/a><\/strong><br>\n<a href=\"https:\/\/sisu.ut.ee\/ewod\/k\/kirkekangro\">Kirke Kangro<\/a><br>\n<strong><a href=\"https:\/\/sisu.ut.ee\/ewod\/k\/maarjakangro\">Maarja Kangro<\/a><\/strong><br>\n<strong><a href=\"https:\/\/sisu.ut.ee\/ewod\/k\/kangur\">Kalju Kangur<\/a><\/strong><br>\n<strong><a href=\"https:\/\/sisu.ut.ee\/ewod\/k\/martkangur\">Mart Kangur<\/a><\/strong><\/span><br>\n<strong><a title=\"\" href=\"https:\/\/sisu.ut.ee\/ewod\/k\/taavikangur\" data-url=\"https:\/\/sisu.ut.ee\/ewod\/k\/taavikangur\">Taavi Kangur<\/a><\/strong><br>\n<span data-mce-mark=\"1\"><strong><a href=\"https:\/\/sisu.ut.ee\/ewod\/k\/jaankaplinski\">Jaan Kaplinski<\/a><\/strong><br>\n<a href=\"https:\/\/sisu.ut.ee\/ewod\/k\/karajev\">Nikolai Karajev (\u041d\u0438\u043a\u043e\u043b\u0430\u0439 \u041a\u0430\u0440\u0430\u0435\u0432)<\/a><\/span><br>\n<span data-mce-mark=\"1\"><strong><a href=\"https:\/\/sisu.ut.ee\/ewod\/k\/kareva\">Doris Kareva<\/a><\/strong><\/span><br>\n<strong><a title=\"\" href=\"https:\/\/sisu.ut.ee\/ewod\/k\/karm\" data-url=\"https:\/\/sisu.ut.ee\/ewod\/k\/karm\">Hille Karm<\/a><\/strong><\/span><\/span><br>\n<strong><a title=\"\" href=\"https:\/\/sisu.ut.ee\/ewod\/k\/sannakartau\" data-url=\"https:\/\/sisu.ut.ee\/ewod\/k\/sannakartau\">Sanna Kartau<\/a><\/strong><br>\n<span style=\"font-size: 13px;\"><span style=\"font-family: Verdana,Geneva,sans-serif;\"><span data-mce-mark=\"1\"><a href=\"https:\/\/sisu.ut.ee\/ewod\/k\/ennkaru\">Enn Karu<\/a><br>\n<strong><a href=\"https:\/\/sisu.ut.ee\/ewod\/k\/karuks\">Urve Karuks<\/a><\/strong><br>\n<strong><a href=\"https:\/\/sisu.ut.ee\/ewod\/k\/karusoo\">Merle Karusoo<\/a><\/strong><\/span><br>\n<strong><a title=\"\" href=\"https:\/\/sisu.ut.ee\/ewod\/k\/kaschan\" data-url=\"https:\/\/sisu.ut.ee\/ewod\/k\/kaschan\">Berit Kaschan<\/a><\/strong><br>\n<span data-mce-mark=\"1\"><strong><a href=\"https:\/\/sisu.ut.ee\/ewod\/k\/kasemaa\">Andrus Kasemaa<\/a><\/strong><br>\n<strong><a href=\"https:\/\/sisu.ut.ee\/ewod\/k\/kask\">Agu Kask<\/a><\/strong><\/span><br>\n<span data-mce-mark=\"1\"><a href=\"https:\/\/sisu.ut.ee\/ewod\/k\/jaankask\">Jaan Kask<\/a><br>\n<a href=\"https:\/\/sisu.ut.ee\/ewod\/k\/kaljukass\">Kalju Kass<\/a><br>\n<strong><a href=\"https:\/\/sisu.ut.ee\/ewod\/k\/kass\">Kristiina Kass<\/a><\/strong><\/span><br>\n<strong><span data-mce-mark=\"1\"><a href=\"https:\/\/sisu.ut.ee\/ewod\/k\/kaugver\">Raimond Kaugver<\/a><\/span><\/strong><br>\n<strong><span data-mce-mark=\"1\"><a href=\"https:\/\/sisu.ut.ee\/ewod\/k\/kauksi\">Kauksi \u00dclle<\/a><\/span><\/strong><br>\n<span data-mce-mark=\"1\"><a href=\"https:\/\/sisu.ut.ee\/ewod\/k\/kauri\">Jan Kauri<\/a><br>\n<strong><a href=\"https:\/\/sisu.ut.ee\/ewod\/k\/jankaus\">Jan Kaus<\/a><\/strong><\/span><br>\n<span data-mce-mark=\"1\"><strong><a href=\"k\/kender\">Kaur Kender<\/a><\/strong><br>\n<strong><a href=\"https:\/\/sisu.ut.ee\/ewod\/k\/keyserling\">Hermann von Keyserling<\/a><\/strong><br>\n<a href=\"https:\/\/sisu.ut.ee\/ewod\/k\/kentmann\">Ingeborg Kentmann<\/a><br>\n<strong><a href=\"https:\/\/sisu.ut.ee\/ewod\/k\/keranen\">Mika Ker\u00e4nen<\/a><\/strong><br>\n<strong><a href=\"https:\/\/sisu.ut.ee\/ewod\/k\/kesamaa\">Manivald Kesamaa<\/a><\/strong><br>\n<strong><a href=\"https:\/\/sisu.ut.ee\/ewod\/k\/keskula\">Kalev Kesk\u00fcla<\/a><\/strong><\/span><br>\n<span data-mce-mark=\"1\"><strong><a href=\"https:\/\/sisu.ut.ee\/ewod\/k\/kibuvits\">Leida Kibuvits<\/a><\/strong><br>\n<strong><a href=\"https:\/\/sisu.ut.ee\/ewod\/k\/kiik\">Heino Kiik<\/a><\/strong><br>\n<strong><a href=\"https:\/\/sisu.ut.ee\/ewod\/k\/kiiler\">\u00dclo Kiiler<\/a><\/strong><\/span><br>\n<strong><a title=\"\" href=\"https:\/\/sisu.ut.ee\/ewod\/k\/kiin\" data-url=\"https:\/\/sisu.ut.ee\/ewod\/k\/kiin\">Sirje Kiin<\/a><\/strong><\/span><\/span><br>\n<strong><a title=\"\" href=\"https:\/\/sisu.ut.ee\/ewod\/k\/kilusk\" data-url=\"https:\/\/sisu.ut.ee\/ewod\/k\/kilusk\">Ott Kilusk<\/a><\/strong><br>\n<span style=\"font-size: 13px;\"><span style=\"font-family: Verdana,Geneva,sans-serif;\"><strong><a title=\"\" href=\"https:\/\/sisu.ut.ee\/ewod\/k\/kippel\" data-url=\"https:\/\/sisu.ut.ee\/ewod\/k\/kippel\">Enn Kippel<\/a><\/strong><br>\n<span data-mce-mark=\"1\"><a href=\"https:\/\/sisu.ut.ee\/ewod\/k\/kirme\">Kaalu Kirme<\/a><br>\n<strong><a href=\"https:\/\/sisu.ut.ee\/ewod\/k\/kirss\">Tiina Kirss<\/a><\/strong><br>\n<strong><a href=\"https:\/\/sisu.ut.ee\/ewod\/k\/kitzberg\">August Kitzberg<\/a><\/strong><\/span><br>\n<span data-mce-mark=\"1\"><strong><a href=\"https:\/\/sisu.ut.ee\/ewod\/k\/kivastik\">Mart Kivastik<\/a><\/strong><br>\n<strong><a href=\"https:\/\/sisu.ut.ee\/ewod\/k\/aitakivi\">Aita Kivi<\/a><\/strong><br>\n<a href=\"https:\/\/sisu.ut.ee\/ewod\/k\/klindakivi\">K. Linda Kivi<\/a><br>\n<a href=\"https:\/\/sisu.ut.ee\/ewod\/k\/kristerkivi\"><strong>Krister Kivi<\/strong><\/a><br>\n<strong><a href=\"https:\/\/sisu.ut.ee\/ewod\/k\/kivikas\">Albert Kivikas<\/a><\/strong><\/span><\/span><\/span><br>\n<strong><a title=\"\" href=\"https:\/\/sisu.ut.ee\/ewod\/k\/kivimaa\" data-url=\"https:\/\/sisu.ut.ee\/ewod\/k\/kivimaa\">Evelin Kivimaa<\/a><\/strong><br>\n<span style=\"font-size: 13px;\"><span style=\"font-family: Verdana,Geneva,sans-serif;\"><span data-mce-mark=\"1\"><strong><a href=\"https:\/\/sisu.ut.ee\/ewod\/k\/kivirahk\">Andrus Kivir\u00e4hk<\/a><\/strong><br>\n<strong><a href=\"https:\/\/sisu.ut.ee\/ewod\/k\/kiviruut\">Kersti Kivir\u00fc\u00fct<\/a><\/strong><br>\n<strong><a href=\"https:\/\/sisu.ut.ee\/ewod\/k\/kivisildnik\">Kivisildnik<\/a><\/strong><br>\n<strong><a href=\"https:\/\/sisu.ut.ee\/ewod\/k\/kivisilla\">Veronika Kivisilla<\/a><\/strong><br>\n<strong><a href=\"https:\/\/sisu.ut.ee\/ewod\/k\/mario-kivistik\/\">Mario Kivistik<\/a><br>\n<a href=\"https:\/\/sisu.ut.ee\/ewod\/k\/kiwa\">Kiwa<\/a><\/strong><br>\n<a href=\"https:\/\/sisu.ut.ee\/ewod\/k\/klein\">Gennadi S. Klein<\/a><br>\n<a href=\"https:\/\/sisu.ut.ee\/ewod\/k\/kloga\">Zinaida Kl\u00f5ga (\u0417\u0438\u043d\u0430\u0438\u0434\u0430 \u041a\u043b\u044b\u0433\u0430)<\/a><br>\n<a href=\"https:\/\/sisu.ut.ee\/ewod\/k\/koeney\">Albert Koeney<\/a><br>\n<strong><a href=\"https:\/\/sisu.ut.ee\/ewod\/k\/evakoff\" data-url=\"https:\/\/sisu.ut.ee\/ewod\/k\/eevakoff\">Eva Koff<\/a><\/strong><br>\n<strong><a href=\"https:\/\/sisu.ut.ee\/ewod\/k\/koff\">Indrek Koff<\/a><\/strong><\/span><\/span><\/span><\/div>\n<div><span style=\"font-size: 13px;\"><span style=\"font-family: Verdana,Geneva,sans-serif;\"><a href=\"https:\/\/sisu.ut.ee\/ewod\/k\/kohava\">Marika Kohava<\/a><br>\n<a href=\"https:\/\/sisu.ut.ee\/ewod\/k\/kohsen\">Johann Kohsen<\/a><br>\n<strong><a href=\"https:\/\/sisu.ut.ee\/ewod\/k\/koidula\">Lydia Koidula<\/a><\/strong><br>\n<a href=\"https:\/\/sisu.ut.ee\/ewod\/k\/koits\">Koits<\/a><br>\n<strong><a title=\"\" href=\"https:\/\/sisu.ut.ee\/ewod\/k\/kokla\" data-url=\"https:\/\/sisu.ut.ee\/ewod\/k\/kokla\">Tiiu Kokla<\/a><\/strong><br>\n<strong><a href=\"https:\/\/sisu.ut.ee\/ewod\/k\/jurikolk\">J\u00fcri Kolk<\/a><\/strong><br>\n<strong><a href=\"https:\/\/sisu.ut.ee\/ewod\/k\/raimondkolk\">Raimond Kolk<\/a><\/strong><br>\n<strong><a href=\"https:\/\/sisu.ut.ee\/ewod\/k\/kolla\">Ilmi Kolla<\/a><\/strong><br>\n<strong><a href=\"https:\/\/sisu.ut.ee\/ewod\/k\/kompus\">Marko Kompus<\/a><\/strong><br>\n<a href=\"https:\/\/sisu.ut.ee\/ewod\/k\/kongas\">Lembi Kongas<\/a><br>\n<strong><a title=\"\" href=\"https:\/\/sisu.ut.ee\/ewod\/k\/kaljukonsin\" data-url=\"https:\/\/sisu.ut.ee\/ewod\/k\/kaljukonsin\">Kalju Konsin<\/a><\/strong><br>\n<strong><a href=\"https:\/\/sisu.ut.ee\/ewod\/k\/kool\">Ott Kool<\/a><\/strong><\/span><\/span><\/div>\n<div><span style=\"font-size: 13px;\"><span style=\"font-family: Verdana,Geneva,sans-serif;\"><strong><a title=\"\" href=\"https:\/\/sisu.ut.ee\/ewod\/k\/koort\" data-url=\"https:\/\/sisu.ut.ee\/ewod\/k\/koort\">Erkki Koort<\/a><\/strong><br>\n<strong><a href=\"https:\/\/sisu.ut.ee\/ewod\/k\/kork\">Arvi Kork<\/a><\/strong><br>\n<strong><a href=\"https:\/\/sisu.ut.ee\/ewod\/k\/korzhets\">Vladislav Kor\u017eets<\/a><\/strong><br>\n<strong><a href=\"https:\/\/sisu.ut.ee\/ewod\/k\/kotjuh\">Igor Kotjuh (\u0418\u0433\u043e\u0440\u044c \u041a\u043e\u0442\u044e\u0445)<\/a><\/strong><br>\n<strong><a href=\"https:\/\/sisu.ut.ee\/ewod\/k\/kotta\">Felix Kotta<\/a><\/strong><br>\n<a href=\"https:\/\/sisu.ut.ee\/ewod\/k\/kraav\">Fred Kraav<\/a><br>\n<a title=\"\" href=\"https:\/\/sisu.ut.ee\/ewod\/k\/krafinna\" data-url=\"https:\/\/sisu.ut.ee\/ewod\/k\/krafinna\">Krafinna<\/a><br>\n<strong><a href=\"https:\/\/sisu.ut.ee\/ewod\/k\/krants\">Eduard Krants<\/a><\/strong><br>\n<a href=\"https:\/\/sisu.ut.ee\/ewod\/k\/krasnov\">Dimitri Krasnov (\u0414\u043c\u0438\u0442\u0440\u0438\u0439 \u041a\u0440\u0430\u0441\u043d\u043e\u0432)<\/a><br>\n<strong><a href=\"http:\/\/sisu.ut.ee\/ewod\/k\/anukree\">Anu Kree<\/a><br>\n<a title=\"\" href=\"https:\/\/sisu.ut.ee\/ewod\/k\/kressa\" data-url=\"https:\/\/sisu.ut.ee\/ewod\/k\/kressa\">Kaarel Kressa<\/a><\/strong><br>\n<strong><a href=\"https:\/\/sisu.ut.ee\/ewod\/k\/kreutzwald\">Friedrich Reinhold Kreutzwald<\/a><\/strong><br>\n<strong><a href=\"https:\/\/sisu.ut.ee\/ewod\/k\/kriisa\">Tiia Kriisa<\/a><\/strong><br>\n<strong><a href=\"https:\/\/sisu.ut.ee\/ewod\/k\/kronberg\">Janika Kronberg<\/a><\/strong><br>\n<strong><a href=\"https:\/\/sisu.ut.ee\/ewod\/k\/helgakross\">Helga Kross<\/a><\/strong><br>\n<strong><a href=\"https:\/\/sisu.ut.ee\/ewod\/k\/jaankross\/\">Jaan Kross<\/a><\/strong><br>\n<strong><a href=\"https:\/\/sisu.ut.ee\/ewod\/k\/martenkross\">M\u00e4rten Kross<\/a><\/strong><br>\n<strong><a href=\"https:\/\/sisu.ut.ee\/ewod\/k\/krull\">Hasso Krull<\/a><\/strong><br>\n<strong><a href=\"https:\/\/sisu.ut.ee\/ewod\/k\/ernikrusten\">Erni Krusten<\/a><\/strong><br>\n<strong><a href=\"https:\/\/sisu.ut.ee\/ewod\/k\/pedrokrusten\">Pedro Krusten<\/a><\/strong><br>\n<strong><a href=\"https:\/\/sisu.ut.ee\/ewod\/k\/kruus\">Oskar Kruus<\/a><\/strong><br>\n<strong><a href=\"https:\/\/sisu.ut.ee\/ewod\/k\/priitkruus\">Priit Kruus<\/a><br>\n<a href=\"https:\/\/sisu.ut.ee\/ewod\/k\/kruusa\">Kruusa Kalju<\/a><\/strong><br>\n<strong><a href=\"https:\/\/sisu.ut.ee\/ewod\/k\/kruusvall\">Jaan Kruusvall<\/a><\/strong><br>\n<strong><a title=\"\" href=\"https:\/\/sisu.ut.ee\/ewod\/k\/kruut\" data-url=\"https:\/\/sisu.ut.ee\/ewod\/k\/kruut\">Evald Kruut<\/a><\/strong><br>\n<strong><a href=\"https:\/\/sisu.ut.ee\/ewod\/k\/kudu\">Reet Kudu<\/a><\/strong><br>\n<strong><a href=\"https:\/\/sisu.ut.ee\/ewod\/k\/kuhlbars\">Friedrich Kuhlbars<\/a><\/strong><br>\n<strong><a href=\"https:\/\/sisu.ut.ee\/ewod\/k\/kuik\">Valentin Kuik<\/a><\/strong><br>\n<strong><a title=\"\" href=\"https:\/\/sisu.ut.ee\/ewod\/k\/kull\" data-url=\"https:\/\/sisu.ut.ee\/ewod\/k\/kull\">Aivar Kull<\/a><\/strong><br>\n<a title=\"\" href=\"https:\/\/sisu.ut.ee\/ewod\/k\/kullijuri\" data-url=\"https:\/\/sisu.ut.ee\/ewod\/k\/kullijuri\">Kulli J\u00fcri<\/a><br>\n<strong><a href=\"https:\/\/sisu.ut.ee\/ewod\/k\/kunder\">Juhan Kunder<\/a><\/strong><br>\n<strong><a href=\"https:\/\/sisu.ut.ee\/ewod\/k\/kunnas\">Leo Kunnas<\/a><\/strong><br>\n<strong><a title=\"\" href=\"https:\/\/sisu.ut.ee\/ewod\/k\/kunnus\" data-url=\"https:\/\/sisu.ut.ee\/ewod\/k\/kunnus\">Mihkel Kunnus<\/a><\/strong><br>\n<strong><a href=\"https:\/\/sisu.ut.ee\/ewod\/k\/kurg\">Kalle Kurg<\/a><\/strong><br>\n<a href=\"https:\/\/sisu.ut.ee\/ewod\/k\/kurismaa\">kaarel kurismaa<\/a><br>\n<strong><a href=\"https:\/\/sisu.ut.ee\/ewod\/k\/kurrik\">Juhan Kurrik<\/a><\/strong><br>\n<strong><a href=\"http:\/\/sisu.ut.ee\/ewod\/k\/aitakurfeldt\">Aita Kurfeldt<\/a><br>\n<a href=\"https:\/\/sisu.ut.ee\/ewod\/k\/kurvits\">Lembit Kurvits<\/a><\/strong><\/span><\/span><br>\n<strong><a title=\"\" href=\"https:\/\/sisu.ut.ee\/ewod\/k\/kurvitz\" data-url=\"https:\/\/sisu.ut.ee\/ewod\/k\/kurvitz\">Robert Kurvitz<\/a><\/strong><br>\n<span style=\"font-size: 13px;\"><span style=\"font-family: Verdana,Geneva,sans-serif;\"><strong><a title=\"\" href=\"https:\/\/sisu.ut.ee\/ewod\/k\/kusnets\" data-url=\"https:\/\/sisu.ut.ee\/ewod\/k\/kusnets\">Tamur Kusnets<\/a><\/strong><br>\n<a href=\"https:\/\/sisu.ut.ee\/ewod\/k\/kuzmin\">Deniss Kuzmin (\u0414\u0435\u043d\u0438\u0441 K\u0443\u0437\u044c\u043c\u0438\u043d)<\/a><br>\n<strong><a href=\"https:\/\/sisu.ut.ee\/ewod\/k\/kuus\">Elar Kuus<\/a><\/strong><br>\n<strong><a href=\"https:\/\/sisu.ut.ee\/ewod\/k\/kuusberg\">Paul Kuusberg<\/a><\/strong><br>\n<strong><a title=\"\" href=\"https:\/\/sisu.ut.ee\/ewod\/k\/kodar\" data-url=\"https:\/\/sisu.ut.ee\/ewod\/k\/kodar\">Jaak K\u00f5dar<\/a><\/strong><br>\n<strong><a href=\"https:\/\/sisu.ut.ee\/ewod\/k\/madiskoiv\/\">Madis K\u00f5iv<\/a><\/strong><br>\n<a href=\"https:\/\/sisu.ut.ee\/ewod\/k\/koiva\">Enn O. K\u00f5iva<\/a><br>\nTiia K\u00f5nnussaar \u2013 <em>see<\/em> <strong><a href=\"https:\/\/sisu.ut.ee\/ewod\/n\/navi\">Tia Navi<\/a><\/strong><br>\n<strong><a title=\"\" href=\"https:\/\/sisu.ut.ee\/ewod\/k\/koomagi\" data-url=\"https:\/\/sisu.ut.ee\/ewod\/k\/koomagi\">Armin K\u00f5om\u00e4gi<\/a><\/strong><br>\n<strong><a href=\"https:\/\/sisu.ut.ee\/ewod\/k\/korv\">Jakob K\u00f5rv<\/a><\/strong><br>\n<strong><a href=\"https:\/\/sisu.ut.ee\/ewod\/k\/kousaar\">Kadri K\u00f5usaar<\/a><\/strong><br>\n<strong><a href=\"https:\/\/sisu.ut.ee\/ewod\/k\/kovamees\">Raissa K\u00f5vamees<\/a><\/strong><br>\n<strong><a title=\"\" href=\"https:\/\/sisu.ut.ee\/ewod\/k\/kandler\" data-url=\"https:\/\/sisu.ut.ee\/ewod\/k\/kandler\">Tiit K\u00e4ndler<\/a><\/strong><br>\n<strong><a title=\"\" href=\"https:\/\/sisu.ut.ee\/ewod\/k\/hennokao\" data-url=\"https:\/\/sisu.ut.ee\/ewod\/k\/hennokao\">Henno K\u00e4o<\/a><\/strong><br>\n<strong><a href=\"https:\/\/sisu.ut.ee\/ewod\/k\/karner\">Jaan K\u00e4rner<\/a><\/strong><br>\n<a href=\"https:\/\/sisu.ut.ee\/ewod\/k\/kart\">Benita K\u00e4rt<\/a><br>\nGohar K\u00e4sper \u2013 <em>see<\/em> <a href=\"https:\/\/sisu.ut.ee\/ewod\/m\/markosjankasper\">Gohar Markosjan-K\u00e4sper<\/a><br>\n<strong><a href=\"https:\/\/sisu.ut.ee\/ewod\/k\/kallekasper\">Kalle K\u00e4sper<\/a><\/strong><br>\n<strong><a href=\"https:\/\/sisu.ut.ee\/ewod\/k\/kasuhans\">K\u00e4su Hans<\/a><\/strong><br>\n<strong><a href=\"https:\/\/sisu.ut.ee\/ewod\/k\/korber\">Martin K\u00f6rber<\/a><\/strong><br>\n<strong><a href=\"https:\/\/sisu.ut.ee\/ewod\/k\/kulvet\">Ilmar K\u00fclvet<\/a><\/strong><br>\n<strong><a href=\"https:\/\/sisu.ut.ee\/ewod\/k\/kung\">Andres K\u00fcng<\/a><\/strong><br>\n<strong><a href=\"https:\/\/sisu.ut.ee\/ewod\/k\/kunnap\">Asko K\u00fcnnap<\/a><br>\n<a href=\"http:\/\/sisu.ut.ee\/ewod\/k\/kunnapas\">Heli K\u00fcnnapas<\/a><\/strong><\/span><\/span><\/div>\n","protected":false},"excerpt":{"rendered":"<p>Aira Kaal Ain Kaalep Viljar Kaarna Boris Kabur Mihkel Kaevats Lall Kahas \u2013 see Bernhard L\u00fclle and Iko Maran Holger Kaints Katrina Kalda Maie Kalda Hanneleele Kaldmaa J\u00fcri Kaldmaa K\u00e4tlin Kaldmaa J. Kaljula \u2013 see Johannes Jaks Andreas Kalkun Toomas &#8230;<\/p>\n","protected":false},"author":43,"featured_media":0,"parent":0,"menu_order":0,"comment_status":"closed","ping_status":"closed","template":"","meta":{"_acf_changed":false,"inline_featured_image":false,"footnotes":""},"class_list":["post-498","page","type-page","status-publish","hentry"],"acf":[],"_links":{"self":[{"href":"https:\/\/sisu.ut.ee\/ewod\/wp-json\/wp\/v2\/pages\/498","targetHints":{"allow":["GET"]}}],"collection":[{"href":"https:\/\/sisu.ut.ee\/ewod\/wp-json\/wp\/v2\/pages"}],"about":[{"href":"https:\/\/sisu.ut.ee\/ewod\/wp-json\/wp\/v2\/types\/page"}],"author":[{"embeddable":true,"href":"https:\/\/sisu.ut.ee\/ewod\/wp-json\/wp\/v2\/users\/43"}],"replies":[{"embeddable":true,"href":"https:\/\/sisu.ut.ee\/ewod\/wp-json\/wp\/v2\/comments?post=498"}],"version-history":[{"count":18,"href":"https:\/\/sisu.ut.ee\/ewod\/wp-json\/wp\/v2\/pages\/498\/revisions"}],"predecessor-version":[{"id":6635,"href":"https:\/\/sisu.ut.ee\/ewod\/wp-json\/wp\/v2\/pages\/498\/revisions\/6635"}],"wp:attachment":[{"href":"https:\/\/sisu.ut.ee\/ewod\/wp-json\/wp\/v2\/media?parent=498"}],"curies":[{"name":"wp","href":"https:\/\/api.w.org\/{rel}","templated":true}]}}