{"id":493,"date":"2024-04-03T23:39:54","date_gmt":"2024-04-03T20:39:54","guid":{"rendered":"https:\/\/sisu.ut.ee\/ewod\/plays-et-20\/"},"modified":"2024-04-04T00:09:54","modified_gmt":"2024-04-03T21:09:54","slug":"plays","status":"publish","type":"page","link":"https:\/\/sisu.ut.ee\/ewod\/k\/kabur\/plays\/","title":{"rendered":"Boris Kabur &#8211; plays"},"content":{"rendered":"<p><span style=\"font-size: medium\"><strong><span style=\"font-family: verdana, geneva\">Books<\/span><\/strong><\/span><\/p>\n<p><span style=\"font-size: small\"><span style=\"font-family: verdana, geneva\"><strong><em>Finnish<\/em><\/strong><br><strong>Robotti Rops: nuorison\u00e4ytelm\u00e4<\/strong>. Viron kielest\u00e4 suomentaneet Eeva Hyv\u00e4rinen ja Leena Nivanka. Helsisnki: Ty\u00f6v\u00e4en N\u00e4ytt\u00e4m\u00f6iden Liitto r.y., [196-?], 58 lk. [\u2018Rops\u2019.]<\/span><\/span><\/p>\n<p><\/p>\n<p><span style=\"font-size: medium\"><strong><span style=\"font-family: verdana, geneva\">In anthologies and magazines<\/span><\/strong><\/span><\/p>\n<p><em><strong><span style=\"font-family: verdana, geneva\">Russian<\/span><\/strong><\/em><br><span style=\"font-family: verdana, geneva\">\u0411\u043e\u0440\u0438\u0441 \u041a\u0430\u0431\u0443\u0440, <strong>\u0420\u043e\u043f\u0441; \u0420\u043e\u043f\u0441 \u043f\u043e\u043c\u043e\u0433\u0430\u0435\u0442 \u0432\u0441\u0435\u043c<\/strong>. \u2013 \u0422\u0438\u0445\u043e! \u0418\u0434\u0435\u0442 \u0440\u0435\u043f\u0435\u0442\u0438\u0446\u0438\u044f: \u043f\u044c\u0435\u0441\u044b \u044d\u0441\u0442\u043e\u043d\u0441\u043a\u0438\u0445 \u0434\u0435\u0442\u0441\u043a\u0438\u0445 \u043f\u0438\u0441\u0430\u0442\u0435\u043b\u0435\u0439. C\u043e\u0441\u0442\u0430\u0432\u0438\u0442\u0435\u043b\u044c \u0410\u043d\u0434\u0440\u0435\u0441 \u042f\u0430\u043a\u0441\u043e\u043e; \u043f\u0435\u0440\u0435\u0432\u043e\u0434 \u0441 \u044d\u0441\u0442\u043e\u043d\u0441\u043a\u043e\u0433\u043e: \u041d. \u041c\u0438\u0445\u0430\u0439\u043b\u043e\u0432\u0430 [ \u0438 \u0434\u0440.]. \u0422\u0430\u043b\u043b\u0438\u043d\u043d: \u042d\u044d\u0441\u0442\u0438 \u0440\u0430\u0430\u043c\u0430\u0442, 1979, 691 pp. [\u2019Rops\u2019, \u2019Rops aitab k\u00f5iki\u2019. See <strong><a href=\"https:\/\/sisu.ut.ee\/ewod\/anthologies\/tiho\">contents<\/a><\/strong> of the anthology.]<\/span><\/p>\n","protected":false},"excerpt":{"rendered":"<p>Books FinnishRobotti Rops: nuorison\u00e4ytelm\u00e4. Viron kielest\u00e4 suomentaneet Eeva Hyv\u00e4rinen ja Leena Nivanka. Helsisnki: Ty\u00f6v\u00e4en N\u00e4ytt\u00e4m\u00f6iden Liitto r.y., [196-?], 58 lk. [\u2018Rops\u2019.] In anthologies and magazines Russian\u0411\u043e\u0440\u0438\u0441 \u041a\u0430\u0431\u0443\u0440, \u0420\u043e\u043f\u0441; \u0420\u043e\u043f\u0441 \u043f\u043e\u043c\u043e\u0433\u0430\u0435\u0442 \u0432\u0441\u0435\u043c. \u2013 \u0422\u0438\u0445\u043e! \u0418\u0434\u0435\u0442 \u0440\u0435\u043f\u0435\u0442\u0438\u0446\u0438\u044f: \u043f\u044c\u0435\u0441\u044b \u044d\u0441\u0442\u043e\u043d\u0441\u043a\u0438\u0445 \u0434\u0435\u0442\u0441\u043a\u0438\u0445 \u043f\u0438\u0441\u0430\u0442\u0435\u043b\u0435\u0439. C\u043e\u0441\u0442\u0430\u0432\u0438\u0442\u0435\u043b\u044c &#8230;<\/p>\n","protected":false},"author":43,"featured_media":0,"parent":479,"menu_order":0,"comment_status":"closed","ping_status":"closed","template":"","meta":{"_acf_changed":false,"inline_featured_image":false,"footnotes":""},"class_list":["post-493","page","type-page","status-publish","hentry"],"acf":[],"_links":{"self":[{"href":"https:\/\/sisu.ut.ee\/ewod\/wp-json\/wp\/v2\/pages\/493","targetHints":{"allow":["GET"]}}],"collection":[{"href":"https:\/\/sisu.ut.ee\/ewod\/wp-json\/wp\/v2\/pages"}],"about":[{"href":"https:\/\/sisu.ut.ee\/ewod\/wp-json\/wp\/v2\/types\/page"}],"author":[{"embeddable":true,"href":"https:\/\/sisu.ut.ee\/ewod\/wp-json\/wp\/v2\/users\/43"}],"replies":[{"embeddable":true,"href":"https:\/\/sisu.ut.ee\/ewod\/wp-json\/wp\/v2\/comments?post=493"}],"version-history":[{"count":1,"href":"https:\/\/sisu.ut.ee\/ewod\/wp-json\/wp\/v2\/pages\/493\/revisions"}],"predecessor-version":[{"id":4582,"href":"https:\/\/sisu.ut.ee\/ewod\/wp-json\/wp\/v2\/pages\/493\/revisions\/4582"}],"up":[{"embeddable":true,"href":"https:\/\/sisu.ut.ee\/ewod\/wp-json\/wp\/v2\/pages\/479"}],"wp:attachment":[{"href":"https:\/\/sisu.ut.ee\/ewod\/wp-json\/wp\/v2\/media?parent=493"}],"curies":[{"name":"wp","href":"https:\/\/api.w.org\/{rel}","templated":true}]}}