{"id":492,"date":"2024-04-03T23:39:54","date_gmt":"2024-04-03T20:39:54","guid":{"rendered":"https:\/\/sisu.ut.ee\/ewod\/ranik\/"},"modified":"2024-04-04T00:09:54","modified_gmt":"2024-04-03T21:09:54","slug":"ranik","status":"publish","type":"page","link":"https:\/\/sisu.ut.ee\/ewod\/r\/ranik\/","title":{"rendered":"Valeria R\u00e4nik"},"content":{"rendered":"<p>\n\t<a href=\"https:\/\/sisu.ut.ee\/ewod\/r\/ranik\/poems\"><strong><span style=\"font-family: verdana, geneva;font-size: medium\">Poems<\/span><\/strong><\/a><strong><span style=\"font-family: verdana, geneva;font-size: medium\"> <\/span><\/strong><span style=\"font-family: verdana, geneva;font-size: medium\"><a href=\"https:\/\/sisu.ut.ee\/wp-content\/uploads\/sites\/108\/valeeria_ranik_2004_alar_madisson.jpg\" target=\"_self\" rel=\"noopener\"><img decoding=\"async\" alt=\"Valeria R\u00e4nik\" class=\"\" src=\"https:\/\/sisu.ut.ee\/wp-content\/uploads\/sites\/108\/valeria_ranik_alar_madisson_vaike.jpg\" style=\"float: right;width: 200px;height: 302px\" title=\"Photo: Alar Madisson\"><\/a><\/span>\n<\/p>\n<p>\n\t<a href=\"https:\/\/sisu.ut.ee\/ewod\/r\/ranik\/stories\"><strong><span style=\"font-family: verdana, geneva;font-size: medium\">Short stories<\/span><\/strong><\/a>\n<\/p>\n<p>\n\t<strong><span style=\"font-size:16px\"><span style=\"font-family:Verdana,Geneva,sans-serif\"><a data-url=\"https:\/\/sisu.ut.ee\/ewod\/r\/ranik\/about\" href=\"https:\/\/sisu.ut.ee\/ewod\/r\/ranik\/about\" title=\"\">About Valeria R\u00e4nik<\/a><\/span><\/span><\/strong>\n<\/p>\n<p>\u00a0\n<\/p>\n<p>Valeria R\u00e4nik (born 19 August 1964) is a poet and prose writer.\n<\/p>\n<p>\n\tR\u00e4nik was born and attended school in Moscow. She acquired the qualification of an electronics engineer at the Moscow Institute of Radio Engineering, Electronics and Automation. Thereafter, R\u00e4nik studied Estonian and Finno-Ugric philology at the University of Tartu; the master\u2019s thesis she defended there dealt with Lehte Hainsalu\u2019s creation. R\u00e4nik was a member of the Hirohall grouping and has been a member of the Estonian Writers\u2019 Union since 1991.\n<\/p>\n<p>\n\tAfter publishing verses in the press, R\u00e4nik issued her first poetry collections <em>Elluj\u00e4\u00e4mine<\/em> (\u2018Survival\u2019) and <em>Orb<\/em> (\u2018Orphan\u2019) in 1990. These received the Eduard Vilde Prize in Literature (1991), Orb additionally got the Betti Alver Debut Prize (1990). An essential place in R\u00e4nik\u2019s poetry belongs to the change of the language and cultural environment, to being an Estonian. The series of poetry collections with the word \u201cajast\u201d (about the time) in their titles foreground the more sociocritical attitude in contrast to the purely economic view; an essential place belongs to spiritual independence and ethics. Examples of multilingual poetry can be found in the collection <em>Linnad kasvavad \u00fcmber metsa: valik luulet 1984\u20132014<\/em> (\u2018Towns Growing Around the Forest: Selection of Poetry from 1984\u20132014\u2019, 2014). A significant place in R\u00e4nik\u2019s creation belongs to the theme of nature and animals, particularly cats and lynxes. She has studied lynxes thoroughly, collected materials and published books about them. Cats and children are the main characters in the book <em>\u00dclej\u00f5el, Kassilaiu pealinnas<\/em> (\u2018In Cat Islet Capital Beyond the River\u2019, 2000) and its sequel (2013). The former received the Literature Endowment Annual Award.\n<\/p>\n<p>\n\tIn 2014, R\u00e4nik announced that she had finished issuing books on paper as she did not want to contribute to cutting down of forests, adding that \u201cthere are other ways to publish books.\u201d\n<\/p>\n<p>\n\tShe has received a prize from the Mother Tongue Society for collecting language material (1994) and a special award at the playwriting competition of the Estonian Theatre Agency for the play <em>Mullamustuke<\/em> (1995).\n<\/p>\n<p>\n\t<em>A. K. (Translated by I. A.)<\/em>\n<\/p>\n<p><strong><span style=\"font-size:16px\">Books in Estonian<\/span><\/strong>\n<\/p>\n<p>\n\t<strong><em>Poetry collections<\/em><\/strong><br><strong>Elluj\u00e4\u00e4mine<\/strong>. Tartu: Eesti Kostabi Selts, 1990, 71 lk<br><strong>Orb<\/strong>: eemalolija luuletusi. Tallinn: Eesti Raamat, 1990, 93 lk<br><strong>Ajast kinni<\/strong>: luuletusi aastaist 1988-1992. Helsinki: Oittinen, 1993, 80 lk<br><strong>Ajast v\u00e4ljas<\/strong>. Viljandi: ajaleht Sakala, 1994, 31 lk<br><strong>Ajast m\u00f6\u00f6da<\/strong>: luuletusi aastatest 1994-1998. Tartu: Ilmamaa, 2000, 94 lk<br><strong>Aitab ajast<\/strong>: valikkogu 1983-2000. Tartu: Ilmamaa, 2001, 61 lk<br><strong>Metsa poole<\/strong>: 12 aastat imelist salaelu. Tartu: V. R\u00e4nik, 2011, 96 lk<br><strong>Linnad kasvavad \u00fcmber metsa<\/strong>: valik luulet 1984-2014. Tartu: V. R\u00e4nik, 2014, 55 lk\n<\/p>\n<p>\n\t<strong><em>Books for children<\/em><\/strong><br><strong>\u00dclej\u00f5el, Kassilaiu pealinnas<\/strong>: jutustus. Tartu: Elmatar, 2000, 64 lk [2. tr\u00fckk: 2006]<br><strong>Luulepere pereluuleraamat<\/strong>. Tallinn: Tuum, 2001, 44 lk<br><strong>V\u00e4ike ilves, suur Murr ja teised<\/strong>: muinasjutt. Tartu: V. R\u00e4nik, 2003, 120 lk<br><strong>Seitsme puu ja m\u00e4tta taga<\/strong>: kaasaegne metsalugu m\u00e4\u00e4ramata vanuses inimlastele. Tartu: V. R\u00e4nik, 2007, 30 lk<br><strong>Valgust t\u00e4is suur pilvealune tuba<\/strong>: luuletused. Tallinn: TEA Kirjastus, 2007, 60 lk<br><strong>Puude taga j\u00f5gi, j\u00f5e taga mets<\/strong>: muinasjutukauge metsalugu igas vanuses inimlastele. Tartu: V. R\u00e4nik, 2010, 30 lk<br><strong>\u00dclej\u00f5el, Kassilaiu pealinnas. Teine raamat<\/strong>. Tartu: V. R\u00e4nik, 2013, 128 lk\n<\/p>\n<p>\n\t<strong><em>Miscellaneous<\/em><\/strong><br><strong>Lehte Hainsalu: miski peab olema p\u00fcha<\/strong>. Tartu: V. R\u00e4nik, 2004, 263 lk<br><strong>Hundijutud ja karulood<\/strong>. Tartu: V. R\u00e4nik, 2005, 128 lk<br><strong>Ilves ilves. Raamat maailma ilvestest<\/strong>. Tartu: V. R\u00e4nik, 2005, 320 lk<br><strong>Viis aastat vanemaks<\/strong>. Tartu: V. R\u00e4nik, 2008, 96 lk<br><strong>Hundijutud ja karulood. Teine raamat<\/strong>. Tartu: V. R\u00e4nik, 2010, 200 lk<\/p>\n","protected":false},"excerpt":{"rendered":"<p>Poems Short stories About Valeria R\u00e4nik \u00a0 Valeria R\u00e4nik (born 19 August 1964) is a poet and prose writer. R\u00e4nik was born and attended school in Moscow. She acquired the qualification of an electronics engineer at the Moscow Institute of &#8230;<\/p>\n","protected":false},"author":43,"featured_media":0,"parent":686,"menu_order":0,"comment_status":"closed","ping_status":"closed","template":"","meta":{"_acf_changed":false,"inline_featured_image":false,"footnotes":""},"class_list":["post-492","page","type-page","status-publish","hentry"],"acf":[],"_links":{"self":[{"href":"https:\/\/sisu.ut.ee\/ewod\/wp-json\/wp\/v2\/pages\/492","targetHints":{"allow":["GET"]}}],"collection":[{"href":"https:\/\/sisu.ut.ee\/ewod\/wp-json\/wp\/v2\/pages"}],"about":[{"href":"https:\/\/sisu.ut.ee\/ewod\/wp-json\/wp\/v2\/types\/page"}],"author":[{"embeddable":true,"href":"https:\/\/sisu.ut.ee\/ewod\/wp-json\/wp\/v2\/users\/43"}],"replies":[{"embeddable":true,"href":"https:\/\/sisu.ut.ee\/ewod\/wp-json\/wp\/v2\/comments?post=492"}],"version-history":[{"count":1,"href":"https:\/\/sisu.ut.ee\/ewod\/wp-json\/wp\/v2\/pages\/492\/revisions"}],"predecessor-version":[{"id":4581,"href":"https:\/\/sisu.ut.ee\/ewod\/wp-json\/wp\/v2\/pages\/492\/revisions\/4581"}],"up":[{"embeddable":true,"href":"https:\/\/sisu.ut.ee\/ewod\/wp-json\/wp\/v2\/pages\/686"}],"wp:attachment":[{"href":"https:\/\/sisu.ut.ee\/ewod\/wp-json\/wp\/v2\/media?parent=492"}],"curies":[{"name":"wp","href":"https:\/\/api.w.org\/{rel}","templated":true}]}}