{"id":491,"date":"2024-04-03T23:39:54","date_gmt":"2024-04-03T20:39:54","guid":{"rendered":"https:\/\/sisu.ut.ee\/ewod\/novels-et-26\/"},"modified":"2024-04-04T00:09:53","modified_gmt":"2024-04-03T21:09:53","slug":"novels","status":"publish","type":"page","link":"https:\/\/sisu.ut.ee\/ewod\/g\/gross\/novels\/","title":{"rendered":"Villem Gross &#8211; novels"},"content":{"rendered":"<p><span style=\"font-size: medium\"><strong><span style=\"font-family: verdana, geneva\">Books<\/span><\/strong><\/span><\/p>\n<p><em><strong><span style=\"font-family: verdana, geneva;font-size: small\">Armenian<br><\/span><\/strong><\/em><strong><span style=\"font-family: verdana, geneva;font-size: small\"><strong>\u041e\u0434\u043d\u043e\u043a\u043b\u0430\u0441\u0441\u043d\u0438\u043a\u0438<\/strong><\/span><\/strong><span style=\"font-family: verdana, geneva;font-size: small\">. \u0415\u0440\u0435\u0432\u0430\u043d:\u00a0\u0410\u0439\u0430\u0441\u0442\u0430\u043d, 1975, 312 pp. [\u2019Pinginaabrid\u2019.]<\/span><em><strong><span style=\"font-family: verdana, geneva;font-size: small\"><br><\/span><\/strong><\/em><\/p>\n<p><em><strong><span style=\"font-family: verdana, geneva;font-size: small\">Czech<\/span><\/strong><\/em><br><span style=\"font-family: verdana, geneva;font-size: small\"><strong>Zlo\u010din v alinze<\/strong>. P\u0159el. Nad\u011b\u017eda Slabihoudov\u00e1. Ilustr\u00e1tor Old\u0159ich Po\u0161murn\u00fd. Lidov\u00e1 knihovna, sv. 80. Praha: Lidov\u00e9 nakladatelstv\u00ed, 1984, 246 pp. [Translation of \u2019Vaikimise motiivid\u2019.]<\/span><\/p>\n","protected":false},"excerpt":{"rendered":"<p>Books Armenian\u041e\u0434\u043d\u043e\u043a\u043b\u0430\u0441\u0441\u043d\u0438\u043a\u0438. \u0415\u0440\u0435\u0432\u0430\u043d:\u00a0\u0410\u0439\u0430\u0441\u0442\u0430\u043d, 1975, 312 pp. [\u2019Pinginaabrid\u2019.] CzechZlo\u010din v alinze. P\u0159el. Nad\u011b\u017eda Slabihoudov\u00e1. Ilustr\u00e1tor Old\u0159ich Po\u0161murn\u00fd. Lidov\u00e1 knihovna, sv. 80. Praha: Lidov\u00e9 nakladatelstv\u00ed, 1984, 246 pp. [Translation of \u2019Vaikimise motiivid\u2019.]<\/p>\n","protected":false},"author":43,"featured_media":0,"parent":2144,"menu_order":0,"comment_status":"closed","ping_status":"closed","template":"","meta":{"_acf_changed":false,"inline_featured_image":false,"footnotes":""},"class_list":["post-491","page","type-page","status-publish","hentry"],"acf":[],"_links":{"self":[{"href":"https:\/\/sisu.ut.ee\/ewod\/wp-json\/wp\/v2\/pages\/491","targetHints":{"allow":["GET"]}}],"collection":[{"href":"https:\/\/sisu.ut.ee\/ewod\/wp-json\/wp\/v2\/pages"}],"about":[{"href":"https:\/\/sisu.ut.ee\/ewod\/wp-json\/wp\/v2\/types\/page"}],"author":[{"embeddable":true,"href":"https:\/\/sisu.ut.ee\/ewod\/wp-json\/wp\/v2\/users\/43"}],"replies":[{"embeddable":true,"href":"https:\/\/sisu.ut.ee\/ewod\/wp-json\/wp\/v2\/comments?post=491"}],"version-history":[{"count":1,"href":"https:\/\/sisu.ut.ee\/ewod\/wp-json\/wp\/v2\/pages\/491\/revisions"}],"predecessor-version":[{"id":4580,"href":"https:\/\/sisu.ut.ee\/ewod\/wp-json\/wp\/v2\/pages\/491\/revisions\/4580"}],"up":[{"embeddable":true,"href":"https:\/\/sisu.ut.ee\/ewod\/wp-json\/wp\/v2\/pages\/2144"}],"wp:attachment":[{"href":"https:\/\/sisu.ut.ee\/ewod\/wp-json\/wp\/v2\/media?parent=491"}],"curies":[{"name":"wp","href":"https:\/\/api.w.org\/{rel}","templated":true}]}}