{"id":479,"date":"2024-04-03T23:39:53","date_gmt":"2024-04-03T20:39:53","guid":{"rendered":"https:\/\/sisu.ut.ee\/ewod\/kabur\/"},"modified":"2024-04-04T00:09:55","modified_gmt":"2024-04-03T21:09:55","slug":"kabur","status":"publish","type":"page","link":"https:\/\/sisu.ut.ee\/ewod\/k\/kabur\/","title":{"rendered":"Boris Kabur"},"content":{"rendered":"<p style=\"text-align: left\">\n\t<a href=\"https:\/\/sisu.ut.ee\/ewod\/k\/kabur\/stories\"><strong><span style=\"font-size: medium;font-family: verdana, geneva\">Short stories<\/span><\/strong><\/a><a href=\"https:\/\/sisu.ut.ee\/wp-content\/uploads\/sites\/108\/kabur_boris.jpg\"><span style=\"font-size: medium;font-family: verdana, geneva\"><img loading=\"lazy\" decoding=\"async\" alt=\"Boris Kabur. Photo by Danuta Matuszewska\" src=\"\/wp-content\/uploads\/sites\/108\/kabur_boris.jpg\" style=\"float: right;margin-left: 20px;margin-right: 20px\" title=\"Photo by Danuta Matuszewska\" width=\"200\" height=\"257\"><\/span><\/a>\n<\/p>\n<p style=\"text-align: left\">\n\t<a href=\"https:\/\/sisu.ut.ee\/ewod\/k\/kabur\/plays\"><strong><span style=\"font-size: medium;font-family: verdana, geneva\">Plays<\/span><\/strong><\/a>\n<\/p>\n<p style=\"text-align: left\">\n\t<span style=\"font-size: medium;font-family: verdana, geneva\"><span style=\"font-size: small\"><a href=\"https:\/\/sisu.ut.ee\/ewod\/k\/kabur\/about\"><strong><span style=\"font-size: medium\">About Boris Kabur<\/span><\/strong><\/a><\/span><\/span><\/p>\n<p><span style=\"color:#000000\">Boris Kabur (15. IX 1917 \u2013 28. I 2002) was an Estonian writer and translator, whose literary works mostly deal with ethical and philosophical science problems in the science fiction genre. <\/span><br><span style=\"color:#000000\"><span style=\"font-size: small\">\u00a0<\/span><br><span style=\"font-size: small\">He was born to a working class family, his father was Mordovian, his grandfather was a shaman in Mordovia. From 1925\u20131931, he studied in Tallinn 5th primary school and in 1936, he graduated from Tallinn Secondary School of Business for Boys. In 1941, he graduated from the Faculty of Mathematics and Science of the University of Tartu with a Master\u2019s degree in physics and continued his studies in medicine. Joining the student society Veljesto furthered his interest in the humanities. From 1942\u20131945, he worked as an assistant in the Radiology Department of the University of Tartu. From 1945\u20131946, he was imprisoned. From 1946\u20131947, he worked at the Russian Research Institute of Fisheries and Oceanography (VNIRO) in Moscow. From 1947\u20131954, he was imprisoned in a prison camp in Siberia. As a testament to his inventiveness, he co-constructed the handheld chainsaw Druzhba while working in the forestry department at the prison camp. Druzhba later became an iconic and widely used tool all over Soviet Union. In 1954, Kabur made his way back to Estonia and became a freelance writer. In 1966, he joined the Estonian Writer\u2019s Union. He was selected for the position of honorary member of the Estonian Academic Oriental Society for being a merited translator of Oriental literature. From 1970, he was a member of the adventure and science fiction writing council of the Union of Soviet Writers. In 1973, he won the science fiction main prize of socialist countries in Pozna\u0144 with his young adult short story <em>Kosmose rannavetes<\/em> (\u2018In the Coastal Waters of Space\u2019). In the last decades of his life, he lived in Peedu, near Elva. <\/span><br><span style=\"font-size: small\">\u00a0<\/span><br><span style=\"font-size: small\">His cybernetic children\u2019s plays <em>Rops<\/em> (staged in 1964) and <em>Rops aitab k\u00f5iki<\/em> (\u2018Rops Helps Everyone\u2019, staged in 1965, both plays published in 1967) join the scientific zeitgeist of the time by using fairytale devices to explain to children the truths of modern science, i.e. cybernetics. Cyber boy Rops is an everyday life character who resembles humans in almost every sense and humorously embodies the artificial intelligence ideal of scientific and technological progress. By contemplating the problem of the conscience and most importantly, of good and evil, and through portraying the metaphorical relationship between man and machine, Kabur explores the ethical side of technocracy of the day. His plays criticize the bureaucratic Soviet school and education system, which favored robotic behavior, rigid thinking and putting the collective first. His plays were repeatedly staged in the Soviet Union, Eastern Europe and Finland, but also by Estonian drama societies in the US and Australia. <\/span><br><span style=\"font-size: small\">\u00a0<\/span><br><span style=\"font-size: small\">His optimistic story <em>Kosmose rannavetes<\/em> (\u2018In the Coastal Waters of Space\u2019) is pure science fiction, a so-called planetary romance that takes place on 24th century Earth and the planetoid Hermes. The main characters are three young and daring scientists, who expose a conspiracy by a power hungry space scientist and eliminate the lurking danger at the secret spaceport. The story creates an idealized image of future humans and an exaggerated vision of scientific and technological progress. The adventuristic and exultantly idealistic narrative explores the role of a scientist and the strength of the collective in society.<\/span><\/span><\/p>\n<p><span style=\"font-size: small\">The psychological sci-fi drama Antivalgus (\u2018Anti-light\u2019, staged in 1968) that remains in the manuscript stage, describes the intrigues in scientist circles that arise from ethical and philosophical differences. The play toys with quantum physics problems and explores the role and responsibilities of scientists in society. <\/span><\/p>\n<p><span style=\"color:#000000\"><span style=\"font-size: medium;font-family: verdana, geneva\"><span style=\"font-size: small\">From 1941, in addition to fiction, Kabur also produced many translations. Most notably, he translated poetry by W. Whitman and E. L. Masters, the epic <em>Laul Haiavatast<\/em> (\u2018The Song of Hiawatha\u2019 by H. W. Longfellow) that features Native American characters, Frankenstein by M. Shelley, and other works by V. Rasputin, N. Roerich, N. Wiener and many others. He translated into Estonian other epics as well, for example the Sumerian epic <em>Gilgamesh<\/em> and the Armenian <em>Sassuuni Davith<\/em> (\u2018David of Sassoun\u2019) and published many literary and scientific articles.<\/span><\/span><\/span>\n<\/p>\n<p style=\"text-align: left\">\n\t<span style=\"color:#000000\"><span style=\"font-size: small\"><em><span style=\"font-family: verdana, geneva\">A. O. (Translated by A. S.)<\/span><\/em><\/span><\/span><\/p>\n<p><strong><span style=\"font-family: verdana, geneva;font-size: medium\">Books in Estonian<\/span><\/strong>\n<\/p>\n<p style=\"text-align: left\">\n\t<span style=\"color:#000000\"><span style=\"font-size: medium;font-family: verdana, geneva\"><strong><em><span style=\"font-size: small\">Short stories <\/span><\/em><\/strong><br><span style=\"font-size: small\"><strong>Kosmose rannavetes<\/strong>. Tallinn: Eesti Raamat, 1966, 144 lk. <\/span><br><span style=\"font-size: small\"><strong>Sassuuni s\u00f5gedad: lugusid armeenia muistsetest kangelastest<\/strong>. Jutustanud Boris Kabur. Redigeerinud ja eess\u00f5na: Ain Kaalep; illustreerinud K. Smbatjan. Tallinn: Eesti Raamat, 1979, 250 lk.<\/span><br><span style=\"font-size: small\"><strong>Gilgame\u0161: Veeuputusaegseid lugusid Gilgame\u0161i eepose j\u00e4rgi<\/strong>. Tallinn: Eesti Raamat, 1987, 60 lk.<\/span><br><span style=\"font-size: small\"><strong>Haiavata lood<\/strong>. Tallinn: Eesti Raamat, 1990, 143 lk. [H. W. Longfellow indiaani m\u00fctoloogial p\u00f5hineva kunsteepose \u00fcmberjutustus.]<\/span><br><span style=\"font-size: small\">\u00a0<\/span><br><strong><span style=\"font-size: small\"><em>Plays<\/em> <\/span><\/strong><br><span style=\"font-size: small\"><strong>Rops. Rops aitab k\u00f5iki<\/strong>. Tallinn: Eesti Raamat, 1967, 80 lk. <\/span><\/span><span style=\"font-size: medium;font-family: verdana, geneva\"><span style=\"font-size: medium;font-family: verdana, geneva\"><span style=\"font-size: small\">[Sari \u2018Kooli n\u00e4itelava\u2019, 11. kd.]<\/span><\/span><\/span><\/span><\/p>\n","protected":false},"excerpt":{"rendered":"<p>Short stories Plays About Boris Kabur Boris Kabur (15. IX 1917 \u2013 28. I 2002) was an Estonian writer and translator, whose literary works mostly deal with ethical and philosophical science problems in the science fiction genre. \u00a0He was born &#8230;<\/p>\n","protected":false},"author":43,"featured_media":0,"parent":498,"menu_order":0,"comment_status":"closed","ping_status":"closed","template":"","meta":{"_acf_changed":false,"inline_featured_image":false,"footnotes":""},"class_list":["post-479","page","type-page","status-publish","hentry"],"acf":[],"_links":{"self":[{"href":"https:\/\/sisu.ut.ee\/ewod\/wp-json\/wp\/v2\/pages\/479","targetHints":{"allow":["GET"]}}],"collection":[{"href":"https:\/\/sisu.ut.ee\/ewod\/wp-json\/wp\/v2\/pages"}],"about":[{"href":"https:\/\/sisu.ut.ee\/ewod\/wp-json\/wp\/v2\/types\/page"}],"author":[{"embeddable":true,"href":"https:\/\/sisu.ut.ee\/ewod\/wp-json\/wp\/v2\/users\/43"}],"replies":[{"embeddable":true,"href":"https:\/\/sisu.ut.ee\/ewod\/wp-json\/wp\/v2\/comments?post=479"}],"version-history":[{"count":1,"href":"https:\/\/sisu.ut.ee\/ewod\/wp-json\/wp\/v2\/pages\/479\/revisions"}],"predecessor-version":[{"id":4592,"href":"https:\/\/sisu.ut.ee\/ewod\/wp-json\/wp\/v2\/pages\/479\/revisions\/4592"}],"up":[{"embeddable":true,"href":"https:\/\/sisu.ut.ee\/ewod\/wp-json\/wp\/v2\/pages\/498"}],"wp:attachment":[{"href":"https:\/\/sisu.ut.ee\/ewod\/wp-json\/wp\/v2\/media?parent=479"}],"curies":[{"name":"wp","href":"https:\/\/api.w.org\/{rel}","templated":true}]}}