{"id":471,"date":"2024-04-03T23:39:52","date_gmt":"2024-04-03T20:39:52","guid":{"rendered":"https:\/\/sisu.ut.ee\/ewod\/nonfiction-et-24\/"},"modified":"2024-04-04T00:09:58","modified_gmt":"2024-04-03T21:09:58","slug":"nonfiction","status":"publish","type":"page","link":"https:\/\/sisu.ut.ee\/ewod\/v\/vahtre\/nonfiction\/","title":{"rendered":"Lauri Vahtre &#8211; non-fiction"},"content":{"rendered":"<p><span style=\"font-size: medium\"><strong><span style=\"font-family: verdana, geneva\">Books<\/span><\/strong><\/span><\/p>\n<p><strong><em><span style=\"font-family: verdana, geneva\">Latvian<\/span><\/em><\/strong><br><span style=\"font-family: verdana, geneva\"><strong>Igaunis no iek\u0161puses un \u0101rpuses<\/strong>. No igau\u0146u valodas tulkojis Juris Putri\u0146\u0161; redaktore: Ieva Freinberga; Romana Vitkovska karikat\u016bras. M\u0101rupe: Druk\u0101tava, 2018, 156 pp. [\u2018Eestlane seest ja v\u00e4ljast\u2019.]<\/span><\/p>\n","protected":false},"excerpt":{"rendered":"<p>Books LatvianIgaunis no iek\u0161puses un \u0101rpuses. No igau\u0146u valodas tulkojis Juris Putri\u0146\u0161; redaktore: Ieva Freinberga; Romana Vitkovska karikat\u016bras. M\u0101rupe: Druk\u0101tava, 2018, 156 pp. [\u2018Eestlane seest ja v\u00e4ljast\u2019.]<\/p>\n","protected":false},"author":43,"featured_media":0,"parent":457,"menu_order":0,"comment_status":"closed","ping_status":"closed","template":"","meta":{"_acf_changed":false,"inline_featured_image":false,"footnotes":""},"class_list":["post-471","page","type-page","status-publish","hentry"],"acf":[],"_links":{"self":[{"href":"https:\/\/sisu.ut.ee\/ewod\/wp-json\/wp\/v2\/pages\/471","targetHints":{"allow":["GET"]}}],"collection":[{"href":"https:\/\/sisu.ut.ee\/ewod\/wp-json\/wp\/v2\/pages"}],"about":[{"href":"https:\/\/sisu.ut.ee\/ewod\/wp-json\/wp\/v2\/types\/page"}],"author":[{"embeddable":true,"href":"https:\/\/sisu.ut.ee\/ewod\/wp-json\/wp\/v2\/users\/43"}],"replies":[{"embeddable":true,"href":"https:\/\/sisu.ut.ee\/ewod\/wp-json\/wp\/v2\/comments?post=471"}],"version-history":[{"count":1,"href":"https:\/\/sisu.ut.ee\/ewod\/wp-json\/wp\/v2\/pages\/471\/revisions"}],"predecessor-version":[{"id":4609,"href":"https:\/\/sisu.ut.ee\/ewod\/wp-json\/wp\/v2\/pages\/471\/revisions\/4609"}],"up":[{"embeddable":true,"href":"https:\/\/sisu.ut.ee\/ewod\/wp-json\/wp\/v2\/pages\/457"}],"wp:attachment":[{"href":"https:\/\/sisu.ut.ee\/ewod\/wp-json\/wp\/v2\/media?parent=471"}],"curies":[{"name":"wp","href":"https:\/\/api.w.org\/{rel}","templated":true}]}}