{"id":468,"date":"2024-04-03T23:39:52","date_gmt":"2024-04-03T20:39:52","guid":{"rendered":"https:\/\/sisu.ut.ee\/ewod\/stories-et-57\/"},"modified":"2024-04-04T00:09:58","modified_gmt":"2024-04-03T21:09:58","slug":"stories","status":"publish","type":"page","link":"https:\/\/sisu.ut.ee\/ewod\/s\/sarv\/stories\/","title":{"rendered":"T\u00f5nn Sarv &#8211; short stories"},"content":{"rendered":"<p><span style=\"font-size: medium\"><strong><span style=\"font-family: verdana, geneva\">In anthologies and magazines<\/span><\/strong><\/span><\/p>\n<p><em><strong><span style=\"font-family: verdana, geneva\">German<\/span><\/strong><\/em><br><span style=\"font-family: verdana, geneva\"><strong>Diamantensucher und andere estnische Humoresken<\/strong>. Herausgegeben von Harri Lehiste. Tallinn: Perioodika, 1980, 70 pp. [Includes humorous stories by Priit Aimla, Ruth Hint, Teet Kallas, Enn Karu, Kalju Kass, \u00dclo Kiiler, Wladislaw Korshez, Harri Lehiste, Kaido Liiva, Ann Must, Erik P\u00fcvi, Raivo Raigna, T\u00f5nn Sarv, Toivo Tootsen.]<\/span><\/p>\n","protected":false},"excerpt":{"rendered":"<p>In anthologies and magazines GermanDiamantensucher und andere estnische Humoresken. Herausgegeben von Harri Lehiste. Tallinn: Perioodika, 1980, 70 pp. [Includes humorous stories by Priit Aimla, Ruth Hint, Teet Kallas, Enn Karu, Kalju Kass, \u00dclo Kiiler, Wladislaw Korshez, Harri Lehiste, Kaido Liiva, &#8230;<\/p>\n","protected":false},"author":43,"featured_media":0,"parent":453,"menu_order":0,"comment_status":"closed","ping_status":"closed","template":"","meta":{"_acf_changed":false,"inline_featured_image":false,"footnotes":""},"class_list":["post-468","page","type-page","status-publish","hentry"],"acf":[],"_links":{"self":[{"href":"https:\/\/sisu.ut.ee\/ewod\/wp-json\/wp\/v2\/pages\/468","targetHints":{"allow":["GET"]}}],"collection":[{"href":"https:\/\/sisu.ut.ee\/ewod\/wp-json\/wp\/v2\/pages"}],"about":[{"href":"https:\/\/sisu.ut.ee\/ewod\/wp-json\/wp\/v2\/types\/page"}],"author":[{"embeddable":true,"href":"https:\/\/sisu.ut.ee\/ewod\/wp-json\/wp\/v2\/users\/43"}],"replies":[{"embeddable":true,"href":"https:\/\/sisu.ut.ee\/ewod\/wp-json\/wp\/v2\/comments?post=468"}],"version-history":[{"count":1,"href":"https:\/\/sisu.ut.ee\/ewod\/wp-json\/wp\/v2\/pages\/468\/revisions"}],"predecessor-version":[{"id":4606,"href":"https:\/\/sisu.ut.ee\/ewod\/wp-json\/wp\/v2\/pages\/468\/revisions\/4606"}],"up":[{"embeddable":true,"href":"https:\/\/sisu.ut.ee\/ewod\/wp-json\/wp\/v2\/pages\/453"}],"wp:attachment":[{"href":"https:\/\/sisu.ut.ee\/ewod\/wp-json\/wp\/v2\/media?parent=468"}],"curies":[{"name":"wp","href":"https:\/\/api.w.org\/{rel}","templated":true}]}}