{"id":466,"date":"2024-04-03T23:39:52","date_gmt":"2024-04-03T20:39:52","guid":{"rendered":"https:\/\/sisu.ut.ee\/ewod\/miller\/"},"modified":"2024-04-04T00:09:57","modified_gmt":"2024-04-03T21:09:57","slug":"miller","status":"publish","type":"page","link":"https:\/\/sisu.ut.ee\/ewod\/m\/miller\/","title":{"rendered":"Voldemar Miller"},"content":{"rendered":"<p>\n\t<strong><span style=\"font-size:16px\"><span style=\"font-family:Verdana,Geneva,sans-serif\"><a data-url=\"https:\/\/sisu.ut.ee\/ewod\/m\/miller\/children\" href=\"https:\/\/sisu.ut.ee\/ewod\/m\/miller\/children\" title=\"\">Children\u2019s stories<\/a> <\/span><\/span><\/strong><span style=\"font-size:16px\"><span style=\"font-family:Verdana,Geneva,sans-serif\"><a href=\"https:\/\/sisu.ut.ee\/wp-content\/uploads\/sites\/108\/v._miller_kalju_suur.jpg\" target=\"_self\" rel=\"noopener\"><img decoding=\"async\" alt=\"Voldemar Miller\" src=\"https:\/\/sisu.ut.ee\/wp-content\/uploads\/sites\/108\/v._miller_kalju_suur.jpg\" style=\"float: right;width: 300px;height: 214px\" title=\"Photo: Kalju Suur\"><\/a><\/span><\/span>\n<\/p>\n<p>\n\t<a href=\"https:\/\/sisu.ut.ee\/ewod\/m\/miller\/nonfiction\"><strong><span style=\"font-family: verdana, geneva;font-size: medium\">Non-fiction<\/span><\/strong><\/a>\n<\/p>\n<p>\n\t<span style=\"font-size:16px\"><strong><span style=\"font-family:Verdana,Geneva,sans-serif\"><a data-url=\"https:\/\/sisu.ut.ee\/ewod\/m\/miller\/about\" href=\"https:\/\/sisu.ut.ee\/ewod\/m\/miller\/about\" title=\"\">About Voldemar Miller<\/a><\/span><\/strong><\/span>\n<\/p>\n<p>\u00a0\n<\/p>\n<p>\n\t<br><span style=\"font-size:13px\"><span style=\"font-family:Verdana,Geneva,sans-serif\"><span style=\"color:#000000\">Voldemar Miller (Voldemar Karl Miller 7 February \/ 25 January 1911 \u2013 26 April 2006) was an archivist, researcher of local and book history and children\u2019s writer.<\/span><\/span><\/span>\n<\/p>\n<p>\n\t<span style=\"color:#000000\"><span style=\"font-size:13px\"><span style=\"font-family:Verdana,Geneva,sans-serif\">Miller was born and attended school in Saaremaa Island and studied history at the University of Tartu. In 1946, he completed courses for chiefs of archives in Moscow. He worked in unskilled jobs and in 1934-1935 was a freelance journalist, proof-reader and reporter for the newspapers <em>Vaba S\u00f5na<\/em> and <em>Uus S\u00f5na<\/em>. From 1937\u20131944 he was an archivist and assistant at the National Archives of Estonia in Tartu. When drafted into the German army, he was an accountant at the Estonian training battalion, 1944\u20131950 chief of the Central State Historical Archives of the Estonian SSR, 1950\u20131952 a miner in Virumaa County, 1952\u20131977 employee, later head of the Baltica and Rare Books Department at the Library of the Academy of Sciences of the Estonian SSR. From 1978\u20131996, he worked at the State Library of the Estonian SSR (the later National Library of Estonia). From 1963, he supervised the local history research club at Tallinn City Museum and belonged to the local history research committee at the Academy of Sciences. He was a member of the Estonian Writers\u2019 Union (since 1995), the Mother Tongue Society, the Society of Estonian Areal Studies, the Estonian Heritage Protection Society and other societies. Miller was a board member of the Estonian Book Society for several times. He is buried in the Forest Cemetery (Metsakalmistu) in Tallinn.<\/span><\/span><\/span>\n<\/p>\n<p>\n\t<span style=\"color:#000000\"><span style=\"font-size:13px\"><span style=\"font-family:Verdana,Geneva,sans-serif\">From the mid-1930s, he published numerous academic and popular-scientific treatments on history, cultural and literary history, research of books and local history. A selection of his articles has been published in the collection <em>Minevikust tulevikku<\/em> (\u2018From the Past to the Future\u2019, 1972). He participated in compiling and writing of the books <em>Tallinna ajalugu<\/em> (\u2018History of Tallinn\u2019, vol 2, 1969, 1976) and <em>Eesti raamat 1525\u20131975<\/em> (\u2018Estonian Book 1525\u20131975\u2019, 1978). He was a leading figure in celebrating the Estonian Book Year in 1975 (450 years from the publication of the first book in the Estonian language). He published the overview <em>Esimesed eesti raamatud<\/em> (\u2018The First Estonian Books\u2019, 1976). It was essential for Estonian librarianship that in the 1960s Miller formulated the criteria for Baltica and rare books. His activities in salvaging of books and archival sources during the occupation years should be considered of utmost importance. Miller also contributed essentially to the research of local history. For example, he was a member of the local history research committee founded in 1958 and laid the foundation to school students\u2019 conferences of local history research. In 1963, he was one of the founders of the local history research club at Tallinn City Museum. At his initiative, Estonian Television launched the series <em>Majad t\u00e4is m\u00e4lestusi<\/em> (\u2018Houses Full of Memories\u2019).<\/span><\/span><\/span>\n<\/p>\n<p>\n\t<span style=\"color:#000000\"><span style=\"font-size:13px\"><span style=\"font-family:Verdana,Geneva,sans-serif\">From the early 1930s, Miller also published topical satires and miniatures but achieved greater recognition as an author of children\u2019s books. His first stories were published in the magazine <em>T\u00e4heke<\/em> and in collections. Miller\u2019s first book for children, <em>Kiki<\/em>, was published in 1966. Miller\u2019s best-known children\u2019s books are <em>Merehundi jutud<\/em> I\u2013II (\u2018Tales of an Old Salt\u2019, 1984, 1993; Part II was entered in the Honour List of the International Board on Books for Young People) and <em>Tilleprintsess<\/em> (\u2018Tiny Princess\u2019, first place at Nukits competition in 1999). Miller\u2019s stories for children are notable for their warmth and cordiality.<\/span><\/span><\/span>\n<\/p>\n<p>\n\t<span style=\"color:#000000\"><span style=\"font-size:13px\"><span style=\"font-family:Verdana,Geneva,sans-serif\">Miller has been awarded the Estonian National Culture Foundation award for his life\u2019s work (1996), the Open Estonia Foundation award (1998), F. Puksoo award (1991), the Tallinn city badge of merit (1999) and the Order of the National Coat of Arms, class IV (1996).<\/span><\/span><\/span>\n<\/p>\n<p>\n\t<span style=\"color:#000000\"><em><span style=\"font-size:13px\"><span style=\"font-family:Verdana,Geneva,sans-serif\">A. K. (Translated by I. A.)<\/span><\/span><\/em><\/span>\n<\/p>\n<p><span style=\"color:#000000\"><strong><span style=\"font-size:16px\"><span style=\"font-family:Verdana,Geneva,sans-serif\">Books in Estonian<\/span><\/span><\/strong><\/span>\n<\/p>\n<p>\n\t<span style=\"color:#000000\"><span style=\"font-size:13px\"><span style=\"font-family:Verdana,Geneva,sans-serif\"><strong><em>Books for children<\/em><\/strong><br><strong>Kiki<\/strong>. Tallinn: Eesti Raamat, 1966, 24 lk<br><strong>Merehundi jutud<\/strong>. Tallinn: Eesti Raamat, 1984, 64 lk<br><strong>Tilleprintsess<\/strong>. Tallinn: Eesti Raamat, 1989, 61 lk [j\u00e4rgmised tr\u00fckid: 2010, 2016]<br><strong>Merehundi jutud II<\/strong>. Tallinn: Tiritamm, 1993, 63 lk<br><strong>S\u00f5rmk\u00fcbaras\u00f5dur<\/strong>: jutud. Tallinn: RE Stuudio, 1996, 30 lk<br><strong>Konnaoja Kusti: kus on t\u00f5de, kust algab vale, teab ainult Krants<\/strong>. Tallinn: V. Miller, 1997, 47 lk<br><strong>Kolm kanget s\u00f5pra<\/strong>: jutustus. Kuressaare: Tormikiri, 1999, 31 lk<br><strong>Kodu k\u00f5ige kallim<\/strong>: lugusid lastele. Koost. Jaak Urmet. Tallinn: T\u00e4nap\u00e4ev, 2008, 143 lk<\/span><\/span><\/span>\n<\/p>\n<p>\n\t<span style=\"color:#000000\"><span style=\"font-size:13px\"><span style=\"font-family:Verdana,Geneva,sans-serif\"><strong><em>Miscellaneous<\/em><\/strong><br><strong>Minevikust tulevikku: artikleid ja ettekandeid 1940-1970<\/strong>. Tallinn: Eesti Raamat, 1972, 189 lk<br><strong>Esimesed eesti raamatud<\/strong>. Tallinn: Eesti Raamat, 1976, 84 lk<br><strong>Lugemiskultuurist<\/strong>: lugemisest vastavalt raamatule ja eesm\u00e4rgile. Tallinn: ENSV Raamatu\u00fching, 1985, 16 lk<br><strong>\u00d5pilaste kodu-uurimist\u00f6\u00f6de juhendamisest<\/strong>. Metoodiline abimaterjal \u00f5petajale. Tallinn: ENSV Haridusministeerium, 1986, 29 lk<\/span><\/span><\/span><\/p>\n","protected":false},"excerpt":{"rendered":"<p>Children\u2019s stories Non-fiction About Voldemar Miller \u00a0 Voldemar Miller (Voldemar Karl Miller 7 February \/ 25 January 1911 \u2013 26 April 2006) was an archivist, researcher of local and book history and children\u2019s writer. Miller was born and attended school &#8230;<\/p>\n","protected":false},"author":43,"featured_media":0,"parent":642,"menu_order":0,"comment_status":"closed","ping_status":"closed","template":"","meta":{"_acf_changed":false,"inline_featured_image":false,"footnotes":""},"class_list":["post-466","page","type-page","status-publish","hentry"],"acf":[],"_links":{"self":[{"href":"https:\/\/sisu.ut.ee\/ewod\/wp-json\/wp\/v2\/pages\/466","targetHints":{"allow":["GET"]}}],"collection":[{"href":"https:\/\/sisu.ut.ee\/ewod\/wp-json\/wp\/v2\/pages"}],"about":[{"href":"https:\/\/sisu.ut.ee\/ewod\/wp-json\/wp\/v2\/types\/page"}],"author":[{"embeddable":true,"href":"https:\/\/sisu.ut.ee\/ewod\/wp-json\/wp\/v2\/users\/43"}],"replies":[{"embeddable":true,"href":"https:\/\/sisu.ut.ee\/ewod\/wp-json\/wp\/v2\/comments?post=466"}],"version-history":[{"count":1,"href":"https:\/\/sisu.ut.ee\/ewod\/wp-json\/wp\/v2\/pages\/466\/revisions"}],"predecessor-version":[{"id":4604,"href":"https:\/\/sisu.ut.ee\/ewod\/wp-json\/wp\/v2\/pages\/466\/revisions\/4604"}],"up":[{"embeddable":true,"href":"https:\/\/sisu.ut.ee\/ewod\/wp-json\/wp\/v2\/pages\/642"}],"wp:attachment":[{"href":"https:\/\/sisu.ut.ee\/ewod\/wp-json\/wp\/v2\/media?parent=466"}],"curies":[{"name":"wp","href":"https:\/\/api.w.org\/{rel}","templated":true}]}}