{"id":463,"date":"2024-04-03T23:39:51","date_gmt":"2024-04-03T20:39:51","guid":{"rendered":"https:\/\/sisu.ut.ee\/ewod\/poems-et-65\/"},"modified":"2024-04-04T00:10:01","modified_gmt":"2024-04-03T21:10:01","slug":"poems","status":"publish","type":"page","link":"https:\/\/sisu.ut.ee\/ewod\/v\/arnovihalemm\/poems\/","title":{"rendered":"Arno Vihalemm &#8211; poems"},"content":{"rendered":"<p><span style=\"font-family: verdana, geneva;font-size: medium\"><strong>In compilations, anthologies, magazines<\/strong><\/span><\/p>\n<p><span style=\"font-family: verdana, geneva\"><strong><em><strong><em><strong><strong><em>English<br><\/em><\/strong><\/strong><\/em><\/strong><\/em>\u03ad\u03ba\u03b5\u1fd6: Estonian poetry of the 19th and 20th century<\/strong>. Translated [and translator\u2019s introduction] by John Hayes Hurley &amp; Erik Linnolt. [Tallinn]: M. Makko, 2005, 87 pp. [Poems by Kristjan Jaak Peterson, Friedrich Nikolai Russow, Lydia Koidula, Peeter Jakobson, Juhan Liiv, Ernst Enno, Gustav Suits, Marie Under, Henrik Visnapuu, Hendrik Adamson, Johannes Vares-Barbarus, Valmar Adams, Heiti Talvik, Betti Alver, Bernard Kangro, Karl Ristikivi, Kersti Merilaas, August Sang, Arno Vihalemm, Aleksis Rannit, Asta Willmann, Jaan Kross, Ellen Niit, Ilona Laaman, Jaan Kaplinski, Ene Mihkelson, Viivi Luik, Ott Arder, T\u00f5nu Trubetsky, J\u00fcrgen Rooste.]<strong><em><strong><em><strong><strong><em><br><\/em><\/strong><\/strong><\/em><\/strong><\/em><\/strong><\/span><\/p>\n<p><span style=\"font-family: verdana, geneva\"><strong><em><strong><em><strong><strong><em>Finnish<\/em><\/strong><br><\/strong><\/em><\/strong><\/em>20\u00a0nykyvirolaista\u00a0runoilijaa<\/strong>.\u00a0Toimittaneet Raili Kilpi-Hynynen, Arvo Turtiainen. Helsinki: Tammi, 1969. [Poems by Betti Alver, Uku Masing, Bernard Kangro, Arno Vihalemm, Kersti Merilaas, August Sang, Debora Vaarandi, Jaan Kross, Kalju Lepik, Ilmar Laaban, Ivar Gr\u00fcnthal, Raimond Kolk, Uno Laht, Ivar Ivask, Aleksander Suuman, Ellen Niit, Mats Traat, Enn Vetemaa, Jaan Kaplinski, Paul-Eerik Rummo.]<\/span><\/p>\n<p><span style=\"font-family: verdana, geneva\"><em><strong>German<\/strong><\/em><br><strong>Estnische lyrik<\/strong>. \u00dcbertragen von Tatjana Ellinor Heine. Brackenheim: Georg Kohl, 1981, 91 pp. [Poems by K. J. Peterson, F. Kuhlbars, F. R. Kreutzwald, A. Reinvald, J. Tamm, A. Haava, L. Koidula, M. Under, G. Suits, Jakob Liiv, Juhan Liiv, K. E. S\u00f6\u00f6t, J. Oks, M. Heiberg, K. Ristikivi, K. Lepik, B. Kangro, A. Sang, I. Gr\u00fcnthal, H. Visnapuu, A. Vihalemm, M. Suits-Elson.]<br><\/span><\/p>\n<p><span style=\"font-family: verdana, geneva\"><span><strong><em>Hungarian<\/em><\/strong><\/span><br><span><strong>\u00c9szt k\u00f6lt\u00f6k: huszadik sz\u00e1zadi \u00e9szt l\u00edra<\/strong>. V\u00e1logatta, az \u00e9letrajzi jegyzeteket k\u00e9sz\u00edtette \u00e9s a sz\u00f6veggondoz\u00e1st v\u00e9gezte Bereczki G\u00e1bor, Bereczkin\u00e9 Mai Kiisk, Feh\u00e9rvari Gy\u00f6z\u00f6.\u00a0Budapest: Eur\u00f3pa k\u00f6nyvkiad\u00f3, 1975, 651 pp. [Poems by\u00a0Gustav Suits,\u00a0Ernst Enno,\u00a0Villem Gr\u00fcnthal-Ridala,\u00a0Marie Under,\u00a0Henrik Visnapuu,\u00a0Jaan K\u00e4rner,\u00a0Johannes Barbarus,\u00a0Johannes Semper,\u00a0August Alle,\u00a0Valmar Adams,\u00a0Uku Masing,\u00a0Juhan S\u00fctiste,\u00a0Heiti Talvik,\u00a0Betti Alver,\u00a0August Sang,\u00a0Kersti Merilaas,\u00a0Bernard Kangro,\u00a0Arno Vihalemm,\u00a0Kalju Lepik,\u00a0Ivar Gr\u00fcnthal,\u00a0Felix Kotta,\u00a0Aira Kaal,\u00a0Paul Rummo,\u00a0Debora Vaarandi,\u00a0Ralf Parve,\u00a0Juhan Smuul,\u00a0Ellen Niit,\u00a0Vladimir Beekman,\u00a0Uno Laht,\u00a0Jaan Kross,\u00a0Ain Kaalep,\u00a0Mats Traat,\u00a0Linda Ruud,\u00a0Paul-Eerik Rummo,\u00a0Arvi Siig,\u00a0Enn Vetemaa,\u00a0Rudolf Rimmel,\u00a0Jaan Kaplinski,\u00a0Hando Runnel.]<\/span><\/span><\/p>\n<p><span style=\"font-family: verdana, geneva\"><strong><em><strong><em>Italian<br><\/em><\/strong><\/em>Poeti Estoni<\/strong>.\u00a0A\u00a0cura di Margherita Guidacci, Vello Salo; introduzione storica di Karl Ristikivi.\u00a0Roma: Edizioni Abete, 1975, 210 pp.\u00a0[Poems by\u00a0Hendrik Adamson,\u00a0Artur Adson,\u00a0Betti Alver,\u00a0Ernst Enno,\u00a0Ivar Gr\u00fcnthal,\u00a0Villem Gr\u00fcnthal-Ridala,\u00a0Anna Haava,\u00a0Ain Kaalep,\u00a0Bernard Kangro,\u00a0Jaan Kaplinski,\u00a0Lydia Koidula,\u00a0Raimond Kolk,\u00a0Friedrich Reinhold Kreutzwald,\u00a0Jaan Kross,\u00a0Ilmar Laaban,\u00a0Kalju Lepik,\u00a0Juhan Liiv,\u00a0Viivi Luik,\u00a0Uku Masing,\u00a0Ellen Niit,\u00a0Kristjan Jaak Peterson,\u00a0Aleksis Rannit,\u00a0Paul-Eerik Rummo,\u00a0Hando Runnel,\u00a0August Sang,\u00a0Gustav Suits,\u00a0Karl Eduard S\u00f6\u00f6t,\u00a0Juhan S\u00fctiste,\u00a0Heiti Talvik,\u00a0Marie Under,\u00a0Johannes Vares-Barbarus,\u00a0Arno Vihalemm,\u00a0Henrik Visnapuu.]<br><strong>Poeti Estoni<\/strong><span>.\u00a0A\u00a0cura di Margherita Guidacci, Vello Salo.\u00a0Roma: Edizioni Abete, 1973, 174 pp.\u00a0[Poems by\u00a0Hendrik Adamson,\u00a0Artur Adson,\u00a0Betti Alver,\u00a0Ernst Enno,\u00a0Ivar Gr\u00fcnthal,\u00a0Villem Gr\u00fcnthal-Ridala,\u00a0Anna Haava,\u00a0Ain Kaalep,\u00a0Bernard Kangro,\u00a0Jaan Kaplinski,\u00a0Lydia Koidula,\u00a0Raimond Kolk,\u00a0Friedrich Reinhold Kreutzwald,\u00a0Jaan Kross,\u00a0Ilmar Laaban,\u00a0Kalju Lepik,\u00a0Juhan Liiv,\u00a0Viivi Luik,\u00a0Uku Masing,\u00a0Ellen Niit,\u00a0Kristjan Jaak Peterson,\u00a0Aleksis Rannit,\u00a0Paul-Eerik Rummo,\u00a0Hando Runnel,\u00a0August Sang,\u00a0Gustav Suits,\u00a0Karl Eduard S\u00f6\u00f6t,\u00a0Juhan S\u00fctiste,\u00a0Heiti Talvik,\u00a0Marie Under,\u00a0Johannes Vares-Barbarus,\u00a0Arno Vihalemm,\u00a0Henrik Visnapuu.]<\/span><br><\/span><\/p>\n","protected":false},"excerpt":{"rendered":"<p>In compilations, anthologies, magazines English\u03ad\u03ba\u03b5\u1fd6: Estonian poetry of the 19th and 20th century. Translated [and translator\u2019s introduction] by John Hayes Hurley &amp; Erik Linnolt. [Tallinn]: M. Makko, 2005, 87 pp. [Poems by Kristjan Jaak Peterson, Friedrich Nikolai Russow, Lydia Koidula, &#8230;<\/p>\n","protected":false},"author":43,"featured_media":0,"parent":449,"menu_order":0,"comment_status":"closed","ping_status":"closed","template":"","meta":{"_acf_changed":false,"inline_featured_image":false,"footnotes":""},"class_list":["post-463","page","type-page","status-publish","hentry"],"acf":[],"_links":{"self":[{"href":"https:\/\/sisu.ut.ee\/ewod\/wp-json\/wp\/v2\/pages\/463","targetHints":{"allow":["GET"]}}],"collection":[{"href":"https:\/\/sisu.ut.ee\/ewod\/wp-json\/wp\/v2\/pages"}],"about":[{"href":"https:\/\/sisu.ut.ee\/ewod\/wp-json\/wp\/v2\/types\/page"}],"author":[{"embeddable":true,"href":"https:\/\/sisu.ut.ee\/ewod\/wp-json\/wp\/v2\/users\/43"}],"replies":[{"embeddable":true,"href":"https:\/\/sisu.ut.ee\/ewod\/wp-json\/wp\/v2\/comments?post=463"}],"version-history":[{"count":1,"href":"https:\/\/sisu.ut.ee\/ewod\/wp-json\/wp\/v2\/pages\/463\/revisions"}],"predecessor-version":[{"id":4626,"href":"https:\/\/sisu.ut.ee\/ewod\/wp-json\/wp\/v2\/pages\/463\/revisions\/4626"}],"up":[{"embeddable":true,"href":"https:\/\/sisu.ut.ee\/ewod\/wp-json\/wp\/v2\/pages\/449"}],"wp:attachment":[{"href":"https:\/\/sisu.ut.ee\/ewod\/wp-json\/wp\/v2\/media?parent=463"}],"curies":[{"name":"wp","href":"https:\/\/api.w.org\/{rel}","templated":true}]}}