{"id":458,"date":"2024-04-03T23:39:51","date_gmt":"2024-04-03T20:39:51","guid":{"rendered":"https:\/\/sisu.ut.ee\/ewod\/nonfiction-et-23\/"},"modified":"2024-04-04T00:10:00","modified_gmt":"2024-04-03T21:10:00","slug":"nonfiction","status":"publish","type":"page","link":"https:\/\/sisu.ut.ee\/ewod\/m\/mattheus\/nonfiction\/","title":{"rendered":"\u00dclo Mattheus &#8211; non-fiction"},"content":{"rendered":"<p><span style=\"font-family:Verdana,Geneva,sans-serif\"><strong><span style=\"font-size:16px\">In anthologies and magazines<\/span><\/strong><\/span><\/p>\n<p><strong><em>German<\/em><\/strong><br><strong>Buchweizengr\u00fctze im estnischen Manhattan<\/strong>. \u00dcbersetzung: Irja Gr\u00f6nholm. \u2013 Estonia, no 1, 2003, pp 5-8. [\u2018Tatratanguga Eesti Manhattanil\u2019.]<br><strong>Einiges \u00fcber den Schriftteller M<\/strong>. \u2013 Estonia, no 1, 1994, pp 5-8. [About himself.]<\/p>\n","protected":false},"excerpt":{"rendered":"<p>In anthologies and magazines GermanBuchweizengr\u00fctze im estnischen Manhattan. \u00dcbersetzung: Irja Gr\u00f6nholm. \u2013 Estonia, no 1, 2003, pp 5-8. [\u2018Tatratanguga Eesti Manhattanil\u2019.]Einiges \u00fcber den Schriftteller M. \u2013 Estonia, no 1, 1994, pp 5-8. [About himself.]<\/p>\n","protected":false},"author":43,"featured_media":0,"parent":1500,"menu_order":0,"comment_status":"closed","ping_status":"closed","template":"","meta":{"_acf_changed":false,"inline_featured_image":false,"footnotes":""},"class_list":["post-458","page","type-page","status-publish","hentry"],"acf":[],"_links":{"self":[{"href":"https:\/\/sisu.ut.ee\/ewod\/wp-json\/wp\/v2\/pages\/458","targetHints":{"allow":["GET"]}}],"collection":[{"href":"https:\/\/sisu.ut.ee\/ewod\/wp-json\/wp\/v2\/pages"}],"about":[{"href":"https:\/\/sisu.ut.ee\/ewod\/wp-json\/wp\/v2\/types\/page"}],"author":[{"embeddable":true,"href":"https:\/\/sisu.ut.ee\/ewod\/wp-json\/wp\/v2\/users\/43"}],"replies":[{"embeddable":true,"href":"https:\/\/sisu.ut.ee\/ewod\/wp-json\/wp\/v2\/comments?post=458"}],"version-history":[{"count":1,"href":"https:\/\/sisu.ut.ee\/ewod\/wp-json\/wp\/v2\/pages\/458\/revisions"}],"predecessor-version":[{"id":4621,"href":"https:\/\/sisu.ut.ee\/ewod\/wp-json\/wp\/v2\/pages\/458\/revisions\/4621"}],"up":[{"embeddable":true,"href":"https:\/\/sisu.ut.ee\/ewod\/wp-json\/wp\/v2\/pages\/1500"}],"wp:attachment":[{"href":"https:\/\/sisu.ut.ee\/ewod\/wp-json\/wp\/v2\/media?parent=458"}],"curies":[{"name":"wp","href":"https:\/\/api.w.org\/{rel}","templated":true}]}}