{"id":457,"date":"2024-04-03T23:39:51","date_gmt":"2024-04-03T20:39:51","guid":{"rendered":"https:\/\/sisu.ut.ee\/ewod\/vahtre\/"},"modified":"2024-04-04T00:10:00","modified_gmt":"2024-04-03T21:10:00","slug":"vahtre","status":"publish","type":"page","link":"https:\/\/sisu.ut.ee\/ewod\/v\/vahtre\/","title":{"rendered":"Lauri Vahtre"},"content":{"rendered":"<p>\n\t<strong><span style=\"font-family: verdana, geneva;font-size: medium\"><a href=\"https:\/\/sisu.ut.ee\/ewod\/v\/vahtre\/nonfiction\">Non-fiction<\/a> <\/span><\/strong><span style=\"font-family: verdana, geneva;font-size: medium\"><a href=\"https:\/\/sisu.ut.ee\/wp-content\/uploads\/sites\/108\/lauri_vahtre_arno_saar.jpg\" target=\"_self\" rel=\"noopener\"><img decoding=\"async\" alt=\"Lauri Vahtre\" src=\"https:\/\/sisu.ut.ee\/wp-content\/uploads\/sites\/108\/lauri_vahtre_arno_saar.jpg\" style=\"float: right;width: 200px;height: 315px\" title=\"Photo: Arno Saar\"><\/a><\/span>\n<\/p>\n<p>\n\t\u00a0\n<\/p>\n<p><span style=\"color:#000000\"><span style=\"font-size:13px\"><span style=\"font-family:Verdana,Geneva,sans-serif\">Lauri Vahtre (born 22 March 1960) is a politician, historian, writer, scriptwriter and translator.<\/span><\/span><\/span>\n<\/p>\n<p>\n\t<span style=\"color:#000000\"><span style=\"font-size:13px\"><span style=\"font-family:Verdana,Geneva,sans-serif\">Vahtre was born in Tartu as the son of Professor of History Sulev Vahtre. He completed Tartu Secondary School No. 2 in 1978 and in 1984 graduated from Tartu State University specialising in history. From 1983\u20131985 he worked as a senior researcher at the Estonian Open Air Museum; thereafter he took up post-graduate studies and defended his Candidate\u2019s dissertation on the Estonian folk calendar in 1988. From 1988\u20131992, he was a senior researcher at the History Institute of the Estonian Academy of Sciences. From 1989\u20131992, he worked as a senior lecturer at the University of Tartu. In 1992, Vahtre was elected to the Riigikogu (the Estonian Parliament) as a representative of the Pro Patria party. He became one of the leading figures of the party and was re-elected to the Riigikogu in 1995 and 1999. From 2011, Vahtre worked as a counsellor at the public relations department of the Ministry of Defence. From 2015\u20132020, Lauri Vahtre worked at the Estonian War Museum.<\/span><\/span><\/span>\n<\/p>\n<p>\n\t<span style=\"color:#000000\"><span style=\"font-size:13px\"><span style=\"font-family:Verdana,Geneva,sans-serif\">Lauri Vahtre has written numerous textbooks of history. A characteristic feature of Vahtre\u2019s textbooks is their fluent and engaging style. He has written historical studies, popular-scientific books on history and essays on philosophy of history.<\/span><\/span><\/span>\n<\/p>\n<p>\n\t<span style=\"color:#000000\"><span style=\"font-size:13px\"><span style=\"font-family:Verdana,Geneva,sans-serif\">Vahtre is the author of several books of fiction. The novel <em>S\u00f5num<\/em> (\u2018Message\u2019) appeared in 2008 under the pen name of Peter Morgen. The novel is multi-layered. The main storylines are separated by two thousand years. The modern activity takes place in Strasbourg during a session of the European Parliamentary Assembly in the late 1990s or the first years of the 21st century. The other dimension is given to the book by the roamings of Jesus and his disciples in Palestine of the New Testament times. <em>Torm<\/em> (\u2018Storm\u2019), published in 2010, is a thriller or warning novel. Its protagonist Adam, an Estonian, is sent to Cuba as a CIA agent to advise dissidents, survives the storm of the century and finds himself in a post-disaster dystopia.<\/span><\/span><\/span>\n<\/p>\n<p>\n\t<span style=\"color:#000000\"><span style=\"font-size:13px\"><span style=\"font-family:Verdana,Geneva,sans-serif\">Lauri Vahtre has published two poetry collections: <em>Lihtsalt \u00fcks pihlakas<\/em> (\u2018Just a Rowantree\u2019) and <em>Ilus valge ratsu<\/em> (\u00b4Beautiful White Steed\u2019, both 2012). Vahtre\u2019s poems are generally written in prose-like emotionally charged free verse. He has written several plays \u2013 <em>Olle Terve hansatuultes<\/em> (\u2018Olle Terve in Hanseatic Winds\u2019, staged 1996), <em>Muna E\u00dcE<\/em> (\u2018Munam\u00e4gi Construction Team\u2019, 2007), <em>Vihterpalu valss<\/em> (\u2018Vihterpalu Waltz\u2019, 2008), <em>Teekond valguse riiki<\/em> (\u2018Journey into the Kingdom of Light\u2019, 2007), <em>Varjutants<\/em> (\u2018Shadow Dance\u2019, 2010), <em>Minust j\u00e4\u00e4vad vaid laulud<\/em> (\u2018Only My Songs Remain\u2019, in cooperation with Mart Laar, 2006), and others. He is the co-scriptwriter of the Estonian television series <em>Tuulepealne maa<\/em> (\u2018Windswept Land\u2019, 2008) and the author of the provisional script for the film <em>Detsembrikuumus<\/em> (\u2018December Heat\u2019, 2008) about the communist coup attempt in Estonia in 1924 (the script was later rewritten by other authors).<\/span><\/span><\/span>\n<\/p>\n<p>\n\t<span style=\"color:#000000\"><span style=\"font-size:13px\"><span style=\"font-family:Verdana,Geneva,sans-serif\">In 1989, Vahtre received the Virumaa Literary Prize for the history book <em>Kodu lugu<\/em> (\u2018The Story of Our Home\u2019) written in cooperation with Mart Laar and Heiki Valk.\u00a0 In 2001, he was awarded the Order of the National Coat of Arms, class III. In 2009, Lauri Vahtre\u2019s play <em>See toru seal laes<\/em> (\u2018This Tube There on the Ceiling\u2019) won the special prize of the Estonian Theatre Agency playwriting competition.<\/span><\/span><\/span>\n<\/p>\n<p>\n\t<span style=\"color:#000000\"><span style=\"font-size:13px\"><span style=\"font-family:Verdana,Geneva,sans-serif\">Lauri Vahtre has translated numerous novels and popular scientific history books from English into Estonian.<\/span><\/span><\/span>\n<\/p>\n<p>\n\t<em><span style=\"color:#000000\"><span style=\"font-size:13px\"><span style=\"font-family:Verdana,Geneva,sans-serif\">L. P. (Translated by I. A.)<\/span><\/span><\/span><\/em>\n<\/p>\n<p><strong><span style=\"font-size:16px\"><span style=\"color:#000000\"><span style=\"font-family:Verdana,Geneva,sans-serif\">Books in Estonian<\/span><\/span><\/span><\/strong>\n<\/p>\n<p>\n\t<span style=\"color:#000000\"><span style=\"font-size:13px\"><span style=\"font-family:Verdana,Geneva,sans-serif\"><strong><em>Novels<\/em><\/strong><br><strong>S\u00f5num<\/strong>. Peter Morgen. Tallinn: Varrak, 2008. 254 lk.<br><strong>Torm<\/strong>. Tallinn: Varrak, 2010. 355 lk.<\/span><\/span><\/span>\n<\/p>\n<p>\n\t<span style=\"color:#000000\"><span style=\"font-size:13px\"><span style=\"font-family:Verdana,Geneva,sans-serif\"><strong><em>Poetry<\/em><\/strong><br><strong>Ilus valge ratsu<\/strong>. Tallinn: Eesti Keele Sihtasutus, 2012. 92 lk.<br><strong>Lihtsalt \u00fcks pihlakas<\/strong>. Tallinn: Eesti Keele Sihtasutus, 2012. 96 lk.<\/span><\/span><\/span>\n<\/p>\n<p>\n\t<span style=\"color:#000000\"><span style=\"font-size:13px\"><span style=\"font-family:Verdana,Geneva,sans-serif\"><strong><em>Scripts<\/em><\/strong><br>Mihkel Ulman, Lauri Vahtre, <strong>Tuulepealne maa<\/strong>. Tallinn: Tammerraamat, 2009. 399 lk.<br>Mihkel Ulman, Lauri Vahtre, <strong>Ei ole s\u00f5da noorele meestele: Tuulepealne maa<\/strong>. Tallinn: Tammerraamat, 2014. 143 lk. [Telesarja \u201cTuulepealne maa\u201d 13. jao filmiraamat.]<\/span><\/span><\/span>\n<\/p>\n<p>\n\t<span style=\"color:#000000\"><span style=\"font-size:13px\"><span style=\"font-family:Verdana,Geneva,sans-serif\"><strong><em>History and essays<\/em><\/strong><br>Mart Laar, Lauri Vahtre, Heiki Valk, <strong>Kodu lugu. 1. osa<\/strong>. Tallinn: Perioodika, 1989. 110 lk. [Eesti ajaloost.]<br>Mart Laar, Lauri Vahtre, Heiki Valk, <strong>Kodu lugu. 2. osa<\/strong>. Tallinn: Perioodika, 1989. 109 lk. [Eesti ajaloost.]<br><strong>Eestlase aeg: uurimus eesti rahvap\u00e4rast ajaarvamise ajaloost<\/strong>. Tallinn: Eesti Teaduste Akadeemia, 1991. 151 lk.<br><strong>Maarahva t\u00e4htraamat<\/strong>. Tallinn: Mix, 1991. 48 lk.<br><strong>Eesti kultuuri ajalugu: l\u00fchi\u00fclevaade<\/strong>. Tallinn: Jaan T\u00f5nissoni Instituut, 1993. 182 lk.<br><strong>Euroopa \u2013 p\u00e4\u00e4stepaat v\u00f5i uppuv laev?<\/strong> Tallinn: Helmet Raja &amp; Co, 1993. 64 lk. [L\u00e4\u00e4ne tsivilisatsiooni minevikust, olevikust ja tulevikust.]<br><strong>Vabanemine. Eesti 1987\u20131992<\/strong>. Tallinn: IM Meedia, 1996. 144 lk.<br><strong>Teine lugemine: artiklivalimik<\/strong>. Tallinn: Virgela, 1998. 203 lk.<br><strong>Meenutusi kadunud maailmast ehk Keskkoolist, \u00fclikoolist, matkadest, malevast, v\u00e4ljakaevamisest ja muust aastail 1975\u20131984<\/strong>. Tallinn: Avita, 1999. 226 lk.<br><strong>Elu-olu viimasel vene ajal: riietus ja m\u00f6\u00f6bel, toit ja tarberiistad, s\u00f5iduvahendid, eluase ja muu<\/strong>. Tallinn: Kirjastuskeskus, 2002. 141 lk.<br><strong>Suur pettumus ehk Inimene, \u00fchiskond ja inim\u00f5igused<\/strong>. Tallinn: Varrak, 2002. 221 lk.<br><strong>Eesti Advokatuuri ajalugu 1919\u20131994<\/strong>. Tallinn: Ilo, 2005. 394 lk.<br><strong>Eesti rahva lugu<\/strong>. Tallinn: Ilo, 2005. 270 lk.<br><strong>Ajaloo p\u00f6\u00f6rip\u00e4evad<\/strong>. Tallinn: Tammerraamat, 2006. 255 lk.<br><strong>Absurdi impeerium<\/strong>. Tallinn: Tammerraamat, 2007. 208 lk.<br><strong>Eesti notariaadi ajalugu 1918\u20132003<\/strong>. Tallinn: Juura, 2008. 270 lk.<br><strong>Eesti mees k\u00fcsimustes ja vastustes. Eesti naine k\u00fcsimustes ja vastustes<\/strong>. Tallinn: Koolibri, 2009. 121 lk.<br><strong>Eesti saatusehetked Eesti ajaloo k\u00fcmme k\u00e4\u00e4nukohta \u00fcheksa kirjaniku ja \u00fche ajaloolase pilgu l\u00e4bi<\/strong>. Tallinn: Varrak, 2010. 235 lk.<br><strong>Meie suured tegijad: Eesti lapse raamat<\/strong>. Tartu: Hermes, 2011. 48 lk.<br><strong>Eestlane seest ja v\u00e4ljast<\/strong>. Tallinn: Pilgrim, 2016. 167 lk.<br><strong>Suur pettumus ehk Humanismi kriis<\/strong>. Tallinn: SE&amp;JS, 2016. 231 lk.<br>Anu Kannike, Lauri Vahtre, <strong>Eesti eluolu 100 aastat<\/strong>. Tallinn: Post Factum, 2018. 220 lk.<\/span><\/span><\/span>\n<\/p>\n<p>\n\t<span style=\"color:#000000\"><span style=\"font-size:13px\"><span style=\"font-family:Verdana,Geneva,sans-serif\"><strong><em>Textbooks<\/em><\/strong><br>Heiki Raudla, Lauri Vahtre, <strong>\u00dchiskonna\u00f5petus p\u00f5hikoolile. II osa<\/strong>. Tallinn: Avita, 2003. 134 lk.<br>Eesti ajalugu g\u00fcmnaasiumile. Tallinn: Ilo, 2004. 334 lk.<br>Mart Laar, Lauri Vahtre, <strong>L\u00e4hiajalugu g\u00fcmnaasiumile. I<\/strong>. Tallinn: Avita, 2006. 159 lk.<br>Mart Laar, Lauri Vahtre, <strong>L\u00e4hiajalugu g\u00fcmnaasiumile. II<\/strong>. Tallinn: Avita, 2007. 182 lk.<br><strong>Eesti ajalugu vene \u00f5ppekeelega g\u00fcmnaasiumile<\/strong>. Tallinn: Ilo, 2010. 287 lk.<br>Mart Laar, Lauri Vahtre, <strong>Eesti ajaloo lugemik g\u00fcmnaasiumile<\/strong>. Tallinn: Maurus Kirjastus, 2012. 320 lk.<br>Mart Laar, Lauri Vahtre, <strong>Eesti ajalugu g\u00fcmnaasiumile I<\/strong>. Tallinn: Maurus Kirjastus, 2013. 208 lk.<br>Mart Laar, Lauri Vahtre, <strong>Eesti ajalugu g\u00fcmnaasiumile II<\/strong>. Tallinn: Maurus Kirjastus, 2013. 216 lk.<br>Mart Laar, Lauri Vahtre, <strong>\u00dcldajalugu g\u00fcmnaasiumile<\/strong>. Tallinn: Maurus, 2013. 264 lk.<br>Mart Nutt, Lauri Vahtre, <strong>L\u00e4hiajalugu. G\u00fcmnaasiumi\u00f5pik. 20. sajandi arengu p\u00f5hijooned: Eesti ja maailm. III<\/strong>. Tallinn: Maurus, 2014. 216 lk.<br>Mart Laar, Lauri Vahtre, <strong>L\u00e4hiajalugu. \u00d5pik g\u00fcmnaasiumile: uus \u00f5ppekava<\/strong>. Tallinn: Avita, 2014. 198 lk. [20. sajandi algusest II maailmas\u00f5ja l\u00f5puni.]<br>Lauri Vahtre, Ardi Siilaberg, Mart Laar, <strong>\u00dcldajaloo lugemik<\/strong>. Tallinn: Maurus, 2014. 232 lk.<\/span><\/span><\/span>\n<\/p>\n<p>\n\t\u00a0\n<\/p>\n<p>\n\t\u00a0\n<\/p>\n<p>\n\t\u00a0<\/p>\n","protected":false},"excerpt":{"rendered":"<p>Non-fiction \u00a0 Lauri Vahtre (born 22 March 1960) is a politician, historian, writer, scriptwriter and translator. Vahtre was born in Tartu as the son of Professor of History Sulev Vahtre. He completed Tartu Secondary School No. 2 in 1978 and &#8230;<\/p>\n","protected":false},"author":43,"featured_media":0,"parent":733,"menu_order":0,"comment_status":"closed","ping_status":"closed","template":"","meta":{"_acf_changed":false,"inline_featured_image":false,"footnotes":""},"class_list":["post-457","page","type-page","status-publish","hentry"],"acf":[],"_links":{"self":[{"href":"https:\/\/sisu.ut.ee\/ewod\/wp-json\/wp\/v2\/pages\/457","targetHints":{"allow":["GET"]}}],"collection":[{"href":"https:\/\/sisu.ut.ee\/ewod\/wp-json\/wp\/v2\/pages"}],"about":[{"href":"https:\/\/sisu.ut.ee\/ewod\/wp-json\/wp\/v2\/types\/page"}],"author":[{"embeddable":true,"href":"https:\/\/sisu.ut.ee\/ewod\/wp-json\/wp\/v2\/users\/43"}],"replies":[{"embeddable":true,"href":"https:\/\/sisu.ut.ee\/ewod\/wp-json\/wp\/v2\/comments?post=457"}],"version-history":[{"count":1,"href":"https:\/\/sisu.ut.ee\/ewod\/wp-json\/wp\/v2\/pages\/457\/revisions"}],"predecessor-version":[{"id":4620,"href":"https:\/\/sisu.ut.ee\/ewod\/wp-json\/wp\/v2\/pages\/457\/revisions\/4620"}],"up":[{"embeddable":true,"href":"https:\/\/sisu.ut.ee\/ewod\/wp-json\/wp\/v2\/pages\/733"}],"wp:attachment":[{"href":"https:\/\/sisu.ut.ee\/ewod\/wp-json\/wp\/v2\/media?parent=457"}],"curies":[{"name":"wp","href":"https:\/\/api.w.org\/{rel}","templated":true}]}}