{"id":456,"date":"2024-04-03T23:39:51","date_gmt":"2024-04-03T20:39:51","guid":{"rendered":"https:\/\/sisu.ut.ee\/ewod\/plays-et-18\/"},"modified":"2024-04-04T00:10:00","modified_gmt":"2024-04-03T21:10:00","slug":"plays","status":"publish","type":"page","link":"https:\/\/sisu.ut.ee\/ewod\/m\/metsanurk\/plays\/","title":{"rendered":"Mait Metsanurk &#8211; plays"},"content":{"rendered":"<p><strong><span style=\"font-family: verdana, geneva;font-size: medium\">Books<\/span><\/strong><\/p>\n<p><strong><em><span style=\"font-family: verdana, geneva\">Latvian<\/span><\/em><\/strong><br><span style=\"font-family: verdana, geneva\">Maits Metsanurks, <strong>Uz zala zara: luga 4 c\u0113lienos<\/strong>. Tulkojis Alfreds Kempe. R\u012bg\u0101: Kempe, 1932. [\u2018Haljal oksal\u2019.]<\/span><\/p>\n","protected":false},"excerpt":{"rendered":"<p>Books LatvianMaits Metsanurks, Uz zala zara: luga 4 c\u0113lienos. Tulkojis Alfreds Kempe. R\u012bg\u0101: Kempe, 1932. [\u2018Haljal oksal\u2019.]<\/p>\n","protected":false},"author":43,"featured_media":0,"parent":1111,"menu_order":0,"comment_status":"closed","ping_status":"closed","template":"","meta":{"_acf_changed":false,"inline_featured_image":false,"footnotes":""},"class_list":["post-456","page","type-page","status-publish","hentry"],"acf":[],"_links":{"self":[{"href":"https:\/\/sisu.ut.ee\/ewod\/wp-json\/wp\/v2\/pages\/456","targetHints":{"allow":["GET"]}}],"collection":[{"href":"https:\/\/sisu.ut.ee\/ewod\/wp-json\/wp\/v2\/pages"}],"about":[{"href":"https:\/\/sisu.ut.ee\/ewod\/wp-json\/wp\/v2\/types\/page"}],"author":[{"embeddable":true,"href":"https:\/\/sisu.ut.ee\/ewod\/wp-json\/wp\/v2\/users\/43"}],"replies":[{"embeddable":true,"href":"https:\/\/sisu.ut.ee\/ewod\/wp-json\/wp\/v2\/comments?post=456"}],"version-history":[{"count":1,"href":"https:\/\/sisu.ut.ee\/ewod\/wp-json\/wp\/v2\/pages\/456\/revisions"}],"predecessor-version":[{"id":4619,"href":"https:\/\/sisu.ut.ee\/ewod\/wp-json\/wp\/v2\/pages\/456\/revisions\/4619"}],"up":[{"embeddable":true,"href":"https:\/\/sisu.ut.ee\/ewod\/wp-json\/wp\/v2\/pages\/1111"}],"wp:attachment":[{"href":"https:\/\/sisu.ut.ee\/ewod\/wp-json\/wp\/v2\/media?parent=456"}],"curies":[{"name":"wp","href":"https:\/\/api.w.org\/{rel}","templated":true}]}}