{"id":454,"date":"2024-04-03T23:39:51","date_gmt":"2024-04-03T20:39:51","guid":{"rendered":"https:\/\/sisu.ut.ee\/ewod\/nonfiction-et-21\/"},"modified":"2024-04-04T00:10:00","modified_gmt":"2024-04-03T21:10:00","slug":"nonfiction","status":"publish","type":"page","link":"https:\/\/sisu.ut.ee\/ewod\/u\/unt\/nonfiction\/","title":{"rendered":"Mati Unt &#8211; non-fiction"},"content":{"rendered":"<p><strong><span style=\"font-family: verdana,geneva;font-size: medium\">In anthologies and magazines<\/span><\/strong><\/p>\n<p><strong><em><span style=\"font-family: verdana,geneva\">English<\/span><\/em><\/strong><br><span style=\"font-family: verdana,geneva\"><strong>[Afterword]<\/strong>. Translated by Eric Dickens. \u2013 T\u00f5nu Tormis, M\u00f5ni m\u00e4gi: 44 fotot: 1984 \u2013 1994 = Some mountains\/just a mountain: 44 photos: 1984 \u2013 1994. Tallinn: T. Tormis, 1997, 65 pp.<\/span><\/p>\n","protected":false},"excerpt":{"rendered":"<p>In anthologies and magazines English[Afterword]. Translated by Eric Dickens. \u2013 T\u00f5nu Tormis, M\u00f5ni m\u00e4gi: 44 fotot: 1984 \u2013 1994 = Some mountains\/just a mountain: 44 photos: 1984 \u2013 1994. Tallinn: T. Tormis, 1997, 65 pp.<\/p>\n","protected":false},"author":43,"featured_media":0,"parent":2040,"menu_order":0,"comment_status":"closed","ping_status":"closed","template":"","meta":{"_acf_changed":false,"inline_featured_image":false,"footnotes":""},"class_list":["post-454","page","type-page","status-publish","hentry"],"acf":[],"_links":{"self":[{"href":"https:\/\/sisu.ut.ee\/ewod\/wp-json\/wp\/v2\/pages\/454","targetHints":{"allow":["GET"]}}],"collection":[{"href":"https:\/\/sisu.ut.ee\/ewod\/wp-json\/wp\/v2\/pages"}],"about":[{"href":"https:\/\/sisu.ut.ee\/ewod\/wp-json\/wp\/v2\/types\/page"}],"author":[{"embeddable":true,"href":"https:\/\/sisu.ut.ee\/ewod\/wp-json\/wp\/v2\/users\/43"}],"replies":[{"embeddable":true,"href":"https:\/\/sisu.ut.ee\/ewod\/wp-json\/wp\/v2\/comments?post=454"}],"version-history":[{"count":1,"href":"https:\/\/sisu.ut.ee\/ewod\/wp-json\/wp\/v2\/pages\/454\/revisions"}],"predecessor-version":[{"id":4617,"href":"https:\/\/sisu.ut.ee\/ewod\/wp-json\/wp\/v2\/pages\/454\/revisions\/4617"}],"up":[{"embeddable":true,"href":"https:\/\/sisu.ut.ee\/ewod\/wp-json\/wp\/v2\/pages\/2040"}],"wp:attachment":[{"href":"https:\/\/sisu.ut.ee\/ewod\/wp-json\/wp\/v2\/media?parent=454"}],"curies":[{"name":"wp","href":"https:\/\/api.w.org\/{rel}","templated":true}]}}