{"id":451,"date":"2024-04-03T23:39:50","date_gmt":"2024-04-03T20:39:50","guid":{"rendered":"https:\/\/sisu.ut.ee\/ewod\/novels-et-24\/"},"modified":"2024-04-04T00:10:03","modified_gmt":"2024-04-03T21:10:03","slug":"novels","status":"publish","type":"page","link":"https:\/\/sisu.ut.ee\/ewod\/p\/eevapark\/novels\/","title":{"rendered":"Eeva Park &#8211; novels"},"content":{"rendered":"<p><span style=\"font-size: medium\" data-mce-mark=\"1\"><strong><span style=\"font-family: verdana, geneva\" data-mce-mark=\"1\">Books<\/span><\/strong><\/span><\/p>\n<p><strong><em><span style=\"font-family: verdana, geneva\" data-mce-mark=\"1\">German<\/span><\/em><\/strong><br><span style=\"font-family: verdana, geneva\" data-mce-mark=\"1\"><strong>Falle, unendlich: Thriller<\/strong>. Translated by Irja Gr\u00f6nholm. Husum: Ihleo Verlag, 2008, 246 pp. [\u2018L\u00f5ks l\u00f5pmatuses\u2019.]<\/span><\/p>\n<p><span style=\"font-family: verdana, geneva\" data-mce-mark=\"1\"><strong><em>Norwegian<\/em><\/strong><br><strong>Bak hendingshorisonten<\/strong>. Translated by \u00d8yvind Rang\u00f8y. Tallinn: NyNorden, 2008, 235 pp.\u00a0<span style=\"font-family: verdana, geneva\" data-mce-mark=\"1\">[\u2018L\u00f5ks l\u00f5pmatuses\u2019.]<\/span><br><\/span><\/p>\n<p><span style=\"font-family: verdana, geneva\"><span style=\"font-family: verdana, geneva\"><strong><em>Swedish<\/em><\/strong><br><strong>Evighetsf\u00e4llan<\/strong>. Translated by Kalli Klement. Stockholm: Norstedt, 2007, 230 pp.\u00a0<span>[\u2018L\u00f5ks l\u00f5pmatuses\u2019.]<br><\/span><br><\/span><\/span><\/p>\n<p><span style=\"font-size: medium\"><strong><span style=\"font-family: verdana, geneva\"><span style=\"font-family: verdana, geneva\">Excerpts from novels<\/span><\/span><\/strong><\/span><\/p>\n<p><span style=\"font-family: verdana, geneva\"><span style=\"font-family: verdana, geneva\"><span style=\"font-family: verdana, geneva\"><strong><em>English<\/em><\/strong><br><strong>A Trap in Infinity<\/strong>.<span>\u00a0\u2013\u00a0<\/span><a href=\"http:\/\/www.estlit.ee\/centre\/uploads\/catalogues\/A_Sharp_Cut.pdf\" target=\"_blank\" rel=\"noopener\">A Sharp Cut: contemporary Estonian literature<\/a><span>. [Introduction: Hasso Krull]. Tallinn: Estonian Literature Information Centre, 2005, 91 pp. [\u2018L\u00f5ks l\u00f5pmatuses\u2019. Contents of the booklet:\u00a0Poems by Andres Ehin, Indrek Hirv, Jaan Kaplinski, Doris Kareva, Kauksi \u00dclle, Kalev Kesk\u00fcla, Kivisildnik, Hasso Krull, Asko K\u00fcnnap, Viivi Luik, Ene Mihkelson, Paul-Eerik Rummo, Hando Runnel, Karl Martin Sinij\u00e4rv, Triin Soomets, Mats Traat, Mari Vallisoo, Elo Viiding, Juhan Viiding. Short prose excerpts by Nikolai Baturin, Maimu Berg, J\u00fcri Ehlvest, Mehis Heinsaar, Ilmar Jaks, Jaan Kaplinski, Jan Kaus, Andrus Kivir\u00e4hk, Jaan Kross, Viivi Luik, Mihkel Mutt, Eeva Park, Peeter Sauter, Tarmo Teder, Jaan Undusk, Arvo Valton, Toomas Vint, T\u00f5nu \u00d5nnepalu, Ervin \u00d5unapuu.]<\/span><\/span><\/span><\/span><\/p>\n","protected":false},"excerpt":{"rendered":"<p>Books GermanFalle, unendlich: Thriller. Translated by Irja Gr\u00f6nholm. Husum: Ihleo Verlag, 2008, 246 pp. [\u2018L\u00f5ks l\u00f5pmatuses\u2019.] NorwegianBak hendingshorisonten. Translated by \u00d8yvind Rang\u00f8y. Tallinn: NyNorden, 2008, 235 pp.\u00a0[\u2018L\u00f5ks l\u00f5pmatuses\u2019.] SwedishEvighetsf\u00e4llan. Translated by Kalli Klement. Stockholm: Norstedt, 2007, 230 pp.\u00a0[\u2018L\u00f5ks l\u00f5pmatuses\u2019.] Excerpts &#8230;<\/p>\n","protected":false},"author":43,"featured_media":0,"parent":2084,"menu_order":0,"comment_status":"closed","ping_status":"closed","template":"","meta":{"_acf_changed":false,"inline_featured_image":false,"footnotes":""},"class_list":["post-451","page","type-page","status-publish","hentry"],"acf":[],"_links":{"self":[{"href":"https:\/\/sisu.ut.ee\/ewod\/wp-json\/wp\/v2\/pages\/451","targetHints":{"allow":["GET"]}}],"collection":[{"href":"https:\/\/sisu.ut.ee\/ewod\/wp-json\/wp\/v2\/pages"}],"about":[{"href":"https:\/\/sisu.ut.ee\/ewod\/wp-json\/wp\/v2\/types\/page"}],"author":[{"embeddable":true,"href":"https:\/\/sisu.ut.ee\/ewod\/wp-json\/wp\/v2\/users\/43"}],"replies":[{"embeddable":true,"href":"https:\/\/sisu.ut.ee\/ewod\/wp-json\/wp\/v2\/comments?post=451"}],"version-history":[{"count":1,"href":"https:\/\/sisu.ut.ee\/ewod\/wp-json\/wp\/v2\/pages\/451\/revisions"}],"predecessor-version":[{"id":4638,"href":"https:\/\/sisu.ut.ee\/ewod\/wp-json\/wp\/v2\/pages\/451\/revisions\/4638"}],"up":[{"embeddable":true,"href":"https:\/\/sisu.ut.ee\/ewod\/wp-json\/wp\/v2\/pages\/2084"}],"wp:attachment":[{"href":"https:\/\/sisu.ut.ee\/ewod\/wp-json\/wp\/v2\/media?parent=451"}],"curies":[{"name":"wp","href":"https:\/\/api.w.org\/{rel}","templated":true}]}}