{"id":45,"date":"2024-04-03T23:39:17","date_gmt":"2024-04-03T20:39:17","guid":{"rendered":"https:\/\/sisu.ut.ee\/ewod\/reinla\/"},"modified":"2024-11-04T12:29:58","modified_gmt":"2024-11-04T10:29:58","slug":"reinla","status":"publish","type":"page","link":"https:\/\/sisu.ut.ee\/ewod\/r\/reinla\/","title":{"rendered":"Astrid Reinla"},"content":{"rendered":"<figure class=\"wp-block-image alignright size-large is-resized\"><a href=\"https:\/\/sisu.ut.ee\/wp-content\/uploads\/sites\/108\/astrid_reinla-scaled.jpg\"><img loading=\"lazy\" decoding=\"async\" width=\"724\" height=\"1024\" src=\"https:\/\/sisu.ut.ee\/wp-content\/uploads\/sites\/108\/astrid_reinla-724x1024.jpg\" alt=\"\" class=\"wp-image-2672\" style=\"width:300px\" srcset=\"https:\/\/sisu.ut.ee\/wp-content\/uploads\/sites\/108\/astrid_reinla-724x1024.jpg 724w, https:\/\/sisu.ut.ee\/wp-content\/uploads\/sites\/108\/astrid_reinla-212x300.jpg 212w, https:\/\/sisu.ut.ee\/wp-content\/uploads\/sites\/108\/astrid_reinla-768x1086.jpg 768w, https:\/\/sisu.ut.ee\/wp-content\/uploads\/sites\/108\/astrid_reinla-1086x1536.jpg 1086w, https:\/\/sisu.ut.ee\/wp-content\/uploads\/sites\/108\/astrid_reinla-1448x2048.jpg 1448w, https:\/\/sisu.ut.ee\/wp-content\/uploads\/sites\/108\/astrid_reinla-1920x2715.jpg 1920w, https:\/\/sisu.ut.ee\/wp-content\/uploads\/sites\/108\/astrid_reinla-scaled.jpg 1810w\" sizes=\"auto, (max-width: 724px) 100vw, 724px\"><\/a><\/figure>\n\n\n\n<h4 class=\"wp-block-heading\"><br><strong><a href=\"https:\/\/sisu.ut.ee\/ewod\/r\/reinla\/reinla-poems\/\" data-type=\"page\" data-id=\"5705\">Poems<\/a><span style=\"font-family: verdana, geneva; font-size: medium;\"><\/span><\/strong><\/h4>\n\n\n\n<h5 class=\"wp-block-heading\"><a href=\"https:\/\/sisu.ut.ee\/ewod\/r\/reinla\/stories\/\" data-type=\"page\" data-id=\"50\"><strong>Short stories<\/strong><\/a><\/h5>\n\n\n\n<p><br><span style=\"font-size: 13px;\"><span style=\"font-family: Verdana,Geneva,sans-serif;\"><span style=\"color: #000000;\">Astrid Reinla (real name Astrid Kabur, 1 March 1948 \u2013 1 January 1995) was an Estonian writer.<\/span><\/span><\/span><\/p>\n\n\n\n<p class=\"western\"><span style=\"font-size: 13px;\"><span style=\"font-family: Verdana,Geneva,sans-serif;\"><span style=\"color: #000000;\">She was born in Tallinn as the daughter of the literary scholar Oskar Kuningas. She studied at Tallinn secondary schools no. 29 (1955\u20131961) and 7 (1961\u20131966) and at Tartu State University (1969\u20131974) from where she graduated as an Estonian philologist. She worked as a bibliographer at the State Library of the Estonian SSR (1966\u20131969, the present National Library of Estonia), as a proofreader at the Eesti Raamat publishing house (1974\u20131976) and as language editor and proofreader of the magazine <i>Horisont<\/i> (1976\u20131979). From 1979, she was a freelance writer. She joined the Estonian Writers Union in 1990. In 1971, she married writer Boris Kabur.<\/span><\/span><\/span><\/p>\n\n\n\n<p class=\"western\"><span style=\"font-size: 13px;\"><span style=\"font-family: Verdana,Geneva,sans-serif;\"><span style=\"color: #000000;\">Reinla\u2019s first piece of writing was published in a periodical in 1969. The most fertile creative period in her less than 50 years of life fell into the 1980s when she published collections of both poetry and short stories but also children\u2019s books and plays. The latter include, e.g., <i>Naeris naeris<\/i> (\u2018The Turnip Laughed\u2019, 1984), which was staged at the Estonian Puppet Theatre, and <i>Koduabiline<\/i> (\u2018Domestic Helper\u2019, 1986) which was staged at the Ugala Theatre.<\/span><\/span><\/span><\/p>\n\n\n\n<p class=\"western\"><span style=\"font-size: 13px;\"><span style=\"font-family: Verdana,Geneva,sans-serif;\"><span style=\"color: #000000;\">Although Reinla\u2019s creation had an essential role in her time, and critic Aivar Kull has called her \u201ca balancing, reconciliating force that mitigated tensions in that time\u2019s cultural life\u201d, today she is best known as a children\u2019s writer. Several generations have grown up with her mythological character P\u00e4tu (1988) whom no one has seen, but who can be made responsible for any mischief that has happened at home. In 1990 the book was screened as a television play; an audio cassette with P\u00e4tu\u2019s songs was also released. The painfully realistic story about the forsaken cat Teofrastus (1985), which reflects the value judgements and sore points of that time\u2019s society, may have inspired several younger writers\u2019 children\u2019s books about cats and given a new dimension to the local identity of the Mustam\u00e4e district in Tallinn and the South Estonian village Peedu. <i>Teofrastus<\/i> was made into a puppet film as late as in 2018, which proves the strong impact the book had on children when was published, and how it continues to live on in their memories. <i>Teofrastus<\/i> has been translated into German and English (both 1989). <\/span><\/span><\/span><\/p>\n\n\n\n<p class=\"western\"><span style=\"font-size: 13px;\"><span style=\"font-family: Verdana,Geneva,sans-serif;\"><span style=\"color: #000000;\">Many Estonians remember Reinla even now as the author of the idea and the first scriptwriter of the popular television series <i>\u00d5nne 13 (Meie elu lood)<\/i> (\u201813 \u00d5nne Street (The Stories of Our Life)\u2019). Although the scriptwriters of the series initiated by her in 1993 have changed for several times, being always well-known Estonian writers, the series is still popular and has continued uninterruptedly for several decades. In 1995, Reinla posthumously received the Literature Endowment Annual Award for <i>\u00d5nne 13<\/i>.<\/span><\/span><\/span><\/p>\n\n\n\n<p class=\"western\"><span style=\"font-size: 13px;\"><span style=\"font-family: Verdana,Geneva,sans-serif;\"><span style=\"color: #000000;\">Reinla has translated the collection of science-fiction stories by the Russian writer Andrei Balabukha <i>Eelk\u00e4ijad<\/i> (\u2018Forerunners\u2019, 1978), Ella Fonyakova\u2019s story for young adults <i>Tolle talve leib<\/i> (\u2018The Bread of That Winter\u2019, 1979), <i>Teekond teise ilma ehk suur palver\u00e4nnak<\/i> (\u2018Journey into the Other World or Great Pilgrimage\u2019, 1980) by the Tajik writer Fazlidin Mukhamadiev and Helen Keller\u2019s novel <i>Minu elu lugu<\/i> (\u2018The Story of My Life\u2019, 1995).<\/span><\/span><\/span><\/p>\n\n\n\n<p class=\"western\"><span style=\"font-size: 13px;\"><span style=\"font-family: Verdana,Geneva,sans-serif;\"><span style=\"color: #000000;\"><i>M. K. (Translated by I. A.)<\/i><\/span><\/span><\/span><\/p>\n\n\n\n<p><span style=\"font-size: 16px;\"><span style=\"font-family: Verdana,Geneva,sans-serif;\"><span style=\"color: #000000;\"><b>Books in Estonian<\/b><\/span><\/span><\/span><\/p>\n\n\n\n<p class=\"western\"><span style=\"font-size: 13px;\"><span style=\"font-family: Verdana,Geneva,sans-serif;\"><span style=\"color: #000000;\"><i><b>Poems<\/b><\/i><br><b>Kiilasj\u00e4\u00e4. <\/b>Tallinn: ENSV Riiklik Kunstiinstituut, 1973, 31 lk [kunstitudengi koolit\u00f6\u00f6, mida tr\u00fckiti 20 eksemplari].<br><b>Lihtminevik. <\/b>Tallinn: Eesti Raamat, 1982, 51 lk.<\/span><\/span><\/span><\/p>\n\n\n\n<p class=\"western\"><span style=\"font-size: 13px;\"><span style=\"font-family: Verdana,Geneva,sans-serif;\"><span style=\"color: #000000;\"><i><b>Children\u2019s literature<\/b><\/i><br><b>Teofrastus. <\/b>Tallinn: Eesti Raamat, 1985, 48 lk. [2. tr\u00fckk: Tallinn: TEA Kirjastus, 2010, 72 lk; 3. tr\u00fckk: Tallinn: T\u00e4nap\u00e4ev, 2018, 89 lk.]<br><b>P\u00e4tu. <\/b>Tallinn: Eesti Raamat, 1988, 40 lk. [2. tr\u00fckk: Tallinn: Avita, 2000, 48 lk; 3. tr\u00fckk: Tallinn: T\u00e4nap\u00e4ev, 2000, 40 lk; 4. tr\u00fckk: Tallinn, Avita, 2008, 48 lk.]<br><b>Miikael. <\/b>Tallinn: Eesti Raamat, 1989, 143 lk.<br><b>P\u00e4tu laulud. <\/b>Tallinn: S\u00fcnnimaa, 1992, 33 lk.<br><b>Lumeelevant. Krooksjalad. <\/b>Tallinn: Kupar, 1994, 224 lk. [\u2018Lumeelevandi\u2019 2. tr\u00fckk: Tallinn: TEA Kirjastus, 2012, 88 lk.]<\/span><\/span><\/span><\/p>\n\n\n\n<p class=\"western\"><span style=\"font-size: 13px;\"><span style=\"font-family: Verdana,Geneva,sans-serif;\"><span style=\"color: #000000;\"><i><b>Short stories<\/b><\/i><br><b>Inimestega. <\/b>Tallinn: Eesti Raamat, 1982, 128 lk.<br><b>Plekk-katus. <\/b>Tallinn: Eesti Raamat, 1987, 192 lk.<br><b>Kodanik on loll. <\/b>Tallinn: Tuum, 1994, 96 lk.<\/span><\/span><\/span><\/p>\n\n\n\n<p>\u00a0<\/p>\n","protected":false},"excerpt":{"rendered":"<p>Poems Short stories Astrid Reinla (real name Astrid Kabur, 1 March 1948 \u2013 1 January 1995) was an Estonian writer. She was born in Tallinn as the daughter of the literary scholar Oskar Kuningas. She studied at Tallinn secondary schools &#8230;<\/p>\n","protected":false},"author":43,"featured_media":0,"parent":686,"menu_order":0,"comment_status":"closed","ping_status":"closed","template":"","meta":{"_acf_changed":false,"inline_featured_image":false,"footnotes":""},"class_list":["post-45","page","type-page","status-publish","hentry"],"acf":[],"_links":{"self":[{"href":"https:\/\/sisu.ut.ee\/ewod\/wp-json\/wp\/v2\/pages\/45","targetHints":{"allow":["GET"]}}],"collection":[{"href":"https:\/\/sisu.ut.ee\/ewod\/wp-json\/wp\/v2\/pages"}],"about":[{"href":"https:\/\/sisu.ut.ee\/ewod\/wp-json\/wp\/v2\/types\/page"}],"author":[{"embeddable":true,"href":"https:\/\/sisu.ut.ee\/ewod\/wp-json\/wp\/v2\/users\/43"}],"replies":[{"embeddable":true,"href":"https:\/\/sisu.ut.ee\/ewod\/wp-json\/wp\/v2\/comments?post=45"}],"version-history":[{"count":8,"href":"https:\/\/sisu.ut.ee\/ewod\/wp-json\/wp\/v2\/pages\/45\/revisions"}],"predecessor-version":[{"id":5716,"href":"https:\/\/sisu.ut.ee\/ewod\/wp-json\/wp\/v2\/pages\/45\/revisions\/5716"}],"up":[{"embeddable":true,"href":"https:\/\/sisu.ut.ee\/ewod\/wp-json\/wp\/v2\/pages\/686"}],"wp:attachment":[{"href":"https:\/\/sisu.ut.ee\/ewod\/wp-json\/wp\/v2\/media?parent=45"}],"curies":[{"name":"wp","href":"https:\/\/api.w.org\/{rel}","templated":true}]}}