{"id":448,"date":"2024-04-03T23:39:50","date_gmt":"2024-04-03T20:39:50","guid":{"rendered":"https:\/\/sisu.ut.ee\/ewod\/kaljulepik\/"},"modified":"2024-04-04T00:10:03","modified_gmt":"2024-04-03T21:10:03","slug":"kaljulepik","status":"publish","type":"page","link":"https:\/\/sisu.ut.ee\/ewod\/l\/kaljulepik\/","title":{"rendered":"Kalju Lepik"},"content":{"rendered":"<p>\n\t<span style=\"font-family: verdana, geneva;font-size: medium\"><strong><a href=\"https:\/\/sisu.ut.ee\/ewod\/l\/kaljulepik\/poems\">Poems<\/a><\/strong>\u00a0<a href=\"https:\/\/sisu.ut.ee\/wp-content\/uploads\/sites\/108\/negb-37-6266_kalju_lepik.jpg\" target=\"_self\" rel=\"noopener\"><img decoding=\"async\" alt=\"Kalju Lepik\" src=\"https:\/\/sisu.ut.ee\/wp-content\/uploads\/sites\/108\/negb-37-6266_kalju_lepik.jpg\" style=\"float: right;width: 200px;height: 288px\"><\/a><\/span><\/p>\n<p><strong><span style=\"font-family: verdana, geneva;font-size: medium\"><a href=\"https:\/\/sisu.ut.ee\/ewod\/l\/kaljulepik\/about\">About\u00a0Kalju Lepik<\/a><\/span><\/strong>\n<\/p>\n<p><span style=\"color:#000000\"><span style=\"font-size:13px\"><span style=\"font-family:Verdana,Geneva,sans-serif\">Kalju Lepik (7. X 1920 \u2013 30.V 1999) is one of the best-known Estonian poets of the second half of the 20th century, one whose creativity reached maturity in exile.<\/span><\/span><\/span>\n<\/p>\n<p>\n\t<span style=\"color:#000000\"><span style=\"font-size:13px\"><span style=\"font-family:Verdana,Geneva,sans-serif\">He was born at Koeru, from 1928 to 1934 attended Koeru primary school, from 1935 to 1939 Tartu School of Business, from 1939 to 1941 Tartu Secondary School of Business and from 1942 to 1943 the Faculty of Philosophy at the University of Tartu, specializing in Nordic history and archaeology. In exile for a short time he continued his studies in history and ethnography at the University of Stockholm. In 1943 Lepik was mobilized into the German army. A year later he escaped to Sweden, after a short period of activity as a Forest Brother on Hiiumaa. His memories of life among the Forest Brethren are reflected in his later poetry.<\/span><\/span><\/span>\n<\/p>\n<p>\n\t<span style=\"color:#000000\"><span style=\"font-size:13px\"><span style=\"font-family:Verdana,Geneva,sans-serif\">Most of his adult life Kalju Lepik spent in exile in Stockholm, one of the most important keepers of Estonian identity there. Although at first he had to work in a hospital kitchen, a radio factory and a printing-house, by the time he reached Sweden at the age of 26 he was already a well-developed literary figure and co-founder of several exile organizations: he belonged to the Estonian Cultural Society of Sweden and the Estonian National Council; from 1966 to 1985 he was the director of the Baltic Archive, in 1970 he was elected to the Deputies\u2019 Assembly of the Estonian Committee, and in 1982 to the chairmanship of the Estonian Writers\u2019 Union Abroad, holding that post until his death. He also belonged to the P\u00f5hjala student society, the Swedish Writers\u2019 Union and the PEN Club, among others.<\/span><\/span><\/span>\n<\/p>\n<p>\n\t<span style=\"color:#000000\"><span style=\"font-size:13px\"><span style=\"font-family:Verdana,Geneva,sans-serif\">At the same time he continued leading the Tuulisui art and literature group in Sweden, having established it in Tartu in 1940. Among other things he edited the journal <em>S\u00f5na<\/em> (\u2018The Word\u2019) under the auspices of Tuulisui (1948-1950) and contributed his own works to anthologies, such as <em>Homse nimel<\/em> (\u2018In the Name of Tomorrow\u2019), 1945) and <em>Kirjanikult lugejale<\/em> (\u2018From Author to Reader\u2019, 1952). Under the pseudonym Rein Kaljum\u00e4gi\u00a0he published a novel written with Arvo M\u00e4gi, <em>Tuuleveski<\/em> (\u2018The Windmill\u2019, Lund 1967).<\/span><\/span><\/span>\n<\/p>\n<p>\n\t<span style=\"color:#000000\"><span style=\"font-size:13px\"><span style=\"font-family:Verdana,Geneva,sans-serif\">Lepik was active on the journals <em>Kodutee<\/em> and <em>Kodukolle<\/em> and in establishing the Estonian publishing house Eesti Raamat in Stockholm. He also edited Gustav Suits\u2019 collected poems\u00a0(1963). Kalju Lepik died in Tallinn.<\/span><\/span><\/span>\n<\/p>\n<p>\n\t<span style=\"color:#000000\"><span style=\"font-size:13px\"><span style=\"font-family:Verdana,Geneva,sans-serif\">Kalju Lepik published his first poems in 1939 in the student journals <em>Iloli<\/em> and <em>Tuleviku Rajad<\/em>. During his life he published up to twenty collections. Among Lepik\u2019s verse can be found both patriotic lyrics and satire, both romance and pessimism. The range of his subject-matter is broad and the scale of his expression is generous. His hallmark is seen as a peculiar black humour, which is taken to be a way of scaring away the author\u2019s inner anxieties. There are elements from folk poetry, but also free verse and Christian imagery. He was especially sceptical \u2013 for the time and his own lifetime \u2013 of political power. His models were Juhan Liiv, Gustav Suits, Henrik Visnapuu, Juhan S\u00fctiste and Heiti Talvik.<\/span><\/span><\/span>\n<\/p>\n<p>\n\t<span style=\"color:#000000\"><span style=\"font-size:13px\"><span style=\"font-family:Verdana,Geneva,sans-serif\">His poetry has appeared in most of the bigger poetry anthologies and been translated into at least a dozen foreign languages. The Maarjamaa publishing house issued a collection in nine languages of Lepik\u2019s poetry, translated by Mare Tiido, <em>Surmal on lapse silmad<\/em> (\u2018Death Has a Child\u2019s Eyes\u2019, 1976). Several monographs and bi(bli)ographical works have been written about him.<\/span><\/span><\/span>\n<\/p>\n<p>\n\t<span style=\"color:#000000\"><span style=\"font-size:13px\"><span style=\"font-family:Verdana,Geneva,sans-serif\">He was praised even in his period in exile, in terms of awards from the Estonian National Congress in Sweden (1962), the Estonian Cultural Society of Sweden (1976), the Estonian Arts Foundation in Canada (1981), the Estonian Committee in Stockholm (1988); he won a number of recognitions after Estonian regained its independence: the Juhan Liiv Poetry Prize (1990 and 1998), the A. H. Tammsaare Literary Award (1991), the Order of the Great Seal, 1st class (1996), the annual Estonian Literature Prize (1998), and the J\u00e4rvamaa Coat of Arms Badge (1999). Since 2003, every year on the eve of the poet\u2019s birthday in October, there has been a Kalju Lepik Poetry Competition at Koeru.<\/span><\/span><\/span>\n<\/p>\n<p>\n\t<span style=\"color:#000000\"><em><span style=\"font-size:13px\"><span style=\"font-family:Verdana,Geneva,sans-serif\">M. K. (Translated by C. M.)<\/span><\/span><\/em><\/span>\n<\/p>\n<p><span style=\"color:#000000\"><strong><span style=\"font-size:16px\"><span style=\"font-family:Verdana,Geneva,sans-serif\">Books in Estonian<\/span><\/span><\/strong><\/span>\n<\/p>\n<p>\n\t<span style=\"color:#000000\"><span style=\"font-family:Verdana,Geneva,sans-serif\"><span style=\"font-size:13px\"><strong><em>Poems<\/em><\/strong><\/span><\/span><br><span style=\"font-family:Verdana,Geneva,sans-serif\"><span style=\"font-size:13px\"><strong>N\u00e4gu koduaknas<\/strong>. Luuletusi 1942-1946. Stockholm: Eesti Raamat, 1946, 71 lk.<br><strong>M\u00e4ngumees<\/strong>. Teine kogu luuletusi. Stockholm: Eesti Raamat, 1948, 54 lk.<br><strong>Kerjused treppidel<\/strong>. Kolmas kogu luuletusi. Vadstena: Orto, 1949, 61 lk.<br><strong>Merep\u00f5hi<\/strong>. Neljas kogu luuletusi. Stockholm: Tuulisui, 1951, 63 lk.<br><strong>Muinasjutt Tiigrimaast<\/strong>. Viies kogu luuletusi. Lund: Eesti Kirjanike Kooperatiiv, 1955, 79 lk.<br><strong>Kivimurd<\/strong>. Kuues kogu luuletusi. Lund: Eesti Kirjanike Kooperatiiv, 1958, 95 lk.<br><strong>Ronk on laululind<\/strong>. Valitud luuletused. Lund: Eesti Kirjanike Kooperatiiv, 1961, 142 lk.<br><strong>Kollased n\u00f5mmed<\/strong>. Seitsmes kogu luuletusi. Lund: Eesti Kirjanike Kooperatiiv, 1965, 95 lk.<br><strong>Marmorpagulane<\/strong>. Kaheksas kogu luuletusi. Lund: Eesti Kirjanike Kooperatiiv, 1968, 80 lk.<br><strong>Verep\u00f5ld<\/strong>. \u00dcheksas kogu luuletusi. Lund: Eesti Kirjanike Kooperatiiv, 1973, 96 lk.<br><strong>Surmal on lapse silmad = Death has a Child\u2019s Eyes<\/strong>. T\u00f5lkinud Mare Tiido. Rooma: Maarjamaa, 1976, 208 lk. [Eesti, soome, ungari, itaalia, saksa, inglise, rootsi, l\u00e4ti ja prantsuse keeles.]<br><strong>Klaasist mehed<\/strong>. K\u00fcmnes kogu luuletusi. Lund: Eesti Kirjanike Kooperatiiv, 1978, 95 lk.<br><strong>Kogutud luuletused (1938\u20131979)<\/strong>. Lund: Eesti Kirjanike Kooperatiiv, 1980, 472 lk.<br><strong>Kadunud k\u00fclad<\/strong>. \u00dcheteistk\u00fcmnes kogu luuletusi. Lund: Eesti Kirjanike Kooperatiiv, 1985, 96 lk.<br><strong>Rukkilille murdmise laul<\/strong>. Valitud luuletused. Koostanud Paul-Eerik Rummo. Tallinn: Eesti Raamat, 1990, 486 lk.<br><strong>\u00d6\u00f6t\u00fcdruk<\/strong>. Kaheteistk\u00fcmnes kogu luuletusi. Tallinn: Eesti Raamat, 1992, 95 lk.<br><strong>Pihlakamarja rist<\/strong>. Kolmeteistk\u00fcmnes kogu luuletusi. Tartu: Ilmamaa, 1997, 103 lk; [2. tr\u00fckk: 2000.]<br><strong>60 luuletust<\/strong>. Koostanud Otto Paju. Tartu: Ilmamaa, 2000, 160 lk.<br><strong>Valguse riie ei vanu<\/strong>. Kogutud luuletused 1938-1999. Koostanud Hando Runnel. Tartu: Ilmamaa, 2002, 630 lk.<br><strong>Paomaal ja maarjamaal<\/strong>. Koostanud ja j\u00e4rels\u00f5na: Karl Muru. Tallinn: T\u00e4nap\u00e4ev, 2009, 109 lk.<\/span><\/span><\/span>\n<\/p>\n<p>\n\t<span style=\"color:#000000\"><span style=\"font-family:Verdana,Geneva,sans-serif\"><span style=\"font-size:13px\"><strong><em>Novels<\/em><\/strong><br>Rein Kaljum\u00e4gi [= Kalju Lepik ja Arvo M\u00e4gi], <strong>Tuuleveski<\/strong>. Nelik\u00fcmmend ja \u00fcks koltunud kirja lisadega. Lund: Eesti Kirjanike Kooperatiiv, 1967, 262 lk.<\/span><\/span><\/span>\n<\/p>\n<p>\n\t<span style=\"color:#000000\"><span style=\"font-family:Verdana,Geneva,sans-serif\"><span style=\"font-size:13px\"><strong><em>About Kalju Lepik<\/em><\/strong><br>Endel S\u00f5gel, <strong>Sina oled kuusik ja mina lepik<\/strong>. Tallinn: Eesti Raamat, 1965, 32 lk. [Ajalehe Kodumaa lisa.]\u00a0<br>Arvo M\u00e4gi, <strong>Kalju Lepik<\/strong>. L\u00fchimonograafia. Lund: Eesti Kirjanike Kooperatiiv, 1970, 77 lk. [2. tr\u00fckk: 1993.]<br><strong>Kalju Lepik. Personaalnimestik<\/strong>. Koostanud Anne Valmas. Tallinn: Eesti Rahvusraamatukogu, 1990, 156 lk.<br><strong>Kalju Lepik. Bibliograafia<\/strong>. Koostanud Anne Valmas ja Anne Klaassen. Tallinn: Teaduste Akadeemia Kirjastus, 2000, 224 lk.<br>Juta Rundu, <strong>Kalju Lepik ja Koeru<\/strong>. T\u00f5ravere: Eesti Vabaharidusliit, 2000, 96 lk.<\/span><\/span><\/span><\/p>\n","protected":false},"excerpt":{"rendered":"<p>Poems\u00a0 About\u00a0Kalju Lepik Kalju Lepik (7. X 1920 \u2013 30.V 1999) is one of the best-known Estonian poets of the second half of the 20th century, one whose creativity reached maturity in exile. He was born at Koeru, from 1928 &#8230;<\/p>\n","protected":false},"author":43,"featured_media":0,"parent":631,"menu_order":0,"comment_status":"closed","ping_status":"closed","template":"","meta":{"_acf_changed":false,"inline_featured_image":false,"footnotes":""},"class_list":["post-448","page","type-page","status-publish","hentry"],"acf":[],"_links":{"self":[{"href":"https:\/\/sisu.ut.ee\/ewod\/wp-json\/wp\/v2\/pages\/448","targetHints":{"allow":["GET"]}}],"collection":[{"href":"https:\/\/sisu.ut.ee\/ewod\/wp-json\/wp\/v2\/pages"}],"about":[{"href":"https:\/\/sisu.ut.ee\/ewod\/wp-json\/wp\/v2\/types\/page"}],"author":[{"embeddable":true,"href":"https:\/\/sisu.ut.ee\/ewod\/wp-json\/wp\/v2\/users\/43"}],"replies":[{"embeddable":true,"href":"https:\/\/sisu.ut.ee\/ewod\/wp-json\/wp\/v2\/comments?post=448"}],"version-history":[{"count":1,"href":"https:\/\/sisu.ut.ee\/ewod\/wp-json\/wp\/v2\/pages\/448\/revisions"}],"predecessor-version":[{"id":4635,"href":"https:\/\/sisu.ut.ee\/ewod\/wp-json\/wp\/v2\/pages\/448\/revisions\/4635"}],"up":[{"embeddable":true,"href":"https:\/\/sisu.ut.ee\/ewod\/wp-json\/wp\/v2\/pages\/631"}],"wp:attachment":[{"href":"https:\/\/sisu.ut.ee\/ewod\/wp-json\/wp\/v2\/media?parent=448"}],"curies":[{"name":"wp","href":"https:\/\/api.w.org\/{rel}","templated":true}]}}