{"id":433,"date":"2024-04-03T23:39:49","date_gmt":"2024-04-03T20:39:49","guid":{"rendered":"https:\/\/sisu.ut.ee\/ewod\/novels-et-23\/"},"modified":"2024-04-04T00:10:04","modified_gmt":"2024-04-03T21:10:04","slug":"novels","status":"publish","type":"page","link":"https:\/\/sisu.ut.ee\/ewod\/l\/leesalu\/novels\/","title":{"rendered":"Diana Leesalu &#8211; novels"},"content":{"rendered":"<p>\n\t<span style=\"color:#000000\"><strong><span style=\"font-size:16px\"><span style=\"font-family:Verdana,Geneva,sans-serif\">Books<\/span><\/span><\/strong><\/span>\n<\/p>\n<p>\n\t<span style=\"color:#000000\"><span style=\"font-size:13px\"><span style=\"font-family:Verdana,Geneva,sans-serif\"><strong><em>Lithuanian<\/em><\/strong><br><strong>\u017daidimas yra tikrov\u0117<\/strong>: \u0161iu dien\u0173 romanas jaunimui. I\u0161 est\u0173 kalbos vert\u0117 Kristina Ba\u010diuskaite. Vilnius: Tyto Alba, 2010, 292 pp. [\u2018M\u00e4ngult on p\u00e4riselt\u2019.]<\/span><\/span><\/span><\/p>\n","protected":false},"excerpt":{"rendered":"<p>Books Lithuanian\u017daidimas yra tikrov\u0117: \u0161iu dien\u0173 romanas jaunimui. I\u0161 est\u0173 kalbos vert\u0117 Kristina Ba\u010diuskaite. Vilnius: Tyto Alba, 2010, 292 pp. [\u2018M\u00e4ngult on p\u00e4riselt\u2019.]<\/p>\n","protected":false},"author":43,"featured_media":0,"parent":419,"menu_order":0,"comment_status":"closed","ping_status":"closed","template":"","meta":{"_acf_changed":false,"inline_featured_image":false,"footnotes":""},"class_list":["post-433","page","type-page","status-publish","hentry"],"acf":[],"_links":{"self":[{"href":"https:\/\/sisu.ut.ee\/ewod\/wp-json\/wp\/v2\/pages\/433","targetHints":{"allow":["GET"]}}],"collection":[{"href":"https:\/\/sisu.ut.ee\/ewod\/wp-json\/wp\/v2\/pages"}],"about":[{"href":"https:\/\/sisu.ut.ee\/ewod\/wp-json\/wp\/v2\/types\/page"}],"author":[{"embeddable":true,"href":"https:\/\/sisu.ut.ee\/ewod\/wp-json\/wp\/v2\/users\/43"}],"replies":[{"embeddable":true,"href":"https:\/\/sisu.ut.ee\/ewod\/wp-json\/wp\/v2\/comments?post=433"}],"version-history":[{"count":1,"href":"https:\/\/sisu.ut.ee\/ewod\/wp-json\/wp\/v2\/pages\/433\/revisions"}],"predecessor-version":[{"id":4643,"href":"https:\/\/sisu.ut.ee\/ewod\/wp-json\/wp\/v2\/pages\/433\/revisions\/4643"}],"up":[{"embeddable":true,"href":"https:\/\/sisu.ut.ee\/ewod\/wp-json\/wp\/v2\/pages\/419"}],"wp:attachment":[{"href":"https:\/\/sisu.ut.ee\/ewod\/wp-json\/wp\/v2\/media?parent=433"}],"curies":[{"name":"wp","href":"https:\/\/api.w.org\/{rel}","templated":true}]}}