{"id":431,"date":"2024-04-03T23:39:49","date_gmt":"2024-04-03T20:39:49","guid":{"rendered":"https:\/\/sisu.ut.ee\/ewod\/look\/"},"modified":"2024-04-04T00:10:04","modified_gmt":"2024-04-03T21:10:04","slug":"look","status":"publish","type":"page","link":"https:\/\/sisu.ut.ee\/ewod\/l\/look\/","title":{"rendered":"Kairi Look"},"content":{"rendered":"<p>\n\t<a href=\"https:\/\/sisu.ut.ee\/ewod\/l\/look\/children\"><strong><span style=\"font-family: verdana, geneva;font-size: medium\">Children\u2019s literature<\/span><\/strong><\/a>\n<\/p>\n<p><span style=\"color:#000000\"><span style=\"font-size:13px\"><span style=\"font-family:Verdana,Geneva,sans-serif\">Kairi Look (born 19 April 1983) is a children\u2019s writer and author of short prose.<\/span><\/span><\/span>\n<\/p>\n<p>\n\t<span style=\"color:#000000\"><span style=\"font-size:13px\"><span style=\"font-family:Verdana,Geneva,sans-serif\">Look was born in Tallinn. She graduated from the University of Tartu as a BSc in physiotherapy in 2005 and from the University of Amsterdam as an MSc in children\u2019s rehabilitation in 2008. She has upgraded her qualifications in the same speciality in Finland and at Ghent University in Belgium. In 2014, she completed a course of creative writing at Drakadeemia (a private school in Tallinn specializing on theatre-specific creative writing and other theatre-related subjects) and, in 2015, stayed at the <em>Cit\u00e9 internationale des arts<\/em> creative residency in Paris. She has been a member of the Estonian Writers\u2019 Union from 2015.<\/span><\/span><\/span>\n<\/p>\n<p>\n\t<span style=\"color:#000000\"><span style=\"font-size:13px\"><span style=\"font-family:Verdana,Geneva,sans-serif\">Look\u2019s first book for children appeared in 2012. Her stories for children are published in the magazines <em>T\u00e4heke<\/em>, <em>Hea Laps<\/em> and <em>Pere ja Kodu<\/em>. The author appreciates beautiful language and finds that the road to great literature goes through reading of children\u2019s books.<\/span><\/span><\/span>\n<\/p>\n<p>\n\t<span style=\"color:#000000\"><span style=\"font-size:13px\"><span style=\"font-family:Verdana,Geneva,sans-serif\">Look has published nearly ten books for children, and they have been translated into German, French, Finnish, Latvian, Lithuanian, and Russian. Kairi Look has translated two children\u2019s books from Dutch into Estonian.<\/span><\/span><\/span>\n<\/p>\n<p>\n\t<span style=\"color:#000000\"><span style=\"font-size:13px\"><span style=\"font-family:Verdana,Geneva,sans-serif\">Kairi Look has also written short stories for adults; they have been published in the journal <em>Looming<\/em>.\u00a0 In 2018, Look won the annual prize of the journal <em>Looming<\/em> for her short story <em>Relaps<\/em>.<\/span><\/span><\/span>\n<\/p>\n<p>\n\t<em><span style=\"color:#000000\"><span style=\"font-size:13px\"><span style=\"font-family:Verdana,Geneva,sans-serif\">L. P. (Translated by I. A.)<\/span><\/span><\/span><\/em>\n<\/p>\n<p>\n\t\u00a0\n<\/p>\n<p>\n\t<strong><span style=\"font-size:16px\"><span style=\"color:#000000\"><span style=\"font-family:Verdana,Geneva,sans-serif\">Books in Estonian<\/span><\/span><\/span><\/strong>\n<\/p>\n<p>\n\t<span style=\"color:#000000\"><span style=\"font-size:13px\"><span style=\"font-family:Verdana,Geneva,sans-serif\"><strong><em>Children\u2019s books<\/em><\/strong><br><strong>Leemuripoeg Ville teeb s\u00e4\u00e4red<\/strong>. Tallinn: T\u00e4nap\u00e4ev, 2012. 161 lk.<br><strong>Lennujaama lutikad ei anna alla<\/strong>. Tallinn: T\u00e4nap\u00e4ev, 2014. 207 lk.<br><strong>Peeter, s\u00f5pradele Peetrike<\/strong>. Tallinn: T\u00e4nap\u00e4ev, 2014. 57 lk.<br><strong>Piia Pr\u00e4\u00e4nik kolib sisse<\/strong>. Tallinn: T\u00e4nap\u00e4ev, 2015. 103 lk.<br><strong>H\u00e4rra Klaasi p\u00f6\u00f6rane muuseum<\/strong>. Tallinn: Evera, 2016. 71 lk.<br><strong>Sasip\u00e4iste printsesside saar<\/strong>. Tallinn: P\u00e4ike ja Pilv, 2016. 28 lk.<br><strong>Piia Pr\u00e4\u00e4nik ja bandiidid<\/strong>. Tallinn: T\u00e4nap\u00e4ev, 2019. 142 lk.<br><strong>Piia Pr\u00e4\u00e4nik ja s\u00f5nas\u00f6\u00f6bik<\/strong>. Tallinn: Koolibri, 2021. 119 lk.<\/span><\/span><\/span>\n<\/p>\n<p>\n\t\u00a0<\/p>\n","protected":false},"excerpt":{"rendered":"<p>Children\u2019s literature Kairi Look (born 19 April 1983) is a children\u2019s writer and author of short prose. Look was born in Tallinn. She graduated from the University of Tartu as a BSc in physiotherapy in 2005 and from the University &#8230;<\/p>\n","protected":false},"author":43,"featured_media":0,"parent":631,"menu_order":0,"comment_status":"closed","ping_status":"closed","template":"","meta":{"_acf_changed":false,"inline_featured_image":false,"footnotes":""},"class_list":["post-431","page","type-page","status-publish","hentry"],"acf":[],"_links":{"self":[{"href":"https:\/\/sisu.ut.ee\/ewod\/wp-json\/wp\/v2\/pages\/431","targetHints":{"allow":["GET"]}}],"collection":[{"href":"https:\/\/sisu.ut.ee\/ewod\/wp-json\/wp\/v2\/pages"}],"about":[{"href":"https:\/\/sisu.ut.ee\/ewod\/wp-json\/wp\/v2\/types\/page"}],"author":[{"embeddable":true,"href":"https:\/\/sisu.ut.ee\/ewod\/wp-json\/wp\/v2\/users\/43"}],"replies":[{"embeddable":true,"href":"https:\/\/sisu.ut.ee\/ewod\/wp-json\/wp\/v2\/comments?post=431"}],"version-history":[{"count":1,"href":"https:\/\/sisu.ut.ee\/ewod\/wp-json\/wp\/v2\/pages\/431\/revisions"}],"predecessor-version":[{"id":4641,"href":"https:\/\/sisu.ut.ee\/ewod\/wp-json\/wp\/v2\/pages\/431\/revisions\/4641"}],"up":[{"embeddable":true,"href":"https:\/\/sisu.ut.ee\/ewod\/wp-json\/wp\/v2\/pages\/631"}],"wp:attachment":[{"href":"https:\/\/sisu.ut.ee\/ewod\/wp-json\/wp\/v2\/media?parent=431"}],"curies":[{"name":"wp","href":"https:\/\/api.w.org\/{rel}","templated":true}]}}