{"id":423,"date":"2024-04-03T23:39:48","date_gmt":"2024-04-03T20:39:48","guid":{"rendered":"https:\/\/sisu.ut.ee\/ewod\/poems-et-58\/"},"modified":"2024-04-04T00:10:06","modified_gmt":"2024-04-03T21:10:06","slug":"poems","status":"publish","type":"page","link":"https:\/\/sisu.ut.ee\/ewod\/k\/raimondkolk\/poems\/","title":{"rendered":"Raimond Kolk &#8211; Poems"},"content":{"rendered":"<p><span style=\"font-family: verdana, geneva;font-size: medium\"><strong>Books<\/strong><\/span><\/p>\n<p><span style=\"font-family: verdana, geneva;font-size: small\"><strong><em>Swedish<\/em><\/strong><br><strong>En ensam stj\u00e4rna i f\u00f6nstret i fr\u00e4mmande land<\/strong>. \u00d6vers. av R. Raag, V. Raag, M. Joalaid. Var F\u00f6da: Livsmedelsverkets tidskrift; Extra supplement 1989. Uppsala, 1989, 19 pp.<\/span><\/p>\n<p><\/p>\n<p><span style=\"font-family: verdana, geneva;font-size: medium\"><strong>In compilations, anthologies, magazines<\/strong><\/span><\/p>\n<p><span style=\"font-family: verdana, geneva\"><strong><em><strong><strong><em>English<br><\/em><\/strong><\/strong><\/em><strong><strong><strong>Anthology of Modern Estonian Poetry<\/strong><\/strong><\/strong><\/strong>. Compiled and translated by W. K. Matthews. Gainesville: University of Florida Press, 1953, 161 pp. [Poems by Juhan Liiv, A. Haava, H. Visnapuu, H. Adamson, M. Under, H. Talvik, B. Alver, U. Masing, J. L\u00f5o, H. Esko, K. Ahven, R. Kolk, R. Veer, P. Krusten, K. Ristikivi, K. Lepik, I. Gr\u00fcnthal, E. Enno, G. Suits, K. Merilaas, J. Oks, V. Ridala, A. Adson, J. S\u00fctiste, B. Kangro, A. Sang, A. Viirlaid.]<strong><em><strong><strong><em><br><\/em><\/strong><\/strong><\/em><\/strong><\/span><\/p>\n<p><span style=\"font-family: verdana, geneva\"><strong><em><strong><strong><em>Finnish<\/em><\/strong><br><\/strong><\/em>20\u00a0nykyvirolaista\u00a0runoilijaa<\/strong>.\u00a0Toimittaneet Raili Kilpi-Hynynen, Arvo Turtiainen. Helsinki: Tammi, 1969. [Poems by Betti Alver, Uku Masing, Bernard Kangro, Arno Vihalemm, Kersti Merilaas, August Sang, Debora Vaarandi, Jaan Kross, Kalju Lepik, Ilmar Laaban, Ivar Gr\u00fcnthal, Raimond Kolk, Uno Laht, Ivar Ivask, Aleksander Suuman, Ellen Niit, Mats Traat, Enn Vetemaa, Jaan Kaplinski, Paul-Eerik Rummo.]<\/span><\/p>\n<p><span style=\"font-family: verdana, geneva\"><strong><em>Italian<br><\/em>Poeti Estoni<\/strong>.\u00a0A\u00a0cura di Margherita Guidacci, Vello Salo; introduzione storica di Karl Ristikivi.\u00a0Roma: Edizioni Abete, 1975, 210 pp.\u00a0[Poems by\u00a0Hendrik Adamson,\u00a0Artur Adson,\u00a0Betti Alver,\u00a0Ernst Enno,\u00a0Ivar Gr\u00fcnthal,\u00a0Villem Gr\u00fcnthal-Ridala,\u00a0Anna Haava,\u00a0Ain Kaalep,\u00a0Bernard Kangro,\u00a0Jaan Kaplinski,\u00a0Lydia Koidula,\u00a0Raimond Kolk,\u00a0Friedrich Reinhold Kreutzwald,\u00a0Jaan Kross,\u00a0Ilmar Laaban,\u00a0Kalju Lepik,\u00a0Juhan Liiv,\u00a0Viivi Luik,\u00a0Uku Masing,\u00a0Ellen Niit,\u00a0Kristjan Jaak Peterson,\u00a0Aleksis Rannit,\u00a0Paul-Eerik Rummo,\u00a0Hando Runnel,\u00a0August Sang,\u00a0Gustav Suits,\u00a0Karl Eduard S\u00f6\u00f6t,\u00a0Juhan S\u00fctiste,\u00a0Heiti Talvik,\u00a0Marie Under,\u00a0Johannes Vares-Barbarus,\u00a0Arno Vihalemm,\u00a0Henrik Visnapuu.]<br><strong>Poeti Estoni<\/strong><span>.\u00a0A\u00a0cura di Margherita Guidacci, Vello Salo.\u00a0Roma: Edizioni Abete, 1973, 174 pp.\u00a0[Poems by\u00a0Hendrik Adamson,\u00a0Artur Adson,\u00a0Betti Alver,\u00a0Ernst Enno,\u00a0Ivar Gr\u00fcnthal,\u00a0Villem Gr\u00fcnthal-Ridala,\u00a0Anna Haava,\u00a0Ain Kaalep,\u00a0Bernard Kangro,\u00a0Jaan Kaplinski,\u00a0Lydia Koidula,\u00a0Raimond Kolk,\u00a0Friedrich Reinhold Kreutzwald,\u00a0Jaan Kross,\u00a0Ilmar Laaban,\u00a0Kalju Lepik,\u00a0Juhan Liiv,\u00a0Viivi Luik,\u00a0Uku Masing,\u00a0Ellen Niit,\u00a0Kristjan Jaak Peterson,\u00a0Aleksis Rannit,\u00a0Paul-Eerik Rummo,\u00a0Hando Runnel,\u00a0August Sang,\u00a0Gustav Suits,\u00a0Karl Eduard S\u00f6\u00f6t,\u00a0Juhan S\u00fctiste,\u00a0Heiti Talvik,\u00a0Marie Under,\u00a0Johannes Vares-Barbarus,\u00a0Arno Vihalemm,\u00a0Henrik Visnapuu.]<\/span><br><\/span><\/p>\n<p><span style=\"font-family: verdana, geneva\"><span><strong><em>Swedish<\/em><\/strong><br><strong>Och om det skall vara sanning: ett urval dikter av estniska och lettiska lyriker i Sverige<\/strong>. Translated by Otto Paju. Stockholm: Baltiska Institutet, 1975, 75pp. [Anthology of Estonian and Latvian poetry. Includes poems by Ivar Gr\u00fcnthal, Bernard Kangro, Raimond Kolk, Ilmar Laaban, Ilona Laaman, Kalju Lepik, Gustav Suits, Marie Under.]<br><\/span><\/span><\/p>\n","protected":false},"excerpt":{"rendered":"<p>Books SwedishEn ensam stj\u00e4rna i f\u00f6nstret i fr\u00e4mmande land. \u00d6vers. av R. Raag, V. Raag, M. Joalaid. Var F\u00f6da: Livsmedelsverkets tidskrift; Extra supplement 1989. Uppsala, 1989, 19 pp. In compilations, anthologies, magazines EnglishAnthology of Modern Estonian Poetry. Compiled and translated &#8230;<\/p>\n","protected":false},"author":43,"featured_media":0,"parent":410,"menu_order":0,"comment_status":"closed","ping_status":"closed","template":"","meta":{"_acf_changed":false,"inline_featured_image":false,"footnotes":""},"class_list":["post-423","page","type-page","status-publish","hentry"],"acf":[],"_links":{"self":[{"href":"https:\/\/sisu.ut.ee\/ewod\/wp-json\/wp\/v2\/pages\/423","targetHints":{"allow":["GET"]}}],"collection":[{"href":"https:\/\/sisu.ut.ee\/ewod\/wp-json\/wp\/v2\/pages"}],"about":[{"href":"https:\/\/sisu.ut.ee\/ewod\/wp-json\/wp\/v2\/types\/page"}],"author":[{"embeddable":true,"href":"https:\/\/sisu.ut.ee\/ewod\/wp-json\/wp\/v2\/users\/43"}],"replies":[{"embeddable":true,"href":"https:\/\/sisu.ut.ee\/ewod\/wp-json\/wp\/v2\/comments?post=423"}],"version-history":[{"count":1,"href":"https:\/\/sisu.ut.ee\/ewod\/wp-json\/wp\/v2\/pages\/423\/revisions"}],"predecessor-version":[{"id":4656,"href":"https:\/\/sisu.ut.ee\/ewod\/wp-json\/wp\/v2\/pages\/423\/revisions\/4656"}],"up":[{"embeddable":true,"href":"https:\/\/sisu.ut.ee\/ewod\/wp-json\/wp\/v2\/pages\/410"}],"wp:attachment":[{"href":"https:\/\/sisu.ut.ee\/ewod\/wp-json\/wp\/v2\/media?parent=423"}],"curies":[{"name":"wp","href":"https:\/\/api.w.org\/{rel}","templated":true}]}}