{"id":422,"date":"2024-04-03T23:39:48","date_gmt":"2024-04-03T20:39:48","guid":{"rendered":"https:\/\/sisu.ut.ee\/ewod\/poems-et-57\/"},"modified":"2024-04-04T00:10:06","modified_gmt":"2024-04-03T21:10:06","slug":"poems","status":"publish","type":"page","link":"https:\/\/sisu.ut.ee\/ewod\/s\/smuul\/poems\/","title":{"rendered":"Juhan Smuul &#8211; poems"},"content":{"rendered":"<p>\n\t<span style=\"font-family: verdana, geneva;font-size: medium\"><strong>In compilations, anthologies, magazines<\/strong><\/span>\n<\/p>\n<p>\n\t<span style=\"font-family: verdana, geneva\"><strong><em><strong><em>Esperanto<\/em><\/strong><\/em><br>Estona soveta poezio<\/strong>. Edited and translated by Hilda Dresen; afterword by Jaan Toomla. Tallinn: Eesti Raamat, 1977, 204 pp. [Poems by\u00a0August Alle, Artur Alliksaar,\u00a0Betti Alver, Vladimir Beekman, Paul Haavaoks, Lehte Hainsalu, Ain Kaalep, Kalju Kangur,\u00a0Jaan Kaplinski, Ilmi Kolla,\u00a0Jaan Kross, Erni Krusten, Jaan K\u00e4rner, Uno Laht,\u00a0Viivi Luik, Kersti Merilaas, Ellen Niit, Minni Nurme, Ralf Parve, Lilli Promet, Mart Raud, Rudolf Rimmel,\u00a0Paul-Eerik Rummo,\u00a0Hando Runnel, Juhan Saar, August Sang, Johannes Semper, Arvi Siig, Juhan Smuul, Harald Suislepp, Aleksander Suuman, Juhan S\u00fctiste,\u00a0Mats Traat, Debora Vaarandi, Johannes Vares-Barbarus,\u00a0Enn Vetemaa.]<\/span>\n<\/p>\n<p>\n\t<span style=\"font-family: verdana, geneva\"><strong><em>German<\/em><\/strong><br><strong>An Murka, den Schiffshund<\/strong>. \u00dcbersetzung: Viktor Sepp. \u2013 Neues Leben (Moskau), 16. VII 1975. [\u2018Murkale \u2013 laevakoerale\u2019.]<br><strong>Schreiender Stein; Wei\u00dfes Dunkel<\/strong>. \u00dcbersetzung: Sepp \u00d6sterreicher. \u2013 Wo f\u00e4ngt denn unsere Heimat an? Hrsg. von Sepp \u00d6sterreicher. Moskau: Verlag Progress, 1973, pp 134-138. [\u2018Kisendav kivi\u2019, \u2018Valge pimedus\u2019.]<br><strong>Unser t\u00e4glich Brot<\/strong>. \u00dcbersetzung: H. Grabner. \u2013 Wessen Welt\u2026 Hrsg. von den Schriftstellerverb\u00e4nden in Sofia, Prag, Berlin, Ulan-Bator, Warschau, Moskau, Budapest. Berlin: Verlag Volk und Welt, 1967, p 266. [\u2018Meie igap\u00e4evane leib\u2019.]<\/span>\n<\/p>\n<p>\n\t<span style=\"font-family: verdana, geneva\"><span><strong><em>Hungarian<\/em><\/strong><\/span><br><span><strong><strong><strong>Harangok halk kondul\u00e1sa = Kellade hellus: huszadik sz\u00e1zadi \u00e9szt l\u00edra. I. <\/strong><\/strong><\/strong>V\u00e1logatta, szerkesztette, az el\u0151- \u00e9s ut\u00f3sz\u00f3t \u00edrta, valamint az \u00e9letrajzi jegyzeteket k\u00e9sz\u00edtette Bereczki G\u00e1born\u00e9 Mai Kiisk. Szombathely: [Berzsenyi Daniel Tanarkepz\u00f6 F\u00f6iskola], 2000, 303 pp. [Text in Hungarian and Estonian. Poems by Juhan Liiv, Ernst Enno, Gustav Suits, Villem Ridala, Marie Under, Henrik Visnapuu, Johannes Barbarus, Johannes Semper, Heiti Talvik, Betti Alver, Uku Masing, Bernard Kangro, Karl Ristikivi, Kersti Merilaas, Kalju Lepik, Debora Vaarandi, Juhan Smuul, Artur Alliksaar, Ain Kaalep, Aleksander Suuman.]<br><strong><strong><strong>Csillagok \u00f3r\u00e1ja: v\u00e1logat\u00e1s a Szovjetuni\u00f3 k\u00f6zt\u00e1rsas\u00e1gainak k\u00f6lt\u00e9szet\u00e9b\u00f6l<\/strong><\/strong><\/strong>. A szerkeszt\u00f6 bizotts\u00e1g eln\u00f6ke Kardos L\u00e1szl\u00f3; a szerkeszt\u00f6 bizotts\u00e1g tagjai Elbert J\u00e1nos\u2026[et al]. Budapest: Eur\u00f3pa, 1980, 861 pp. [Anthology of Soviet poetry. Contains poems by Betti Alver, Vladimir Beekman, Jaan Kross, Uno Laht, Ellen Niit, Minni Nurme, Ralf Parve, Paul Rummo, Paul-Eerik Rummo, August Sang, Johannes Semper, Juhan Smuul, Mats Traat, Debora Vaarandi.]<br><strong><strong>Irodalom \u00c9sztorsz\u00e1gban<\/strong><\/strong>. \u00c9szt f\u00fczetek, no 2. Szolnok: Damjanich M\u00fazeum, 1976, 48 pp. [Poems by K. E. S\u00f6\u00f6t, J. S\u00fctiste, J. Smuul, D. Vaarandi, M. Seping, A. Sang, M. Traat, A. Siig, P.-E. Rummo, E. Vetemaa, H. M\u00e4nd.]<br><strong>\u00c9szt k\u00f6lt\u00f6k: huszadik sz\u00e1zadi \u00e9szt l\u00edra<\/strong>. V\u00e1logatta, az \u00e9letrajzi jegyzeteket k\u00e9sz\u00edtette \u00e9s a sz\u00f6veggondoz\u00e1st v\u00e9gezte Bereczki G\u00e1bor, Bereczkin\u00e9 Mai Kiisk, Feh\u00e9rvari Gy\u00f6z\u00f6.\u00a0Budapest: Eur\u00f3pa k\u00f6nyvkiad\u00f3, 1975, 651 pp. [Poems by\u00a0Gustav Suits,\u00a0Ernst Enno,\u00a0Villem Gr\u00fcnthal-Ridala,\u00a0Marie Under,\u00a0Henrik Visnapuu,\u00a0Jaan K\u00e4rner,\u00a0Johannes Barbarus,\u00a0Johannes Semper,\u00a0August Alle,\u00a0Valmar Adams,\u00a0Uku Masing,\u00a0Juhan S\u00fctiste,\u00a0Heiti Talvik,\u00a0Betti Alver,\u00a0August Sang,\u00a0Kersti Merilaas,\u00a0Bernard Kangro,\u00a0Arno Vihalemm,\u00a0Kalju Lepik,\u00a0Ivar Gr\u00fcnthal,\u00a0Felix Kotta,\u00a0Aira Kaal,\u00a0Paul Rummo,\u00a0Debora Vaarandi,\u00a0Ralf Parve,\u00a0Juhan Smuul,\u00a0Ellen Niit,\u00a0Vladimir Beekman,\u00a0Uno Laht,\u00a0Jaan Kross,\u00a0Ain Kaalep,\u00a0Mats Traat,\u00a0Linda Ruud,\u00a0Paul-Eerik Rummo,\u00a0Arvi Siig,\u00a0Enn Vetemaa,\u00a0Rudolf Rimmel,\u00a0Jaan Kaplinski,\u00a0Hando Runnel.]<\/span><\/span>\n<\/p>\n<p>\n\t<span style=\"font-family: verdana, geneva\"><strong><em>Latvian<\/em><\/strong><br><strong>Padomju tautu dzejas izlase<\/strong><span>. Sast. Uldis Auseklis, Ina Uha, Erika Zimule.\u00a0<\/span><span>Riga: Zvaigzne, 1981, 262 pp. [Poems by Mats Traat, Johannes Semper, Betti Alver, Debora Vaarandi, Jaan Kross, Juhan Smuul, Vladimir Beekman, Enn Vetemaa, Paul-Eerik Rummo.]<\/span><\/span>\n<\/p>\n<p>\n\t<span style=\"font-family: verdana, geneva\"><span><em><strong>Mongolian<\/strong><\/em><br><strong>\u0414\u0430\u043b\u0430\u043d \u0445\u044d\u043b\u043d\u0438\u0439 \u0437\u0443\u0443\u043d \u0443\u044f\u043d\u0433\u0430<\/strong>. \u041e\u0440\u0447\u0443\u0443\u043b\u0441\u0430\u043d \u0411. \u041f\u0443\u0440\u044d\u0432\u0441\u0443\u0440\u044d\u043d. \u0423\u043b\u0430\u0430\u043d-\u0431\u0430\u0430\u0442\u0430\u0440: \u0423\u043b\u0441\u044b\u043d \u0445\u044d\u0432\u043b\u044d\u043b\u0438\u0439\u043d \u0433\u0430\u0437\u0430\u0440 (\u0423\u0411), 1972, 527 pp. [Anthology of poetry. Texts by V. Beekman, D. Vaarandi, J. Kross, P.-E. Rummo, J. Semper, J. Smuul.]<\/span><\/span>\n<\/p>\n<p>\n\t<span style=\"font-family: verdana, geneva\"><strong><em>Russian<\/em><\/strong><br><strong>\u0410\u043d\u0442\u043e\u043b\u043e\u0433\u0438\u044f \u044d\u0441\u0442\u043e\u043d\u0441\u043a\u043e\u0439 \u043f\u043e\u044d\u0437\u0438\u0438<\/strong>. C\u043e\u0441\u0442\u0430\u0432\u0438\u0442\u0435\u043b\u044c \u0438 \u0440\u0435\u0434\u0430\u043a\u0442\u043e\u0440 \u042d\u043b\u044c\u0432\u0438\u0440\u0430 \u041c\u0438\u0445\u0430\u0439\u043b\u043e\u0432\u0430. A\u0432\u0442. \u0441\u0442. \u0418. \u0411\u0435\u043b\u043e\u0431\u0440\u043e\u0432\u0446\u0435\u0432\u0430 \u0438 \u0434\u0440.\u037e \u0431\u0438\u0431\u043b\u0438\u043e\u0433\u0440. \u041e. \u041a\u0438\u0432\u0438.\u00a0Kodumaa \u2013 \u0420\u043e\u0434\u043d\u043e\u0439 \u0434\u043e\u043c: \u0431\u0438\u0431\u043b\u0438\u043e\u0442\u0435\u043a\u0430 \u044d\u0441\u0442\u043e\u043d\u0441\u043a\u043e\u0439 \u043b\u0438\u0442\u0435\u0440\u0430\u0442\u0443\u0440\u044b.\u00a0\u0422\u0430\u043b\u043b\u0438\u043d\u043d: KPD Kirjastus, 1999. 739 pp. [Foreword \u2018\u0413\u043b\u0430\u0432\u043d\u044b\u0435 \u043d\u0430\u043f\u0440\u0430\u0432\u043b\u0435\u043d\u0438\u044f \u044d\u0441\u0442\u043e\u043d\u0441\u043a\u043e\u0439 \u043f\u043e\u044d\u0437\u0438\u0438\u2019 by Ain Kaalep. Poems by\u00a0Reiner Brockmann, K\u00e4su Hans, Kristian Jaak Peterson, Lydia Koidula, Ado Reinvald, Karl Eduard S\u00f6\u00f6t, Juhan Liiv, Anna Haava, Ernst Enno, Gustav Suits, Villem Gr\u00fcnthal-Ridala, Marie Under, Henrik Visnapuu, Johannes Vares-Barbarus, Johannes Semper, Valmar Adams, Juhan S\u00fctiste, Heiti Talvik, Betti Alver, Bernard Kangro, Uku Masing, August Sang, Kersti Merilaas, Debora Vaarandi, Ralf Parve, Minni Nurme, Juhan Smuul, Ilmar Laaban, Kalju Lepik, Jaan Kross, Ellen Niit, Ain Kaalep, Artur Alliksaar, Paul-Eerik Rummo, Mats Traat, Arvi Siig, Aleksander Suuman, Jaan Kaplinski, Andres Ehin, Hando Runnel, Toomas Liiv, Johnny B. Isotamm, Viivi Luik, Nikolai Baturin, Juhan Viiding, Ene Mihkelson, Doris Kareva, Mari Vallisoo, Ilona Laaman, Indrek Hirv, Hasso Krull.]<br><strong>\u0410\u043d\u0442\u043e\u043b\u043e\u0433\u0438\u044f \u044d\u0441\u0442\u043e\u043d\u0441\u043a\u043e\u0439 \u043f\u043e\u044d\u0437\u0438\u0438: 1637-1987 \u0433<\/strong>. \u0421\u043e\u0441\u0442\u0430\u0432\u0438\u0442\u0435\u043b\u044c \u041b. \u0420\u0443\u0443\u0434, \u042d. \u041c\u0438\u0445\u0430\u0439\u043b\u043e\u0432\u0430; \u043f\u0440\u0435\u0434\u0438\u0441\u043b\u043e\u0432\u0438\u0435 \u0410. \u041a\u0430\u0430\u043b\u0435\u043f\u0430. \u0422\u0430\u043b\u043b\u0438\u043d\u043d: \u042d\u044d\u0441\u0442\u0438 \u0420\u0430\u0430\u043c\u0430\u0442, 1990, 415 pp. [Poems by: Reiner Brockmann, Heinrich G\u00f6seken, Johann Gutslaff, Johann Sebastian Markard, Johann Kohsen, unknown author in 1697, K\u00e4su Hans, Carl Schulten, Carl Gustav von Staden, unknown author in 1779, Berend Heinrich von Tiesenhausen, Joachim Gottlieb Schwabe, Kristian Jaak Peterson, Lydia Koidula, Juhan Liiv, Gustav Suits, Villem Ridala, Marie Under, Henrik Visnapuu, Johannes Barbarus, Heiti Talvik, Betti Alver, August Sang, Kersti Merilaas, Mart Raud, Uku Masing, Juhan S\u00fctiste, Johannes Semper, Valmar Adams, Juhan Smuul, Debora Vaarandi, Ralf Parve, Aira Kaal, Minni Nurme, Uno Laht, Jaan Kross, Ellen Niit, Vladimir Beekman, Artur Alliksaar, Ain Kaalep, Paul Haavaoks, Aleksander Suuman, Arvi Siig, Mats Traat, Nikolai Baturin, Paul-Eerik Rummo, Jaan Kaplinski, Hando Runnel, Viivi Luik, Juhan Viiding, Ene Mihkelson, Doris Kareva, Mari Vallisoo.]<br><strong>\u0420\u0430\u0441\u043f\u0430\u0445\u043d\u0438 \u043e\u043a\u043d\u043e \u043d\u0430 \u0441\u0435\u0432\u0435\u0440: \u0441\u0442\u0438\u0445\u0438 \u044d\u0441\u0442\u043e\u043d\u0441\u043a\u0438\u0445 \u043f\u043e\u044d\u0442\u043e\u0432 \u0432 \u043f\u0435\u0440\u0435\u0432\u043e\u0434\u0430\u0445 \u0411\u043e\u0440\u0438\u0441\u0430 \u0428\u0442\u0435\u0439\u043d\u0430<\/strong>. \u0422\u0430\u043b\u043b\u0438\u043d: \u042d\u044d\u0441\u0442\u0438 \u0440\u0430\u0430\u043c\u0430\u0442, 1984, 99 pp. [Poems by Juhan Liiv, Ernst Enno, Hendrik Adamson, Juhan Smuul, Mats Traat, Arvi Siig, Rudolf Rimmel.]<br>\u042e\u0445\u0430\u043d \u0421\u043c\u0443\u0443\u043b, <strong>\u0411\u0440\u0438\u0433\u0430\u0434\u0438\u0440<\/strong>. \u2013 \u0411\u0440\u0430\u0442\u0441\u0442\u0432\u043e: \u0441\u0442\u0438\u0445\u043e\u0442\u0432\u043e\u0440\u0435\u043d\u0438\u044f \u043f\u043e\u044d\u0442\u043e\u0432 \u0431\u0440\u0430\u0442\u0441\u043a\u0438\u0445 \u0440\u0435\u0441\u043f\u0443\u0431\u043b\u0438\u043a, \u0432\u043e\u0441\u043f\u043e\u043c\u0438\u043d\u0430\u043d\u0438\u044f, \u0437\u0430\u043c\u0435\u0442\u043a\u0438. \u041b\u0435\u043d\u0438\u043d\u0433\u0440\u0430\u0434: \u0421\u043e\u0432\u0435\u0442\u0441\u043a\u0438\u0439 \u043f\u0438\u0441\u0430\u0442\u0435\u043b\u044c, 1982, 510 pp.<br><strong><strong>\u041f\u043e\u044d\u0442\u044b \u042d\u0441\u0442\u043e\u043d\u0438\u0438<\/strong><\/strong><span>. \u0412\u0441\u0442\u0443\u043f\u0438\u0442\u0435\u043b\u044c\u043d\u0430\u044f \u0441\u0442\u0430\u0442\u044c\u044f \u0438 \u0431\u0438\u043e\u0433\u0440\u0430\u0444\u0438\u0447\u0435\u0441\u043a\u0438\u0435 \u0441\u043f\u0440\u0430\u0432\u043a\u0438: \u0421. \u0413. \u0418\u0441\u0430\u043a\u043e\u0432\u0430; \u0441\u043e\u0441\u0442. \u0438 \u043f\u0440\u0438\u043c\u0435\u0447\u0430\u043d\u0438\u044f \u041d. \u0413. \u0410\u043d\u0434\u0440\u0435\u0437\u0435\u043d\u0430 \u0438 \u0421. \u0413. \u0418\u0441\u0430\u043a\u043e\u0432\u0430; \u0440\u0435\u0434\u0430\u043a\u0446\u0438\u044f \u0441\u0442\u0438\u0445\u043e\u0442\u0432\u043e\u0440\u043d\u044b\u0445 \u043f\u0435\u0440\u0435\u0432\u043e\u0434\u043e\u0432 \u0412. \u0420\u043e\u0436\u0434\u0435\u0441\u0442\u0432\u0435\u043d\u0441\u043a\u043e\u0433\u043e.\u00a0\u041b\u0435\u043d\u0438\u043d\u0433\u0440\u0430\u0434: \u0421\u043e\u0432\u0435\u0442\u0441\u043a\u0438\u0439 \u043f\u0438\u0441\u0430\u0442\u0435\u043b\u044c, 1974, 662 pp. [Poems by Kristjan Jaak Peterson, Friedrich Robert Faehlmann, Friedrich Reinhold Kreutzwald, Lydia Koidula, Friedrich Kuhlbars, Mihkel Veske, Ado Reinvald, Jakob Tamm, Jakob Liiv, Karl Eduard S\u00f6\u00f6t, Anna Haava, Juhan Liiv, Hans P\u00f6\u00f6gelmann,\u00a0Juhan Lilienbach, Ernst Enno, Gustav Suits, Villem Ridala, Friedebert Tuglas, Johannes Barbarus, Henrik Visnapuu, August Alle, Jaan K\u00e4rner, Johannes Semper, Hendrik Adamson, Juhan S\u00fctiste, Heiti Talvik, August Sang, Juhan Smuul.]<br><strong>\u0410\u043d\u0442\u043e\u043b\u043e\u0433\u0438\u044f \u044d\u0441\u0442\u043e\u043d\u0441\u043a\u043e\u0439 \u043f\u043e\u044d\u0437\u0438\u0438: \u0432 \u0434\u0432\u0443\u0445 \u0442\u043e\u043c\u0430\u0445<\/strong>. \u0412\u0441\u0442\u0443\u043f\u0438\u0442\u0435\u043b\u044c\u043d\u0430\u044f \u0441\u0442\u0430\u0442\u044c\u044f \u042d. \u041d\u0438\u0440\u043a\u0430; \u0441\u043e\u0441\u0442\u0430\u0432\u0438\u0442\u0435\u043b\u0438 \u042d. \u041d\u0438\u0440\u043a \u0438 \u041f. \u0420\u0443\u043c\u043c\u043e. \u041b\u0435\u043d\u0438\u043d\u0433\u0440\u0430\u0434: \u0413\u043e\u0441\u043b\u0438\u0442\u0438\u0437\u0434\u0430\u0442, 1959, 424 + 450 pp. [Includes folk songs and poems by: Kristian Jaak Peterson, Friedrich Robert Faehlmann, Friedrich Reinhold Kreutzwald, Juhan Weizenberg, Lydia Koidula, Friedrich Kuhlbars, Carl Robert Jakobson, Mihkel Veske, Ado Reinvald, Juhan Kunder, Jaan Bergmann, Peeter Jakobson, Jakob Tamm, Jakob Liiv, Juhan Liiv, Anna Haava, Karl Eduard S\u00f6\u00f6t, Reinhold Kamsen, Ernst Enno, Villem Ridala, Marie Heiberg, Jaan L\u00f5o, Hans P\u00f6\u00f6gelmann, Juhan Lilienbach, Vassili M\u00f6lder, Villem Buk, Johannes Barbarus, August Alle, Jaan K\u00e4rner, Johannes Semper, Juhan S\u00fctiste, Erni Hiir, Mart Raud, Paul Viiding, Betti Alver, Kersti Merilaas, August Sang, Hugo Angervaks, Felix Kotta, Aira Kaal, Muia Veetamm, Paul Rummo, Debora Vaarandi, Juhan Smuul, Minni Nurme, Ralf Parve, Manivald Kesamaa, Uno Laht, Vladimir Beekman, Jaan Kross, Ilmi Kolla, Ellen Niit.]<\/span><\/span><\/p>\n","protected":false},"excerpt":{"rendered":"<p>In compilations, anthologies, magazines EsperantoEstona soveta poezio. Edited and translated by Hilda Dresen; afterword by Jaan Toomla. Tallinn: Eesti Raamat, 1977, 204 pp. [Poems by\u00a0August Alle, Artur Alliksaar,\u00a0Betti Alver, Vladimir Beekman, Paul Haavaoks, Lehte Hainsalu, Ain Kaalep, Kalju Kangur,\u00a0Jaan Kaplinski, &#8230;<\/p>\n","protected":false},"author":43,"featured_media":0,"parent":1706,"menu_order":0,"comment_status":"closed","ping_status":"closed","template":"","meta":{"_acf_changed":false,"inline_featured_image":false,"footnotes":""},"class_list":["post-422","page","type-page","status-publish","hentry"],"acf":[],"_links":{"self":[{"href":"https:\/\/sisu.ut.ee\/ewod\/wp-json\/wp\/v2\/pages\/422","targetHints":{"allow":["GET"]}}],"collection":[{"href":"https:\/\/sisu.ut.ee\/ewod\/wp-json\/wp\/v2\/pages"}],"about":[{"href":"https:\/\/sisu.ut.ee\/ewod\/wp-json\/wp\/v2\/types\/page"}],"author":[{"embeddable":true,"href":"https:\/\/sisu.ut.ee\/ewod\/wp-json\/wp\/v2\/users\/43"}],"replies":[{"embeddable":true,"href":"https:\/\/sisu.ut.ee\/ewod\/wp-json\/wp\/v2\/comments?post=422"}],"version-history":[{"count":1,"href":"https:\/\/sisu.ut.ee\/ewod\/wp-json\/wp\/v2\/pages\/422\/revisions"}],"predecessor-version":[{"id":4655,"href":"https:\/\/sisu.ut.ee\/ewod\/wp-json\/wp\/v2\/pages\/422\/revisions\/4655"}],"up":[{"embeddable":true,"href":"https:\/\/sisu.ut.ee\/ewod\/wp-json\/wp\/v2\/pages\/1706"}],"wp:attachment":[{"href":"https:\/\/sisu.ut.ee\/ewod\/wp-json\/wp\/v2\/media?parent=422"}],"curies":[{"name":"wp","href":"https:\/\/api.w.org\/{rel}","templated":true}]}}