{"id":421,"date":"2024-04-03T23:39:48","date_gmt":"2024-04-03T20:39:48","guid":{"rendered":"https:\/\/sisu.ut.ee\/ewod\/about-et-45\/"},"modified":"2024-04-04T00:10:06","modified_gmt":"2024-04-03T21:10:06","slug":"about","status":"publish","type":"page","link":"https:\/\/sisu.ut.ee\/ewod\/m\/meri\/about\/","title":{"rendered":"Lennart Meri &#8211; about"},"content":{"rendered":"<p>\n\t<span style=\"font-family: verdana,geneva;font-size: medium\"><strong>Articles<\/strong><\/span>\n<\/p>\n<p>\n\t<span style=\"font-family: verdana, geneva\"><strong><em>English<\/em><\/strong><br>Cornelius Hasselblatt,\u00a0<strong>Lennart Meri<\/strong>. \u2013\u00a0<span style=\"font-family: verdana, geneva\">300 Baltic Writers: Estonia, Latvia, Lithuania. A Reference guide to\u00a0authors and their works. Ed by\u00a0Eva Egl\u0101ja-Kristsone, Virginijus Gasili\u016bnas, Anneli Mihkelev.\u00a0Vilnius: Under and Tuglas Literature Centre of the\u00a0Estonian Academy of Sciences et al, 2009, 387 pp.<\/span><br>Andres Langemets,\u00a0<a href=\"http:\/\/elm.estinst.ee\/issue\/23\/what-price-silverwhite\/\"><strong>What is the price of Silverwhite?<\/strong><\/a> \u2013 Estonian Literary Magazine, no 23, 2006.<\/span>\n<\/p>\n<p>\n\t<span style=\"font-family: verdana, geneva\"><strong><em>German<\/em><\/strong><br>Horst Freitag, <strong>Liebe Leser!<\/strong>. \u2013 Baltica Spezial. Lennart Meri 1929-2006. Heft 2-4, 2006, pp 2-6.<br>Jaan Kross,\u00a0<strong>Lennart!<\/strong>. \u2013 Baltica Spezial. Lennart Meri 1929-2006. Heft 2-4, 2006, pp 140-144.<br>Cord Aschenbrenner, <strong>Der Mann, der sein Pferd a\u00df<\/strong>. \u2013 Das Sonntagsblatt, 20.9.1996.<br>Cornelius Hasselblatt,<strong> Ultima Thule \u2013 liegt die L\u00f6sung in Estland?<\/strong> \u2013 Osteuropa, vol 35, no 3, 1985, pp 153-157.<br>Cornelius Hasselblatt, <strong>Ultima Thule \u2013 ein nordisches Atlantis<\/strong>. \u2013 Baltische Briefe, no 5, 1985, p 9; no 6, 1985, p 9.<\/span>\n<\/p>\n<p>\n\t<span style=\"font-family: verdana, geneva\"><strong><span style=\"font-size: medium\">Reviews<\/span><\/strong><\/span>\n<\/p>\n<p>\n\t<span style=\"font-family: verdana, geneva\"><strong><em>English<\/em><\/strong><br>Juhan Kurrik,\u00a0<strong><cite>H\u00f5bevalge<\/cite><\/strong><span style=\"font-family: verdana, geneva\"><strong>\u00a0by Lennart Meri<\/strong>. \u2013 World Literature Today, v<span style=\"font-family: verdana, geneva\">ol 51, no 3, 1977, p 471.<\/span><\/span><br>Hellar Grabbi, <strong>Virmaliste v\u00e4raval by Lennart Meri<\/strong>. \u2013 Brooks Abroad, vol 50, no 1, 1976, p 203.<\/span>\n<\/p>\n<p>\n\t<span style=\"font-family: verdana, geneva\"><strong><em>Hungarian<\/em><\/strong><br>L\u00e1z\u00e1r Istv\u00e1n, <strong>[Review of \u2019Az \u00e9szaki f\u00e9ny kapuj\u00e1ban\u2019]<\/strong>. \u2013 \u00daj T\u00fck\u00f6r, no 45, 1982.<br>Arat\u00f3 Antal, <strong>Az \u00e9szaki f\u00e9ny kapuj\u00e1ban<\/strong>. \u2013 J\u00e1szkuns\u00e1g, no 4, 1982.\u00a0<span>[About \u2019Az \u00e9szaki f\u00e9ny kapuj\u00e1ban\u2019.]<\/span><\/span><\/p>\n","protected":false},"excerpt":{"rendered":"<p>Articles EnglishCornelius Hasselblatt,\u00a0Lennart Meri. \u2013\u00a0300 Baltic Writers: Estonia, Latvia, Lithuania. A Reference guide to\u00a0authors and their works. Ed by\u00a0Eva Egl\u0101ja-Kristsone, Virginijus Gasili\u016bnas, Anneli Mihkelev.\u00a0Vilnius: Under and Tuglas Literature Centre of the\u00a0Estonian Academy of Sciences et al, 2009, 387 pp.Andres Langemets,\u00a0What &#8230;<\/p>\n","protected":false},"author":43,"featured_media":0,"parent":408,"menu_order":0,"comment_status":"closed","ping_status":"closed","template":"","meta":{"_acf_changed":false,"inline_featured_image":false,"footnotes":""},"class_list":["post-421","page","type-page","status-publish","hentry"],"acf":[],"_links":{"self":[{"href":"https:\/\/sisu.ut.ee\/ewod\/wp-json\/wp\/v2\/pages\/421","targetHints":{"allow":["GET"]}}],"collection":[{"href":"https:\/\/sisu.ut.ee\/ewod\/wp-json\/wp\/v2\/pages"}],"about":[{"href":"https:\/\/sisu.ut.ee\/ewod\/wp-json\/wp\/v2\/types\/page"}],"author":[{"embeddable":true,"href":"https:\/\/sisu.ut.ee\/ewod\/wp-json\/wp\/v2\/users\/43"}],"replies":[{"embeddable":true,"href":"https:\/\/sisu.ut.ee\/ewod\/wp-json\/wp\/v2\/comments?post=421"}],"version-history":[{"count":1,"href":"https:\/\/sisu.ut.ee\/ewod\/wp-json\/wp\/v2\/pages\/421\/revisions"}],"predecessor-version":[{"id":4654,"href":"https:\/\/sisu.ut.ee\/ewod\/wp-json\/wp\/v2\/pages\/421\/revisions\/4654"}],"up":[{"embeddable":true,"href":"https:\/\/sisu.ut.ee\/ewod\/wp-json\/wp\/v2\/pages\/408"}],"wp:attachment":[{"href":"https:\/\/sisu.ut.ee\/ewod\/wp-json\/wp\/v2\/media?parent=421"}],"curies":[{"name":"wp","href":"https:\/\/api.w.org\/{rel}","templated":true}]}}