{"id":419,"date":"2024-04-03T23:39:48","date_gmt":"2024-04-03T20:39:48","guid":{"rendered":"https:\/\/sisu.ut.ee\/ewod\/leesalu\/"},"modified":"2024-04-04T00:10:06","modified_gmt":"2024-04-03T21:10:06","slug":"leesalu","status":"publish","type":"page","link":"https:\/\/sisu.ut.ee\/ewod\/l\/leesalu\/","title":{"rendered":"Diana Leesalu"},"content":{"rendered":"<p class=\"western\" lang=\"et-EE\" style=\"margin-bottom:0.11in\">\n\t<strong><span style=\"font-size:16px\"><span style=\"font-family:Verdana,Geneva,sans-serif\"><a data-url=\"https:\/\/sisu.ut.ee\/ewod\/l\/leesalu\/novels\" href=\"https:\/\/sisu.ut.ee\/ewod\/l\/leesalu\/novels\" title=\"\">Novels<\/a> <\/span><\/span><\/strong><span style=\"font-size:16px\"><span style=\"font-family:Verdana,Geneva,sans-serif\"><a href=\"https:\/\/sisu.ut.ee\/wp-content\/uploads\/sites\/108\/diana_leesalu_alar_madisson.jpg\" target=\"_self\" rel=\"noopener\"><img decoding=\"async\" alt=\"Diana Leesalu\" src=\"https:\/\/sisu.ut.ee\/wp-content\/uploads\/sites\/108\/diana_leesalu_alar_madisson_vaike.jpg\" style=\"float: right;width: 200px;height: 303px\" title=\"Photo: Alar Madisson\"><\/a><\/span><\/span>\n<\/p>\n<p class=\"western\" lang=\"et-EE\" style=\"margin-bottom:0.11in\">\n<\/p><p><span style=\"font-family:Verdana,Geneva,sans-serif\"><span style=\"color:#000000\"><span style=\"font-size:13px\"><span style=\"line-height:106%\"><font style=\"14pt\">Diana Leesalu (born 1 XI <span style=\"text-decoration:none\">1982<\/span>) is a <span style=\"text-decoration:none\">writer<\/span>, <span style=\"text-decoration:none\">dramaturge<\/span> and <span style=\"text-decoration:none\">theatre director<\/span>. <\/font><\/span><\/span><\/span><\/span>\n<\/p>\n<p class=\"western\" lang=\"et-EE\" style=\"margin-bottom:0.11in\">\n\t<span style=\"font-family:Verdana,Geneva,sans-serif\"><span style=\"color:#000000\"><span style=\"font-size:13px\"><span style=\"line-height:106%\"><font style=\"14pt\">She was born in P\u00f5lva and acquired secondary education at P\u00f5lva Secondary School. In 2005, Leesalu completed her bachelor\u2019s studies at the Estonian University of Life Sciences in the speciality of exploitation and protection of natural resources and worked thereafter at the Environmental Investment Centre. In 2008, she entered the Drama Department of the Estonian Academy of Music and Theatre to study dramaturgy and graduated in 2012. Since graduation from the Drama Department, Leesalu has worked at Tallinn City Theatre as a director and dramaturge. She also teaches dramaturgy at the Estonian Academy of Music and Theatre. <\/font><\/span><\/span><\/span><\/span>\n<\/p>\n<p class=\"western\" lang=\"et-EE\" style=\"margin-bottom:0.11in\">\n\t<span style=\"font-family:Verdana,Geneva,sans-serif\"><span style=\"color:#000000\"><span style=\"font-size:13px\"><span style=\"line-height:106%\"><font style=\"14pt\">Leesalu\u2019s debut novel, <i>2 grammi h\u00e4maruseni<\/i> (\u20182 Grams to Twilight\u2019), published in 2005, was one of the nominees for Betti Alver Debut Prize. It is a story about a teenage girl in a small present-day town.<\/font><\/span><\/span><\/span><\/span>\n<\/p>\n<p class=\"western\" lang=\"et-EE\" style=\"margin-bottom:0.11in\">\n\t<span style=\"font-family:Verdana,Geneva,sans-serif\"><span style=\"color:#000000\"><span style=\"font-size:13px\"><span style=\"line-height:106%\"><font style=\"14pt\">In 2006, Leesalu won the competition for young adults\u2019 novels organised by T\u00e4nap\u00e4ev publishers and the Estonian Children\u2019s Literature Centre with her novel <i>M\u00e4ngult on p\u00e4riselt<\/i> (\u2018Game is Reality\u2019). In this book, the author watches the wanderings of two young people \u2013 a sister living in a student dormitory and her younger brother staying at home with his father \u2013 in search of the meaning of life and human understanding. Both protagonists have their problems to solve. No support is found from the family and each other, and the final solution is tragic. The book has been translated into Lithuanian. <i>Mahaj\u00e4etud maja<\/i> (\u2018Forsaken House\u2019), published in 2010, is a funny but chilling story about three boys whose mischievous curiosity leads them into adventures.<\/font><\/span><\/span><\/span><\/span>\n<\/p>\n<p class=\"western\" lang=\"et-EE\" style=\"margin-bottom:0.11in\">\n\t<span style=\"font-family:Verdana,Geneva,sans-serif\"><span style=\"color:#000000\"><span style=\"font-size:13px\"><span style=\"line-height:106%\"><font style=\"14pt\">Leesalu\u2019s work at the theatre has not been restricted to directing. She has written plays herself (<i>Offline<\/i>, 2013) and been the co-author of Kaarel B. V\u00e4ljam\u00e4e\u2019s poetry productions <i>Suur mees juba<\/i> (\u2018A Big Man Already\u2019, 2010) and <i>Kriipsud uksepiidal<\/i> (\u2018Scratches on the Doorjamb, 2017). <\/font><\/span><\/span><\/span><\/span>\n<\/p>\n<p class=\"western\" lang=\"et-EE\" style=\"margin-bottom:0.11in\">\n\t<span style=\"font-family:Verdana,Geneva,sans-serif\"><span style=\"color:#000000\"><span style=\"font-size:13px\"><span style=\"line-height:106%\"><font style=\"14pt\"><i>L. P. <\/i><i>(Translated by I. A.)<\/i><\/font><\/span><\/span><\/span><\/span>\n<\/p>\n<p class=\"western\" lang=\"en-GB\" style=\"margin-bottom:0.11in\">\n<\/p><p><span style=\"font-family:Verdana,Geneva,sans-serif\"><span style=\"color:#000000\"><span style=\"font-size:16px\"><strong>Books in Estonian<\/strong><\/span><\/span><\/span>\n<\/p>\n<p class=\"western\" lang=\"et-EE\" style=\"margin-bottom:0.11in\">\n\t<span style=\"font-family:Verdana,Geneva,sans-serif\"><span style=\"color:#000000\"><span style=\"font-size:13px\"><span style=\"line-height:106%\"><font style=\"14pt\"><em><b>Novels<\/b><\/em><br><strong>Kaks grammi h\u00e4maruseni<\/strong>. Luige (Harjumaa): Verb, 2005, 167 lk.<br><strong>M\u00e4ngult on p\u00e4riselt<\/strong>. Tallinn: T\u00e4nap\u00e4ev, 2006, 279 lk.<br><strong>Mahaj\u00e4etud maja<\/strong>. Tallinn: Pegasus, 2010, 284 lk.<\/font><\/span><\/span><\/span><\/span>\n<\/p>\n<p class=\"western\" lang=\"et-EE\" style=\"margin-bottom:0.11in\">\n\t<span style=\"font-family:Verdana,Geneva,sans-serif\"><span style=\"color:#000000\"><span style=\"font-size:13px\"><span style=\"line-height:106%\"><font style=\"14pt\"><em><b>Plays<\/b><\/em><br><strong>Offline<\/strong>. Tallinn: Tallinna Linnateater, 2013, 64 lk. <\/font><\/span><\/span><\/span><\/span>\n<\/p>\n<p class=\"western\" lang=\"et-EE\" style=\"margin-bottom:0.11in\">\n\t<br>\u00a0\n<\/p>\n<p class=\"western\" lang=\"et-EE\" style=\"margin-bottom:0.11in\">\n\t<br>\u00a0<\/p>\n","protected":false},"excerpt":{"rendered":"<p>Novels Diana Leesalu (born 1 XI 1982) is a writer, dramaturge and theatre director. She was born in P\u00f5lva and acquired secondary education at P\u00f5lva Secondary School. In 2005, Leesalu completed her bachelor\u2019s studies at the Estonian University of Life &#8230;<\/p>\n","protected":false},"author":43,"featured_media":0,"parent":631,"menu_order":0,"comment_status":"closed","ping_status":"closed","template":"","meta":{"_acf_changed":false,"inline_featured_image":false,"footnotes":""},"class_list":["post-419","page","type-page","status-publish","hentry"],"acf":[],"_links":{"self":[{"href":"https:\/\/sisu.ut.ee\/ewod\/wp-json\/wp\/v2\/pages\/419","targetHints":{"allow":["GET"]}}],"collection":[{"href":"https:\/\/sisu.ut.ee\/ewod\/wp-json\/wp\/v2\/pages"}],"about":[{"href":"https:\/\/sisu.ut.ee\/ewod\/wp-json\/wp\/v2\/types\/page"}],"author":[{"embeddable":true,"href":"https:\/\/sisu.ut.ee\/ewod\/wp-json\/wp\/v2\/users\/43"}],"replies":[{"embeddable":true,"href":"https:\/\/sisu.ut.ee\/ewod\/wp-json\/wp\/v2\/comments?post=419"}],"version-history":[{"count":1,"href":"https:\/\/sisu.ut.ee\/ewod\/wp-json\/wp\/v2\/pages\/419\/revisions"}],"predecessor-version":[{"id":4652,"href":"https:\/\/sisu.ut.ee\/ewod\/wp-json\/wp\/v2\/pages\/419\/revisions\/4652"}],"up":[{"embeddable":true,"href":"https:\/\/sisu.ut.ee\/ewod\/wp-json\/wp\/v2\/pages\/631"}],"wp:attachment":[{"href":"https:\/\/sisu.ut.ee\/ewod\/wp-json\/wp\/v2\/media?parent=419"}],"curies":[{"name":"wp","href":"https:\/\/api.w.org\/{rel}","templated":true}]}}