{"id":416,"date":"2024-04-03T23:39:47","date_gmt":"2024-04-03T20:39:47","guid":{"rendered":"https:\/\/sisu.ut.ee\/ewod\/poems-et-56\/"},"modified":"2024-04-04T00:10:09","modified_gmt":"2024-04-03T21:10:09","slug":"poems","status":"publish","type":"page","link":"https:\/\/sisu.ut.ee\/ewod\/e\/ekbaum\/poems\/","title":{"rendered":"Salme Ekbaum &#8211; poems"},"content":{"rendered":"<p><span style=\"font-size: medium\"><strong><span style=\"font-family: verdana,geneva\">In anthologies and magazines<\/span><\/strong><\/span><\/p>\n<p><strong><em><span style=\"font-family: verdana,geneva\">Swedish<\/span><\/em><\/strong><br><span style=\"font-family: verdana,geneva\"><strong>V\u00e5ra s\u00e5nger fick vi med oss: lyrik av 12 estniska skaldinnor i urval<\/strong>. \u00d6vers\u00e4ttning av Silvia Airik-Priuhka. Stockholm: V\u00e4lis-Eesti &amp; EMP, 1983, 95 pp. [Anthology of poems by Lydia Koidula, Anna Haava, Marie Under, Marie Heiberg, Betti Alver, Ada Otema, Salme Ekbaum, Liidia Tuulse, Kersti Merilaas, Salme Raatma, Karin Saarsen, Ilona Laaman.]<\/span><\/p>\n","protected":false},"excerpt":{"rendered":"<p>In anthologies and magazines SwedishV\u00e5ra s\u00e5nger fick vi med oss: lyrik av 12 estniska skaldinnor i urval. \u00d6vers\u00e4ttning av Silvia Airik-Priuhka. Stockholm: V\u00e4lis-Eesti &amp; EMP, 1983, 95 pp. [Anthology of poems by Lydia Koidula, Anna Haava, Marie Under, Marie Heiberg, &#8230;<\/p>\n","protected":false},"author":43,"featured_media":0,"parent":1201,"menu_order":0,"comment_status":"closed","ping_status":"closed","template":"","meta":{"_acf_changed":false,"inline_featured_image":false,"footnotes":""},"class_list":["post-416","page","type-page","status-publish","hentry"],"acf":[],"_links":{"self":[{"href":"https:\/\/sisu.ut.ee\/ewod\/wp-json\/wp\/v2\/pages\/416","targetHints":{"allow":["GET"]}}],"collection":[{"href":"https:\/\/sisu.ut.ee\/ewod\/wp-json\/wp\/v2\/pages"}],"about":[{"href":"https:\/\/sisu.ut.ee\/ewod\/wp-json\/wp\/v2\/types\/page"}],"author":[{"embeddable":true,"href":"https:\/\/sisu.ut.ee\/ewod\/wp-json\/wp\/v2\/users\/43"}],"replies":[{"embeddable":true,"href":"https:\/\/sisu.ut.ee\/ewod\/wp-json\/wp\/v2\/comments?post=416"}],"version-history":[{"count":1,"href":"https:\/\/sisu.ut.ee\/ewod\/wp-json\/wp\/v2\/pages\/416\/revisions"}],"predecessor-version":[{"id":4674,"href":"https:\/\/sisu.ut.ee\/ewod\/wp-json\/wp\/v2\/pages\/416\/revisions\/4674"}],"up":[{"embeddable":true,"href":"https:\/\/sisu.ut.ee\/ewod\/wp-json\/wp\/v2\/pages\/1201"}],"wp:attachment":[{"href":"https:\/\/sisu.ut.ee\/ewod\/wp-json\/wp\/v2\/media?parent=416"}],"curies":[{"name":"wp","href":"https:\/\/api.w.org\/{rel}","templated":true}]}}