{"id":413,"date":"2024-04-03T23:39:47","date_gmt":"2024-04-03T20:39:47","guid":{"rendered":"https:\/\/sisu.ut.ee\/ewod\/talve\/"},"modified":"2025-06-07T11:00:53","modified_gmt":"2025-06-07T08:00:53","slug":"talve","status":"publish","type":"page","link":"https:\/\/sisu.ut.ee\/ewod\/t\/talve\/","title":{"rendered":"Ilmar Talve"},"content":{"rendered":"<h4 class=\"wp-block-heading\"><span style=\"font-family: verdana, geneva;\"><span style=\"font-size: medium;\"><strong><a href=\"https:\/\/sisu.ut.ee\/ewod\/t\/talve\/novels\">Novels<\/a><\/strong>\u00a0<a href=\"https:\/\/sisu.ut.ee\/wp-content\/uploads\/sites\/108\/a-225-1799_ilmar_talve.jpg\" target=\"_self\" rel=\"noopener\"><img decoding=\"async\" style=\"float: right; width: 200px; height: 301px;\" src=\"https:\/\/sisu.ut.ee\/wp-content\/uploads\/sites\/108\/a-225-1799_ilmar_talve.jpg\" alt=\"Ilmar Talve\"><\/a><\/span><\/span><\/h4>\n\n\n\n<h4 class=\"wp-block-heading\"><a href=\"https:\/\/sisu.ut.ee\/ewod\/t\/talve\/about\"><span style=\"font-family: verdana, geneva;\"><strong><span style=\"font-size: medium;\">About Ilmar Talve<\/span><\/strong><\/span><\/a><\/h4>\n\n\n\n<p><br><span style=\"font-family: verdana, geneva;\"><span style=\"font-size: medium;\"><span style=\"font-size: small;\">Ilmar-Aleksander Talve (until 1936 Thalfeldt, 17. I 1919 \u2013 21. IV 2007), Estonian writer, ethnologist and lecturer, who worked mainly in Sweden and Finland, publishing short stories, novels and memoirs, as well as scholarly monographs.<\/span><\/span><\/span><\/p>\n\n\n\n<p><span style=\"font-size: medium;\"><span style=\"font-size: small;\">He was born in the town of Mga in Ingria, in Petrograd (former St. Petersburg) governorate. His family moved to Estonia in 1920. He attended Tapa primary school from 1927 to 1933 and Tapa Gymnasium from 1933 to 1938. From 1938 to 1942 he studied ethnography, Estonian philology and folklore at the University of Tartu, graduating with a master\u2019s degree <em>cum laude<\/em>. From 1940 to 1943 he worked at the Estonian National Museum. In 1943 he fled to Finland, where he volunteered to serve in the Estonian infantry regiment no. 200 in the Finnish army. In 1944 he returned to Estonia, where the German forces detained him and sent him to a foreign workers\u2019 (<em>Fremdenarbeiter<\/em>) camp at Flensburg. In 1945 he escaped to Sweden. From 1947 to 1951 he continued his studies at the University of Stockholm, and in 1960 he defended his doctorate of philosophy. In the nineteen-forties and fifties he worked as an assistant at Nordiska Museet in Stockholm. From 1946 he was a member of the <em>Tuulisui<\/em> literary grouping. In 1959 he moved to Finland to live. From 1959 he was a lecturer at the University of Turku in Finland, continuing from 1986 as a professor emeritus. In 2005 he was awarded an honorary doctorate by the University of Tartu. He died in Turku, Finland.<\/span><\/span><\/p>\n\n\n\n<p><span style=\"font-size: small;\">As a writer he published stories, novels, memoirs, feuilletons, articles and reviews. He is the author of many significant cultural-historical and sociological monographs, publishing 11 major scientific works altogether between 1959 and 1988. He wrote a survey of Finnish folk culture (vols. I and II, 1979) and of Estonian cultural history (2004). A selection of his published feuilletons from the press was issued in the collection <em>See oli sel ajal kui\u2026<\/em> (\u2018It Was at the Time When\u2026\u2019, 1990). A selection of articles on Estonian topics, <em>Vanem ja noorem Eesti<\/em> (\u2018Older and Younger Estonia\u2019, 2008), offers an overview of Estonian cultural history starting from Henry of Livonia to the exiled writers of the 20th century. The three-volume autobiography <em>Kevad Eestis<\/em> (\u2018Spring in Estonia\u2019, 1997), <em>Kutsumatu k\u00fclaline<\/em> (\u2018Uninvited Guest\u2019, 1998) and <em>Kolmas kodumaa<\/em> (\u2018The Third Homeland\u2019, 1999), deals respectively with the author\u2019s Estonian, Swedish and Finnish periods.<\/span><\/p>\n\n\n\n<p><span style=\"font-size: small;\">Talve began his literary career in Estonian with short prose and poems. His debut, a collection of stories <em>Ainult inimene<\/em> (\u2018Only Human\u2019, 1948), a dozen or so stories and narratives reflect his personal experience of the war and the loss of his country, and the fickle fate of Estonian boys in the Finnish army, their return to Estonia and escape from the homeland. The novel <em>Maja lumes<\/em> (\u2018The House in the Snow\u2019, 1952), with its political warning, describes, with historical allusions, the fate of a small country in the grip of a totalitarian superpower, and brings people\u2019s relationships with power and the state to the foreground. <em>Juhansoni reisid<\/em> (\u2018Juhanson\u2019s Travels\u2019, 1959) is a humorous novel about the adventures of three Estonian soldiers serving in the Finnish army in wartime. The crowning achievement of his literary career, the two-part cultural essay-novel <em>Maapagu<\/em> (\u2018Exile\u2019, 1988, winner of the Henrik Visnapuu Literature Prize in 1990) reflects the lives and activities of members of the Young Estonia movement in European countries from 1906 to 1917. The diary of the main character in exile, a contemporary from the Young Estonia days, Sebastian Alkman, reveals both a European cultural space and a story of personal development: in getting to know the cultures of the countries he visits and the mental world of the actual Estonian writers, intellectuals and artists living in exile, Alkman discovers and creates himself. The narrative <em>Era\u00f5petlane Abraham Hintsa<\/em> (\u2018Abraham Hintsa, Private Scholar\u2019, 1993) won its author the F. Tuglas short story prize.<\/span><\/p>\n\n\n\n<p><em><span style=\"font-size: small;\">A. O. (Translated by C. M.)<\/span><\/em><\/p>\n\n\n\n<h4 class=\"wp-block-heading\"><br>Books in Estonian<\/h4>\n\n\n\n<p><em><strong>Novels<\/strong><\/em><br><span style=\"font-size: small;\"><strong>Maja lumes<\/strong>. Lund: Eesti Kirjanike Kooperatiiv, 1952, 375 lk. [J\u00e4rgnev tr\u00fckk: Tallinn: Eesti Raamat, 2001, 358 lk.]<\/span><br><span style=\"font-size: small;\"><strong>Juhansoni reisid<\/strong>. Lund: Eesti Kirjanike Kooperatiiv, 1959, 384 lk. [J\u00e4rgnevad tr\u00fckid: Tallinn: Faatum, 1994, 275 lk; Tallinn: Eesti P\u00e4evaleht, 2009, 319 lk.]<\/span><br><span style=\"font-size: small;\"><strong>Maapagu<\/strong>. I-II. Lund: Eesti Kirjanike Kooperatiiv, 1988, 263+260 lk. [2. tr\u00fckk: Tallinn: Eesti Raamat, 1993, 476 lk<\/span><\/p>\n\n\n\n<p><strong><em><span style=\"font-size: small;\">Short stories<\/span><\/em><\/strong><br><span style=\"font-size: small;\"><strong>Ainult inimene<\/strong>. Vadstena: Orto, 1948, 270 lk.<\/span><\/p>\n\n\n\n<p><strong><em><span style=\"font-size: small;\">Memoirs<\/span><\/em><\/strong><br><span style=\"font-size: small;\"><strong>Kevad Eestis<\/strong>. Tartu: Ilmamaa, 1997, 390 lk. <\/span><br><span style=\"font-size: small;\"><strong>Kutsumatu k\u00fclaline<\/strong>. Tartu: Ilmamaa, 1998, 300 lk. <\/span><br><span style=\"font-size: small;\"><strong>Kolmas kodumaa<\/strong>. Tartu: ilmamaa, 1999, 379 lk.<\/span><\/p>\n\n\n\n<p><strong><em><span style=\"font-size: small;\">Monographs<\/span><\/em><\/strong><br><span style=\"font-size: small;\"><strong>Bastu och torkhus i Nordeuropa<\/strong>. Stockholm: 1960. [\u2018Saun ja kuivati P\u00f5hja-Euroopas\u2019, rootsikeelne doktorit\u00f6\u00f6.]<\/span><br><span style=\"font-size: small;\"><strong>Suomen kansankulttuuri<\/strong>. Helsinki: Suomalaisen Kirjallisuuden Seura, 1979, 403 lk. [\u2018Soome rahvakultuur\u2019, soomekeelne \u00fclevaateteos.]<\/span><br><span style=\"font-size: small;\"><strong>Eesti kultuurilugu: keskaja algusest Eesti iseseisvuseni<\/strong>. Tartu: Ilmamaa, 2004, 686 lk. [2 tr\u00fckk: 2005.]<\/span><\/p>\n\n\n\n<p><strong><em><span style=\"font-size: small;\">Article collections<\/span><\/em><\/strong><br><span style=\"font-size: small;\"><strong>See oli sel ajal kui\u2026<\/strong>. Tallinn: Perioodika, 1990, 90 lk.<\/span><br><span style=\"font-size: small;\"><strong>Vanem ja noorem Eesti<\/strong>. Tartu: Ilmamaa, 2008, 295 lk.<\/span><\/p>\n\n\n\n<p><em><strong>About Ilmar Talve<\/strong><\/em><br>\u00dclo Tonts, <strong>Ilmar Talve: elu ja looming<\/strong>. Tartu: Ilmamaa, 2009, 287 lk.<\/p>\n","protected":false},"excerpt":{"rendered":"<p>Novels\u00a0 About Ilmar Talve Ilmar-Aleksander Talve (until 1936 Thalfeldt, 17. I 1919 \u2013 21. IV 2007), Estonian writer, ethnologist and lecturer, who worked mainly in Sweden and Finland, publishing short stories, novels and memoirs, as well as scholarly monographs. He &#8230;<\/p>\n","protected":false},"author":43,"featured_media":0,"parent":709,"menu_order":0,"comment_status":"closed","ping_status":"closed","template":"","meta":{"_acf_changed":false,"inline_featured_image":false,"footnotes":""},"class_list":["post-413","page","type-page","status-publish","hentry"],"acf":[],"_links":{"self":[{"href":"https:\/\/sisu.ut.ee\/ewod\/wp-json\/wp\/v2\/pages\/413","targetHints":{"allow":["GET"]}}],"collection":[{"href":"https:\/\/sisu.ut.ee\/ewod\/wp-json\/wp\/v2\/pages"}],"about":[{"href":"https:\/\/sisu.ut.ee\/ewod\/wp-json\/wp\/v2\/types\/page"}],"author":[{"embeddable":true,"href":"https:\/\/sisu.ut.ee\/ewod\/wp-json\/wp\/v2\/users\/43"}],"replies":[{"embeddable":true,"href":"https:\/\/sisu.ut.ee\/ewod\/wp-json\/wp\/v2\/comments?post=413"}],"version-history":[{"count":3,"href":"https:\/\/sisu.ut.ee\/ewod\/wp-json\/wp\/v2\/pages\/413\/revisions"}],"predecessor-version":[{"id":7382,"href":"https:\/\/sisu.ut.ee\/ewod\/wp-json\/wp\/v2\/pages\/413\/revisions\/7382"}],"up":[{"embeddable":true,"href":"https:\/\/sisu.ut.ee\/ewod\/wp-json\/wp\/v2\/pages\/709"}],"wp:attachment":[{"href":"https:\/\/sisu.ut.ee\/ewod\/wp-json\/wp\/v2\/media?parent=413"}],"curies":[{"name":"wp","href":"https:\/\/api.w.org\/{rel}","templated":true}]}}