{"id":412,"date":"2024-04-03T23:39:47","date_gmt":"2024-04-03T20:39:47","guid":{"rendered":"https:\/\/sisu.ut.ee\/ewod\/sander\/"},"modified":"2026-01-22T12:30:37","modified_gmt":"2026-01-22T10:30:37","slug":"sander","status":"publish","type":"page","link":"https:\/\/sisu.ut.ee\/ewod\/s\/sander\/","title":{"rendered":"Rein Sander"},"content":{"rendered":"<p><a href=\"https:\/\/sisu.ut.ee\/ewod\/s\/sander\/poems\"><strong><span style=\"font-family: verdana, geneva; font-size: medium;\">Poems<\/span><\/strong><\/a><strong><span style=\"font-family: verdana, geneva; font-size: medium;\"> <a href=\"https:\/\/sisu.ut.ee\/wp-content\/uploads\/sites\/108\/r._sander.jpg\" target=\"_self\" rel=\"noopener\"><img decoding=\"async\" style=\"float: right; width: 200px; height: 249px;\" src=\"https:\/\/sisu.ut.ee\/wp-content\/uploads\/sites\/108\/r._sander.jpg\" alt=\"Rein Sander\"><\/a><\/span><\/strong><\/p>\n\n\n\n<p><a href=\"https:\/\/sisu.ut.ee\/ewod\/s\/sander\/about\"><strong><span style=\"font-family: verdana, geneva; font-size: medium;\">About Rein Sander<\/span><\/strong><\/a><\/p>\n\n\n\n<p>\u00a0<\/p>\n\n\n\n<p><span style=\"color: #000000;\"><span style=\"font-size: 13px;\"><span style=\"font-family: Verdana,Geneva,sans-serif;\">Rein Sander (3. XII 1945 \u2013 19. XII 2025) was a poet and botanist.<\/span><\/span><\/span><\/p>\n\n\n\n<p><span style=\"color: #000000;\"><span style=\"font-size: 13px;\"><span style=\"font-family: Verdana,Geneva,sans-serif;\">Sander was born to a fisherman\u2019s family in Tahkuranna parish, P\u00e4rnu county. In 1964, he graduated from P\u00e4rnu 1st Secondary School and in 1972, as a botanist from the biology department of Tartu State University. From 1972-1976, he worked as a laboratory assistant and senior engineer at the Institute of Zoology and Botany; in 1977, senior researcher at Lahemaa national park; from 1977-1985, the principal of Ignase tree nursery of Elva Forest Management Center; from 1985-1990, a gardener and agronomist at J\u00e4rva-Jaani kolkhoz; and from 1990-1999, a consultant in the training department of the Estonian Farmers\u2019 Federation. From 1983, he was also a member of the Estonian Writers\u2019 Union. From 2000, he was an entrepreneur at Kubja Herb Farm in Karinu village, J\u00e4rva county, where he grew herbs.<\/span><\/span><\/span><\/p>\n\n\n\n<p><span style=\"color: #000000;\"><span style=\"font-size: 13px;\"><span style=\"font-family: Verdana,Geneva,sans-serif;\">Sander published his first poems in 1964 and his debut collection <em>Piltkiri<\/em> (\u2018Pictograms\u2019) in 1976. The critics have noticed connections to Japanese zen poetry in his works. In Estonian literature, Sander\u2019s works resemble Ernst Enno\u2019s, who includes numerous references to the Middle and Far East and who was influenced by Maurice Maeterlinck. Sander\u2019s following poetry collections continued with the ecology theme, earning praise from one critic who called them \u201cgreen, fragrant, warm, and soft as a meadow of chamomiles\u201d.<\/span><\/span><\/span><\/p>\n\n\n\n<p><span style=\"color: #000000;\"><span style=\"font-size: 13px;\"><span style=\"font-family: Verdana,Geneva,sans-serif;\">Sander wrote numerous handbooks about Estonian nature and botany.<\/span><\/span><\/span><\/p>\n\n\n\n<p><span style=\"color: #000000;\"><span style=\"font-size: 13px;\"><span style=\"font-family: Verdana,Geneva,sans-serif;\">In 1986, he was awarded the Juhan Liiv Poetry Prize.<\/span><\/span><\/span><\/p>\n\n\n\n<p><em><span style=\"color: #000000;\"><span style=\"font-size: 13px;\"><span style=\"font-family: Verdana,Geneva,sans-serif;\">L. P. (Translated by A. A.)<\/span><\/span><\/span><\/em><\/p>\n\n\n\n<p>\u00a0<\/p>\n\n\n\n<p><strong><span style=\"font-size: 16px;\"><span style=\"color: #000000;\"><span style=\"font-family: Verdana,Geneva,sans-serif;\">Books in Estonian<\/span><\/span><\/span><\/strong><\/p>\n\n\n\n<p><span style=\"color: #000000;\"><span style=\"font-size: 13px;\"><span style=\"font-family: Verdana,Geneva,sans-serif;\"><strong><em>Poems<\/em><\/strong><br><strong>Piltkiri<\/strong>. Tallinn: Eesti Raamat, 1976. 76 lk.<br><strong>Kolmikratas<\/strong>. Tallinn: Eesti Raamat, 1978. 80 lk.<br><strong>Igal linnul oma rohi<\/strong>. Tallinn: Eesti Raamat, 1979. 24 lk. [V\u00e4rsid koolieelikutele.]<br><strong>Lemmiknukrus<\/strong>. Tallinn: Eesti Raamat, 1981. 71 lk.<br><strong>Magistraallab\u00fcrint<\/strong>. Tallinn: Eesti Raamat, 1984. 64 lk.<br><strong>Vanakivi. Luulet 1972\u20131984<\/strong>. Tallinn: Eesti Raamat, 1987. 102 lk.<br><strong>M\u00e4tta otsast<\/strong>. Tallinn: Eesti Raamat, 2004. 150 lk.<\/span><\/span><\/span><\/p>\n\n\n\n<p><span style=\"color: #000000;\"><span style=\"font-size: 13px;\"><span style=\"font-family: Verdana,Geneva,sans-serif;\"><strong><em>Popular science (about plants)<\/em><\/strong><br>Rein Sander, Arne Sellin, <strong>\u00dclane, sinilill, karukell<\/strong>. Tallinn: Valgus, 1986. 157 lk.<br><strong>Metsast aeda: meie looduslilli<\/strong>. Tallinn: Maalehe Raamat, 2008. 88 lk.<br><strong>Kubja \u00dcrditalu ravimtaimed<\/strong>. Tallinn: Varrak, 2009. 260 lk.<br><strong>101 Eesti puud ja p\u00f5\u00f5sast<\/strong>: metsas, pargis, aias. Tallinn: Varrak, 2011. 222 lk.<br><strong>Koduaia ilupuud ja -p\u00f5\u00f5sad<\/strong>. Tallinn: Varrak, 2014. 287 lk.<br><strong>Kubja \u00dcrditalu teed ja ravimteed<\/strong>. Tallinn: Varrak, 2017. 205 lk.<br>Rein Sander, Kristel Kirss, <strong>Koduaia p\u00f5\u00f5sad<\/strong>. Tallinn: \u00dchinenud Ajakirjad, 2021. 34 lk.<\/span><\/span><\/span><br><strong>V\u00e4ike puu- ja p\u00f5\u00f5saleksikon<\/strong>. Fotod Rein Sander. Tallinn: Varrak, 2025,<br>470 lk.<\/p>\n","protected":false},"excerpt":{"rendered":"<p>Poems About Rein Sander \u00a0 Rein Sander (3. XII 1945 \u2013 19. XII 2025) was a poet and botanist. Sander was born to a fisherman\u2019s family in Tahkuranna parish, P\u00e4rnu county. In 1964, he graduated from P\u00e4rnu 1st Secondary School &#8230;<\/p>\n","protected":false},"author":43,"featured_media":0,"parent":697,"menu_order":0,"comment_status":"closed","ping_status":"closed","template":"","meta":{"_acf_changed":false,"inline_featured_image":false,"footnotes":""},"class_list":["post-412","page","type-page","status-publish","hentry"],"acf":[],"_links":{"self":[{"href":"https:\/\/sisu.ut.ee\/ewod\/wp-json\/wp\/v2\/pages\/412","targetHints":{"allow":["GET"]}}],"collection":[{"href":"https:\/\/sisu.ut.ee\/ewod\/wp-json\/wp\/v2\/pages"}],"about":[{"href":"https:\/\/sisu.ut.ee\/ewod\/wp-json\/wp\/v2\/types\/page"}],"author":[{"embeddable":true,"href":"https:\/\/sisu.ut.ee\/ewod\/wp-json\/wp\/v2\/users\/43"}],"replies":[{"embeddable":true,"href":"https:\/\/sisu.ut.ee\/ewod\/wp-json\/wp\/v2\/comments?post=412"}],"version-history":[{"count":2,"href":"https:\/\/sisu.ut.ee\/ewod\/wp-json\/wp\/v2\/pages\/412\/revisions"}],"predecessor-version":[{"id":7837,"href":"https:\/\/sisu.ut.ee\/ewod\/wp-json\/wp\/v2\/pages\/412\/revisions\/7837"}],"up":[{"embeddable":true,"href":"https:\/\/sisu.ut.ee\/ewod\/wp-json\/wp\/v2\/pages\/697"}],"wp:attachment":[{"href":"https:\/\/sisu.ut.ee\/ewod\/wp-json\/wp\/v2\/media?parent=412"}],"curies":[{"name":"wp","href":"https:\/\/api.w.org\/{rel}","templated":true}]}}