{"id":409,"date":"2024-04-03T23:39:47","date_gmt":"2024-04-03T20:39:47","guid":{"rendered":"https:\/\/sisu.ut.ee\/ewod\/poems-et-55\/"},"modified":"2024-04-04T00:10:08","modified_gmt":"2024-04-03T21:10:08","slug":"poems","status":"publish","type":"page","link":"https:\/\/sisu.ut.ee\/ewod\/n\/nurme\/poems\/","title":{"rendered":"Minni Nurme &#8211; poems"},"content":{"rendered":"<p>\n\t<span style=\"font-family:Verdana,Geneva,sans-serif\"><strong><span style=\"font-size:16px\">Books<\/span><\/strong><\/span><\/p>\n<p><strong><em>German<\/em><\/strong><br><strong>Mondwein<\/strong>. Lyrische Gedichte. \u00dcbersetzung: Aldo Roomere. Leipzig: Hochschule f\u00fcr Grafik und Buchkunst, 1976. 27 pp. [Contents: Sonnenwende; M\u00e4rznacht; Die Maske; Schneeflocken; Befreiung; Abgrund; Selige Ersch\u00f6pfung; Im Rauchh\u00fctten-Odem; Deine Stimme; Tr\u00e4ume ich wache ich; Deine Augen; In den seltenen Augenblicken; Sie lieben; Wie ein vergessenes Feld; Sommern\u00e4chtiger Regenschauer; Mondwein. (\u2018P\u00f6\u00f6rip\u00e4ev\u2019, \u2018M\u00e4rtsikuu \u00f6\u00f6\u2019, \u2018Lumer\u00e4itsmed vihisevad vastu akent\u2026\u2019, \u2018Kogu \u00f6\u00f6 tilguvad r\u00e4\u00e4stad vabanemist vabanemist\u2026\u2019, \u2018Ohjeldamatult nagu loomi jooksuajal\u2026\u2019, \u2018\u00d5nnis rammestus\u2019, \u2018Muuseumide suitsutare-h\u00f5ngus\u2026\u2019, \u2018Su h\u00e4\u00e4l on puude rohelus\u2026\u2019, \u2018Ons unes v\u00f5i ilmsi\u2026\u2019, \u2018Sukeldun su silmade merre\u2026\u2019, \u2018Neil harvul hetkil\u2026\u2019, \u2018Nad armastavad\u2026\u2019, \u2018Nagu p\u00f5imamata p\u00f5ld\u2019, \u2018Suve\u00f6ine vihmahoog\u2026\u2019, \u2018Kuu astub tuppa kui k\u00fclaline\u2026\u2019).]<br>\u00a0\n<\/p>\n<p>\n\t<span style=\"font-family: verdana, geneva;font-size: medium\"><strong>In anthologies and magazines<\/strong><\/span>\n<\/p>\n<p>\n\t<span style=\"font-family: verdana, geneva\"><strong><em><strong><em>Esperanto<\/em><\/strong><\/em><br>Estona soveta poezio<\/strong>. Edited and translated by Hilda Dresen; afterword by Jaan Toomla. Tallinn: Eesti Raamat, 1977, 204 pp. [Poems by\u00a0August Alle, Artur Alliksaar,\u00a0Betti Alver, Vladimir Beekman, Paul Haavaoks, Lehte Hainsalu, Ain Kaalep, Kalju Kangur,\u00a0Jaan Kaplinski, Ilmi Kolla,\u00a0Jaan Kross, Erni Krusten, Jaan K\u00e4rner, Uno Laht,\u00a0Viivi Luik, Kersti Merilaas, Ellen Niit, Minni Nurme, Ralf Parve, Lilli Promet, Mart Raud, Rudolf Rimmel,\u00a0Paul-Eerik Rummo,\u00a0Hando Runnel, Juhan Saar, August Sang, Johannes Semper, Arvi Siig, Juhan Smuul, Harald Suislepp, Aleksander Suuman, Juhan S\u00fctiste,\u00a0Mats Traat, Debora Vaarandi, Johannes Vares-Barbarus,\u00a0Enn Vetemaa.]<\/span>\n<\/p>\n<p>\n\t<span style=\"font-family: verdana, geneva\"><strong><em>Finnish<\/em><\/strong><br><strong>Pihlaja: kahdeksan eestil\u00e4ist\u00e4 naisrunoilijaa<\/strong>. Valikoinut ja suomentanut Aino Kaasinen. Translated by Aino Kaasinen. A. Kaasinen, 1983, 235 pp. [Poems by Lehte Hainsalu, Viivi Luik, Kersti Merilaas, Ellen Niit, Minni Nurme, Vaike Pilvistu, Marie Under, Debora Vaarandi.]<\/span>\n<\/p>\n<p>\n\t<span style=\"font-family: verdana, geneva\"><strong><em>Hungarian<\/em><\/strong><br><strong>[Poems]<\/strong>. \u00c1rp\u00e1s K\u00e1roly ford. \u2013 J\u00e1szkuns\u00e1g, no 1, 1983.<br><strong>Csillagok \u00f3r\u00e1ja: v\u00e1logat\u00e1s a Szovjetuni\u00f3 k\u00f6zt\u00e1rsas\u00e1gainak k\u00f6lt\u00e9szet\u00e9b\u00f6l<\/strong><span>. A szerkeszt\u00f6 bizotts\u00e1g eln\u00f6ke Kardos L\u00e1szl\u00f3; a szerkeszt\u00f6 bizotts\u00e1g tagjai Elbert J\u00e1nos\u2026[et al]. Budapest: Eur\u00f3pa, 1980, 861 pp. [Anthology of Soviet poetry. Contains poems by Betti Alver, Vladimir Beekman, Jaan Kross, Uno Laht, Ellen Niit, Minni Nurme, Ralf Parve, Paul Rummo, Paul-Eerik Rummo, August Sang, Johannes Semper, Juhan Smuul, Mats Traat, Debora Vaarandi.]<\/span><br><strong>[Poems]<\/strong>. Kiss D\u00e9nes ford. \u2013 Tiszat\u00e1j, no 12, 1979.<\/span>\n<\/p>\n<p>\n\t<span style=\"font-family: verdana, geneva\"><strong><em>Komi<\/em><\/strong><br>\u041c\u0438\u043d\u043d\u0438 \u041d\u0443\u0440\u043c\u0435, <strong>[Poems]<\/strong>. \u2013 \u041c\u0438\u043d\u0438\u0441\u0442\u0435\u0440\u0441\u0442\u0432\u043e \u043d\u0430\u0446\u0438\u043e\u043d\u0430\u043b\u044c\u043d\u043e\u0439 \u043f\u043e\u043b\u0438\u0442\u0438\u043a\u0438 \u0420\u0435\u0441\u043f\u0443\u0431\u043b\u0438\u043a\u0438 \u041a\u043e\u043c\u0438, \u0424\u0438\u043d\u043d\u043e-\u0443\u0433\u043e\u0440\u0441\u043a\u0438\u0439 \u043a\u0443\u043b\u044c\u0442\u0443\u0440\u043d\u044b\u0439 \u0446\u0435\u043d\u0442\u0440 \u0420\u043e\u0441\u0441\u0438\u0439\u0441\u043a\u043e\u0439 \u0424\u0435\u0434\u0435\u0440\u0430\u0446\u0438\u0438, \u041b\u044c\u00f6\u043c\u00a0\u044e = \u041b\u044c\u00f6\u043cny\u0430 \u044e\u043e\u043a = \u041b\u043e\u043c\u0431\u043e \u044d\u043d\u2019\u0435\u0440 = Zelnicemeggyes patakoska \u2026: \u043a\u044b\u0432\u0431\u0443\u0440\u044a\u044f\u0441, \u0432\u0443\u0434\u0436\u00f6\u0434\u00f6\u043c\u044a\u044f\u0441. \u0421\u044b\u043a\u0442\u044b\u0432\u043a\u0430\u0440: \u041a\u043e\u043b\u0430, 2008, 254 pp. [Includes short stories by Arvo Valton and poems by Arvo Valton, Lydia Koidula, Kristian Jaan Peterson, Marie Under, Minni Nurme, Mathura and Leelo Tungal in diffenet finno-ugric languages.]<\/span>\n<\/p>\n<p>\n\t<span style=\"font-family: verdana, geneva\"><strong><em>Russian<\/em><\/strong><br><strong>\u0410\u043d\u0442\u043e\u043b\u043e\u0433\u0438\u044f \u044d\u0441\u0442\u043e\u043d\u0441\u043a\u043e\u0439 \u043f\u043e\u044d\u0437\u0438\u0438<\/strong>. C\u043e\u0441\u0442\u0430\u0432\u0438\u0442\u0435\u043b\u044c \u0438 \u0440\u0435\u0434\u0430\u043a\u0442\u043e\u0440 \u042d\u043b\u044c\u0432\u0438\u0440\u0430 \u041c\u0438\u0445\u0430\u0439\u043b\u043e\u0432\u0430. A\u0432\u0442. \u0441\u0442. \u0418. \u0411\u0435\u043b\u043e\u0431\u0440\u043e\u0432\u0446\u0435\u0432\u0430 \u0438 \u0434\u0440.\u037e \u0431\u0438\u0431\u043b\u0438\u043e\u0433\u0440. \u041e. \u041a\u0438\u0432\u0438.\u00a0Kodumaa \u2013 \u0420\u043e\u0434\u043d\u043e\u0439 \u0434\u043e\u043c: \u0431\u0438\u0431\u043b\u0438\u043e\u0442\u0435\u043a\u0430 \u044d\u0441\u0442\u043e\u043d\u0441\u043a\u043e\u0439 \u043b\u0438\u0442\u0435\u0440\u0430\u0442\u0443\u0440\u044b.\u00a0\u0422\u0430\u043b\u043b\u0438\u043d\u043d: KPD Kirjastus, 1999. 739 pp. [Foreword \u2018\u0413\u043b\u0430\u0432\u043d\u044b\u0435 \u043d\u0430\u043f\u0440\u0430\u0432\u043b\u0435\u043d\u0438\u044f \u044d\u0441\u0442\u043e\u043d\u0441\u043a\u043e\u0439 \u043f\u043e\u044d\u0437\u0438\u0438\u2019 by Ain Kaalep. Poems by\u00a0Reiner Brockmann, K\u00e4su Hans, Kristian Jaak Peterson, Lydia Koidula, Ado Reinvald, Karl Eduard S\u00f6\u00f6t, Juhan Liiv, Anna Haava, Ernst Enno, Gustav Suits, Villem Gr\u00fcnthal-Ridala, Marie Under, Henrik Visnapuu, Johannes Vares-Barbarus, Johannes Semper, Valmar Adams, Juhan S\u00fctiste, Heiti Talvik, Betti Alver, Bernard Kangro, Uku Masing, August Sang, Kersti Merilaas, Debora Vaarandi, Ralf Parve, Minni Nurme, Juhan Smuul, Ilmar Laaban, Kalju Lepik, Jaan Kross, Ellen Niit, Ain Kaalep, Artur Alliksaar, Paul-Eerik Rummo, Mats Traat, Arvi Siig, Aleksander Suuman, Jaan Kaplinski, Andres Ehin, Hando Runnel, Toomas Liiv, Johnny B. Isotamm, Viivi Luik, Nikolai Baturin, Juhan Viiding, Ene Mihkelson, Doris Kareva, Mari Vallisoo, Ilona Laaman, Indrek Hirv, Hasso Krull.]<br><strong>\u0414\u043e\u043c \u0432 \u0441\u043e\u0431\u0441\u0442\u0432\u0435\u043d\u043d\u043e\u043c \u0441\u0435\u0440\u0434\u0446\u0435: \u0441\u0442\u0438\u0445\u0438 \u0444\u0438\u043d\u043d\u043e-\u0443\u0433\u043e\u0440\u0441\u043a\u0438\u0445 \u043f\u043e\u044d\u0442\u0435\u0441\u0441.\u00a0<\/strong><span>C\u043e\u0441\u0442\u0430\u0432\u0438\u0442\u0435\u043b\u044c \u0413. \u0411\u0443\u0442\u044b\u0440\u0435\u0432\u0430.\u00a0<\/span><span>\u0421\u044b\u043a\u0442\u044b\u0432\u043a\u0430\u0440: [s.n.], 1993, 32 pp. [Contains poems:\u00a0\u041c\u043d\u0435 \u043a\u0430\u0437\u0430\u043b\u043e\u0441\u044c. \u0412. \u0421. \/ \u042d\u043b\u043b\u0435\u043d \u041d\u0438\u0439\u0442. \u041c\u043e\u044f \u042d\u0441\u0442\u043e\u043d\u0438\u044f \u2013 \u043c\u043e\u044f \u043b\u044e\u0431\u043e\u0432\u044c \/ \u041b\u0438\u0434\u0438\u044f \u041a\u043e\u0439\u0434\u0443\u043b\u0430. \u041f\u0440\u0438\u043a\u0430\u0437 \/ \u041c\u0430\u0440\u0438\u0435 \u0423\u043d\u0434\u0435\u0440. \u041f\u0435\u0432\u0435\u0446 \/ \u0411\u0435\u0442\u0442\u0438 \u0410\u043b\u044c\u0432\u0435\u0440. \u0422\u044b\u0441\u044f\u0447\u0435\u043b\u0438\u0441\u0442\u043d\u0438\u043a \/ \u041a\u0435\u0440\u0441\u0442\u0438 \u041c\u0435\u0440\u0438\u043b\u0430\u0430\u0441. \u0414\u0430\u043b\u0435\u043a\u0438\u0439 \u0437\u0430\u0431\u044b\u0442\u044b\u0439 \/ \u0414\u0435\u0431\u043e\u0440\u0430 \u0412\u0430\u0430\u0440\u0430\u043d\u0434\u0438. \u0418\u0449\u0443 \u0442\u0438\u0448\u0438\u043d\u044b \/ \u041c\u0438\u043d\u043d\u0438 \u041d\u0443\u0440\u043c\u0435. \u0422\u044b \u0436\u0435 \u0437\u043d\u0430\u0435\u0448\u044c. \u041b\u044e\u0431\u043e\u0432\u044c. \u041c\u043e\u043b\u044c\u0431\u0430 \/ \u0412\u0438\u0439\u0432\u0438 \u041b\u0443\u0439\u043a. \u041d\u0430 \u043e\u0431\u043e\u0437\u0440\u0435\u043d\u0438\u0435 \u043f\u0440\u0435\u0434\u0441\u0442\u0430\u0432\u0438\u0442\u044c \u0447\u044c\u044e-\u0442\u043e \u0436\u0438\u0437\u043d\u044c \/ \u0414\u043e\u0440\u0438\u0441 \u041a\u0430\u0440\u0435\u0432\u0430.]<br><strong>\u0410\u043d\u0442\u043e\u043b\u043e\u0433\u0438\u044f \u044d\u0441\u0442\u043e\u043d\u0441\u043a\u043e\u0439 \u043f\u043e\u044d\u0437\u0438\u0438: 1637-1987 \u0433<\/strong>. \u0421\u043e\u0441\u0442\u0430\u0432\u0438\u0442\u0435\u043b\u044c \u041b. \u0420\u0443\u0443\u0434, \u042d. \u041c\u0438\u0445\u0430\u0439\u043b\u043e\u0432\u0430; \u043f\u0440\u0435\u0434\u0438\u0441\u043b\u043e\u0432\u0438\u0435 \u0410. \u041a\u0430\u0430\u043b\u0435\u043f\u0430. \u0422\u0430\u043b\u043b\u0438\u043d\u043d: \u042d\u044d\u0441\u0442\u0438 \u0420\u0430\u0430\u043c\u0430\u0442, 1990, 415 pp. [Poems by: Reiner Brockmann, Heinrich G\u00f6seken, Johann Gutslaff, Johann Sebastian Markard, Johann Kohsen, unknown author in 1697, K\u00e4su Hans, Carl Schulten, Carl Gustav von Staden, unknown author in 1779, Berend Heinrich von Tiesenhausen, Joachim Gottlieb Schwabe, Kristian Jaak Peterson, Lydia Koidula, Juhan Liiv, Gustav Suits, Villem Ridala, Marie Under, Henrik Visnapuu, Johannes Barbarus, Heiti Talvik, Betti Alver, August Sang, Kersti Merilaas, Mart Raud, Uku Masing, Juhan S\u00fctiste, Johannes Semper, Valmar Adams, Juhan Smuul, Debora Vaarandi, Ralf Parve, Aira Kaal, Minni Nurme, Uno Laht, Jaan Kross, Ellen Niit, Vladimir Beekman, Artur Alliksaar, Ain Kaalep, Paul Haavaoks, Aleksander Suuman, Arvi Siig, Mats Traat, Nikolai Baturin, Paul-Eerik Rummo, Jaan Kaplinski, Hando Runnel, Viivi Luik, Juhan Viiding, Ene Mihkelson, Doris Kareva, Mari Vallisoo.]<br>\u0421\u0432\u0435\u0442\u043b\u0430\u043d \u0421\u0435\u043c\u0435\u043d\u0435\u043d\u043a\u043e, <strong>\u0421\u0432\u0435\u0442 \u0432 \u0434\u0435\u043a\u0430\u0431\u0440\u0435: \u0441\u0442\u0438\u0445\u0438 \u0438 \u043f\u0435\u0440\u0435\u0432\u043e\u0434\u044b<\/strong>. \u0422\u0430\u043b\u043b\u0438\u043d: \u042d\u044d\u0441\u0442\u0438 \u0440\u0430\u0430\u043c\u0430\u0442, 1985, 302 pp. [Includes poems from folklore and by Gustav Suits, Villem Gr\u00fcnthal-Ridala, Marie Under, Valmar Adams, Heiti Talvik, Betti Alver, Kersti Merilaas, Minni Nurme, Debora Vaarandi, Artur Alliksaar, Ain Kaalep, Ellen Niit, Aleksander Suuman, Mats Traat, Enn Vetemaa, Arvi Siig, Andres Ehin, Kalle Kurg, Paul-Eerik Rummo, Hando Runnel, Jaan Kaplinski,Ly Seppel, Viivi Luik, Toomas Liiv, Joel Sang, Juhan Viiding.]<br><strong>\u0410\u043d\u0442\u043e\u043b\u043e\u0433\u0438\u044f \u044d\u0441\u0442\u043e\u043d\u0441\u043a\u043e\u0439 \u043f\u043e\u044d\u0437\u0438\u0438: \u0432 \u0434\u0432\u0443\u0445 \u0442\u043e\u043c\u0430\u0445<\/strong>. \u0412\u0441\u0442\u0443\u043f\u0438\u0442\u0435\u043b\u044c\u043d\u0430\u044f \u0441\u0442\u0430\u0442\u044c\u044f \u042d. \u041d\u0438\u0440\u043a\u0430; \u0441\u043e\u0441\u0442\u0430\u0432\u0438\u0442\u0435\u043b\u0438 \u042d. \u041d\u0438\u0440\u043a \u0438 \u041f. \u0420\u0443\u043c\u043c\u043e. \u041b\u0435\u043d\u0438\u043d\u0433\u0440\u0430\u0434: \u0413\u043e\u0441\u043b\u0438\u0442\u0438\u0437\u0434\u0430\u0442, 1959, 424 + 450 pp. [Includes folk songs and poems by: Kristian Jaak Peterson, Friedrich Robert Faehlmann, Friedrich Reinhold Kreutzwald, Juhan Weizenberg, Lydia Koidula, Friedrich Kuhlbars, Carl Robert Jakobson, Mihkel Veske, Ado Reinvald, Juhan Kunder, Jaan Bergmann, Peeter Jakobson, Jakob Tamm, Jakob Liiv, Juhan Liiv, Anna Haava, Karl Eduard S\u00f6\u00f6t, Reinhold Kamsen, Ernst Enno, Villem Ridala, Marie Heiberg, Jaan L\u00f5o, Hans P\u00f6\u00f6gelmann, Juhan Lilienbach, Vassili M\u00f6lder, Villem Buk, Johannes Barbarus, August Alle, Jaan K\u00e4rner, Johannes Semper, Juhan S\u00fctiste, Erni Hiir, Mart Raud, Paul Viiding, Betti Alver, Kersti Merilaas, August Sang, Hugo Angervaks, Felix Kotta, Aira Kaal, Muia Veetamm, Paul Rummo, Debora Vaarandi, Juhan Smuul, Minni Nurme, Ralf Parve, Manivald Kesamaa, Uno Laht, Vladimir Beekman, Jaan Kross, Ilmi Kolla, Ellen Niit.]<\/span><\/span><\/p>\n","protected":false},"excerpt":{"rendered":"<p>Books GermanMondwein. Lyrische Gedichte. \u00dcbersetzung: Aldo Roomere. Leipzig: Hochschule f\u00fcr Grafik und Buchkunst, 1976. 27 pp. [Contents: Sonnenwende; M\u00e4rznacht; Die Maske; Schneeflocken; Befreiung; Abgrund; Selige Ersch\u00f6pfung; Im Rauchh\u00fctten-Odem; Deine Stimme; Tr\u00e4ume ich wache ich; Deine Augen; In den seltenen Augenblicken; &#8230;<\/p>\n","protected":false},"author":43,"featured_media":0,"parent":398,"menu_order":0,"comment_status":"closed","ping_status":"closed","template":"","meta":{"_acf_changed":false,"inline_featured_image":false,"footnotes":""},"class_list":["post-409","page","type-page","status-publish","hentry"],"acf":[],"_links":{"self":[{"href":"https:\/\/sisu.ut.ee\/ewod\/wp-json\/wp\/v2\/pages\/409","targetHints":{"allow":["GET"]}}],"collection":[{"href":"https:\/\/sisu.ut.ee\/ewod\/wp-json\/wp\/v2\/pages"}],"about":[{"href":"https:\/\/sisu.ut.ee\/ewod\/wp-json\/wp\/v2\/types\/page"}],"author":[{"embeddable":true,"href":"https:\/\/sisu.ut.ee\/ewod\/wp-json\/wp\/v2\/users\/43"}],"replies":[{"embeddable":true,"href":"https:\/\/sisu.ut.ee\/ewod\/wp-json\/wp\/v2\/comments?post=409"}],"version-history":[{"count":1,"href":"https:\/\/sisu.ut.ee\/ewod\/wp-json\/wp\/v2\/pages\/409\/revisions"}],"predecessor-version":[{"id":4667,"href":"https:\/\/sisu.ut.ee\/ewod\/wp-json\/wp\/v2\/pages\/409\/revisions\/4667"}],"up":[{"embeddable":true,"href":"https:\/\/sisu.ut.ee\/ewod\/wp-json\/wp\/v2\/pages\/398"}],"wp:attachment":[{"href":"https:\/\/sisu.ut.ee\/ewod\/wp-json\/wp\/v2\/media?parent=409"}],"curies":[{"name":"wp","href":"https:\/\/api.w.org\/{rel}","templated":true}]}}