{"id":405,"date":"2024-04-03T23:39:47","date_gmt":"2024-04-03T20:39:47","guid":{"rendered":"https:\/\/sisu.ut.ee\/ewod\/helm\/"},"modified":"2024-04-04T00:10:08","modified_gmt":"2024-04-03T21:10:08","slug":"helm","status":"publish","type":"page","link":"https:\/\/sisu.ut.ee\/ewod\/h\/helm\/","title":{"rendered":"Aili Helm"},"content":{"rendered":"<p>\n\t<a href=\"https:\/\/sisu.ut.ee\/ewod\/h\/helm\/about\"><strong><span style=\"font-family: verdana, geneva;font-size: medium\">About Aili Helm<\/span><\/strong><\/a>\n<\/p>\n<p><strong><span style=\"font-family: verdana, geneva;font-size: medium\"><span style=\"font-size:16px\"><span style=\"font-family:Verdana,Geneva,sans-serif\">Books in Estonian<\/span><\/span><\/span><\/strong>\n<\/p>\n<p>\n\t<span style=\"font-size:13px\"><span style=\"font-family:Verdana,Geneva,sans-serif\"><strong><em>Novels<\/em><\/strong><br><strong>Kuradil ei ole varju<\/strong>. M\u00e4rkmeid n\u00f5ukogude naistevanglast 1946. Lund: Eesti Kirjanike Kooperatiiv, 1979, 204 lk. [2. tr\u00fckk: 2009.]<br><strong>V\u00e4givallamaa<\/strong>. Lund: Eesti Kirjanike Kooperatiiv, 1982, 198 lk. [2. tr\u00fckk: 2009.]<br><strong>Re\u017eiim \u2013 see k\u00f5lab uhkelt<\/strong>. Lund: Eesti Kirjanike Kooperatiiv, 1984, 185 lk. [2. tr\u00fckk: 2009.]<\/span><\/span><\/p>\n","protected":false},"excerpt":{"rendered":"<p>About Aili Helm Books in Estonian NovelsKuradil ei ole varju. M\u00e4rkmeid n\u00f5ukogude naistevanglast 1946. Lund: Eesti Kirjanike Kooperatiiv, 1979, 204 lk. [2. tr\u00fckk: 2009.]V\u00e4givallamaa. Lund: Eesti Kirjanike Kooperatiiv, 1982, 198 lk. [2. tr\u00fckk: 2009.]Re\u017eiim \u2013 see k\u00f5lab uhkelt. Lund: Eesti &#8230;<\/p>\n","protected":false},"author":43,"featured_media":0,"parent":599,"menu_order":0,"comment_status":"closed","ping_status":"closed","template":"","meta":{"_acf_changed":false,"inline_featured_image":false,"footnotes":""},"class_list":["post-405","page","type-page","status-publish","hentry"],"acf":[],"_links":{"self":[{"href":"https:\/\/sisu.ut.ee\/ewod\/wp-json\/wp\/v2\/pages\/405","targetHints":{"allow":["GET"]}}],"collection":[{"href":"https:\/\/sisu.ut.ee\/ewod\/wp-json\/wp\/v2\/pages"}],"about":[{"href":"https:\/\/sisu.ut.ee\/ewod\/wp-json\/wp\/v2\/types\/page"}],"author":[{"embeddable":true,"href":"https:\/\/sisu.ut.ee\/ewod\/wp-json\/wp\/v2\/users\/43"}],"replies":[{"embeddable":true,"href":"https:\/\/sisu.ut.ee\/ewod\/wp-json\/wp\/v2\/comments?post=405"}],"version-history":[{"count":1,"href":"https:\/\/sisu.ut.ee\/ewod\/wp-json\/wp\/v2\/pages\/405\/revisions"}],"predecessor-version":[{"id":4663,"href":"https:\/\/sisu.ut.ee\/ewod\/wp-json\/wp\/v2\/pages\/405\/revisions\/4663"}],"up":[{"embeddable":true,"href":"https:\/\/sisu.ut.ee\/ewod\/wp-json\/wp\/v2\/pages\/599"}],"wp:attachment":[{"href":"https:\/\/sisu.ut.ee\/ewod\/wp-json\/wp\/v2\/media?parent=405"}],"curies":[{"name":"wp","href":"https:\/\/api.w.org\/{rel}","templated":true}]}}