{"id":4,"date":"2024-04-03T23:39:14","date_gmt":"2024-04-03T20:39:14","guid":{"rendered":"https:\/\/sisu.ut.ee\/ewod\/remsu\/"},"modified":"2024-04-04T00:11:16","modified_gmt":"2024-04-03T21:11:16","slug":"remsu","status":"publish","type":"page","link":"https:\/\/sisu.ut.ee\/ewod\/r\/remsu\/","title":{"rendered":"Olev Remsu"},"content":{"rendered":"<p>\n\t<span style=\"font-size:16px\"><span style=\"font-family:Verdana,Geneva,sans-serif\"><a href=\"https:\/\/sisu.ut.ee\/ewod\/r\/remsu\/stories\"><strong>Short stories<\/strong><\/a><strong> <\/strong><a href=\"https:\/\/sisu.ut.ee\/wp-content\/uploads\/sites\/108\/olev_remsu_arno_saar.jpg\" target=\"_self\" rel=\"noopener\"><img decoding=\"async\" alt=\"Olev Remsu\" src=\"https:\/\/sisu.ut.ee\/wp-content\/uploads\/sites\/108\/olev_remsu_arno_saar.jpg\" style=\"float: right;width: 200px;height: 267px\" title=\"Photo: Arno Saar\"><\/a><\/span><\/span>\n<\/p>\n<p>\n\t<span style=\"font-size:16px\"><span style=\"font-family:Verdana,Geneva,sans-serif\"><a href=\"https:\/\/sisu.ut.ee\/ewod\/r\/remsu\/about\"><strong>About Olev Remsu<\/strong><\/a><\/span><\/span>\n<\/p>\n<p><span style=\"color:#000000\"><span style=\"font-size:13px\"><span style=\"font-family:Verdana,Geneva,sans-serif\">Olev Remsu<\/span><\/span><span style=\"font-size:13px\"><span style=\"font-family:Verdana,Geneva,sans-serif\"> (name at birth Remsujev, b. 1 XI 1947) is a prose writer.<\/span><\/span><\/span>\n<\/p>\n<p style=\"text-align:left\">\n\t<span style=\"color:#000000\"><span style=\"font-size:13px\"><span style=\"font-family:Verdana,Geneva,sans-serif\">He was born and educated in Tartu, including the faculty of economics at Tartu State University from 1966 to 1967 and the faculty of history and languages from 1967 to 1972, graduating as a journalist. From 1979 to 1982 he attended higher courses for film script-writers and directors in Moscow. \u00a0He has worked, among other jobs, as a laboratory assistant at Tartu State University, as a senior researcher at the Eduard Vilde and A.H. Tammsaare Memorial Museum, has edited animated films at Tallinnfilm, been a travel guide, and also lectured at the University of Tallinn, the Estonian Academy of Art and the Viljandi Academy of Culture. He was chairman of the Wellesto cultural association from 1988 to 1998, and was one of those writing collectively under the pseudonym Ene H\u00f6lderlin. He has been a member of the Writers\u2019 Union since 1988. He has been awarded the title of Best Book of the Year for the work <i><span style=\"font-style:italic\">Elu Moskvas <\/span><\/i>(\u2018Life in Moscow\u2019, 1991) and received the annual award of the Writers\u2019 Union for <i><span style=\"font-style:italic\">Tartu- &amp; Praha-m\u00e4lestused <\/span><\/i>(\u2018Memories of Tartu and Prague\u2019) 2 (1992) as well as the essay prize of the Literature Endowment of Estonia (1993). He won the prose award of 1998 of the Literature Endowment for <i><span style=\"font-style:italic\">Haapsalu trag\u00f6\u00f6dia <\/span><\/i>(\u2018Haapsalu Tragedy\u2019) I (1998), and in 2013 the A.H.Tammsaare Literature Prize for <i><span style=\"font-style:italic\">Supilinna poisid <\/span><\/i>(\u2018The Boys of Supilinn\u2019, 2012). His novels have been short-listed in novel competitions and his play <i><span style=\"font-style:italic\">President <\/span><\/i>(\u2018The President\u2019) in the 2017 Estonian Theatre play competition.<\/span><\/span><\/span>\n<\/p>\n<p style=\"text-align:left\">\n\t<span style=\"color:#000000\"><span style=\"font-size:13px\"><span style=\"font-family:Verdana,Geneva,sans-serif\">The prolific author\u2019s creative path began with the school almanac <i><span style=\"font-style:italic\">Sulesepad <\/span><\/i>(\u2018Pensmiths\u2019, 1966). In 1976 the short novel <i><span style=\"font-style:italic\">Homne karikakar <\/span><\/i>(\u2018Tomorrow\u2019s Daisy\u2019) appeared, followed in 1981 by the novel <i><span style=\"font-style:italic\">Lapsep\u00f5lvest Malleta <\/span><\/i>(\u2018Childhood Without Malle\u2019). His earlier work is focused on the contemporary scene and depicts the world of young people and students, surveying the development of one generation in Soviet reality. The Tartu of his youth, the conditions of those times, his companions there and distinctive characters are pictured in the Supilinn series: <i><span style=\"font-style:italic\">Supilinna poisid <\/span><\/i>(2012), <i><span style=\"font-style:italic\">Supilinna surmad <\/span><\/i>(\u2018Deaths in Supilinn\u2019, 2012), and <i><span style=\"font-style:italic\">Supilinna armastajad <\/span><\/i>(\u2018Lovers of Supilinn\u2019, 2013). It is typical of Remsu to intertwine memoir material with literariness, as for example in the works <i><span style=\"font-style:italic\">Elu Moskvas <\/span><\/i>I and <i><span style=\"font-style:italic\">Tartu- &amp; Praha-m\u00e4lestused, <\/span><\/i>which play with the boundaries between memoirs and short stories.<\/span><\/span><\/span>\n<\/p>\n<p style=\"text-align:left\">\n\t<span style=\"color:#000000\"><span style=\"font-size:13px\"><span style=\"font-family:Verdana,Geneva,sans-serif\">Remsu interprets historical events and personalities in literary form in several novels and plays; for example, the novel <i><span style=\"font-style:italic\">Haapsalu Trag\u00f6\u00f6dia<\/span><\/i>, intended as a three-volume work<i>\u00a0<\/i>(I 1998, III 2000) deals with the world of Estonian Swedes in the late thirties and forties, built up from the diary entries of a protagonist called Erik Norrmann. He has written the play <i><span style=\"font-style:italic\">T\u0161ingis-khaan on Ungern-Sternberg <\/span><\/i>(\u2018Genghis Khan is Ungern-Sternberg\u2019, 1997) and the novel <i><span style=\"font-style:italic\">Bura\u0161evo hullud <\/span><\/i>(\u2018The Madmen of Burashevo\u2019, 2019) about the vicissitudes of Estonia\u2019s first president, Konstantin P\u00e4ts, when held captive in Burashevo hospital after the annexation of Estonia in 1940.<\/span><\/span><\/span>\n<\/p>\n<p style=\"text-align:left\">\n\t<span style=\"color:#000000\"><span style=\"font-size:13px\"><span style=\"font-family:Verdana,Geneva,sans-serif\">Travel books occupy and important place in Remsu\u2019s work. The author has spent a lot of time travelling and writing about travelling; a significant place is occupied by his travel books on Russia, in which contemporary descriptions intermingle closely with recollections, such as <i><span style=\"font-style:italic\">Rongiga maailma l\u00f5ppu. Tallinn \u2013 Moskva \u2013 Vladivostok: reisikiri piltide ja m\u00e4lestutega <\/span><\/i>(\u2018By Train to the End of the World. Tallinn \u2013 Moscow \u2013 Vladivostok: A\u00a0Travelogue With Pictures and Memories\u2019, 2009) or <i><span style=\"font-style:italic\">Minu Neenetsimaa <\/span><\/i>(\u2018My Nenets-land\u2019, 2010), published in the popular Petrone Print \u2018<i><span style=\"font-style:italic\">Minu\u2019<\/span><\/i>\/\u2019My\u2019 series. <\/span><\/span><\/span>\n<\/p>\n<p style=\"text-align:left\">\n\t<span style=\"color:#000000\"><span style=\"font-size:13px\"><span style=\"font-family:Verdana,Geneva,sans-serif\">He has also written film scripts, and literary and film criticism. A selection of his writings from 2000 to 2015 is presented in <i><span style=\"font-style:italic\">Aja kirju: selle sajandi kirjutisi <\/span><\/i>(\u2018Letters from Time: Writings from This Century\u2019, 2016).<\/span><\/span><\/span>\n<\/p>\n<p style=\"text-align:left\">\n\t<span style=\"color:#000000\"><em><span style=\"font-size:13px\"><span style=\"font-family:Verdana,Geneva,sans-serif\">A. K. (Translated by C. M.)<\/span><\/span><\/em><\/span>\n<\/p>\n<p style=\"text-align:left\">\n\t\u00a0\n<\/p>\n<p style=\"margin-bottom:6,0000pt;text-align:left\">\n\t<span style=\"color:#000000\"><span style=\"font-size:16px\"><span style=\"font-family:Verdana,Geneva,sans-serif\"><span style=\"line-height:150%\"><b><span style=\"font-weight:bold\">Books<\/span><\/b><b><span style=\"font-weight:bold\">\u00a0in Estonian<\/span><\/b><\/span><\/span><\/span><\/span>\n<\/p>\n<p style=\"margin-bottom:6,0000pt;text-align:left\">\n\t<span style=\"color:#000000\"><span style=\"font-size:13px\"><span style=\"font-family:Verdana,Geneva,sans-serif\"><span style=\"line-height:150%\"><em><b><span style=\"font-weight:bold\">Novels<\/span><\/b><\/em><br>Olev Remsujev, <strong>Homne karikakar<\/strong>. Tallinn: Perioodika\u00a0(Loomingu Raamatukogu), 1976, 94 lk.\u00a0[2. tr\u00fckk:\u00a02017.]<br><strong>Lapsep\u00f5lvest Malleta<\/strong>. Tallinn: Eesti Raamat, 1981, 176 lk.\u00a0[2. tr\u00fckk:\u00a02009.]<br><strong>Kurbm\u00e4ng Paabelis<\/strong>: s\u00fcrrealistlik barokkromaan. Tallinn: Eesti Raamat, 1989, 492 lk.<br>Liikuja autoportree. Tallinn: Kupar, 1995, 159 lk.<br><strong>Artur Magnussoni suur s\u00f5jasuvi<\/strong>: l\u00fchiromaan. Tallinn: Eesti Raamat, 1997, 188 lk.\u00a0[2. tr\u00fckk:\u00a02001.]<br><strong>Haapsalu trag\u00f6\u00f6dia. Eerik Norrmani p\u00e4evik. 1<\/strong>. Tallinn: Virgela, 1998, 356 lk.<br><span class=\"15\"><span style=\"font-weight:normal\"><strong>Ungern-Sternberg \u2013 s\u00f5jajumal. Esimene raamat: dokumentaalepop\u00f6a<\/strong>. Tallinn: Virgela, 1999, 399 lk<\/span><\/span><span class=\"15\"><span style=\"font-weight:normal\">.<br><strong>Ungern-Sternberg \u2013 s\u00f5jajumal. Teine raamat: dokumentaalepop\u00f6a<\/strong>. Tallinn: Virgela, 1999, 348 lk<\/span><\/span><span class=\"15\"><span style=\"font-weight:normal\">.<\/span><\/span><br><strong>Haapsalu trag\u00f6\u00f6dia. Eerik Norrmani p\u00e4evik. 3<\/strong>. Tallinn: Virgela, 2000, 541 lk.<br><strong>Juhan Liivi armastuse valu: l\u00fchiromaan. M\u00e4lestusi s\u00f5jast L\u00e4tiga: draamajutustus<\/strong>. Valitud teosed 1. Tartu, Tallinn: Wellesto, 2001, 156 lk.<br><strong>Margit Puusaag ja tema mehed<\/strong>. Valitud teosed 2. Tallinn: Wellesto, 2001, 343 lk.<br><span class=\"15\"><span style=\"font-weight:normal\"><strong>Rudimoisi isa: Tartu-romaani esimene osa<\/strong>. Tallinn: Wellesto, 2006, 67 lk<\/span><\/span><span class=\"15\"><span style=\"font-weight:normal\">.<\/span><\/span><br><strong>Juuditar ja idasakslanna. Tartu-romaani 8. vihik<\/strong>. Tartu: Wellesto, 2007, 52 lk.<br><span class=\"15\"><span style=\"font-weight:normal\"><strong>Musket\u00e4ride muundumised: Tartu-romaan viieteistk\u00fcmnes peat\u00fckis<\/strong>. Tallinn: Eesti Keele Sihtasutus, 2008, 454 lk<\/span><\/span><span class=\"15\"><span style=\"font-weight:normal\">.<br><strong>Supilinna poisid<\/strong>: m\u00e4lestusromaan. Tallinn: T\u00e4nap\u00e4ev, 2012, 392 lk<\/span><\/span><span class=\"15\"><span style=\"font-weight:normal\">.<br><strong>Supilinna surmad<\/strong>: mosaiikromaan. Tallinn: T\u00e4nap\u00e4ev, 2012, 510 lk<\/span><\/span><span class=\"15\"><span style=\"font-weight:normal\">.<br><strong>Supilinna armastajad: triloogia viimase osa esimene raamat<\/strong>: m\u00e4lestusromaan.<\/span><\/span>\u00a0<span class=\"15\"><span style=\"font-weight:normal\">Tallinn: T\u00e4nap\u00e4ev, 2013, 413 lk<\/span><\/span><span class=\"15\"><span style=\"font-weight:normal\">.<br><strong>Supilinna armastajad: m\u00e4lestusromaan: triloogia viimase osa teine ja viimane raamat<\/strong>. Tallinn: T\u00e4nap\u00e4ev, 2013, 623 lk<\/span><\/span><span class=\"15\"><span style=\"font-weight:normal\">.<\/span><\/span><br><strong>Inge ja Epp, kaks pruuti: teekond. Kamt\u0161atka<\/strong>. Armastusromaan. Tallinn: T\u00e4nap\u00e4ev, 2014, 435 lk.<br><strong>\u00c4mblik ja kultuur<\/strong>. tallinn: T\u00e4nap\u00e4ev, 2015, 224 lk.<br><strong>V\u00e4ikelinna baabad<\/strong>. Tallinn: T\u00e4nap\u00e4ev, 2017, 144 lk.<br><strong>Tapjad<\/strong>. Tallinn: T\u00e4nap\u00e4ev, 2018, 204 lk.<br><strong>Bura\u0161evo hullud<\/strong>. Tallinn: T\u00e4nap\u00e4ev, 2019, 206 lk.<\/span><\/span><\/span><\/span>\n<\/p>\n<p style=\"margin-bottom:6,0000pt;text-align:left\">\n\t<span style=\"color:#000000\"><span style=\"font-size:13px\"><span style=\"font-family:Verdana,Geneva,sans-serif\"><span style=\"line-height:150%\"><em><b><span style=\"font-weight:bold\">Short prose<\/span><\/b><\/em><br><strong>Armastusega Oxfordi<\/strong>: kogumik jutte ja jutustusi. Tallinn: Eesti Raamat, 1991, 222 lk.<br><span class=\"15\"><span style=\"font-weight:normal\"><strong>Poeet &amp; Jeesus<\/strong>: tekste aastaist 1986-1990: jutustused, m\u00e4ngufilmi kirjanduslik stsenaarium ja n\u00e4idend. Tallinn: UMARA, 215 lk<\/span><\/span><span class=\"15\"><span style=\"font-weight:normal\">.<\/span><\/span><br><strong>Kalad k\u00f5nniteel<\/strong>. P\u00e4\u00e4stke mind, palun, jumala eest p\u00e4\u00e4stke mind: jutustused. Tallinn: Wellesto, 2004, 58 lk.<\/span><\/span><\/span><\/span>\n<\/p>\n<p style=\"margin-bottom:6,0000pt;text-align:left\">\n\t<span style=\"color:#000000\"><span style=\"font-size:13px\"><span style=\"font-family:Verdana,Geneva,sans-serif\"><span style=\"line-height:150%\"><em><b><span style=\"font-weight:bold\">Travel books<\/span><\/b><\/em><br><span class=\"15\"><span style=\"font-weight:normal\"><strong>Pariisi linnas Londonis, ehk, Euroeesti h\u00e4\u00e4led<\/strong>: humoristlik reisikiri. Tallinn: Eesti Raamat, 1996, 103 lk<\/span><\/span><span class=\"15\"><span style=\"font-weight:normal\">.<\/span><\/span><br><strong>Paradiisisaared Tahiti ja Tonga<\/strong>. Valitud reisikirjad 1. Tallinn: Eesti Keele Sihtasutus, 2001, 196 lk.<br><strong>Kevad Hiinas<\/strong>. Valitud reisikirjad 2. Tallinn: Eesti Keele Sihtasutus, 2002, 261 lk.<br><strong>Kodunt kaugemal<\/strong>: reisikirjad laiast maailmast. Tallinn: Eesti Raamat, 2008, 187 lk.<br><span class=\"15\"><span style=\"font-weight:normal\"><strong>Toronto, New York, Los Angeles<\/strong>. Tallinn: Go Group, 2008, 120 lk<\/span><\/span><span class=\"15\"><span style=\"font-weight:normal\">.<br><strong>Rongiga maailma l\u00f5ppu. Tallinn \u2013 Moskva \u2013 Vladivostok<\/strong>: reisikiri piltide ja m\u00e4lestustega. Tallinn: Go Group, 2009, 271 lk<\/span><\/span><span class=\"15\"><span style=\"font-weight:normal\">.<\/span><\/span><br><strong>Bussiga Poolas I<\/strong>. Tallinn: Go Gropup, 2010, 159 lk.<br><strong>Islam ja diktatuurid, Venemaa ja Kesk-Aasia<\/strong>. Tallinn: Go Group, 2010, 268 lk.<br><span class=\"15\"><span style=\"font-weight:normal\"><strong>Liivik\u00fcla, ehk, Lifljandia: Eesti asundus Vaikse ookeani \u00e4\u00e4res<\/strong>: reportaa\u017e ja m\u00f5tteid. Tallinn: Eesti Raamat, 2010, 136 lk<\/span><\/span><span class=\"15\"><span style=\"font-weight:normal\">.<br><strong>Minu Neenetsimaa<\/strong>: pommiplahvatusest polaarjoonel, porodest ja pohmellist r\u00e4\u00e4kimata. Tartu: Petrone Print, 2010, 232 lk<\/span><\/span><span class=\"15\"><span style=\"font-weight:normal\">.<\/span><\/span><br><strong>Bussiga Poolas II<\/strong>. Tallinn: Go Group, 2011, 175 lk.<br><span class=\"15\"><span style=\"font-weight:normal\"><strong>M\u00fcnchen; Hitler ja Dostojevski: fragmentaarium<\/strong>. H\u00fcplevad m\u00f5tted. Tallinn: Go Group, 2012, 238 lk<\/span><\/span><span class=\"15\"><span style=\"font-weight:normal\">.<br><strong>P\u00fcha Baikal<\/strong>. Tallinn: Go Group, 2013, 126 lk<\/span><\/span><span class=\"15\"><span style=\"font-weight:normal\">.<br><strong>Okeaania, James Cook ja Uku Masing<\/strong>.<\/span><\/span>\u00a0<span class=\"15\"><span style=\"font-weight:normal\">Tallinn: Go Group, 2017, 176 lk<\/span><\/span><span class=\"15\"><span style=\"font-weight:normal\">.<\/span><\/span><\/span><\/span><\/span><\/span>\n<\/p>\n<p style=\"margin-bottom:6,0000pt;text-align:left\">\n\t<span style=\"color:#000000\"><span style=\"font-size:13px\"><span style=\"font-family:Verdana,Geneva,sans-serif\"><span style=\"line-height:150%\"><em><b><span class=\"15\"><span style=\"font-weight:bold\">Plays<\/span><\/span><\/b><\/em><br><span class=\"15\"><span style=\"font-weight:normal\"><strong>T\u0161ingis-Khaan on Ungern-Sternberg<\/strong>: n\u00e4item\u00e4ng \u00fcheksas pildis kahe vaheajaga. Tallinn: Perioodika<\/span><\/span><span class=\"15\"><span style=\"font-weight:normal\">\u00a0(<\/span><\/span><span class=\"15\"><span style=\"font-weight:normal\">Loomingu Raamatukogu<\/span><\/span><span class=\"15\"><span style=\"font-weight:normal\">)<\/span><\/span><span class=\"15\"><span style=\"font-weight:normal\">, 1997, 63 lk<\/span><\/span><span class=\"15\"><span style=\"font-weight:normal\">.<\/span><\/span><\/span><\/span><\/span><\/span>\n<\/p>\n<p style=\"margin-bottom:6,0000pt;text-align:left\">\n\t<span style=\"color:#000000\"><span style=\"font-size:13px\"><span style=\"font-family:Verdana,Geneva,sans-serif\"><span style=\"line-height:150%\"><em><b><span style=\"font-weight:bold\">Memoirs<\/span><\/b><\/em><br><strong>Elu Moskvas I<\/strong>. Haapsalu: Wellesto, 1991, 66 lk.\u00a0[2. tr\u00fckk:\u00a02009.]<br><span class=\"15\"><span style=\"font-weight:normal\"><strong>Tartu- &amp; Praha-m\u00e4lestused. 2<\/strong>. Haapsalu, Tartu: Wellesto, 1992, 47 lk<\/span><\/span>\u00a0<span class=\"15\">[2. tr\u00fckk:\u00a02009.]<br><span style=\"font-weight:normal\"><strong>M\u00e4lestused: Moskva, Tartu, Praha<\/strong>. Tallinn: Eesti Keele Sihtasutus, 2009, 172 lk<\/span><\/span><span class=\"15\"><span style=\"font-weight:normal\">.<\/span><\/span><\/span><\/span><\/span><\/span>\n<\/p>\n<p style=\"margin-bottom:6,0000pt;text-align:left\">\n\t<span style=\"color:#000000\"><span style=\"font-size:13px\"><span style=\"font-family:Verdana,Geneva,sans-serif\"><span style=\"line-height:150%\"><em><b><span style=\"font-weight:bold\">Miscellaneous<\/span><\/b><\/em><br><span class=\"15\"><span style=\"font-weight:normal\"><strong>Kuidas rikkuda piiri?<\/strong>. Tallinn: Virgela, 1997, 237 lk<\/span><\/span><span class=\"15\"><span style=\"font-weight:normal\">.<\/span><\/span><br><span class=\"15\"><span style=\"font-weight:normal\"><strong>Kindralleitnant Robert Roman Ungern-Sternberg<\/strong>: Hiiumaa parun, kellel oli maailma suurim varandus ning kes tahtis vallutada Euroopa. Haapsalu: V. Pinn, 1999, 77 lk<\/span><\/span><span class=\"15\"><span style=\"font-weight:normal\">.<\/span><\/span><br><strong>Elitaarne mees Harry M\u00e4nnil<\/strong>. Tallinn: T\u00e4nap\u00e4ev, 2011, 288 lk.<br><strong>Aja kirju: selle sajandi kirjutisi<\/strong>. Tartu: Petrone Print, 2016, 316 lk.<br><strong>Filmidraamatehnika<\/strong>: \u00fcli\u00f5pilastele ja k\u00f5igile teistele asjahuvilistele. Tartu: Tartu \u00dclikooli Kirjastus, 2016, 392 lk.<\/span><\/span><\/span><\/span><\/p>\n","protected":false},"excerpt":{"rendered":"<p>Short stories About Olev Remsu Olev Remsu (name at birth Remsujev, b. 1 XI 1947) is a prose writer. He was born and educated in Tartu, including the faculty of economics at Tartu State University from 1966 to 1967 and &#8230;<\/p>\n","protected":false},"author":43,"featured_media":0,"parent":686,"menu_order":0,"comment_status":"closed","ping_status":"closed","template":"","meta":{"_acf_changed":false,"inline_featured_image":false,"footnotes":""},"class_list":["post-4","page","type-page","status-publish","hentry"],"acf":[],"_links":{"self":[{"href":"https:\/\/sisu.ut.ee\/ewod\/wp-json\/wp\/v2\/pages\/4","targetHints":{"allow":["GET"]}}],"collection":[{"href":"https:\/\/sisu.ut.ee\/ewod\/wp-json\/wp\/v2\/pages"}],"about":[{"href":"https:\/\/sisu.ut.ee\/ewod\/wp-json\/wp\/v2\/types\/page"}],"author":[{"embeddable":true,"href":"https:\/\/sisu.ut.ee\/ewod\/wp-json\/wp\/v2\/users\/43"}],"replies":[{"embeddable":true,"href":"https:\/\/sisu.ut.ee\/ewod\/wp-json\/wp\/v2\/comments?post=4"}],"version-history":[{"count":1,"href":"https:\/\/sisu.ut.ee\/ewod\/wp-json\/wp\/v2\/pages\/4\/revisions"}],"predecessor-version":[{"id":5063,"href":"https:\/\/sisu.ut.ee\/ewod\/wp-json\/wp\/v2\/pages\/4\/revisions\/5063"}],"up":[{"embeddable":true,"href":"https:\/\/sisu.ut.ee\/ewod\/wp-json\/wp\/v2\/pages\/686"}],"wp:attachment":[{"href":"https:\/\/sisu.ut.ee\/ewod\/wp-json\/wp\/v2\/media?parent=4"}],"curies":[{"name":"wp","href":"https:\/\/api.w.org\/{rel}","templated":true}]}}