{"id":396,"date":"2024-04-03T23:39:46","date_gmt":"2024-04-03T20:39:46","guid":{"rendered":"https:\/\/sisu.ut.ee\/ewod\/allan\/"},"modified":"2024-04-04T00:10:10","modified_gmt":"2024-04-03T21:10:10","slug":"allan","status":"publish","type":"page","link":"https:\/\/sisu.ut.ee\/ewod\/a\/allan\/","title":{"rendered":"Andres Allan"},"content":{"rendered":"<p style=\"margin-bottom:0.08in\">\n\t<a href=\"https:\/\/sisu.ut.ee\/wp-content\/uploads\/sites\/108\/andres_allan.jpeg\" target=\"_self\" rel=\"noopener\"><img decoding=\"async\" alt=\"Andres Allan\" src=\"https:\/\/sisu.ut.ee\/wp-content\/uploads\/sites\/108\/andres_allan.jpeg\" style=\"float: right;width: 300px;height: 279px\" title=\"Photo: Tiit Kuusemaa\"><\/a><\/p>\n<p><span style=\"color:#000000\"><span style=\"font-size:13px\"><span style=\"font-family:Verdana,Geneva,sans-serif\"><span style=\"line-height:150%\"><font style=\"12pt\">Andres Allan (Andres-Allan Ellmann, initially Kurvits; 24 IX 1965 \u2013 22 VII 1988) was a poet.<\/font><\/span><\/span><\/span><\/span>\n<\/p>\n<p style=\"margin-bottom:0.08in\">\n\t<span style=\"color:#000000\"><span style=\"font-size:13px\"><span style=\"font-family:Verdana,Geneva,sans-serif\"><span style=\"line-height:150%\"><font style=\"12pt\">He was born and went to school in Tallinn, studied theology at the Institute of Theology of the Estonian Evangelical Lutheran Church. Worked as a verger in Tallinn Cathedral. Perished under mysterious circumstances in Tallinn, buried in Tallinn P\u00e4rnam\u00e4e Cemetery. Andres Allan was the brother of the artist Raoul Kurvitz (born in 1961). His daughter is the poet Joanna Ellmann (born in 11 VII 1988).<\/font><\/span><\/span><\/span><\/span>\n<\/p>\n<p style=\"margin-bottom:0.08in\">\n\t<span style=\"color:#000000\"><span style=\"font-size:13px\"><span style=\"font-family:Verdana,Geneva,sans-serif\"><span style=\"line-height:150%\"><font style=\"12pt\">Andres Allan as a representative of the Estonian alternative culture and early punk movement is noticeable for his mystically religious and visionary poetry. An essential place in it belongs to introspection, closeness to nature, an alternative way of existence, which, among other things, were inspired by trips to and reflections at the lonely K\u00e4\u00e4nda manor. His first poems appeared in the press; the first poetry collection <i>Urjamised<\/i> (\u2018Offerings\u2019, 1992) was published posthumously. His poetic creation has been gathered into the collection <i>\u00d6\u00f6tr\u00fckid<\/i> (\u2018Night Prints\u2019, 2009) with a profound afterword by Lauri Sommer.<\/font><\/span><\/span><\/span><\/span>\n<\/p>\n<p style=\"margin-bottom:0.08in\">\n\t<span style=\"color:#000000\"><span style=\"font-size:13px\"><span style=\"font-family:Verdana,Geneva,sans-serif\"><span style=\"line-height:150%\"><i><font style=\"12pt\">A. K. (Translated by I. A.)<\/font><\/i><\/span><\/span><\/span><\/span>\n<\/p>\n<p style=\"margin-bottom:0.08in\">\n<\/p><p><span style=\"color:#000000\"><span style=\"font-size:16px\"><span style=\"font-family:Verdana,Geneva,sans-serif\"><span style=\"line-height:150%\"><font style=\"12pt\"><b>Books in Estonian<\/b><\/font><\/span><\/span><\/span><\/span>\n<\/p>\n<p style=\"margin-bottom:0.08in\">\n\t<span style=\"color:#000000\"><span style=\"font-size:13px\"><span style=\"font-family:Verdana,Geneva,sans-serif\"><span style=\"line-height:150%\"><em><font style=\"12pt\"><b>Poetry<\/b><\/font><\/em><br><font style=\"12pt\"><strong>Urjamised<\/strong>. Tallinn: Kupar, 1992, 111 lk.<br><strong>\u00d6\u00f6tr\u00fckid<\/strong>. Koostanud Lauri Sommer. Tallinn: Menu Kirjastus, 2009, 207 lk<\/font><\/span>.<\/span><\/span><\/span><\/p>\n","protected":false},"excerpt":{"rendered":"<p>Andres Allan (Andres-Allan Ellmann, initially Kurvits; 24 IX 1965 \u2013 22 VII 1988) was a poet. He was born and went to school in Tallinn, studied theology at the Institute of Theology of the Estonian Evangelical Lutheran Church. Worked as &#8230;<\/p>\n","protected":false},"author":43,"featured_media":0,"parent":485,"menu_order":0,"comment_status":"closed","ping_status":"closed","template":"","meta":{"_acf_changed":false,"inline_featured_image":false,"footnotes":""},"class_list":["post-396","page","type-page","status-publish","hentry"],"acf":[],"_links":{"self":[{"href":"https:\/\/sisu.ut.ee\/ewod\/wp-json\/wp\/v2\/pages\/396","targetHints":{"allow":["GET"]}}],"collection":[{"href":"https:\/\/sisu.ut.ee\/ewod\/wp-json\/wp\/v2\/pages"}],"about":[{"href":"https:\/\/sisu.ut.ee\/ewod\/wp-json\/wp\/v2\/types\/page"}],"author":[{"embeddable":true,"href":"https:\/\/sisu.ut.ee\/ewod\/wp-json\/wp\/v2\/users\/43"}],"replies":[{"embeddable":true,"href":"https:\/\/sisu.ut.ee\/ewod\/wp-json\/wp\/v2\/comments?post=396"}],"version-history":[{"count":1,"href":"https:\/\/sisu.ut.ee\/ewod\/wp-json\/wp\/v2\/pages\/396\/revisions"}],"predecessor-version":[{"id":4680,"href":"https:\/\/sisu.ut.ee\/ewod\/wp-json\/wp\/v2\/pages\/396\/revisions\/4680"}],"up":[{"embeddable":true,"href":"https:\/\/sisu.ut.ee\/ewod\/wp-json\/wp\/v2\/pages\/485"}],"wp:attachment":[{"href":"https:\/\/sisu.ut.ee\/ewod\/wp-json\/wp\/v2\/media?parent=396"}],"curies":[{"name":"wp","href":"https:\/\/api.w.org\/{rel}","templated":true}]}}