{"id":386,"date":"2024-04-03T23:39:45","date_gmt":"2024-04-03T20:39:45","guid":{"rendered":"https:\/\/sisu.ut.ee\/ewod\/poetry-et-5\/"},"modified":"2024-04-04T00:10:13","modified_gmt":"2024-04-03T21:10:13","slug":"poetry","status":"publish","type":"page","link":"https:\/\/sisu.ut.ee\/ewod\/v\/vallisoo\/poetry\/","title":{"rendered":"Mari Vallisoo &#8211; poems"},"content":{"rendered":"<p>\n\t<span style=\"color:#000000\"><span style=\"font-size:16px\"><span style=\"font-family: verdana, geneva\"><strong>Books<\/strong><\/span><\/span><\/span>\n<\/p>\n<p>\n\t<span style=\"color:#000000\"><span style=\"font-size:13px\"><span style=\"font-family: verdana, geneva\"><strong><em>Italian<\/em><\/strong><br><strong>Parlano e volano: poesie scelte (1980-2011)<\/strong>. Traduzione dall\u2019estone di Mailis P\u00f5ld; a cura di Paolo Ottaviani. Faloppio: LietoColle, 2012, 145 pp. [In Italian and Estonian.]<\/span><\/span><\/span>\n<\/p>\n<p>\n\t<span style=\"color:#000000\"><span style=\"font-size:13px\"><span style=\"font-family:Verdana,Geneva,sans-serif\"><strong><em>Russian<\/em><\/strong><br>\u041c\u0430\u0440\u0438 \u0412\u0430\u043b\u043b\u0438\u0441\u043e\u043e, <strong>\u041f\u043e\u0441\u043b\u0435\u0434\u043d\u0438\u0439 \u0434\u043e\u0436\u0434\u044c<\/strong>. \u041f\u0435\u0440\u0435\u0432\u043e\u0434 \u0441 \u043a\u043e\u0434\u0430\u0432\u0435\u0440\u0435\u0441\u043a\u043e\u0433\u043e \u0434\u0438\u0430\u043b\u0435\u043a\u0442\u0430 \u041b\u044e\u0434\u043c\u0438\u043b\u044b \u041a\u043e\u043a\u043a. Haabneeme: L. Kokk, 2021, 91 lk. <\/span><\/span><\/span><br>\u00a0\n<\/p>\n<p>\n\t<span style=\"color:#000000\"><span style=\"font-size:16px\"><span style=\"font-family: verdana, geneva\"><strong>In compilations, anthologies, magazines<\/strong><\/span><\/span><\/span>\n<\/p>\n<p>\n\t<span style=\"color:#000000\"><span style=\"font-size:13px\"><span style=\"font-family: verdana, geneva\"><strong><em>Dutch<\/em><\/strong><br><strong>Woorden in de wind van de Oostzee: Estische po\u00ebzie uit de twintigste eeuw.<\/strong>\u00a0Samengesteld door Cornelius Hasselblatt &amp; Marianne Vogel; vertaald uit het Estisch door Adriaan van der Hoeven. Leuven: Uitgeverij P, 2005. 175 pp.\u00a0[Poems by Jaan Kaplinski, Doris Kareva, Viivi Luik, Ene Mihkelson, Karl Ristikivi, Paul-Eerik Rummo, Triin Soomets, Mats Traat, Mari Vallisoo, Juhan Viiding.]<\/span><\/span><\/span>\n<\/p>\n<p>\n\t<span style=\"font-size:13px\"><span style=\"font-family: verdana, geneva\"><span style=\"color:#000000\"><strong><em>English<\/em><\/strong><br><strong>Contemporary Estonian poetry: a Baltic anthology. Book three<\/strong>. Ed by Inara Cedrins.\u00a0Introduction \u2018(Post)modern Estonian poetry\u2019 by J\u00fcri Talvet. Translated by\u00a0Eva Liina Asu-Garcia, Eric Dickens,\u00a0Sam Hamill,\u00a0Harvey Lee Hix,\u00a0Kalju Kruusa,\u00a0Brandon Lussier,\u00a0Miriam Anne McIlfatrick-Ksenofontov,\u00a0Elin S\u00fctiste,\u00a0J\u00fcri Talvet,\u00a0Riina Tamm,\u00a0Jayde Will.\u00a0[New Orleans]: UNO Press, c2013. 270 pp. [Poems by Andres Ehin,\u00a0fs,\u00a0Indrek Hirv,\u00a0Jaan Kaplinski,\u00a0Doris Kareva,\u00a0Kalev Kesk\u00fcla,\u00a0Hasso Krull,\u00a0Kalju Kruusa,\u00a0Asko K\u00fcnnap,\u00a0Viivi Luik,\u00a0Ene Mihkelson,\u00a0Eeva Park,\u00a0\u00dclar Ploom,\u00a0Maarja P\u00e4rtna,\u00a0Paul-Eerik Rummo,\u00a0Hando Runnel,\u00a0Triin Soomets,\u00a0J\u00fcri Talvet,\u00a0Andra Teede,\u00a0Mats Traat,\u00a0Mari Vallisoo,\u00a0Tuuli Velling,\u00a0Elo Viiding,\u00a0Kaarel B. V\u00e4ljam\u00e4e,\u00a0T\u00f5nu \u00d5nnepalu,\u00a0Kauksi \u00dclle.]<br><strong>On the Way Home: an Anthology of Contemporary Estonian Poetry<\/strong>. Ed. H. L. Hix. Translated by J\u00fcri Talvet and H. L. Hix. New Delhi: Sarup &amp; Sons, 2006, 78 pp. [Poems by Hando Runnel, Andres Ehin, Paul-Eerik Rummo, Juhan Viiding, Ene Mihkelson, J\u00fcri Talvet, Mari Vallisoo, Hasso Krull, Triin Soomets, Jaan Kaplinski.]<\/span><br><strong><a href=\"http:\/\/www.estlit.ee\/centre\/uploads\/catalogues\/A_Sharp_Cut.pdf\" target=\"_blank\" rel=\"noopener\"><span style=\"color:#000000\"><strong>A Sharp Cut: contemporary Estonian literature<\/strong><\/span><\/a><\/strong><span style=\"color:#000000\">. [Introduction: Hasso Krull]. Tallinn: Estonian Literature Information Centre, 2005, 91 pp. [Poems by Andres Ehin, Indrek Hirv, Jaan Kaplinski, Doris Kareva, Kauksi \u00dclle, Kalev Kesk\u00fcla, Kivisildnik, Hasso Krull, Asko K\u00fcnnap, Viivi Luik, Ene Mihkelson, Paul-Eerik Rummo, Hando Runnel, Karl Martin Sinij\u00e4rv, Triin Soomets, Mats Traat, Mari Vallisoo, Elo Viiding, Juhan Viiding. Short prose excerpts by Nikolai Baturin, Maimu Berg, J\u00fcri Ehlvest, Mehis Heinsaar, Ilmar Jaks, Jaan Kaplinski, Jan Kaus, Andrus Kivir\u00e4hk, Jaan Kross, Viivi Luik, Mihkel Mutt, Eeva Park, Peeter Sauter, Tarmo Teder, Jaan Undusk, Arvo Valton, Toomas Vint, T\u00f5nu \u00d5nnepalu, Ervin \u00d5unapuu.]<br><strong>Vello ceo n\u00f3rdico. Antolox\u00eda da poes\u00eda estonia contempor\u00e1nea<\/strong>. Edited by J\u00fcri Talvet and Arturo Casas Vales.\u00a0Edici\u00f3n triling\u00fce estonio-galego-ingl\u00e9s. Monograf\u00edas do\u00a0Bolet\u00edn Galego de Literatura, Universidade de Santiago de Compostela,\u00a02002. 233 pp. [Poems in Estonian, Galician and English by\u00a0Hando Runnel, Andres Ehin, Jaan Kaplinski, Paul-Eerik Rummo, Juhan Viiding, Ene Mihkelson, J\u00fcri Talvet, Mari Vallisoo, Hasso Krull, Triin Soomets.]<br><strong>Ten Estonian Poets<\/strong>. Tallinn: Estonian Literature Information Centre, 2001, 23 pp. [Poems by Juhan Viiding, Doris Kareva, Jaan Kaplinski, Viivi Luik, Mari Vallisoo, Paul-Eerik Rummo, Andres Ehin, Triin Soomets, Ene Mihkelson and Hasso Krull.]<\/span><\/span><br><span style=\"color:#000000\"><span style=\"font-family:Verdana,Geneva,sans-serif\"><strong>Shifting borders. East European poetries of the eighties<\/strong>. Compiled and edited by Walter Cummins. Rutherford [etc.]: Fairleigh Dickinson University Press; London; Toronto: Associated University Presses, 1993, 481 pp. [Includes poems by Betti Alver, Merca, Doris Kareva, Viivi Luik, Enne Mihkelson, Mari Vallisoo, Indrek Hirv, Peep Ilmet, Ivar Ivask, Jaan Kaplinski, Hasso Krull, Ilmar Laaban, Kalju Lepik, Paul-Eerik Rummo, Hando Runnel, Juhan Viiding.]<\/span><\/span><\/span>\n<\/p>\n<p>\n\t<span style=\"color:#000000\"><span style=\"font-size:13px\"><span style=\"font-family: verdana, geneva\"><strong><em>Galician<\/em><\/strong><br><strong>Vello ceo n\u00f3rdico. Antolox\u00eda da poes\u00eda estonia contempor\u00e1nea<\/strong>. Edited by J\u00fcri Talvet and Arturo Casas Vales.\u00a0Edici\u00f3n triling\u00fce estonio-galego-ingl\u00e9s. Monograf\u00edas do\u00a0Bolet\u00edn Galego de Literatura, Universidade de Santiago de Compostela,\u00a02002. 233 pp. [Poems in Estonian, Galician and English by\u00a0Hando Runnel, Andres Ehin, Jaan Kaplinski, Paul-Eerik Rummo, Juhan Viiding, Ene Mihkelson, J\u00fcri Talvet, Mari Vallisoo, Hasso Krull, Triin Soomets.]<\/span><\/span><\/span>\n<\/p>\n<p>\n\t<span style=\"color:#000000\"><span style=\"font-size:13px\"><span style=\"font-family: verdana, geneva\"><strong><em>German<\/em><\/strong><br><strong>Jetzt im Dunkel; Im Wind; Zwei Frauen; In Gedanken an Aleksandr Levin; Fragen; Der Zwillingsbruder<\/strong>. \u00dcbersetzung: Gisbert J\u00e4nicke. \u2013 Estonia, no 2, 2003, pp 43-53. [\u2018N\u00fc\u00fcd pimedas\u2019, \u2018Tuulega\u2019, \u2018Kaks naist\u2019, \u2018Aleksandr Levinile m\u00f5teldes\u2019, \u2018K\u00fcsimused\u2019, \u2018Kaksikvend\u2019.]<\/span><\/span><\/span>\n<\/p>\n<p>\n\t<span style=\"font-size:13px\"><span style=\"font-family: verdana, geneva\"><span style=\"color:#000000\"><strong><em>Greek<\/em><\/strong><br><strong>\u0391\u03bd\u03b8\u03bf\u03bb\u03bf\u03b3\u03af\u03b1 \u0395\u03c3\u03b8\u03bf\u03bd\u03b9\u03ba\u03ae\u03c2 \u03a0\u03bf\u03af\u03b7\u03c3\u03b7\u03c2. \u201c\u2026\u03b1\u03c0\u2019 \u03c4\u03bf\u03bd \u03b1\u03bc\u03af\u03bb\u03b7\u03c4\u03bf \u03ba\u03b1\u03b9\u03c1\u03cc\u201d<\/strong>. \u039c\u03b5\u03c4\u03ac\u03c6\u03c1\u03b1\u03c3\u03b7: \u039c\u03b1\u03b3\u03b4\u03b1\u03bb\u03b7\u03bd\u03ae \u0398\u03c9\u03bc\u03ac. \u0391\u03b8\u03ae\u03bd\u03b1: \u0395\u03ba\u03b4\u03cc\u03c3\u03b5\u03b9\u03c2 \u0392\u03b1\u03ba\u03c7\u03b9\u03ba\u03cc\u03bd, 2018, 200 \u03c3\u03b5\u03bb. [See <\/span><a href=\"https:\/\/sisu.ut.ee\/ewod\/anthologies\/greek\/kairos\"><span style=\"color:#000000\"><strong>contents<\/strong><\/span><\/a><span style=\"color:#000000\"> of the anthology of poetry.]<\/span><\/span><\/span>\n<\/p>\n<p>\n\t<span style=\"color:#000000\"><span style=\"font-size:13px\"><span style=\"font-family: verdana, geneva\"><strong><em>Romanian<\/em><\/strong><br><strong>Un c\u0103r\u0103bu\u015f s\u0103rut\u0103 luna: antologie de poezie estonian\u0103 contemporan\u0103<\/strong>. Selec\u0163ia poeziilor Jaan Malin \u015fi Triin Soomets; traducere \u015fi note de Riina Jesmin confruntare Peter Sragher; cu un studiu introductiv de Mart Velsker.\u00a0Bucuresti:\u00a0Tracus Arte, 2014. 282 pp. [Poems by\u00a0Andres Ehin, Ene Mihkelson, Viivi Luik, Mari Vallisoo, Doris Kareva, Jaan Malin, Hasso Krull, Triin Soomets, Karl Martin Sinij\u00e4rv, Asko K\u00fcnnap, fs, Jan Kaus, Mehis Heinsaar, Maarja Kangro, Aare Pilv, J\u00fcrgen Rooste.]<\/span><\/span><\/span>\n<\/p>\n<p>\n\t<span style=\"color:#000000\"><span style=\"font-size:13px\"><span style=\"font-family: verdana, geneva\"><strong><em>Russian<\/em><\/strong><br><strong>\u0410\u043d\u0442\u043e\u043b\u043e\u0433\u0438\u044f \u044d\u0441\u0442\u043e\u043d\u0441\u043a\u043e\u0439 \u043f\u043e\u044d\u0437\u0438\u0438<\/strong>. C\u043e\u0441\u0442\u0430\u0432\u0438\u0442\u0435\u043b\u044c \u0438 \u0440\u0435\u0434\u0430\u043a\u0442\u043e\u0440 \u042d\u043b\u044c\u0432\u0438\u0440\u0430 \u041c\u0438\u0445\u0430\u0439\u043b\u043e\u0432\u0430. A\u0432\u0442. \u0441\u0442. \u0418. \u0411\u0435\u043b\u043e\u0431\u0440\u043e\u0432\u0446\u0435\u0432\u0430 \u0438 \u0434\u0440.\u037e \u0431\u0438\u0431\u043b\u0438\u043e\u0433\u0440. \u041e. \u041a\u0438\u0432\u0438.\u00a0Kodumaa \u2013 \u0420\u043e\u0434\u043d\u043e\u0439 \u0434\u043e\u043c: \u0431\u0438\u0431\u043b\u0438\u043e\u0442\u0435\u043a\u0430 \u044d\u0441\u0442\u043e\u043d\u0441\u043a\u043e\u0439 \u043b\u0438\u0442\u0435\u0440\u0430\u0442\u0443\u0440\u044b.\u00a0\u0422\u0430\u043b\u043b\u0438\u043d\u043d: KPD Kirjastus, 1999. 739 pp. [Foreword \u2018\u0413\u043b\u0430\u0432\u043d\u044b\u0435 \u043d\u0430\u043f\u0440\u0430\u0432\u043b\u0435\u043d\u0438\u044f \u044d\u0441\u0442\u043e\u043d\u0441\u043a\u043e\u0439 \u043f\u043e\u044d\u0437\u0438\u0438\u2019 by Ain Kaalep. Poems by\u00a0Reiner Brockmann, K\u00e4su Hans, Kristian Jaak Peterson, Lydia Koidula, Ado Reinvald, Karl Eduard S\u00f6\u00f6t, Juhan Liiv, Anna Haava, Ernst Enno, Gustav Suits, Villem Gr\u00fcnthal-Ridala, Marie Under, Henrik Visnapuu, Johannes Vares-Barbarus, Johannes Semper, Valmar Adams, Juhan S\u00fctiste, Heiti Talvik, Betti Alver, Bernard Kangro, Uku Masing, August Sang, Kersti Merilaas, Debora Vaarandi, Ralf Parve, Minni Nurme, Juhan Smuul, Ilmar Laaban, Kalju Lepik, Jaan Kross, Ellen Niit, Ain Kaalep, Artur Alliksaar, Paul-Eerik Rummo, Mats Traat, Arvi Siig, Aleksander Suuman, Jaan Kaplinski, Andres Ehin, Hando Runnel, Toomas Liiv, Johnny B. Isotamm, Viivi Luik, Nikolai Baturin, Juhan Viiding, Ene Mihkelson, Doris Kareva, Mari Vallisoo, Ilona Laaman, Indrek Hirv, Hasso Krull.]<br><strong>\u0410\u043d\u0442\u043e\u043b\u043e\u0433\u0438\u044f \u044d\u0441\u0442\u043e\u043d\u0441\u043a\u043e\u0439 \u043f\u043e\u044d\u0437\u0438\u0438: 1637-1987 \u0433<\/strong>. \u0421\u043e\u0441\u0442\u0430\u0432\u0438\u0442\u0435\u043b\u044c \u041b. \u0420\u0443\u0443\u0434, \u042d. \u041c\u0438\u0445\u0430\u0439\u043b\u043e\u0432\u0430; \u043f\u0440\u0435\u0434\u0438\u0441\u043b\u043e\u0432\u0438\u0435 \u0410. \u041a\u0430\u0430\u043b\u0435\u043f\u0430. \u0422\u0430\u043b\u043b\u0438\u043d\u043d: \u042d\u044d\u0441\u0442\u0438 \u0420\u0430\u0430\u043c\u0430\u0442, 1990, 415 pp. [Poems by: Reiner Brockmann, Heinrich G\u00f6seken, Johann Gutslaff, Johann Sebastian Markard, Johann Kohsen, unknown author in 1697, K\u00e4su Hans, Carl Schulten, Carl Gustav von Staden, unknown author in 1779, Berend Heinrich von Tiesenhausen, Joachim Gottlieb Schwabe, Kristian Jaak Peterson, Lydia Koidula, Juhan Liiv, Gustav Suits, Villem Ridala, Marie Under, Henrik Visnapuu, Johannes Barbarus, Heiti Talvik, Betti Alver, August Sang, Kersti Merilaas, Mart Raud, Uku Masing, Juhan S\u00fctiste, Johannes Semper, Valmar Adams, Juhan Smuul, Debora Vaarandi, Ralf Parve, Aira Kaal, Minni Nurme, Uno Laht, Jaan Kross, Ellen Niit, Vladimir Beekman, Artur Alliksaar, Ain Kaalep, Paul Haavaoks, Aleksander Suuman, Arvi Siig, Mats Traat, Nikolai Baturin, Paul-Eerik Rummo, Jaan Kaplinski, Hando Runnel, Viivi Luik, Juhan Viiding, Ene Mihkelson, Doris Kareva, Mari Vallisoo.]<\/span><\/span><\/span><\/p>\n","protected":false},"excerpt":{"rendered":"<p>Books ItalianParlano e volano: poesie scelte (1980-2011). Traduzione dall\u2019estone di Mailis P\u00f5ld; a cura di Paolo Ottaviani. Faloppio: LietoColle, 2012, 145 pp. [In Italian and Estonian.] Russian\u041c\u0430\u0440\u0438 \u0412\u0430\u043b\u043b\u0438\u0441\u043e\u043e, \u041f\u043e\u0441\u043b\u0435\u0434\u043d\u0438\u0439 \u0434\u043e\u0436\u0434\u044c. \u041f\u0435\u0440\u0435\u0432\u043e\u0434 \u0441 \u043a\u043e\u0434\u0430\u0432\u0435\u0440\u0435\u0441\u043a\u043e\u0433\u043e \u0434\u0438\u0430\u043b\u0435\u043a\u0442\u0430 \u041b\u044e\u0434\u043c\u0438\u043b\u044b \u041a\u043e\u043a\u043a. Haabneeme: L. Kokk, 2021, &#8230;<\/p>\n","protected":false},"author":43,"featured_media":0,"parent":373,"menu_order":0,"comment_status":"closed","ping_status":"closed","template":"","meta":{"_acf_changed":false,"inline_featured_image":false,"footnotes":""},"class_list":["post-386","page","type-page","status-publish","hentry"],"acf":[],"_links":{"self":[{"href":"https:\/\/sisu.ut.ee\/ewod\/wp-json\/wp\/v2\/pages\/386","targetHints":{"allow":["GET"]}}],"collection":[{"href":"https:\/\/sisu.ut.ee\/ewod\/wp-json\/wp\/v2\/pages"}],"about":[{"href":"https:\/\/sisu.ut.ee\/ewod\/wp-json\/wp\/v2\/types\/page"}],"author":[{"embeddable":true,"href":"https:\/\/sisu.ut.ee\/ewod\/wp-json\/wp\/v2\/users\/43"}],"replies":[{"embeddable":true,"href":"https:\/\/sisu.ut.ee\/ewod\/wp-json\/wp\/v2\/comments?post=386"}],"version-history":[{"count":1,"href":"https:\/\/sisu.ut.ee\/ewod\/wp-json\/wp\/v2\/pages\/386\/revisions"}],"predecessor-version":[{"id":4695,"href":"https:\/\/sisu.ut.ee\/ewod\/wp-json\/wp\/v2\/pages\/386\/revisions\/4695"}],"up":[{"embeddable":true,"href":"https:\/\/sisu.ut.ee\/ewod\/wp-json\/wp\/v2\/pages\/373"}],"wp:attachment":[{"href":"https:\/\/sisu.ut.ee\/ewod\/wp-json\/wp\/v2\/media?parent=386"}],"curies":[{"name":"wp","href":"https:\/\/api.w.org\/{rel}","templated":true}]}}