{"id":383,"date":"2024-04-03T23:39:45","date_gmt":"2024-04-03T20:39:45","guid":{"rendered":"https:\/\/sisu.ut.ee\/ewod\/about-et-40\/"},"modified":"2025-05-10T17:14:45","modified_gmt":"2025-05-10T14:14:45","slug":"about","status":"publish","type":"page","link":"https:\/\/sisu.ut.ee\/ewod\/l\/jakobliiv\/about\/","title":{"rendered":"Jakob Liiv &#8211; about"},"content":{"rendered":"<h4 class=\"wp-block-heading\"><strong>Articles<\/strong><\/h4>\n\n\n\n<p><em><strong>Finnish<\/strong><\/em><br>Jaakko Valkonen, <strong>Jakob Liiv kirjailija, Eestin nykyajan Kreutzwald ja is\u00e4nmaanyst\u00e4v\u00e4<\/strong>. \u2013 Helsingin Sanomat, nr 237, 4. IX 1938, lk 39.<br><\/p>\n\n\n\n<h4 class=\"wp-block-heading\"><span style=\"font-family: Verdana,Geneva,sans-serif;\"><span style=\"font-size: 16px;\"><strong>Reviews<\/strong><\/span><\/span><\/h4>\n\n\n\n<p><em><strong>German<\/strong><\/em><br>i, <strong>Ein neues estnisches vieractiges Trauerspiel \u201cDer Ordensmeister\u201d<\/strong>. \u2013 D\u00fcna-Zeitung, no 235, 14.10.1900, Beilage. [About \u2018Der Ordensmeister\u2019 (\u2018Ordumeister\u2019).]<br>\u00a0<\/p>\n","protected":false},"excerpt":{"rendered":"<p>Articles FinnishJaakko Valkonen, Jakob Liiv kirjailija, Eestin nykyajan Kreutzwald ja is\u00e4nmaanyst\u00e4v\u00e4. \u2013 Helsingin Sanomat, nr 237, 4. IX 1938, lk 39. Reviews Germani, Ein neues estnisches vieractiges Trauerspiel \u201cDer Ordensmeister\u201d. \u2013 D\u00fcna-Zeitung, no 235, 14.10.1900, Beilage. [About \u2018Der Ordensmeister\u2019 (\u2018Ordumeister\u2019).]\u00a0<\/p>\n","protected":false},"author":43,"featured_media":0,"parent":1284,"menu_order":0,"comment_status":"closed","ping_status":"closed","template":"","meta":{"_acf_changed":false,"inline_featured_image":false,"footnotes":""},"class_list":["post-383","page","type-page","status-publish","hentry"],"acf":[],"_links":{"self":[{"href":"https:\/\/sisu.ut.ee\/ewod\/wp-json\/wp\/v2\/pages\/383","targetHints":{"allow":["GET"]}}],"collection":[{"href":"https:\/\/sisu.ut.ee\/ewod\/wp-json\/wp\/v2\/pages"}],"about":[{"href":"https:\/\/sisu.ut.ee\/ewod\/wp-json\/wp\/v2\/types\/page"}],"author":[{"embeddable":true,"href":"https:\/\/sisu.ut.ee\/ewod\/wp-json\/wp\/v2\/users\/43"}],"replies":[{"embeddable":true,"href":"https:\/\/sisu.ut.ee\/ewod\/wp-json\/wp\/v2\/comments?post=383"}],"version-history":[{"count":2,"href":"https:\/\/sisu.ut.ee\/ewod\/wp-json\/wp\/v2\/pages\/383\/revisions"}],"predecessor-version":[{"id":7214,"href":"https:\/\/sisu.ut.ee\/ewod\/wp-json\/wp\/v2\/pages\/383\/revisions\/7214"}],"up":[{"embeddable":true,"href":"https:\/\/sisu.ut.ee\/ewod\/wp-json\/wp\/v2\/pages\/1284"}],"wp:attachment":[{"href":"https:\/\/sisu.ut.ee\/ewod\/wp-json\/wp\/v2\/media?parent=383"}],"curies":[{"name":"wp","href":"https:\/\/api.w.org\/{rel}","templated":true}]}}