{"id":380,"date":"2024-04-03T23:39:45","date_gmt":"2024-04-03T20:39:45","guid":{"rendered":"https:\/\/sisu.ut.ee\/ewod\/stories-et-51\/"},"modified":"2024-04-04T00:10:12","modified_gmt":"2024-04-03T21:10:12","slug":"stories","status":"publish","type":"page","link":"https:\/\/sisu.ut.ee\/ewod\/l\/lehiste\/stories\/","title":{"rendered":"Harri Lehiste &#8211; short stories"},"content":{"rendered":"<p>\n\t<span style=\"font-size: medium\"><strong><span style=\"font-family: verdana, geneva\">In anthologies and magazines<\/span><\/strong><\/span>\n<\/p>\n<p>\n\t<strong><em><span style=\"font-family: verdana, geneva\">German<\/span><\/em><\/strong><br><span style=\"font-family: verdana, geneva\"><strong>Familienstreit<\/strong>. \u00dcbersetzung: Aljonna M\u00f6ckel. \u2013 Eine Wanne voll Kaviar. Humor und Satire aus der Sowjetunion. Hrsg. von Aljonna M\u00f6ckel. Berlin: Eulenspiegel Verlag, 1983, pp 152-156. [Next ed.: 1986]<br><strong>Diamantensucher und andere estnische Humoresken<\/strong>. Herausgegeben von Harri Lehiste. Tallinn: Perioodika, 1980, 70 pp. [Includes humorous stories by Priit Aimla, Ruth Hint, Teet Kallas, Enn Karu, Kalju Kass, \u00dclo Kiiler, Wladislaw Korshez, Harri Lehiste, Kaido Liiva, Ann Must, Erik P\u00fcvi, Raivo Raigna, T\u00f5nn Sarv, Toivo Tootsen.]<\/span><\/p>\n","protected":false},"excerpt":{"rendered":"<p>In anthologies and magazines GermanFamilienstreit. \u00dcbersetzung: Aljonna M\u00f6ckel. \u2013 Eine Wanne voll Kaviar. Humor und Satire aus der Sowjetunion. Hrsg. von Aljonna M\u00f6ckel. Berlin: Eulenspiegel Verlag, 1983, pp 152-156. [Next ed.: 1986]Diamantensucher und andere estnische Humoresken. Herausgegeben von Harri Lehiste. &#8230;<\/p>\n","protected":false},"author":43,"featured_media":0,"parent":366,"menu_order":0,"comment_status":"closed","ping_status":"closed","template":"","meta":{"_acf_changed":false,"inline_featured_image":false,"footnotes":""},"class_list":["post-380","page","type-page","status-publish","hentry"],"acf":[],"_links":{"self":[{"href":"https:\/\/sisu.ut.ee\/ewod\/wp-json\/wp\/v2\/pages\/380","targetHints":{"allow":["GET"]}}],"collection":[{"href":"https:\/\/sisu.ut.ee\/ewod\/wp-json\/wp\/v2\/pages"}],"about":[{"href":"https:\/\/sisu.ut.ee\/ewod\/wp-json\/wp\/v2\/types\/page"}],"author":[{"embeddable":true,"href":"https:\/\/sisu.ut.ee\/ewod\/wp-json\/wp\/v2\/users\/43"}],"replies":[{"embeddable":true,"href":"https:\/\/sisu.ut.ee\/ewod\/wp-json\/wp\/v2\/comments?post=380"}],"version-history":[{"count":1,"href":"https:\/\/sisu.ut.ee\/ewod\/wp-json\/wp\/v2\/pages\/380\/revisions"}],"predecessor-version":[{"id":4689,"href":"https:\/\/sisu.ut.ee\/ewod\/wp-json\/wp\/v2\/pages\/380\/revisions\/4689"}],"up":[{"embeddable":true,"href":"https:\/\/sisu.ut.ee\/ewod\/wp-json\/wp\/v2\/pages\/366"}],"wp:attachment":[{"href":"https:\/\/sisu.ut.ee\/ewod\/wp-json\/wp\/v2\/media?parent=380"}],"curies":[{"name":"wp","href":"https:\/\/api.w.org\/{rel}","templated":true}]}}